{"id":6286,"date":"2021-07-23T11:02:50","date_gmt":"2021-07-23T14:02:50","guid":{"rendered":"http:\/\/sites.usp.br\/cdccenglish\/?page_id=6286"},"modified":"2021-07-23T11:28:17","modified_gmt":"2021-07-23T14:28:17","slug":"no","status":"publish","type":"page","link":"https:\/\/sites.usp.br\/cdccenglish\/no\/","title":{"rendered":"NO"},"content":{"rendered":"<p><strong><em><img fetchpriority=\"high\" decoding=\"async\" class=\"wp-image-6287 alignright\" src=\"http:\/\/sites.usp.br\/cdccenglish\/wp-content\/uploads\/sites\/512\/2021\/07\/NO5.jpg\" alt=\"\" width=\"418\" height=\"235\" srcset=\"https:\/\/sites.usp.br\/cdccenglish\/wp-content\/uploads\/sites\/1028\/2021\/07\/NO5.jpg 1301w, https:\/\/sites.usp.br\/cdccenglish\/wp-content\/uploads\/sites\/1028\/2021\/07\/NO5-300x169.jpg 300w, https:\/\/sites.usp.br\/cdccenglish\/wp-content\/uploads\/sites\/1028\/2021\/07\/NO5-1024x576.jpg 1024w, https:\/\/sites.usp.br\/cdccenglish\/wp-content\/uploads\/sites\/1028\/2021\/07\/NO5-768x432.jpg 768w, https:\/\/sites.usp.br\/cdccenglish\/wp-content\/uploads\/sites\/1028\/2021\/07\/NO5-310x174.jpg 310w, https:\/\/sites.usp.br\/cdccenglish\/wp-content\/uploads\/sites\/1028\/2021\/07\/NO5-400x225.jpg 400w\" sizes=\"(max-width: 418px) 100vw, 418px\" \/>No,<\/em> Chile, 2012, Drama, 118 minutos<\/strong><\/p>\n<p><strong>Dire\u00e7\u00e3o: Pablo Larra\u00edn<\/strong><\/p>\n<p><strong>Elenco: Gael Garc\u00eda Bernal, Alfredo Castro, Antonia Zegers, Diego Morera, Luis Gnecco\u00a0<\/strong><\/p>\n<p><strong>CLASSIFICA\u00c7\u00c3O INDICATIVA: 12 anos<\/strong><\/p>\n<p><strong>Cont\u00e9m: Viol\u00eancia\u00a0<\/strong><\/p>\n<p><strong>Onde encontrar: YouTube<\/strong><\/p>\n<p>O filme apresenta de forma magn\u00edfica e de uma maneira inovadora, um momento hist\u00f3rico do Chile. A popula\u00e7\u00e3o se v\u00ea acuada entre uma importante escolha: votando sim para a perman\u00eancia de uma ditadura disfar\u00e7ada de democracia ou um passo para um futuro mais brilhante e otimista, votando n\u00e3o.<\/p>\n<p>Em uma sociedade oprimida e digna de uma distopia, a hist\u00f3ria mostra o trabalho de Ren\u00e9 Saavedra, um publicit\u00e1rio bem-sucedido que se encontra em um dilema: continuar a fazer o seu trabalho e n\u00e3o se envolver com as elei\u00e7\u00f5es do plebiscito organizado pelo ditador Pinochet ou colocar a sua vida e a da sua fam\u00edlia em risco em uma frente publicit\u00e1ria contra a opress\u00e3o sofrida por anos. Hesitante, Ren\u00e9, junto com os organizadores dos partidos de esquerda, adentram na campanha do N\u00e3o, que se mostra um trabalho \u00e1rduo pois s\u00f3 se tem 15 minutos por dia, durante 27 dias, para apresentar a campanha em rede nacional, sendo que Ren\u00e9 possui a dif\u00edcil miss\u00e3o de conciliar diversos pensamentos divergentes em uma s\u00f3 frente, sendo necess\u00e1rio fazer profundas mudan\u00e7as no material bruto, que mostrava cenas de manifesta\u00e7\u00f5es e lutas pol\u00edticas, por um material mais inspirador e otimista.<\/p>\n<p>Infelizmente a luta pela liberta\u00e7\u00e3o das amarras da ditadura n\u00e3o seria f\u00e1cil. O ditador Pinochet usa de persegui\u00e7\u00e3o para atacar a oposi\u00e7\u00e3o, usa de truques sujos como: assistir antecipadamente cada v\u00eddeo da campanha de seus advers\u00e1rios para construir uma destruidora r\u00e9plica, usar da censura para impedir que diversas verdades se tornem conhecidas em toda a na\u00e7\u00e3o, entre outras in\u00fameras a\u00e7\u00f5es digna de uma ditadura.<\/p>\n<p>O filme insere um sentimento de medo e apreens\u00e3o em seus espectadores, condizente com o contexto da sociedade, onde n\u00e3o se tem seguran\u00e7a nenhuma para que os opositores possam continuar a fazer seus trabalhos sem a interven\u00e7\u00e3o do Estado, ou para que n\u00e3o sejam presos no dia seguinte da primeira publica\u00e7\u00e3o. \u00c9 poss\u00edvel que o p\u00fablico possa sentir revolta e dor com os acontecimentos da obra, chegando a questionar se seria poss\u00edvel vencer um plebiscito armado.<\/p>\n<p style=\"text-align: right;\"><em>Lucas Reis\u00a0<\/em><\/p>\n","protected":false},"excerpt":{"rendered":"<p>No, Chile, 2012, Drama, 118 minutos Dire\u00e7\u00e3o: Pablo Larra\u00edn Elenco: Gael Garc\u00eda Bernal, Alfredo Castro, Antonia Zegers, Diego Morera, Luis Gnecco\u00a0 CLASSIFICA\u00c7\u00c3O INDICATIVA: 12 anos Cont\u00e9m: Viol\u00eancia\u00a0 Onde encontrar: YouTube O filme apresenta de forma magn\u00edfica e de uma maneira&hellip;<\/p>\n","protected":false},"author":955,"featured_media":0,"parent":0,"menu_order":0,"comment_status":"closed","ping_status":"closed","template":"","meta":{"_monsterinsights_skip_tracking":false,"_monsterinsights_sitenote_active":false,"_monsterinsights_sitenote_note":"","_monsterinsights_sitenote_category":0,"footnotes":"","_links_to":"","_links_to_target":""},"class_list":["post-6286","page","type-page","status-publish","hentry","post"],"_links":{"self":[{"href":"https:\/\/sites.usp.br\/cdccenglish\/wp-json\/wp\/v2\/pages\/6286","targetHints":{"allow":["GET"]}}],"collection":[{"href":"https:\/\/sites.usp.br\/cdccenglish\/wp-json\/wp\/v2\/pages"}],"about":[{"href":"https:\/\/sites.usp.br\/cdccenglish\/wp-json\/wp\/v2\/types\/page"}],"author":[{"embeddable":true,"href":"https:\/\/sites.usp.br\/cdccenglish\/wp-json\/wp\/v2\/users\/955"}],"replies":[{"embeddable":true,"href":"https:\/\/sites.usp.br\/cdccenglish\/wp-json\/wp\/v2\/comments?post=6286"}],"version-history":[{"count":1,"href":"https:\/\/sites.usp.br\/cdccenglish\/wp-json\/wp\/v2\/pages\/6286\/revisions"}],"predecessor-version":[{"id":6288,"href":"https:\/\/sites.usp.br\/cdccenglish\/wp-json\/wp\/v2\/pages\/6286\/revisions\/6288"}],"wp:attachment":[{"href":"https:\/\/sites.usp.br\/cdccenglish\/wp-json\/wp\/v2\/media?parent=6286"}],"curies":[{"name":"wp","href":"https:\/\/api.w.org\/{rel}","templated":true}]}}