{"id":6583,"date":"2021-09-03T10:17:00","date_gmt":"2021-09-03T13:17:00","guid":{"rendered":"http:\/\/sites.usp.br\/cdccenglish\/?page_id=6583"},"modified":"2021-09-03T10:17:00","modified_gmt":"2021-09-03T13:17:00","slug":"cinema-nacional","status":"publish","type":"page","link":"https:\/\/sites.usp.br\/cdccenglish\/cinema-nacional\/","title":{"rendered":"CINEMA NACIONAL"},"content":{"rendered":"<p>O cinema brasileiro teve o primeiro lampejo de exist\u00eancia em 1896, quando ocorreu a primeira sess\u00e3o de filmes curtos que retratavam o cotidiano da vida europeia. Ap\u00f3s essa abertura de portas, as produ\u00e7\u00f5es cinematogr\u00e1ficas brasileiras v\u00eam ganhando cada vez mais espa\u00e7o e notoriedade no cen\u00e1rio nacional e internacional, com obten\u00e7\u00e3o de destaque por causa de suas belas pel\u00edculas que representam bem o contexto social do pa\u00eds, assim como quest\u00f5es culturais e pol\u00edticas.<\/p>\n<p>O cen\u00e1rio nacional come\u00e7ou a se desenvolver primeiramente com o mercado exibidor, que possu\u00eda grandes dificuldades para vingar pela escassez de eletricidade no pa\u00eds. Nesta \u00e9poca, meados de 1910, a maioridade dos filmes exibidos vinha de origem europeia, apesar da presen\u00e7a de filmes nacionais em desenvolvimento, que tinham como caracter\u00edstica un\u00e2nime serem document\u00e1rios.<\/p>\n<p>Com o in\u00edcio da Primeira Guerra Mundial, o cinema nacional sofreu profundas mudan\u00e7as, afetando negativamente a produ\u00e7\u00e3o cinematogr\u00e1fica do pa\u00eds, destituindo o posto europeu de maior exibidor local para o Estados Unidos, com a gigante Hollywood. Tal fato veio influenciar o desenvolvimento de obras nas d\u00e9cadas seguintes, quando praticamente todas seguiam a est\u00e9tica estadunidense de produzir filmes.<\/p>\n<p>A consolida\u00e7\u00e3o dos est\u00fadios Vera Cruz em 1949 foi um marco para o cinema brasileiro: gerando belos filmes na est\u00e9tica hollywoodiana, agradando tanto a cr\u00edtica quanto a popula\u00e7\u00e3o em geral, tiveram, entre as suas produ\u00e7\u00f5es, o primeiro filme brasileiro a receber uma premia\u00e7\u00e3o no festival internacional de Cannes. Infelizmente, cinco anos ap\u00f3s sua cria\u00e7\u00e3o, ocorreu a fal\u00eancia por causa de dificuldades com a distribui\u00e7\u00e3o de filmes e grandes d\u00edvidas que assombravam a companhia.<\/p>\n<p>Passando pelas chanchadas, obras c\u00f4micas e de baixo or\u00e7amento que atraiam a aten\u00e7\u00e3o do p\u00fablico, mas que n\u00e3o possu\u00eda tanto apre\u00e7o dos cr\u00edticos, para o cinema novo e \u201cudigrudi\u201d, que possu\u00edam um cunho mais social e pol\u00edtico, buscando uma est\u00e9tica pr\u00f3pria, pela crise de 1980, encarecendo a produ\u00e7\u00e3o de filmes nacionais e impossibilitando a presen\u00e7a de grande parte da popula\u00e7\u00e3o nas sess\u00f5es de cinema, chega-se ao per\u00edodo de retomada e p\u00f3s-retomada do cinema brasileiro. Nesses dois \u00faltimos per\u00edodos existiram fortes incentivos por parte do governo vigente, fomentando o mercado nacional e reinventando suas produ\u00e7\u00f5es.<\/p>\n<p style=\"text-align: right;\"><em>Lucas Reis e equipe Cineclube<\/em><\/p>\n","protected":false},"excerpt":{"rendered":"<p>O cinema brasileiro teve o primeiro lampejo de exist\u00eancia em 1896, quando ocorreu a primeira sess\u00e3o de filmes curtos que retratavam o cotidiano da vida europeia. Ap\u00f3s essa abertura de portas, as produ\u00e7\u00f5es cinematogr\u00e1ficas brasileiras v\u00eam ganhando cada vez mais&hellip;<\/p>\n","protected":false},"author":955,"featured_media":0,"parent":0,"menu_order":0,"comment_status":"closed","ping_status":"closed","template":"","meta":{"_monsterinsights_skip_tracking":false,"_monsterinsights_sitenote_active":false,"_monsterinsights_sitenote_note":"","_monsterinsights_sitenote_category":0,"footnotes":"","_links_to":"","_links_to_target":""},"class_list":["post-6583","page","type-page","status-publish","hentry","post"],"_links":{"self":[{"href":"https:\/\/sites.usp.br\/cdccenglish\/wp-json\/wp\/v2\/pages\/6583","targetHints":{"allow":["GET"]}}],"collection":[{"href":"https:\/\/sites.usp.br\/cdccenglish\/wp-json\/wp\/v2\/pages"}],"about":[{"href":"https:\/\/sites.usp.br\/cdccenglish\/wp-json\/wp\/v2\/types\/page"}],"author":[{"embeddable":true,"href":"https:\/\/sites.usp.br\/cdccenglish\/wp-json\/wp\/v2\/users\/955"}],"replies":[{"embeddable":true,"href":"https:\/\/sites.usp.br\/cdccenglish\/wp-json\/wp\/v2\/comments?post=6583"}],"version-history":[{"count":1,"href":"https:\/\/sites.usp.br\/cdccenglish\/wp-json\/wp\/v2\/pages\/6583\/revisions"}],"predecessor-version":[{"id":6584,"href":"https:\/\/sites.usp.br\/cdccenglish\/wp-json\/wp\/v2\/pages\/6583\/revisions\/6584"}],"wp:attachment":[{"href":"https:\/\/sites.usp.br\/cdccenglish\/wp-json\/wp\/v2\/media?parent=6583"}],"curies":[{"name":"wp","href":"https:\/\/api.w.org\/{rel}","templated":true}]}}