{"id":6658,"date":"2021-09-24T04:42:27","date_gmt":"2021-09-24T07:42:27","guid":{"rendered":"http:\/\/sites.usp.br\/cdccenglish\/?page_id=6658"},"modified":"2021-09-24T04:50:53","modified_gmt":"2021-09-24T07:50:53","slug":"quehoras","status":"publish","type":"page","link":"https:\/\/sites.usp.br\/cdccenglish\/quehoras\/","title":{"rendered":"QUE HORAS ELA VOLTA"},"content":{"rendered":"<p><strong><img fetchpriority=\"high\" decoding=\"async\" class=\" wp-image-6659 alignright\" src=\"http:\/\/sites.usp.br\/cdccenglish\/wp-content\/uploads\/sites\/512\/2021\/09\/Que-horas2-300x187.jpg\" alt=\"\" width=\"374\" height=\"233\" srcset=\"https:\/\/sites.usp.br\/cdccenglish\/wp-content\/uploads\/sites\/1028\/2021\/09\/Que-horas2-300x187.jpg 300w, https:\/\/sites.usp.br\/cdccenglish\/wp-content\/uploads\/sites\/1028\/2021\/09\/Que-horas2-1024x637.jpg 1024w, https:\/\/sites.usp.br\/cdccenglish\/wp-content\/uploads\/sites\/1028\/2021\/09\/Que-horas2-768x478.jpg 768w, https:\/\/sites.usp.br\/cdccenglish\/wp-content\/uploads\/sites\/1028\/2021\/09\/Que-horas2-400x249.jpg 400w, https:\/\/sites.usp.br\/cdccenglish\/wp-content\/uploads\/sites\/1028\/2021\/09\/Que-horas2.jpg 1493w\" sizes=\"(max-width: 374px) 100vw, 374px\" \/>QUE HORAS ELA VOLTA<\/strong><\/p>\n<p><em>Que Horas Ela Volta,<\/em> Brasil, 2015, Drama, 114 minutos<\/p>\n<p>Dire\u00e7\u00e3o: Anna Muylaert<\/p>\n<p>Elenco: Regina Cas\u00e9, Camila M\u00e1rdila, Karine Teles, Michel Joelsas, Louren\u00e7o Mutarelli<\/p>\n<p>CLASSIFICA\u00c7\u00c3O INDICATIVA: 12 anos<\/p>\n<p>Cont\u00e9m: Drogas<\/p>\n<p>Onde encontrar: YouTube<\/p>\n<p>O filme traz a hist\u00f3ria de Val, uma empregada pernambucana que se mudou para S\u00e3o Paulo em busca de proporcionar uma vida melhor para sua filha que, desde nova, vive sem a m\u00e3e. Morando na casa dos patr\u00f5es, a empregada dom\u00e9stica acredita que \u00e9 praticamente da fam\u00edlia, situa\u00e7\u00e3o que se revela um equ\u00edvoco a partir do momento que J\u00e9ssica, j\u00e1 crescida e prestes a prestar o vestibular, telefona dizendo que quer ir para casa que a sua m\u00e3e est\u00e1.<\/p>\n<p>Val atua como uma segunda m\u00e3e para Carlinhos, e apenas como mais uma empregada para Jos\u00e9 Carlos e B\u00e1rbara, que mesmo dizendo que ela \u00e9 parte da fam\u00edlia (cuidando dos tr\u00eas como se fosse uma m\u00e3e) agem como se ela fosse apenas um servi\u00e7o contratado, a diminuindo, n\u00e3o diretamente, mas de uma maneira muito mais vil e desumana, menosprezando sua cultura, presente dado, assuntos e interesses.<\/p>\n<p>Todo equil\u00edbrio hier\u00e1rquico entra em ru\u00edna com a chegada de J\u00e9ssica, que age na casa n\u00e3o como uma subalterna e sim como uma h\u00f3spede, que acaba gerando grandes tens\u00f5es, fervilhando e expondo o abismo existente entre os funcion\u00e1rios e os patr\u00f5es.<\/p>\n<p>O longa retrata muito fortemente a disparidade entre as classes, tratando como fam\u00edlia quando conv\u00e9m, apenas para suprir o amor maternal insuficiente dado pela dona da casa. Toda a discrimina\u00e7\u00e3o da obra vem por parte dos patr\u00f5es, mais especificamente de dona B\u00e1rbara, vindo ser absorvida por Val em todos os anos de servi\u00e7o, o que a faz acreditar que uma sub exist\u00eancia \u00e9 o m\u00e1ximo que ela merece.<\/p>\n<p>Sendo poss\u00edvel relacionar o filme com outra grandiosa obra, <em>A Casa Grande e a Senzala<\/em>, de Gilberto Freire, onde ambos possuem as mesmas ideias centrais se diferenciando pelo per\u00edodo hist\u00f3rico em que cada uma foi concebida. A tr\u00e1gica frase: \u201ca hist\u00f3ria se repete\u201d nunca se fez t\u00e3o presente quanto nessas duas representa\u00e7\u00f5es sobre desigualdade de classes, superior e inferior, rico e pobre, senhor e escravizados, patr\u00e3o e empregado.<\/p>\n<p style=\"text-align: right;\"><em>Lucas Reis<\/em><\/p>\n","protected":false},"excerpt":{"rendered":"<p>QUE HORAS ELA VOLTA Que Horas Ela Volta, Brasil, 2015, Drama, 114 minutos Dire\u00e7\u00e3o: Anna Muylaert Elenco: Regina Cas\u00e9, Camila M\u00e1rdila, Karine Teles, Michel Joelsas, Louren\u00e7o Mutarelli CLASSIFICA\u00c7\u00c3O INDICATIVA: 12 anos Cont\u00e9m: Drogas Onde encontrar: YouTube O filme traz a&hellip;<\/p>\n","protected":false},"author":955,"featured_media":0,"parent":0,"menu_order":0,"comment_status":"closed","ping_status":"closed","template":"","meta":{"_monsterinsights_skip_tracking":false,"_monsterinsights_sitenote_active":false,"_monsterinsights_sitenote_note":"","_monsterinsights_sitenote_category":0,"footnotes":"","_links_to":"","_links_to_target":""},"class_list":["post-6658","page","type-page","status-publish","hentry","post"],"_links":{"self":[{"href":"https:\/\/sites.usp.br\/cdccenglish\/wp-json\/wp\/v2\/pages\/6658","targetHints":{"allow":["GET"]}}],"collection":[{"href":"https:\/\/sites.usp.br\/cdccenglish\/wp-json\/wp\/v2\/pages"}],"about":[{"href":"https:\/\/sites.usp.br\/cdccenglish\/wp-json\/wp\/v2\/types\/page"}],"author":[{"embeddable":true,"href":"https:\/\/sites.usp.br\/cdccenglish\/wp-json\/wp\/v2\/users\/955"}],"replies":[{"embeddable":true,"href":"https:\/\/sites.usp.br\/cdccenglish\/wp-json\/wp\/v2\/comments?post=6658"}],"version-history":[{"count":3,"href":"https:\/\/sites.usp.br\/cdccenglish\/wp-json\/wp\/v2\/pages\/6658\/revisions"}],"predecessor-version":[{"id":6662,"href":"https:\/\/sites.usp.br\/cdccenglish\/wp-json\/wp\/v2\/pages\/6658\/revisions\/6662"}],"wp:attachment":[{"href":"https:\/\/sites.usp.br\/cdccenglish\/wp-json\/wp\/v2\/media?parent=6658"}],"curies":[{"name":"wp","href":"https:\/\/api.w.org\/{rel}","templated":true}]}}