{"id":753,"date":"2019-07-10T14:54:35","date_gmt":"2019-07-10T17:54:35","guid":{"rendered":"https:\/\/sites.usp.br\/cdcc\/?page_id=753"},"modified":"2020-03-02T10:07:29","modified_gmt":"2020-03-02T13:07:29","slug":"os-intocaveis","status":"publish","type":"page","link":"https:\/\/sites.usp.br\/cdccenglish\/os-intocaveis\/","title":{"rendered":"OS INTOC\u00c1VEIS"},"content":{"rendered":"<p>Dia 14 de mar\u00e7o de 2020, \u00e0s 20 horas<\/p>\n<p class=\"FichaTecnica\" style=\"text-align: right;\"><i>The Untouchables, EUA, 1987, Drama, 119 minutos<br \/>\n<strong>Dire\u00e7\u00e3o:<\/strong> Brian De Palma<br \/>\n<strong>Elenco:<\/strong> Kevin Costner, Sean Connery, Charles Martin Smith<br \/>\n<\/i><\/p>\n<p>&nbsp;<\/p>\n<div class=\"sinopse\">\n<p><img fetchpriority=\"high\" decoding=\"async\" class=\"size-full wp-image-4382 alignleft\" src=\"http:\/\/sites.usp.br\/cdccenglish\/wp-content\/uploads\/sites\/512\/2020\/03\/osintocaveis.jpg\" alt=\"\" width=\"495\" height=\"321\" srcset=\"https:\/\/sites.usp.br\/cdccenglish\/wp-content\/uploads\/sites\/1028\/2020\/03\/osintocaveis.jpg 495w, https:\/\/sites.usp.br\/cdccenglish\/wp-content\/uploads\/sites\/1028\/2020\/03\/osintocaveis-300x195.jpg 300w, https:\/\/sites.usp.br\/cdccenglish\/wp-content\/uploads\/sites\/1028\/2020\/03\/osintocaveis-400x259.jpg 400w\" sizes=\"(max-width: 495px) 100vw, 495px\" \/><\/p>\n<p><span style=\"font-weight: 400;\">O ano \u00e9 1930 e os Estados Unidos vivem sob a vig\u00eancia da chamada Lei Seca. No munic\u00edpio de Chicago, em particular, o contrabando ilegal de bebidas \u00e9 controlado pelo chefe mafioso Al Capone (Robert De Niro), enquanto o agente federal Eliot Ness tenta frustradamente captur\u00e1-lo. Diante de v\u00e1rias tentativas fracassadas, Ness pede ajuda ao ex-policial Jim Malone (Sean Connery) para formar uma equipe contra o g\u00e2ngster. Juntam-se a eles George Stone, integrante da Academia de Pol\u00edcia e Oscar Wallace, um simples contador que nunca pegou em uma arma. Por meio de emboscadas e investidas contra a equipe dos fora da lei, o grupo ganha notoriedade e passa a ser chamado pela imprensa como Os Intoc\u00e1veis.<br \/>\nMas, a descoberta de Wallace sobre o n\u00e3o pagamento correto de impostos por parte de Capone e sua acusa\u00e7\u00e3o como sonegador, faz com que as amea\u00e7as contra o grupo se tornem maiores e mais perigosas. Com a ida do chefe dos g\u00e2ngsters ao tribunal, inicia-se um conflito indireto entre os \u201cmocinhos\u201d e os \u201cbandidos\u201d. Em uma das cenas mais famosas e tensas do longa, baseada em um outro cl\u00e1ssico do cinema O Encoura\u00e7ado Potenkin (1925, Serguei Eisenstein), Ness troca tiros em uma escadaria com o contador de Capone, a fim de conseguir seu depoimento contra o bandido.<br \/>\nBaseado em fatos reais, podendo ser mais uma biografia do que um drama, Os Intoc\u00e1veis possui um elenco fort\u00edssimo que condiz com o tema abordado na obra. Concorrente em v\u00e1rias categorias do Oscar, incluindo melhor trilha sonora pelo grande compositor Ennio Morricone, o filme ganhou na categoria de melhor ator coadjuvante pela atua\u00e7\u00e3o de Connery.<\/span><\/p>\n<p style=\"text-align: right;\"><span style=\"font-weight: 400;\">Carolina de Santis e Silva<\/span><\/p>\n<\/div>\n<p class=\"classificacao\">CLASSIFICA\u00c7\u00c3O INDICATIVA: 14 ANOS<br \/>\nCont\u00e9m: Conflitos Psicol\u00f3gicos, Tens\u00e3o, Viol\u00eancia<\/p>\n<p style=\"text-align: center;\">TRAILER<\/p>\n<p><iframe title=\"The Untouchables - Trailer\" width=\"1140\" height=\"641\" src=\"https:\/\/www.youtube.com\/embed\/YbzkK06MJjE?feature=oembed\" frameborder=\"0\" allow=\"accelerometer; autoplay; encrypted-media; gyroscope; picture-in-picture\" allowfullscreen><\/iframe><\/p>\n<p>&nbsp;<\/p>\n","protected":false},"excerpt":{"rendered":"<p>Dia 14 de mar\u00e7o de 2020, \u00e0s 20 horas The Untouchables, EUA, 1987, Drama, 119 minutos Dire\u00e7\u00e3o: Brian De Palma Elenco: Kevin Costner, Sean Connery, Charles Martin Smith &nbsp; O ano \u00e9 1930 e os Estados Unidos vivem sob a&hellip;<\/p>\n","protected":false},"author":955,"featured_media":0,"parent":0,"menu_order":0,"comment_status":"closed","ping_status":"closed","template":"","meta":{"_monsterinsights_skip_tracking":false,"_monsterinsights_sitenote_active":false,"_monsterinsights_sitenote_note":"","_monsterinsights_sitenote_category":0,"footnotes":"","_links_to":"","_links_to_target":""},"class_list":["post-753","page","type-page","status-publish","hentry","post"],"_links":{"self":[{"href":"https:\/\/sites.usp.br\/cdccenglish\/wp-json\/wp\/v2\/pages\/753","targetHints":{"allow":["GET"]}}],"collection":[{"href":"https:\/\/sites.usp.br\/cdccenglish\/wp-json\/wp\/v2\/pages"}],"about":[{"href":"https:\/\/sites.usp.br\/cdccenglish\/wp-json\/wp\/v2\/types\/page"}],"author":[{"embeddable":true,"href":"https:\/\/sites.usp.br\/cdccenglish\/wp-json\/wp\/v2\/users\/955"}],"replies":[{"embeddable":true,"href":"https:\/\/sites.usp.br\/cdccenglish\/wp-json\/wp\/v2\/comments?post=753"}],"version-history":[{"count":5,"href":"https:\/\/sites.usp.br\/cdccenglish\/wp-json\/wp\/v2\/pages\/753\/revisions"}],"predecessor-version":[{"id":4384,"href":"https:\/\/sites.usp.br\/cdccenglish\/wp-json\/wp\/v2\/pages\/753\/revisions\/4384"}],"wp:attachment":[{"href":"https:\/\/sites.usp.br\/cdccenglish\/wp-json\/wp\/v2\/media?parent=753"}],"curies":[{"name":"wp","href":"https:\/\/api.w.org\/{rel}","templated":true}]}}