{"id":774,"date":"2021-10-22T09:09:20","date_gmt":"2021-10-22T12:09:20","guid":{"rendered":"https:\/\/sites.usp.br\/padrao8\/?page_id=774"},"modified":"2021-10-25T16:00:56","modified_gmt":"2021-10-25T19:00:56","slug":"sobre-pagina","status":"publish","type":"page","link":"https:\/\/sites.usp.br\/cdccnovo\/sobre-pagina\/","title":{"rendered":"Sobre-p\u00e1gina"},"content":{"rendered":"\t\t<div data-elementor-type=\"wp-page\" data-elementor-id=\"774\" class=\"elementor elementor-774\" data-elementor-post-type=\"page\">\n\t\t\t\t\t\t<section class=\"elementor-section elementor-top-section elementor-element elementor-element-11cb049 elementor-section-boxed elementor-section-height-default elementor-section-height-default\" data-id=\"11cb049\" data-element_type=\"section\" data-settings=\"{&quot;background_background&quot;:&quot;classic&quot;}\">\n\t\t\t\t\t\t<div class=\"elementor-container elementor-column-gap-default\">\n\t\t\t\t\t<div class=\"elementor-column elementor-col-100 elementor-top-column elementor-element elementor-element-1f368b6\" data-id=\"1f368b6\" data-element_type=\"column\">\n\t\t\t<div class=\"elementor-widget-wrap elementor-element-populated\">\n\t\t\t\t\t\t<div class=\"elementor-element elementor-element-0150fe1 elementor-widget elementor-widget-heading\" data-id=\"0150fe1\" data-element_type=\"widget\" data-widget_type=\"heading.default\">\n\t\t\t\t<div class=\"elementor-widget-container\">\n\t\t\t<h2 class=\"elementor-heading-title elementor-size-default\">SOBRE<\/h2>\t\t<\/div>\n\t\t\t\t<\/div>\n\t\t\t\t<section class=\"elementor-section elementor-inner-section elementor-element elementor-element-170cc21 elementor-section-boxed elementor-section-height-default elementor-section-height-default\" data-id=\"170cc21\" data-element_type=\"section\">\n\t\t\t\t\t\t<div class=\"elementor-container elementor-column-gap-default\">\n\t\t\t\t\t<div class=\"elementor-column elementor-col-100 elementor-inner-column elementor-element elementor-element-9a45e30\" data-id=\"9a45e30\" data-element_type=\"column\">\n\t\t\t<div class=\"elementor-widget-wrap elementor-element-populated\">\n\t\t\t\t\t\t<div class=\"elementor-element elementor-element-b87e341 elementor-widget elementor-widget-image\" data-id=\"b87e341\" data-element_type=\"widget\" data-widget_type=\"image.default\">\n\t\t\t\t<div class=\"elementor-widget-container\">\n\t\t\t\t\t\t\t\t\t\t<figure class=\"wp-caption\">\n\t\t\t\t\t\t\t\t\t\t<img fetchpriority=\"high\" decoding=\"async\" width=\"810\" height=\"540\" src=\"https:\/\/sites.usp.br\/cdccnovo\/wp-content\/uploads\/sites\/1147\/2021\/10\/Campus-15-Foto-Marcos-Santos20101220_051-810x540-1.jpg\" class=\"attachment-large size-large wp-image-776\" alt=\"\" srcset=\"https:\/\/sites.usp.br\/cdccnovo\/wp-content\/uploads\/sites\/1147\/2021\/10\/Campus-15-Foto-Marcos-Santos20101220_051-810x540-1.jpg 810w, https:\/\/sites.usp.br\/cdccnovo\/wp-content\/uploads\/sites\/1147\/2021\/10\/Campus-15-Foto-Marcos-Santos20101220_051-810x540-1-300x200.jpg 300w, https:\/\/sites.usp.br\/cdccnovo\/wp-content\/uploads\/sites\/1147\/2021\/10\/Campus-15-Foto-Marcos-Santos20101220_051-810x540-1-768x512.jpg 768w, https:\/\/sites.usp.br\/cdccnovo\/wp-content\/uploads\/sites\/1147\/2021\/10\/Campus-15-Foto-Marcos-Santos20101220_051-810x540-1-400x267.jpg 400w\" sizes=\"(max-width: 810px) 100vw, 810px\" \/>\t\t\t\t\t\t\t\t\t\t\t<figcaption class=\"widget-image-caption wp-caption-text\">Cotidiano do Campus da Cidade Universit\u00e1ria no Butant\u00e3. Foto: Marcos Santos\/USP<\/figcaption>\n\t\t\t\t\t\t\t\t\t\t<\/figure>\n\t\t\t\t\t\t\t<\/div>\n\t\t\t\t<\/div>\n\t\t\t\t<div class=\"elementor-element elementor-element-449abeb elementor-widget elementor-widget-text-editor\" data-id=\"449abeb\" data-element_type=\"widget\" data-widget_type=\"text-editor.default\">\n\t\t\t\t<div class=\"elementor-widget-container\">\n\t\t\t\t\t\t\t<p>Lorem ipsum dolor sit amet, consectetur adipiscing elit. Nam vitae odio id mauris lobortis hendrerit ac non arcu. Quisque sit amet sem nec neque sollicitudin cursus eget eget nisi. Nulla diam tortor, pharetra eu erat in, lacinia condimentum ipsum. Mauris vel libero ligula. Quisque a bibendum nunc. Praesent sagittis ipsum interdum pharetra dignissim. Donec gravida orci nec suscipit dignissim.<\/p><p>Ut auctor molestie elit, nec fringilla metus consectetur sit amet. Donec interdum leo quis ligula aliquam tincidunt. Fusce gravida odio in fermentum ultrices. Nunc vel porta leo, et tincidunt enim. Duis dictum dui metus, id malesuada mi convallis vitae. Pellentesque ac elit id risus viverra ultricies a at nisi. Proin porttitor massa ac diam volutpat ultricies. Fusce accumsan semper faucibus. Etiam varius nisl vel nisi efficitur consequat sit amet in est. In tempus dui non est gravida viverra. Nulla magna nulla, suscipit a cursus vitae, fermentum at velit. Proin ullamcorper eget diam ut euismod. Quisque sodales eros nunc, sed auctor nunc rhoncus at.<\/p><p>Quisque eget leo imperdiet, malesuada arcu vitae, bibendum dolor. Class aptent taciti sociosqu ad litora torquent per conubia nostra, per inceptos himenaeos. <a href=\"https:\/\/sites.usp.br\/padrao8\/wp-content\/uploads\/sites\/559\/2014\/03\/logo-cipa14.jpg\"><img decoding=\"async\" class=\" wp-image-27 alignright\" src=\"https:\/\/sites.usp.br\/padrao8\/wp-content\/uploads\/sites\/559\/2014\/03\/logo-cipa14-298x300.jpg\" alt=\"\" width=\"124\" height=\"125\" srcset=\"https:\/\/sites.usp.br\/cdccnovo\/wp-content\/uploads\/sites\/1147\/2014\/03\/logo-cipa14-298x300.jpg 298w, https:\/\/sites.usp.br\/cdccnovo\/wp-content\/uploads\/sites\/1147\/2014\/03\/logo-cipa14-150x150.jpg 150w, https:\/\/sites.usp.br\/cdccnovo\/wp-content\/uploads\/sites\/1147\/2014\/03\/logo-cipa14.jpg 312w\" sizes=\"(max-width: 124px) 100vw, 124px\" \/><\/a>Quisque dapibus tortor quis sagittis hendrerit. Curabitur suscipit ut purus quis venenatis. Integer a nulla placerat, venenatis velit id, faucibus purus. Phasellus efficitur lorem eget lacinia pretium. Etiam ac tempor orci, nec facilisis velit. Duis efficitur ultricies dapibus. In et rutrum lectus. Phasellus in sagittis turpis. Phasellus nisl erat, suscipit non tortor eu, eleifend porttitor arcu. Aenean erat velit, ullamcorper sit amet porttitor a, convallis ut orci. Nullam vitae suscipit sem. In et rutrum lectus. Phasellus in sagittis turpis. Phasellus nisl erat, suscipit non tortor eu, eleifend porttitor arcu. Aenean erat velit, ullamcorper sit amet porttitor a, convallis ut orci. Nullam vitae suscipit sem.<\/p>\t\t\t\t\t\t<\/div>\n\t\t\t\t<\/div>\n\t\t\t\t<div class=\"elementor-element elementor-element-7d2b743 elementor-widget elementor-widget-heading\" data-id=\"7d2b743\" data-element_type=\"widget\" data-widget_type=\"heading.default\">\n\t\t\t\t<div class=\"elementor-widget-container\">\n\t\t\t<h2 class=\"elementor-heading-title elementor-size-default\">Hist\u00f3ria<\/h2>\t\t<\/div>\n\t\t\t\t<\/div>\n\t\t\t\t<div class=\"elementor-element elementor-element-50c08a0 elementor-widget elementor-widget-text-editor\" data-id=\"50c08a0\" data-element_type=\"widget\" data-widget_type=\"text-editor.default\">\n\t\t\t\t<div class=\"elementor-widget-container\">\n\t\t\t\t\t\t\t<p>Pellentesque tristique sem odio. Maecenas eleifend metus a nisl finibus, quis auctor sem tincidunt. Duis maximus est elit, vehicula pulvinar neque placerat a. Interdum et malesuada fames ac ante ipsum primis in faucibus. Nam sit amet libero mattis, aliquam enim ac, porttitor libero. Vestibulum quis finibus odio. Lorem ipsum dolor sit amet, consectetur adipiscing elit.<\/p><p>Aliquam porttitor suscipit nibh eget tempus. Vestibulum fringilla diam sed orci vulputate vehicula. Nam congue, lectus ac malesuada dignissim, est elit dictum ex, at bibendum massa lectus vel nulla. Nulla ac neque massa. Proin mattis nisl ac magna gravida pharetra. Pellentesque scelerisque hendrerit nulla congue vestibulum.\u00a0<\/p>\t\t\t\t\t\t<\/div>\n\t\t\t\t<\/div>\n\t\t\t\t<div class=\"elementor-element elementor-element-a26af66 elementor-skin-slideshow elementor-arrows-yes elementor-widget elementor-widget-media-carousel\" data-id=\"a26af66\" data-element_type=\"widget\" data-settings=\"{&quot;skin&quot;:&quot;slideshow&quot;,&quot;speed&quot;:1300,&quot;effect&quot;:&quot;slide&quot;,&quot;show_arrows&quot;:&quot;yes&quot;,&quot;autoplay&quot;:&quot;yes&quot;,&quot;autoplay_speed&quot;:5000,&quot;loop&quot;:&quot;yes&quot;,&quot;pause_on_hover&quot;:&quot;yes&quot;,&quot;pause_on_interaction&quot;:&quot;yes&quot;,&quot;space_between&quot;:{&quot;unit&quot;:&quot;px&quot;,&quot;size&quot;:10,&quot;sizes&quot;:[]},&quot;space_between_tablet&quot;:{&quot;unit&quot;:&quot;px&quot;,&quot;size&quot;:10,&quot;sizes&quot;:[]},&quot;space_between_mobile&quot;:{&quot;unit&quot;:&quot;px&quot;,&quot;size&quot;:10,&quot;sizes&quot;:[]}}\" data-widget_type=\"media-carousel.default\">\n\t\t\t\t<div class=\"elementor-widget-container\">\n\t\t\t\t\t<div class=\"elementor-swiper\">\n\t\t\t<div class=\"elementor-main-swiper swiper\">\n\t\t\t\t<div class=\"swiper-wrapper\">\n\t\t\t\t\t\t\t\t\t\t\t<div class=\"swiper-slide\">\n\t\t\t\t\t\t\t\t\t<div class=\"elementor-carousel-image\" role=\"img\" aria-label=\"Cr\u00e9dito: Cec\u00edlia Bastos \/ Jornal da USP\" style=\"background-image: url(&#039;https:\/\/sites.usp.br\/cdccnovo\/wp-content\/uploads\/sites\/1147\/2014\/04\/Pra\u00e7a-do-Rel\u00f3gio_122-14_foto-Cec\u00edlia-Bastos-40.jpg&#039;)\">\n\n\t\t\t\n\t\t\t\t\t<\/div>\n\t\t\t\t\t\t\t\t<\/div>\n\t\t\t\t\t\t\t\t\t\t\t<div class=\"swiper-slide\">\n\t\t\t\t\t\t\t\t\t<div class=\"elementor-carousel-image\" role=\"img\" aria-label=\"enciclopedia-dental\" style=\"background-image: url(&#039;https:\/\/sites.usp.br\/cdccnovo\/wp-content\/uploads\/sites\/1147\/2014\/11\/enciclopedia-dental.jpg&#039;)\">\n\n\t\t\t\n\t\t\t\t\t<\/div>\n\t\t\t\t\t\t\t\t<\/div>\n\t\t\t\t\t\t\t\t\t\t\t<div class=\"swiper-slide\">\n\t\t\t\t\t\t\t\t\t<div class=\"elementor-carousel-image\" role=\"img\" aria-label=\"coruja\" style=\"background-image: url(&#039;https:\/\/sites.usp.br\/cdccnovo\/wp-content\/uploads\/sites\/1147\/2014\/05\/coruja.jpg&#039;)\">\n\n\t\t\t\n\t\t\t\t\t<\/div>\n\t\t\t\t\t\t\t\t<\/div>\n\t\t\t\t\t\t\t\t\t\t\t<div class=\"swiper-slide\">\n\t\t\t\t\t\t\t\t\t<div class=\"elementor-carousel-image\" role=\"img\" aria-label=\"prp-header\" style=\"background-image: url(&#039;https:\/\/sites.usp.br\/cdccnovo\/wp-content\/uploads\/sites\/1147\/2014\/05\/prp-header.jpg&#039;)\">\n\n\t\t\t\n\t\t\t\t\t<\/div>\n\t\t\t\t\t\t\t\t<\/div>\n\t\t\t\t\t\t\t\t\t\t\t<div class=\"swiper-slide\">\n\t\t\t\t\t\t\t\t\t<div class=\"elementor-carousel-image\" role=\"img\" aria-label=\"pracarelogio02\" style=\"background-image: url(&#039;https:\/\/sites.usp.br\/cdccnovo\/wp-content\/uploads\/sites\/1147\/2014\/04\/pracarelogio02.jpg&#039;)\">\n\n\t\t\t\n\t\t\t\t\t<\/div>\n\t\t\t\t\t\t\t\t<\/div>\n\t\t\t\t\t\t\t\t\t<\/div>\n\t\t\t\t\t\t\t\t\t\t\t\t\t\t\t\t\t\t\t\t<div class=\"elementor-swiper-button elementor-swiper-button-prev\" role=\"button\" tabindex=\"0\">\n\t\t\t\t\t\t\t<i aria-hidden=\"true\" class=\"eicon-chevron-left\"><\/i>\t\t\t\t\t\t\t<span class=\"elementor-screen-only\">Anterior<\/span>\n\t\t\t\t\t\t<\/div>\n\t\t\t\t\t\t<div class=\"elementor-swiper-button elementor-swiper-button-next\" role=\"button\" tabindex=\"0\">\n\t\t\t\t\t\t\t<i aria-hidden=\"true\" class=\"eicon-chevron-right\"><\/i>\t\t\t\t\t\t\t<span class=\"elementor-screen-only\">Pr\u00f3ximo<\/span>\n\t\t\t\t\t\t<\/div>\n\t\t\t\t\t\t\t\t\t\t\t\t<\/div>\n\t\t<\/div>\n\t\t\t\t<div class=\"elementor-swiper\">\n\t\t\t<div class=\"elementor-thumbnails-swiper swiper\">\n\t\t\t\t<div class=\"swiper-wrapper\">\n\t\t\t\t\t\t\t\t\t\t\t<div class=\"swiper-slide\">\n\t\t\t\t\t\t\t\t\t<div class=\"elementor-carousel-image\" role=\"img\" aria-label=\"Cr\u00e9dito: Cec\u00edlia Bastos \/ Jornal da USP\" style=\"background-image: url(&#039;https:\/\/sites.usp.br\/cdccnovo\/wp-content\/uploads\/sites\/1147\/2014\/04\/Pra\u00e7a-do-Rel\u00f3gio_122-14_foto-Cec\u00edlia-Bastos-40.jpg&#039;)\">\n\n\t\t\t\n\t\t\t\t\t<\/div>\n\t\t\t\t\t\t\t\t<\/div>\n\t\t\t\t\t\t\t\t\t\t\t<div class=\"swiper-slide\">\n\t\t\t\t\t\t\t\t\t<div class=\"elementor-carousel-image\" role=\"img\" aria-label=\"enciclopedia-dental\" style=\"background-image: url(&#039;https:\/\/sites.usp.br\/cdccnovo\/wp-content\/uploads\/sites\/1147\/2014\/11\/enciclopedia-dental.jpg&#039;)\">\n\n\t\t\t\n\t\t\t\t\t<\/div>\n\t\t\t\t\t\t\t\t<\/div>\n\t\t\t\t\t\t\t\t\t\t\t<div class=\"swiper-slide\">\n\t\t\t\t\t\t\t\t\t<div class=\"elementor-carousel-image\" role=\"img\" aria-label=\"coruja\" style=\"background-image: url(&#039;https:\/\/sites.usp.br\/cdccnovo\/wp-content\/uploads\/sites\/1147\/2014\/05\/coruja.jpg&#039;)\">\n\n\t\t\t\n\t\t\t\t\t<\/div>\n\t\t\t\t\t\t\t\t<\/div>\n\t\t\t\t\t\t\t\t\t\t\t<div class=\"swiper-slide\">\n\t\t\t\t\t\t\t\t\t<div class=\"elementor-carousel-image\" role=\"img\" aria-label=\"prp-header\" style=\"background-image: url(&#039;https:\/\/sites.usp.br\/cdccnovo\/wp-content\/uploads\/sites\/1147\/2014\/05\/prp-header.jpg&#039;)\">\n\n\t\t\t\n\t\t\t\t\t<\/div>\n\t\t\t\t\t\t\t\t<\/div>\n\t\t\t\t\t\t\t\t\t\t\t<div class=\"swiper-slide\">\n\t\t\t\t\t\t\t\t\t<div class=\"elementor-carousel-image\" role=\"img\" aria-label=\"pracarelogio02\" style=\"background-image: url(&#039;https:\/\/sites.usp.br\/cdccnovo\/wp-content\/uploads\/sites\/1147\/2014\/04\/pracarelogio02.jpg&#039;)\">\n\n\t\t\t\n\t\t\t\t\t<\/div>\n\t\t\t\t\t\t\t\t<\/div>\n\t\t\t\t\t\t\t\t\t<\/div>\n\t\t\t\t\t\t\t\t\t\t\t\t\t\t\t\t\t\t\t\t\t<\/div>\n\t\t<\/div>\n\t\t\t\t<\/div>\n\t\t\t\t<\/div>\n\t\t\t\t\t<\/div>\n\t\t<\/div>\n\t\t\t\t\t<\/div>\n\t\t<\/section>\n\t\t\t\t\t<\/div>\n\t\t<\/div>\n\t\t\t\t\t<\/div>\n\t\t<\/section>\n\t\t\t\t<\/div>\n\t\t","protected":false},"excerpt":{"rendered":"<p>SOBRE Cotidiano do Campus da Cidade Universit\u00e1ria no Butant\u00e3. Foto: Marcos Santos\/USP Lorem ipsum dolor sit amet, consectetur adipiscing elit. Nam vitae odio id mauris lobortis hendrerit ac non arcu. Quisque sit amet sem nec neque sollicitudin cursus eget eget nisi. Nulla diam tortor, pharetra eu erat in, lacinia condimentum ipsum. Mauris vel libero ligula. [&hellip;]<\/p>\n","protected":false},"author":22641,"featured_media":0,"parent":0,"menu_order":0,"comment_status":"closed","ping_status":"closed","template":"","meta":{"_monsterinsights_skip_tracking":false,"_monsterinsights_sitenote_active":false,"_monsterinsights_sitenote_note":"","_monsterinsights_sitenote_category":0,"footnotes":"","_links_to":"","_links_to_target":""},"class_list":["post-774","page","type-page","status-publish","hentry","entry"],"_links":{"self":[{"href":"https:\/\/sites.usp.br\/cdccnovo\/wp-json\/wp\/v2\/pages\/774","targetHints":{"allow":["GET"]}}],"collection":[{"href":"https:\/\/sites.usp.br\/cdccnovo\/wp-json\/wp\/v2\/pages"}],"about":[{"href":"https:\/\/sites.usp.br\/cdccnovo\/wp-json\/wp\/v2\/types\/page"}],"author":[{"embeddable":true,"href":"https:\/\/sites.usp.br\/cdccnovo\/wp-json\/wp\/v2\/users\/22641"}],"replies":[{"embeddable":true,"href":"https:\/\/sites.usp.br\/cdccnovo\/wp-json\/wp\/v2\/comments?post=774"}],"version-history":[{"count":4,"href":"https:\/\/sites.usp.br\/cdccnovo\/wp-json\/wp\/v2\/pages\/774\/revisions"}],"predecessor-version":[{"id":981,"href":"https:\/\/sites.usp.br\/cdccnovo\/wp-json\/wp\/v2\/pages\/774\/revisions\/981"}],"wp:attachment":[{"href":"https:\/\/sites.usp.br\/cdccnovo\/wp-json\/wp\/v2\/media?parent=774"}],"curies":[{"name":"wp","href":"https:\/\/api.w.org\/{rel}","templated":true}]}}