{"id":431,"date":"2024-01-25T20:14:47","date_gmt":"2024-01-25T23:14:47","guid":{"rendered":"https:\/\/sites.usp.br\/ceadin\/?page_id=431"},"modified":"2024-02-20T12:37:03","modified_gmt":"2024-02-20T15:37:03","slug":"grupo-de-estudos","status":"publish","type":"page","link":"https:\/\/sites.usp.br\/ceadin\/grupo-de-estudos\/","title":{"rendered":"Grupo de Estudos"},"content":{"rendered":"\t\t<div data-elementor-type=\"wp-page\" data-elementor-id=\"431\" class=\"elementor elementor-431\" data-elementor-post-type=\"page\">\n\t\t\t\t<div class=\"elementor-element elementor-element-4bddf45 e-flex e-con-boxed e-con e-parent\" data-id=\"4bddf45\" data-element_type=\"container\" data-settings=\"{&quot;background_background&quot;:&quot;classic&quot;,&quot;shape_divider_bottom&quot;:&quot;wave-brush&quot;}\">\n\t\t\t\t\t<div class=\"e-con-inner\">\n\t\t\t\t<div class=\"elementor-shape elementor-shape-bottom\" data-negative=\"false\">\n\t\t\t<svg xmlns=\"http:\/\/www.w3.org\/2000\/svg\" viewBox=\"0 0 283.5 27.8\" preserveAspectRatio=\"none\">\n\t<path class=\"elementor-shape-fill\" d=\"M283.5,9.7c0,0-7.3,4.3-14,4.6c-6.8,0.3-12.6,0-20.9-1.5c-11.3-2-33.1-10.1-44.7-5.7\ts-12.1,4.6-18,7.4c-6.6,3.2-20,9.6-36.6,9.3C131.6,23.5,99.5,7.2,86.3,8c-1.4,0.1-6.6,0.8-10.5,2c-3.8,1.2-9.4,3.8-17,4.7\tc-3.2,0.4-8.3,1.1-14.2,0.9c-1.5-0.1-6.3-0.4-12-1.6c-5.7-1.2-11-3.1-15.8-3.7C6.5,9.2,0,10.8,0,10.8V0h283.5V9.7z M260.8,11.3\tc-0.7-1-2-0.4-4.3-0.4c-2.3,0-6.1-1.2-5.8-1.1c0.3,0.1,3.1,1.5,6,1.9C259.7,12.2,261.4,12.3,260.8,11.3z M242.4,8.6\tc0,0-2.4-0.2-5.6-0.9c-3.2-0.8-10.3-2.8-15.1-3.5c-8.2-1.1-15.8,0-15.1,0.1c0.8,0.1,9.6-0.6,17.6,1.1c3.3,0.7,9.3,2.2,12.4,2.7\tC239.9,8.7,242.4,8.6,242.4,8.6z M185.2,8.5c1.7-0.7-13.3,4.7-18.5,6.1c-2.1,0.6-6.2,1.6-10,2c-3.9,0.4-8.9,0.4-8.8,0.5\tc0,0.2,5.8,0.8,11.2,0c5.4-0.8,5.2-1.1,7.6-1.6C170.5,14.7,183.5,9.2,185.2,8.5z M199.1,6.9c0.2,0-0.8-0.4-4.8,1.1\tc-4,1.5-6.7,3.5-6.9,3.7c-0.2,0.1,3.5-1.8,6.6-3C197,7.5,199,6.9,199.1,6.9z M283,6c-0.1,0.1-1.9,1.1-4.8,2.5s-6.9,2.8-6.7,2.7\tc0.2,0,3.5-0.6,7.4-2.5C282.8,6.8,283.1,5.9,283,6z M31.3,11.6c0.1-0.2-1.9-0.2-4.5-1.2s-5.4-1.6-7.8-2C15,7.6,7.3,8.5,7.7,8.6\tC8,8.7,15.9,8.3,20.2,9.3c2.2,0.5,2.4,0.5,5.7,1.6S31.2,11.9,31.3,11.6z M73,9.2c0.4-0.1,3.5-1.6,8.4-2.6c4.9-1.1,8.9-0.5,8.9-0.8\tc0-0.3-1-0.9-6.2-0.3S72.6,9.3,73,9.2z M71.6,6.7C71.8,6.8,75,5.4,77.3,5c2.3-0.3,1.9-0.5,1.9-0.6c0-0.1-1.1-0.2-2.7,0.2\tC74.8,5.1,71.4,6.6,71.6,6.7z M93.6,4.4c0.1,0.2,3.5,0.8,5.6,1.8c2.1,1,1.8,0.6,1.9,0.5c0.1-0.1-0.8-0.8-2.4-1.3\tC97.1,4.8,93.5,4.2,93.6,4.4z M65.4,11.1c-0.1,0.3,0.3,0.5,1.9-0.2s2.6-1.3,2.2-1.2s-0.9,0.4-2.5,0.8C65.3,10.9,65.5,10.8,65.4,11.1\tz M34.5,12.4c-0.2,0,2.1,0.8,3.3,0.9c1.2,0.1,2,0.1,2-0.2c0-0.3-0.1-0.5-1.6-0.4C36.6,12.8,34.7,12.4,34.5,12.4z M152.2,21.1\tc-0.1,0.1-2.4-0.3-7.5-0.3c-5,0-13.6-2.4-17.2-3.5c-3.6-1.1,10,3.9,16.5,4.1C150.5,21.6,152.3,21,152.2,21.1z\"\/>\n\t<path class=\"elementor-shape-fill\" d=\"M269.6,18c-0.1-0.1-4.6,0.3-7.2,0c-7.3-0.7-17-3.2-16.6-2.9c0.4,0.3,13.7,3.1,17,3.3\tC267.7,18.8,269.7,18,269.6,18z\"\/>\n\t<path class=\"elementor-shape-fill\" d=\"M227.4,9.8c-0.2-0.1-4.5-1-9.5-1.2c-5-0.2-12.7,0.6-12.3,0.5c0.3-0.1,5.9-1.8,13.3-1.2\tS227.6,9.9,227.4,9.8z\"\/>\n\t<path class=\"elementor-shape-fill\" d=\"M204.5,13.4c-0.1-0.1,2-1,3.2-1.1c1.2-0.1,2,0,2,0.3c0,0.3-0.1,0.5-1.6,0.4\tC206.4,12.9,204.6,13.5,204.5,13.4z\"\/>\n\t<path class=\"elementor-shape-fill\" d=\"M201,10.6c0-0.1-4.4,1.2-6.3,2.2c-1.9,0.9-6.2,3.1-6.1,3.1c0.1,0.1,4.2-1.6,6.3-2.6\tS201,10.7,201,10.6z\"\/>\n\t<path class=\"elementor-shape-fill\" d=\"M154.5,26.7c-0.1-0.1-4.6,0.3-7.2,0c-7.3-0.7-17-3.2-16.6-2.9c0.4,0.3,13.7,3.1,17,3.3\tC152.6,27.5,154.6,26.8,154.5,26.7z\"\/>\n\t<path class=\"elementor-shape-fill\" d=\"M41.9,19.3c0,0,1.2-0.3,2.9-0.1c1.7,0.2,5.8,0.9,8.2,0.7c4.2-0.4,7.4-2.7,7-2.6\tc-0.4,0-4.3,2.2-8.6,1.9c-1.8-0.1-5.1-0.5-6.7-0.4S41.9,19.3,41.9,19.3z\"\/>\n\t<path class=\"elementor-shape-fill\" d=\"M75.5,12.6c0.2,0.1,2-0.8,4.3-1.1c2.3-0.2,2.1-0.3,2.1-0.5c0-0.1-1.8-0.4-3.4,0\tC76.9,11.5,75.3,12.5,75.5,12.6z\"\/>\n\t<path class=\"elementor-shape-fill\" d=\"M15.6,13.2c0-0.1,4.3,0,6.7,0.5c2.4,0.5,5,1.9,5,2c0,0.1-2.7-0.8-5.1-1.4\tC19.9,13.7,15.7,13.3,15.6,13.2z\"\/>\n<\/svg>\t\t<\/div>\n\t\t\t\t<div class=\"elementor-element elementor-element-06795a1 elementor-widget elementor-widget-image\" data-id=\"06795a1\" data-element_type=\"widget\" data-widget_type=\"image.default\">\n\t\t\t\t<div class=\"elementor-widget-container\">\n\t\t\t\t\t\t\t\t\t\t\t\t\t<img decoding=\"async\" src=\"https:\/\/img.freepik.com\/fotos-gratis\/comunidade-de-vista-frontal-de-jovens-fazendo-planos_23-2148431298.jpg?size=626&#038;ext=jpg&#038;ga=GA1.1.738661330.1705612671&#038;semt=ais\" title=\"\" alt=\"\" loading=\"lazy\" \/>\t\t\t\t\t\t\t\t\t\t\t\t\t<\/div>\n\t\t\t\t<\/div>\n\t\t\t\t\t<\/div>\n\t\t\t\t<\/div>\n\t\t<div class=\"elementor-element elementor-element-668d1c1 e-flex e-con-boxed e-con e-parent\" data-id=\"668d1c1\" data-element_type=\"container\" id=\"grupo-de-estudos\" data-settings=\"{&quot;background_background&quot;:&quot;classic&quot;}\">\n\t\t\t\t\t<div class=\"e-con-inner\">\n\t\t\t\t<div class=\"elementor-element elementor-element-f8c937b elementor-widget elementor-widget-spacer\" data-id=\"f8c937b\" data-element_type=\"widget\" data-widget_type=\"spacer.default\">\n\t\t\t\t<div class=\"elementor-widget-container\">\n\t\t\t\t\t<div class=\"elementor-spacer\">\n\t\t\t<div class=\"elementor-spacer-inner\"><\/div>\n\t\t<\/div>\n\t\t\t\t<\/div>\n\t\t\t\t<\/div>\n\t\t\t\t<div class=\"elementor-element elementor-element-52dbc1f elementor-widget elementor-widget-heading\" data-id=\"52dbc1f\" data-element_type=\"widget\" data-widget_type=\"heading.default\">\n\t\t\t\t<div class=\"elementor-widget-container\">\n\t\t\t<h2 class=\"elementor-heading-title elementor-size-default\">Grupo de Estudos<\/h2>\t\t<\/div>\n\t\t\t\t<\/div>\n\t\t\t\t<div class=\"elementor-element elementor-element-f37f8bf elementor-widget-divider--view-line_icon elementor-view-default elementor-widget-divider--element-align-center elementor-widget elementor-widget-divider\" data-id=\"f37f8bf\" data-element_type=\"widget\" data-widget_type=\"divider.default\">\n\t\t\t\t<div class=\"elementor-widget-container\">\n\t\t\t\t\t<div class=\"elementor-divider\">\n\t\t\t<span class=\"elementor-divider-separator\">\n\t\t\t\t\t\t\t<div class=\"elementor-icon elementor-divider__element\">\n\t\t\t\t\t<i aria-hidden=\"true\" class=\"fas fa-circle-notch\"><\/i><\/div>\n\t\t\t\t\t\t<\/span>\n\t\t<\/div>\n\t\t\t\t<\/div>\n\t\t\t\t<\/div>\n\t\t\t\t\t<\/div>\n\t\t\t\t<\/div>\n\t\t<div class=\"elementor-element elementor-element-bac18b8 e-con-full e-flex e-con e-parent\" data-id=\"bac18b8\" data-element_type=\"container\">\n\t\t\t\t<div class=\"elementor-element elementor-element-8474222 elementor-widget elementor-widget-text-editor\" data-id=\"8474222\" data-element_type=\"widget\" data-widget_type=\"text-editor.default\">\n\t\t\t\t<div class=\"elementor-widget-container\">\n\t\t\t\t\t\t\t<p><span style=\"font-weight: 400;\">O GRUPO DE ESTUDOS AVAN\u00c7ADOS EM DIREITO E INOVA\u00c7\u00c3O CEADIN, visa, em suma, a discuss\u00e3o, elabora\u00e7\u00e3o de material cient\u00edfico e documentos consultivos que tragam al\u00e9m da an\u00e1lise te\u00f3rica e comparada uma proposta de resolu\u00e7\u00e3o para problemas concretos, estudados pela equipe de trabalho e grupo de pesquisa do CEADIN, relacionando pr\u00e1tica e teoria; pretende, destarte, ofertar material com conte\u00fado cient\u00edfico e qualidade, tais como, artigos, material para download, an\u00e1lise e estudo de casos, an\u00e1lise de legisla\u00e7\u00e3o e jurisprud\u00eancia por meio da assessoria\/consultoria; prepara\u00e7\u00e3o de diagn\u00f3sticos e elabora\u00e7\u00e3o de projetos e\/ou planos de a\u00e7\u00e3o; trazer um elenco de sites e refer\u00eancias bibliogr\u00e1ficas especializados no tema inova\u00e7\u00e3o, bem como promover a curadoria de not\u00edcias na \u00e1rea e realizar cursos e treinamentos, de forma a democratizar o debate acerca de tais tem\u00e1ticas, contribuindo para a constru\u00e7\u00e3o do ecossistema brasileiro de inova\u00e7\u00e3o, ainda bastante fr\u00e1gil.&nbsp;<\/span><\/p>\n<p><span style=\"font-weight: 400;\">Adotando uma perspectiva zet\u00e9tica, onde as perguntas corretas s\u00e3o mais importantes do que respostas prontas e acabadas, no sentido de definitividade, diante das constantes mudan\u00e7as da pr\u00f3pria tecnologia, questiona-se: quais sa\u0303o as oportunidades e desafios presentes com tais legisla\u00e7\u00f5es? No que o direito comparado poderia nos ajudar? Como transformar conhecimento cient\u00edfico e tecnol\u00f3gico em solu\u00e7\u00f5es que aumentem a qualidade e o bem-estar da popula\u00e7\u00e3o? Quais as oportunidades e limites da cooperac\u0327a\u0303o pu\u0301blico-privada prevista no Decreto Paulista de Inovac\u0327a\u0303o? \u00c9 poss\u00edvel se falar em regular aspectos da inova\u00e7\u00e3o ou regular tecnologias disruptivas como a intelig\u00eancia artificial sem necessariamente afastar o Brasil da competitividade internacional e obstar a inova\u00e7\u00e3o, mas ao contr\u00e1rio aproximando-se o Brasil do ecossistema global de inova\u00e7\u00e3o? H\u00e1 um necess\u00e1rio \u201ctradeoff\u201d entre regula\u00e7\u00e3o e inova\u00e7\u00e3o? (<\/span><a href=\"https:\/\/www.jota.info\/casa-jota\/brasil-enfrenta-desafios-para-conciliar-inovacao-e-regulacao-em-mobilidade-09022022\"><span style=\"font-weight: 400;\">https:\/\/www.jota.info\/casa-jota\/brasil-enfrenta-desafios-para-conciliar-inovacao-e-regulacao-em-mobilidade-09022022<\/span><\/a><span style=\"font-weight: 400;\">; \u201cO papel do Judici\u00e1rio nas defini\u00e7\u00f5es regulat\u00f3rias e no est\u00edmulo \u00e0 inova\u00e7\u00e3o\u201d, <\/span><a href=\"https:\/\/www.youtube.com\/watch?v=gMNN_vGt1Mw&amp;t=8s\"><span style=\"font-weight: 400;\">https:\/\/www.youtube.com\/watch?v=gMNN_vGt1Mw&amp;t=8s<\/span><\/a><span style=\"font-weight: 400;\">).<\/span><\/p>\t\t\t\t\t\t<\/div>\n\t\t\t\t<\/div>\n\t\t\t\t<\/div>\n\t\t<div class=\"elementor-element elementor-element-60c1423 e-con-full e-flex e-con e-parent\" data-id=\"60c1423\" data-element_type=\"container\">\n\t\t\t\t<div class=\"elementor-element elementor-element-e174161 elementor-widget elementor-widget-text-editor\" data-id=\"e174161\" data-element_type=\"widget\" data-widget_type=\"text-editor.default\">\n\t\t\t\t<div class=\"elementor-widget-container\">\n\t\t\t\t\t\t\t<p>Visa-se, destarte, analisar as melhores alternativas para problemas\u00a0 concretos relativos \u00e0\u00a0inova\u00e7\u00e3o, segundo a doutrina, legisla\u00e7\u00e3o e jurisprud\u00eancia especializadas, nacionais e estrangeiras, em uma dupla perspectiva, ou seja, promover de forma adequada e efetiva a protec\u0327a\u0303o dos direitos humanos e fundamentais, com foco na e\u0301tica digital e na responsabilidade digital, e de outro lado, na\u0303o obstar a inovac\u0327a\u0303o e o desenvolvimento de tais a\u0301reas, de forma responsa\u0301vel e sustenta\u0301vel em longo prazo.\u00a0<\/p>\t\t\t\t\t\t<\/div>\n\t\t\t\t<\/div>\n\t\t\t\t<div class=\"elementor-element elementor-element-0584931 elementor-widget elementor-widget-spacer\" data-id=\"0584931\" data-element_type=\"widget\" data-widget_type=\"spacer.default\">\n\t\t\t\t<div class=\"elementor-widget-container\">\n\t\t\t\t\t<div class=\"elementor-spacer\">\n\t\t\t<div class=\"elementor-spacer-inner\"><\/div>\n\t\t<\/div>\n\t\t\t\t<\/div>\n\t\t\t\t<\/div>\n\t\t\t\t<\/div>\n\t\t<div class=\"elementor-element elementor-element-1dd32bd e-con-full e-flex e-con e-parent\" data-id=\"1dd32bd\" data-element_type=\"container\">\n\t\t\t\t<div class=\"elementor-element elementor-element-ea8b580 elementor-widget elementor-widget-heading\" data-id=\"ea8b580\" data-element_type=\"widget\" data-widget_type=\"heading.default\">\n\t\t\t\t<div class=\"elementor-widget-container\">\n\t\t\t<h2 class=\"elementor-heading-title elementor-size-default\">Objetivos<\/h2>\t\t<\/div>\n\t\t\t\t<\/div>\n\t\t\t\t<div class=\"elementor-element elementor-element-6ab9f62 elementor-widget-divider--view-line_icon elementor-view-default elementor-widget-divider--element-align-center elementor-widget elementor-widget-divider\" data-id=\"6ab9f62\" data-element_type=\"widget\" data-widget_type=\"divider.default\">\n\t\t\t\t<div class=\"elementor-widget-container\">\n\t\t\t\t\t<div class=\"elementor-divider\">\n\t\t\t<span class=\"elementor-divider-separator\">\n\t\t\t\t\t\t\t<div class=\"elementor-icon elementor-divider__element\">\n\t\t\t\t\t<i aria-hidden=\"true\" class=\"fas fa-circle-notch\"><\/i><\/div>\n\t\t\t\t\t\t<\/span>\n\t\t<\/div>\n\t\t\t\t<\/div>\n\t\t\t\t<\/div>\n\t\t\t\t<div class=\"elementor-element elementor-element-a11aaa4 elementor-widget elementor-widget-spacer\" data-id=\"a11aaa4\" data-element_type=\"widget\" data-widget_type=\"spacer.default\">\n\t\t\t\t<div class=\"elementor-widget-container\">\n\t\t\t\t\t<div class=\"elementor-spacer\">\n\t\t\t<div class=\"elementor-spacer-inner\"><\/div>\n\t\t<\/div>\n\t\t\t\t<\/div>\n\t\t\t\t<\/div>\n\t\t\t\t<div class=\"elementor-element elementor-element-0ea93f0 elementor-widget elementor-widget-text-editor\" data-id=\"0ea93f0\" data-element_type=\"widget\" data-widget_type=\"text-editor.default\">\n\t\t\t\t<div class=\"elementor-widget-container\">\n\t\t\t\t\t\t\t<p><span lang=\"PT-BR\">Leitura, realiza\u00e7\u00e3o de semin\u00e1rios, estudos relativos ao levantamento de leis federais, estaduais e municipais que impactam direta e indiretamente a \u00e1rea de inova\u00e7\u00e3o, com foco na compreens\u00e3o de seu impacto sobre a Universidade quanto ambiente e quanto agente regulador, incentivador, gestor e promotor da inova\u00e7\u00e3o; an\u00e1lise e verifica\u00e7\u00e3o das de normas da USP que disciplinam a mat\u00e9ria inova\u00e7\u00e3o e de conv\u00eanios\/parcerias estrat\u00e9gicas; verifica\u00e7\u00e3o e an\u00e1lise de propostas e sugest\u00f5es de aprimoramento de legisla\u00e7\u00e3o da USP sobre inova\u00e7\u00e3o e propostas de leis ao Poder Legislativo, para melhor regular aspectos da inova\u00e7\u00e3o, no que respeita ao fortalecimento da Universidade Brasileira, e as startups criadas no meio acad\u00eamico, enquanto ambiente e enquanto agente regulador, incentivador, gestor e promotor da inova\u00e7\u00e3o; levantamento e an\u00e1lise de julgados e jurisprud\u00eancia de Tribunais de Contas e jurisdicionais na \u00e1rea de inova\u00e7\u00e3o; estudo de casos e problemas jur\u00eddicos enfrentados pela Universidade brasileira, com foco nos campi USP de Ribeir\u00e3o Preto e S\u00e3o Carlos.\u00a0<\/span>Nos encontros de estudo, al\u00e9m de semin\u00e1rios nos quais discutiremos textos\u00a0<span lang=\"PT-BR\">selecionados<\/span>, realizaremos a leitura conjunta de textos de outros autores, pertinentes \u00e0 tem\u00e1tica supracitada e discutiremos casos concretos e problem\u00e1ticas a fim de elaborarmos estudos de casos bem como iremos analizar a jurisprud\u00eancia dos Tribunais indicados.<\/p>\t\t\t\t\t\t<\/div>\n\t\t\t\t<\/div>\n\t\t\t\t<div class=\"elementor-element elementor-element-1299872 elementor-widget elementor-widget-spacer\" data-id=\"1299872\" data-element_type=\"widget\" data-widget_type=\"spacer.default\">\n\t\t\t\t<div class=\"elementor-widget-container\">\n\t\t\t\t\t<div class=\"elementor-spacer\">\n\t\t\t<div class=\"elementor-spacer-inner\"><\/div>\n\t\t<\/div>\n\t\t\t\t<\/div>\n\t\t\t\t<\/div>\n\t\t\t\t<\/div>\n\t\t<div class=\"elementor-element elementor-element-017d8fb e-con-full e-flex e-con e-parent\" data-id=\"017d8fb\" data-element_type=\"container\" id=\"estudos-de-casos\">\n\t\t<div class=\"elementor-element elementor-element-5a33cb6 e-con-full e-flex e-con e-child\" data-id=\"5a33cb6\" data-element_type=\"container\">\n\t\t\t\t<div class=\"elementor-element elementor-element-bff0538 elementor-widget elementor-widget-spacer\" data-id=\"bff0538\" data-element_type=\"widget\" data-widget_type=\"spacer.default\">\n\t\t\t\t<div class=\"elementor-widget-container\">\n\t\t\t\t\t<div class=\"elementor-spacer\">\n\t\t\t<div class=\"elementor-spacer-inner\"><\/div>\n\t\t<\/div>\n\t\t\t\t<\/div>\n\t\t\t\t<\/div>\n\t\t\t\t<div class=\"elementor-element elementor-element-228c4fd elementor-widget elementor-widget-image\" data-id=\"228c4fd\" data-element_type=\"widget\" data-widget_type=\"image.default\">\n\t\t\t\t<div class=\"elementor-widget-container\">\n\t\t\t\t\t\t\t\t\t\t\t\t\t<img decoding=\"async\" src=\"https:\/\/img.freepik.com\/fotos-gratis\/mulher-trabalhando-no-escritorio_144627-44203.jpg?size=626&#038;ext=jpg&#038;ga=GA1.1.738661330.1705612671&#038;semt=ais\" title=\"\" alt=\"\" loading=\"lazy\" \/>\t\t\t\t\t\t\t\t\t\t\t\t\t<\/div>\n\t\t\t\t<\/div>\n\t\t\t\t<\/div>\n\t\t<div class=\"elementor-element elementor-element-80afa1b e-con-full e-flex e-con e-child\" data-id=\"80afa1b\" data-element_type=\"container\">\n\t\t<div class=\"elementor-element elementor-element-8df082a e-flex e-con-boxed e-con e-child\" data-id=\"8df082a\" data-element_type=\"container\">\n\t\t\t\t\t<div class=\"e-con-inner\">\n\t\t\t\t<div class=\"elementor-element elementor-element-14375c3 elementor-widget elementor-widget-heading\" data-id=\"14375c3\" data-element_type=\"widget\" data-widget_type=\"heading.default\">\n\t\t\t\t<div class=\"elementor-widget-container\">\n\t\t\t<h2 class=\"elementor-heading-title elementor-size-default\">Estudo de Casos<\/h2>\t\t<\/div>\n\t\t\t\t<\/div>\n\t\t\t\t\t<\/div>\n\t\t\t\t<\/div>\n\t\t<div class=\"elementor-element elementor-element-b6bf1d7 e-flex e-con-boxed e-con e-child\" data-id=\"b6bf1d7\" data-element_type=\"container\">\n\t\t\t\t\t<div class=\"e-con-inner\">\n\t\t\t\t<div class=\"elementor-element elementor-element-224cb62 elementor-widget-divider--view-line_icon elementor-view-default elementor-widget-divider--element-align-center elementor-widget elementor-widget-divider\" data-id=\"224cb62\" data-element_type=\"widget\" data-widget_type=\"divider.default\">\n\t\t\t\t<div class=\"elementor-widget-container\">\n\t\t\t\t\t<div class=\"elementor-divider\">\n\t\t\t<span class=\"elementor-divider-separator\">\n\t\t\t\t\t\t\t<div class=\"elementor-icon elementor-divider__element\">\n\t\t\t\t\t<i aria-hidden=\"true\" class=\"fas fa-circle-notch\"><\/i><\/div>\n\t\t\t\t\t\t<\/span>\n\t\t<\/div>\n\t\t\t\t<\/div>\n\t\t\t\t<\/div>\n\t\t\t\t\t<\/div>\n\t\t\t\t<\/div>\n\t\t\t\t<\/div>\n\t\t\t\t<\/div>\n\t\t<div class=\"elementor-element elementor-element-58a6894 e-flex e-con-boxed e-con e-parent\" data-id=\"58a6894\" data-element_type=\"container\">\n\t\t\t\t\t<div class=\"e-con-inner\">\n\t\t\t\t<div class=\"elementor-element elementor-element-2c20bc6 elementor-widget elementor-widget-spacer\" data-id=\"2c20bc6\" data-element_type=\"widget\" data-widget_type=\"spacer.default\">\n\t\t\t\t<div class=\"elementor-widget-container\">\n\t\t\t\t\t<div class=\"elementor-spacer\">\n\t\t\t<div class=\"elementor-spacer-inner\"><\/div>\n\t\t<\/div>\n\t\t\t\t<\/div>\n\t\t\t\t<\/div>\n\t\t\t\t\t<\/div>\n\t\t\t\t<\/div>\n\t\t<div class=\"elementor-element elementor-element-f9ac6f2 e-con-full e-flex e-con e-parent\" data-id=\"f9ac6f2\" data-element_type=\"container\" id=\"jurisprudencia\">\n\t\t<div class=\"elementor-element elementor-element-c105383 e-con-full e-flex e-con e-child\" data-id=\"c105383\" data-element_type=\"container\">\n\t\t\t\t<div class=\"elementor-element elementor-element-cccc622 elementor-widget elementor-widget-spacer\" data-id=\"cccc622\" data-element_type=\"widget\" data-widget_type=\"spacer.default\">\n\t\t\t\t<div class=\"elementor-widget-container\">\n\t\t\t\t\t<div class=\"elementor-spacer\">\n\t\t\t<div class=\"elementor-spacer-inner\"><\/div>\n\t\t<\/div>\n\t\t\t\t<\/div>\n\t\t\t\t<\/div>\n\t\t\t\t<div class=\"elementor-element elementor-element-612a206 elementor-widget elementor-widget-heading\" data-id=\"612a206\" data-element_type=\"widget\" data-widget_type=\"heading.default\">\n\t\t\t\t<div class=\"elementor-widget-container\">\n\t\t\t<h2 class=\"elementor-heading-title elementor-size-default\">Jurisprud\u00eancia<\/h2>\t\t<\/div>\n\t\t\t\t<\/div>\n\t\t\t\t<div class=\"elementor-element elementor-element-517622b elementor-widget-divider--view-line_icon elementor-view-default elementor-widget-divider--element-align-center elementor-widget elementor-widget-divider\" data-id=\"517622b\" data-element_type=\"widget\" data-widget_type=\"divider.default\">\n\t\t\t\t<div class=\"elementor-widget-container\">\n\t\t\t\t\t<div class=\"elementor-divider\">\n\t\t\t<span class=\"elementor-divider-separator\">\n\t\t\t\t\t\t\t<div class=\"elementor-icon elementor-divider__element\">\n\t\t\t\t\t<i aria-hidden=\"true\" class=\"fas fa-circle-notch\"><\/i><\/div>\n\t\t\t\t\t\t<\/span>\n\t\t<\/div>\n\t\t\t\t<\/div>\n\t\t\t\t<\/div>\n\t\t\t\t<\/div>\n\t\t<div class=\"elementor-element elementor-element-6f7648a e-con-full e-flex e-con e-child\" data-id=\"6f7648a\" data-element_type=\"container\">\n\t\t\t\t<div class=\"elementor-element elementor-element-a773a78 elementor-widget elementor-widget-spacer\" data-id=\"a773a78\" data-element_type=\"widget\" data-widget_type=\"spacer.default\">\n\t\t\t\t<div class=\"elementor-widget-container\">\n\t\t\t\t\t<div class=\"elementor-spacer\">\n\t\t\t<div class=\"elementor-spacer-inner\"><\/div>\n\t\t<\/div>\n\t\t\t\t<\/div>\n\t\t\t\t<\/div>\n\t\t\t\t<div class=\"elementor-element elementor-element-36fcb7f elementor-widget elementor-widget-spacer\" data-id=\"36fcb7f\" data-element_type=\"widget\" data-widget_type=\"spacer.default\">\n\t\t\t\t<div class=\"elementor-widget-container\">\n\t\t\t\t\t<div class=\"elementor-spacer\">\n\t\t\t<div class=\"elementor-spacer-inner\"><\/div>\n\t\t<\/div>\n\t\t\t\t<\/div>\n\t\t\t\t<\/div>\n\t\t\t\t<div class=\"elementor-element elementor-element-6dac5c6 elementor-widget elementor-widget-image\" data-id=\"6dac5c6\" data-element_type=\"widget\" data-widget_type=\"image.default\">\n\t\t\t\t<div class=\"elementor-widget-container\">\n\t\t\t\t\t\t\t\t\t\t\t\t\t<img decoding=\"async\" src=\"https:\/\/img.freepik.com\/fotos-gratis\/martelo-de-madeira-e-livros-na-mesa-de-madeira_93675-130700.jpg?size=626&#038;ext=jpg&#038;ga=GA1.1.738661330.1705612671&#038;semt=sph\" title=\"\" alt=\"\" loading=\"lazy\" \/>\t\t\t\t\t\t\t\t\t\t\t\t\t<\/div>\n\t\t\t\t<\/div>\n\t\t\t\t<\/div>\n\t\t\t\t<\/div>\n\t\t<div class=\"elementor-element elementor-element-4d87f8c e-flex e-con-boxed e-con e-parent\" data-id=\"4d87f8c\" data-element_type=\"container\">\n\t\t\t\t\t<div class=\"e-con-inner\">\n\t\t\t\t<div class=\"elementor-element elementor-element-bd83cf5 elementor-widget elementor-widget-spacer\" data-id=\"bd83cf5\" data-element_type=\"widget\" data-widget_type=\"spacer.default\">\n\t\t\t\t<div class=\"elementor-widget-container\">\n\t\t\t\t\t<div class=\"elementor-spacer\">\n\t\t\t<div class=\"elementor-spacer-inner\"><\/div>\n\t\t<\/div>\n\t\t\t\t<\/div>\n\t\t\t\t<\/div>\n\t\t\t\t\t<\/div>\n\t\t\t\t<\/div>\n\t\t\t\t<\/div>\n\t\t","protected":false},"excerpt":{"rendered":"<p>Grupo de Estudos O GRUPO DE ESTUDOS AVAN\u00c7ADOS EM DIREITO E INOVA\u00c7\u00c3O CEADIN, visa, em suma, a discuss\u00e3o, elabora\u00e7\u00e3o de material cient\u00edfico e documentos consultivos que tragam al\u00e9m da an\u00e1lise te\u00f3rica e comparada uma proposta de resolu\u00e7\u00e3o para problemas concretos, estudados pela equipe de trabalho e grupo de pesquisa do CEADIN, relacionando pr\u00e1tica e teoria;&hellip;<\/p>\n","protected":false},"author":23884,"featured_media":0,"parent":0,"menu_order":0,"comment_status":"closed","ping_status":"closed","template":"","meta":{"footnotes":"","_links_to":"","_links_to_target":""},"class_list":["post-431","page","type-page","status-publish","hentry","post"],"_links":{"self":[{"href":"https:\/\/sites.usp.br\/ceadin\/wp-json\/wp\/v2\/pages\/431","targetHints":{"allow":["GET"]}}],"collection":[{"href":"https:\/\/sites.usp.br\/ceadin\/wp-json\/wp\/v2\/pages"}],"about":[{"href":"https:\/\/sites.usp.br\/ceadin\/wp-json\/wp\/v2\/types\/page"}],"author":[{"embeddable":true,"href":"https:\/\/sites.usp.br\/ceadin\/wp-json\/wp\/v2\/users\/23884"}],"replies":[{"embeddable":true,"href":"https:\/\/sites.usp.br\/ceadin\/wp-json\/wp\/v2\/comments?post=431"}],"version-history":[{"count":4,"href":"https:\/\/sites.usp.br\/ceadin\/wp-json\/wp\/v2\/pages\/431\/revisions"}],"predecessor-version":[{"id":798,"href":"https:\/\/sites.usp.br\/ceadin\/wp-json\/wp\/v2\/pages\/431\/revisions\/798"}],"wp:attachment":[{"href":"https:\/\/sites.usp.br\/ceadin\/wp-json\/wp\/v2\/media?parent=431"}],"curies":[{"name":"wp","href":"https:\/\/api.w.org\/{rel}","templated":true}]}}