{"id":448,"date":"2024-01-25T20:44:17","date_gmt":"2024-01-25T23:44:17","guid":{"rendered":"https:\/\/sites.usp.br\/ceadin\/?page_id=448"},"modified":"2024-02-28T16:32:11","modified_gmt":"2024-02-28T19:32:11","slug":"revista-ceadin","status":"publish","type":"page","link":"https:\/\/sites.usp.br\/ceadin\/revista-ceadin\/","title":{"rendered":"Revista CEADIN"},"content":{"rendered":"\t\t<div data-elementor-type=\"wp-page\" data-elementor-id=\"448\" class=\"elementor elementor-448\" data-elementor-post-type=\"page\">\n\t\t\t\t<div class=\"elementor-element elementor-element-619167b e-con-full e-flex e-con e-parent\" data-id=\"619167b\" data-element_type=\"container\" data-settings=\"{&quot;shape_divider_bottom&quot;:&quot;zigzag&quot;}\">\n\t\t\t\t<div class=\"elementor-shape elementor-shape-bottom\" data-negative=\"false\">\n\t\t\t<svg xmlns=\"http:\/\/www.w3.org\/2000\/svg\" viewBox=\"0 0 1800 5.8\" preserveAspectRatio=\"none\">\n  <path class=\"elementor-shape-fill\" d=\"M5.4.4l5.4 5.3L16.5.4l5.4 5.3L27.5.4 33 5.7 38.6.4l5.5 5.4h.1L49.9.4l5.4 5.3L60.9.4l5.5 5.3L72 .4l5.5 5.3L83.1.4l5.4 5.3L94.1.4l5.5 5.4h.2l5.6-5.4 5.5 5.3 5.6-5.3 5.4 5.3 5.6-5.3 5.5 5.3 5.6-5.3 5.5 5.4h.2l5.6-5.4 5.4 5.3L161 .4l5.4 5.3L172 .4l5.5 5.3 5.6-5.3 5.4 5.3 5.7-5.3 5.4 5.4h.2l5.6-5.4 5.5 5.3 5.6-5.3 5.5 5.3 5.6-5.3 5.4 5.3 5.6-5.3 5.5 5.4h.2l5.6-5.4 5.5 5.3L261 .4l5.4 5.3L272 .4l5.5 5.3 5.6-5.3 5.5 5.3 5.6-5.3 5.5 5.4h.1l5.7-5.4 5.4 5.3 5.6-5.3 5.5 5.3 5.6-5.3 5.4 5.3 5.7-5.3 5.4 5.4h.2l5.6-5.4 5.5 5.3L361 .4l5.5 5.3 5.6-5.3 5.4 5.3 5.6-5.3 5.5 5.3 5.6-5.3 5.5 5.4h.1l5.7-5.4 5.4 5.3 5.6-5.3 5.5 5.3 5.6-5.3 5.5 5.3 5.6-5.3 5.5 5.4h.1l5.6-5.4 5.5 5.3L461 .4l5.5 5.3 5.6-5.3 5.4 5.3 5.7-5.3 5.4 5.3 5.6-5.3 5.5 5.4h.2l5.6-5.4 5.5 5.3 5.6-5.3 5.4 5.3 5.6-5.3 5.5 5.3 5.6-5.3 5.5 5.4h.1L550 .4l5.4 5.3L561 .4l5.5 5.3 5.6-5.3 5.5 5.3 5.6-5.3 5.4 5.3 5.6-5.3 5.5 5.4h.2l5.6-5.4 5.5 5.3 5.6-5.3 5.4 5.3 5.7-5.3 5.4 5.3 5.6-5.3 5.5 5.4h.2L650 .4l5.5 5.3 5.6-5.3 5.4 5.3 5.6-5.3 5.5 5.3 5.6-5.3 5.5 5.3 5.6-5.3 5.4 5.4h.2l5.6-5.4 5.5 5.3 5.6-5.3 5.5 5.3 5.6-5.3 5.4 5.3 5.6-5.3 5.5 5.4h.2L750 .4l5.5 5.3 5.6-5.3 5.4 5.3 5.7-5.3 5.4 5.3 5.6-5.3 5.5 5.3 5.6-5.3 5.5 5.4h.1l5.7-5.4 5.4 5.3 5.6-5.3 5.5 5.3 5.6-5.3 5.5 5.3 5.6-5.3 5.4 5.4h.2L850 .4l5.5 5.3 5.6-5.3 5.5 5.3 5.6-5.3 5.4 5.3 5.6-5.3 5.5 5.3 5.6-5.3 5.5 5.4h.2l5.6-5.4 5.4 5.3 5.7-5.3 5.4 5.3 5.6-5.3 5.5 5.3 5.6-5.3 5.5 5.4h.1l5.7-5.4 5.4 5.3 5.6-5.3 5.5 5.3 5.6-5.3 5.5 5.3 5.6-5.3 5.4 5.3 5.6-5.3 5.5 5.4h.2l5.6-5.4 5.5 5.3 5.6-5.3 5.4 5.3 5.6-5.3 5.5 5.3 5.6-5.3 5.5 5.4h.2l5.6-5.4 5.4 5.3 5.7-5.3 5.4 5.3 5.6-5.3 5.5 5.3 5.6-5.3 5.5 5.3 5.6-5.3 5.4 5.4h.2l5.6-5.4 5.5 5.3 5.6-5.3 5.5 5.3 5.6-5.3 5.4 5.3 5.6-5.3 5.5 5.4h.2l5.6-5.4 5.5 5.3 5.6-5.3 5.4 5.3 5.6-5.3 5.5 5.3 5.6-5.3 5.5 5.3 5.6-5.3 5.5 5.4h.1l5.7-5.4 5.4 5.3 5.6-5.3 5.5 5.3 5.6-5.3 5.5 5.3 5.6-5.3 5.4 5.4h.2l5.6-5.4 5.5 5.3 5.6-5.3 5.5 5.3 5.6-5.3 5.4 5.3 5.6-5.3 5.5 5.3 5.6-5.3 5.5 5.4h.2l5.6-5.4 5.4 5.3 5.6-5.3 5.5 5.3 5.6-5.3 5.5 5.3 5.6-5.3 5.5 5.4h.1l5.7-5.4 5.4 5.3 5.6-5.3 5.5 5.3 5.6-5.3 5.5 5.3 5.6-5.3 5.4 5.3 5.6-5.3 5.5 5.4h.2l5.6-5.4 5.5 5.3 5.6-5.3 5.4 5.3 5.6-5.3 5.5 5.3 5.6-5.3 5.5 5.4h.2l5.6-5.4 5.4 5.3 5.6-5.3 5.5 5.3 5.6-5.3 5.5 5.3 5.6-5.3 5.4 5.3 5.7-5.3 5.4 5.4h.2l5.6-5.4 5.5 5.3 5.6-5.3 5.5 5.3 5.6-5.3 5.4 5.3 5.6-5.3 5.5 5.4h.2l5.6-5.4 5.5 5.3 5.6-5.3 5.4 5.3 5.6-5.3 5.5 5.3 5.6-5.3 5.5 5.3 5.6-5.3 5.5 5.4h.1l5.6-5.4 5.5 5.3 5.6-5.3 5.5 5.3 5.6-5.3 5.4 5.3 5.7-5.3 5.4 5.4h.2l5.6-5.4 5.5 5.3 5.6-5.3 5.5 5.3 5.6-5.3 5.4 5.3 5.6-5.3 5.5 5.3 5.6-5.3 5.5 5.4h.1l5.7-5.4 5.4 5.3 5.6-5.3 5.5 5.3 5.6-5.3 5.5 5.3 5.6-5.3 5.5 5.4h.1l5.6-5.4 5.5 5.3 5.6-5.3 5.5 5.3 5.6-5.3 5.4 5.3 5.7-5.3 5.4 5.3 5.6-5.3 5.5 5.4V0H-.2v5.8z\"\/>\n<\/svg>\n\t\t<\/div>\n\t\t\t\t<\/div>\n\t\t<div class=\"elementor-element elementor-element-1eb61f5 e-con-full e-flex e-con e-parent\" data-id=\"1eb61f5\" data-element_type=\"container\">\n\t\t<div class=\"elementor-element elementor-element-7dda142 e-con-full e-flex e-con e-child\" data-id=\"7dda142\" data-element_type=\"container\">\n\t\t\t\t<div class=\"elementor-element elementor-element-4978c8e elementor-widget elementor-widget-spacer\" data-id=\"4978c8e\" data-element_type=\"widget\" data-widget_type=\"spacer.default\">\n\t\t\t\t<div class=\"elementor-widget-container\">\n\t\t\t\t\t<div class=\"elementor-spacer\">\n\t\t\t<div class=\"elementor-spacer-inner\"><\/div>\n\t\t<\/div>\n\t\t\t\t<\/div>\n\t\t\t\t<\/div>\n\t\t\t\t<div class=\"elementor-element elementor-element-ca57f98 elementor-widget elementor-widget-heading\" data-id=\"ca57f98\" data-element_type=\"widget\" data-widget_type=\"heading.default\">\n\t\t\t\t<div class=\"elementor-widget-container\">\n\t\t\t<h2 class=\"elementor-heading-title elementor-size-default\">Revista CEADIN<\/h2>\t\t<\/div>\n\t\t\t\t<\/div>\n\t\t\t\t<div class=\"elementor-element elementor-element-c2c33e4 elementor-widget-divider--view-line_text elementor-widget-divider--element-align-center elementor-widget elementor-widget-divider\" data-id=\"c2c33e4\" data-element_type=\"widget\" data-widget_type=\"divider.default\">\n\t\t\t\t<div class=\"elementor-widget-container\">\n\t\t\t\t\t<div class=\"elementor-divider\">\n\t\t\t<span class=\"elementor-divider-separator\">\n\t\t\t\t\t\t\t<span class=\"elementor-divider__text elementor-divider__element\">\n\t\t\t\tInova\u00e7\u00e3o e Direito\t\t\t\t<\/span>\n\t\t\t\t\t\t<\/span>\n\t\t<\/div>\n\t\t\t\t<\/div>\n\t\t\t\t<\/div>\n\t\t\t\t<div class=\"elementor-element elementor-element-0be3b0c elementor-widget elementor-widget-spacer\" data-id=\"0be3b0c\" data-element_type=\"widget\" data-widget_type=\"spacer.default\">\n\t\t\t\t<div class=\"elementor-widget-container\">\n\t\t\t\t\t<div class=\"elementor-spacer\">\n\t\t\t<div class=\"elementor-spacer-inner\"><\/div>\n\t\t<\/div>\n\t\t\t\t<\/div>\n\t\t\t\t<\/div>\n\t\t\t\t<div class=\"elementor-element elementor-element-720a418 elementor-widget__width-initial elementor-widget elementor-widget-text-editor\" data-id=\"720a418\" data-element_type=\"widget\" data-widget_type=\"text-editor.default\">\n\t\t\t\t<div class=\"elementor-widget-container\">\n\t\t\t\t\t\t\t<p><span style=\"font-weight: 400;\">A revista cient\u00edfica \u201cInova\u00e7\u00e3o e Direito\u201d do CEADIN FDUSP, Centro de Estudos Avan\u00e7ados do Direito e Inova\u00e7\u00e3o da Faculdade de Direito de Ribeir\u00e3o Preto ser\u00e1\u00a0 publicada no site do CEADIN, e pretende trazer o resultado concreto dos projetos, estudo de casos e pesquisas realizados pelo CEADIN, e por ser uma produ\u00e7\u00e3o, na sua maior parte, em portugu\u00eas e de um pa\u00eds que pode ser considerado como do Sul global (Epistemologias do Sul \u2013 Boaventura de Souza Santos e Anibal Quijano), pretende contribuir para a redu\u00e7\u00e3o do desequil\u00edbrio e d\u00e9ficit de produ\u00e7\u00e3o cient\u00edfica do pa\u00eds na \u00e1rea das humanidades em especial, e para enfrentar a problem\u00e1tica de reverter as produ\u00e7\u00f5es cient\u00edficas em pr\u00e1ticas e solu\u00e7\u00f5es concretas, al\u00e9m de contribuir tamb\u00e9m para o aumento da produ\u00e7\u00e3o cient\u00edfica, pois embora o pa\u00eds tenha se desenvolvido em tal aspecto nos \u00faltimos trinta anos, ainda nossa produ\u00e7\u00e3o cient\u00edfica representa somente 1,8% da produ\u00e7\u00e3o cient\u00edfica mundial em inova\u00e7\u00f5es tecnol\u00f3gicas.\u00a0<\/span><\/p><p><span style=\"font-weight: 400;\">Com isso pretende-se contribuir para a produ\u00e7\u00e3o de educac\u0327a\u0303o e disponibilizac\u0327a\u0303o de conteu\u0301do de qualidade e rigor cient\u00edfico, e em portugue\u0302s, trazendo material de profundidade e rigor cienti\u0301fico.\u00a0<\/span><\/p><p><span style=\"font-weight: 400;\">Pretende-se, destarte, da mesma forma como ocorreu paradigmaticamente com as iniciativas de discuss\u00e3o e elabora\u00e7\u00e3o do MCI \u2013 Marco Civil da Internet no Brasil, a constru\u00e7\u00e3o, por meio de site pr\u00f3prio (CEADIN) para fazer as vezes de uma verdadeira plataforma colaborativa para debate e reflex\u00e3o cr\u00edticos, em uma participa\u00e7\u00e3o democr\u00e1tica aberta, sendo um exemplo de democracia ampliada e cidadania ativa, sendo essencial para a forma\u00e7\u00e3o e desenvolvimento do ecossistema de inova\u00e7\u00e3o no pa\u00eds e sua integra\u00e7\u00e3o com o ecossistema de inova\u00e7\u00e3o global. Assim mais do que a constru\u00e7\u00e3o de uma \u201csmart city\u201d, ter\u00edamos a constru\u00e7\u00e3o de uma \u201csmart polis\u201d.<\/span><\/p><p><span style=\"font-weight: 400;\">Pretende-se, destarte, ser um referencial de produ\u00e7\u00e3o cient\u00edfica acerca da tem\u00e1tica da inova\u00e7\u00e3o, contribuindo, outrossim, para a aproxima\u00e7\u00e3o da teoria com as reais demandas do mercado, incentivando o nascimento de novos parques tecnolo\u0301gicos, incubadoras de novos nego\u0301cios, smartups, investidores anjo, melhorando o posicionamento internacional do Brasil no quesito inova\u00e7\u00e3o e transforma\u00e7\u00e3o digital. Da mesma forma, tais desafios caminham juntos com os desafios \u00e9ticos e jur\u00eddicos impostos pelas novas tecnologias disruptivas, pela inova\u00e7\u00e3o digital, em especial diante do big data, deep learning, machine learning e modelos generativos, sendo essencial a an\u00e1lise cr\u00edtica acerca dos benef\u00edcios, oportunidade e desafios, a fim de impulsionar a inova\u00e7\u00e3o, de um lado, mas ao mesmo tempo, promover um sistema de prote\u00e7\u00e3o aos direitos fundamentais das pessoas potencialmente afetadas pelas novas tecnologias.\u00a0<\/span><\/p>\t\t\t\t\t\t<\/div>\n\t\t\t\t<\/div>\n\t\t\t\t<\/div>\n\t\t<div class=\"elementor-element elementor-element-1ed1661 e-con-full e-flex e-con e-child\" data-id=\"1ed1661\" data-element_type=\"container\">\n\t\t\t\t<\/div>\n\t\t\t\t<\/div>\n\t\t<div class=\"elementor-element elementor-element-7c1fb96 e-flex e-con-boxed e-con e-parent\" data-id=\"7c1fb96\" data-element_type=\"container\" id=\"corpo-editorial\">\n\t\t\t\t\t<div class=\"e-con-inner\">\n\t\t\t\t<div class=\"elementor-element elementor-element-2837019 elementor-widget elementor-widget-spacer\" data-id=\"2837019\" data-element_type=\"widget\" data-widget_type=\"spacer.default\">\n\t\t\t\t<div class=\"elementor-widget-container\">\n\t\t\t\t\t<div class=\"elementor-spacer\">\n\t\t\t<div class=\"elementor-spacer-inner\"><\/div>\n\t\t<\/div>\n\t\t\t\t<\/div>\n\t\t\t\t<\/div>\n\t\t\t\t<div class=\"elementor-element elementor-element-0ef8147 elementor-widget elementor-widget-heading\" data-id=\"0ef8147\" data-element_type=\"widget\" data-widget_type=\"heading.default\">\n\t\t\t\t<div class=\"elementor-widget-container\">\n\t\t\t<h2 class=\"elementor-heading-title elementor-size-default\">Corpo Editorial<\/h2>\t\t<\/div>\n\t\t\t\t<\/div>\n\t\t\t\t<div class=\"elementor-element elementor-element-55269f1 elementor-widget-divider--view-line_icon elementor-view-default elementor-widget-divider--element-align-center elementor-widget elementor-widget-divider\" data-id=\"55269f1\" data-element_type=\"widget\" data-widget_type=\"divider.default\">\n\t\t\t\t<div class=\"elementor-widget-container\">\n\t\t\t\t\t<div class=\"elementor-divider\">\n\t\t\t<span class=\"elementor-divider-separator\">\n\t\t\t\t\t\t\t<div class=\"elementor-icon elementor-divider__element\">\n\t\t\t\t\t<i aria-hidden=\"true\" class=\"fas fa-circle-notch\"><\/i><\/div>\n\t\t\t\t\t\t<\/span>\n\t\t<\/div>\n\t\t\t\t<\/div>\n\t\t\t\t<\/div>\n\t\t\t\t\t<\/div>\n\t\t\t\t<\/div>\n\t\t<div class=\"elementor-element elementor-element-2171840 e-flex e-con-boxed e-con e-parent\" data-id=\"2171840\" data-element_type=\"container\">\n\t\t\t\t\t<div class=\"e-con-inner\">\n\t\t\t\t<div class=\"elementor-element elementor-element-bf7bee4 elementor-widget elementor-widget-spacer\" data-id=\"bf7bee4\" data-element_type=\"widget\" data-widget_type=\"spacer.default\">\n\t\t\t\t<div class=\"elementor-widget-container\">\n\t\t\t\t\t<div class=\"elementor-spacer\">\n\t\t\t<div class=\"elementor-spacer-inner\"><\/div>\n\t\t<\/div>\n\t\t\t\t<\/div>\n\t\t\t\t<\/div>\n\t\t\t\t<div class=\"elementor-element elementor-element-7f929a1 elementor-widget elementor-widget-heading\" data-id=\"7f929a1\" data-element_type=\"widget\" id=\"normas-de-publicacao\" data-widget_type=\"heading.default\">\n\t\t\t\t<div class=\"elementor-widget-container\">\n\t\t\t<h2 class=\"elementor-heading-title elementor-size-default\">Normas de Publica\u00e7\u00e3o<\/h2>\t\t<\/div>\n\t\t\t\t<\/div>\n\t\t\t\t<div class=\"elementor-element elementor-element-f677667 elementor-widget-divider--view-line_icon elementor-view-default elementor-widget-divider--element-align-center elementor-widget elementor-widget-divider\" data-id=\"f677667\" data-element_type=\"widget\" data-widget_type=\"divider.default\">\n\t\t\t\t<div class=\"elementor-widget-container\">\n\t\t\t\t\t<div class=\"elementor-divider\">\n\t\t\t<span class=\"elementor-divider-separator\">\n\t\t\t\t\t\t\t<div class=\"elementor-icon elementor-divider__element\">\n\t\t\t\t\t<i aria-hidden=\"true\" class=\"fas fa-circle-notch\"><\/i><\/div>\n\t\t\t\t\t\t<\/span>\n\t\t<\/div>\n\t\t\t\t<\/div>\n\t\t\t\t<\/div>\n\t\t\t\t<div class=\"elementor-element elementor-element-3c393d1 elementor-widget elementor-widget-spacer\" data-id=\"3c393d1\" data-element_type=\"widget\" data-widget_type=\"spacer.default\">\n\t\t\t\t<div class=\"elementor-widget-container\">\n\t\t\t\t\t<div class=\"elementor-spacer\">\n\t\t\t<div class=\"elementor-spacer-inner\"><\/div>\n\t\t<\/div>\n\t\t\t\t<\/div>\n\t\t\t\t<\/div>\n\t\t\t\t<div class=\"elementor-element elementor-element-6631f80 elementor-widget elementor-widget-heading\" data-id=\"6631f80\" data-element_type=\"widget\" id=\"edicoes\" data-widget_type=\"heading.default\">\n\t\t\t\t<div class=\"elementor-widget-container\">\n\t\t\t<h2 class=\"elementor-heading-title elementor-size-default\">Edi\u00e7\u00f5es<\/h2>\t\t<\/div>\n\t\t\t\t<\/div>\n\t\t\t\t<div class=\"elementor-element elementor-element-b370e99 elementor-widget-divider--view-line_icon elementor-view-default elementor-widget-divider--element-align-center elementor-widget elementor-widget-divider\" data-id=\"b370e99\" data-element_type=\"widget\" data-widget_type=\"divider.default\">\n\t\t\t\t<div class=\"elementor-widget-container\">\n\t\t\t\t\t<div class=\"elementor-divider\">\n\t\t\t<span class=\"elementor-divider-separator\">\n\t\t\t\t\t\t\t<div class=\"elementor-icon elementor-divider__element\">\n\t\t\t\t\t<i aria-hidden=\"true\" class=\"fas fa-circle-notch\"><\/i><\/div>\n\t\t\t\t\t\t<\/span>\n\t\t<\/div>\n\t\t\t\t<\/div>\n\t\t\t\t<\/div>\n\t\t\t\t\t<\/div>\n\t\t\t\t<\/div>\n\t\t<div class=\"elementor-element elementor-element-d8b595d e-flex e-con-boxed e-con e-parent\" data-id=\"d8b595d\" data-element_type=\"container\">\n\t\t\t\t\t<div class=\"e-con-inner\">\n\t\t\t\t<div class=\"elementor-element elementor-element-07916f9 elementor-widget elementor-widget-spacer\" data-id=\"07916f9\" data-element_type=\"widget\" data-widget_type=\"spacer.default\">\n\t\t\t\t<div class=\"elementor-widget-container\">\n\t\t\t\t\t<div class=\"elementor-spacer\">\n\t\t\t<div class=\"elementor-spacer-inner\"><\/div>\n\t\t<\/div>\n\t\t\t\t<\/div>\n\t\t\t\t<\/div>\n\t\t\t\t\t<\/div>\n\t\t\t\t<\/div>\n\t\t\t\t<\/div>\n\t\t","protected":false},"excerpt":{"rendered":"<p>Revista CEADIN Inova\u00e7\u00e3o e Direito A revista cient\u00edfica \u201cInova\u00e7\u00e3o e Direito\u201d do CEADIN FDUSP, Centro de Estudos Avan\u00e7ados do Direito e Inova\u00e7\u00e3o da Faculdade de Direito de Ribeir\u00e3o Preto ser\u00e1\u00a0 publicada no site do CEADIN, e pretende trazer o resultado concreto dos projetos, estudo de casos e pesquisas realizados pelo CEADIN, e por ser uma&hellip;<\/p>\n","protected":false},"author":23884,"featured_media":0,"parent":0,"menu_order":0,"comment_status":"closed","ping_status":"closed","template":"","meta":{"footnotes":"","_links_to":"","_links_to_target":""},"class_list":["post-448","page","type-page","status-publish","hentry","post"],"_links":{"self":[{"href":"https:\/\/sites.usp.br\/ceadin\/wp-json\/wp\/v2\/pages\/448","targetHints":{"allow":["GET"]}}],"collection":[{"href":"https:\/\/sites.usp.br\/ceadin\/wp-json\/wp\/v2\/pages"}],"about":[{"href":"https:\/\/sites.usp.br\/ceadin\/wp-json\/wp\/v2\/types\/page"}],"author":[{"embeddable":true,"href":"https:\/\/sites.usp.br\/ceadin\/wp-json\/wp\/v2\/users\/23884"}],"replies":[{"embeddable":true,"href":"https:\/\/sites.usp.br\/ceadin\/wp-json\/wp\/v2\/comments?post=448"}],"version-history":[{"count":4,"href":"https:\/\/sites.usp.br\/ceadin\/wp-json\/wp\/v2\/pages\/448\/revisions"}],"predecessor-version":[{"id":885,"href":"https:\/\/sites.usp.br\/ceadin\/wp-json\/wp\/v2\/pages\/448\/revisions\/885"}],"wp:attachment":[{"href":"https:\/\/sites.usp.br\/ceadin\/wp-json\/wp\/v2\/media?parent=448"}],"curies":[{"name":"wp","href":"https:\/\/api.w.org\/{rel}","templated":true}]}}