{"id":3089,"date":"2023-03-18T00:43:33","date_gmt":"2023-03-18T03:43:33","guid":{"rendered":"https:\/\/sites.usp.br\/cedihus\/?page_id=3089"},"modified":"2025-08-16T08:49:46","modified_gmt":"2025-08-16T11:49:46","slug":"historia","status":"publish","type":"page","link":"https:\/\/sites.usp.br\/cedihus\/historia\/","title":{"rendered":"Quem somos?"},"content":{"rendered":"\t\t<div data-elementor-type=\"wp-page\" data-elementor-id=\"3089\" class=\"elementor elementor-3089\" data-elementor-post-type=\"page\">\n\t\t\t\t\t\t<section class=\"elementor-section elementor-top-section elementor-element elementor-element-605e0e74 elementor-section-boxed elementor-section-height-default elementor-section-height-default\" data-id=\"605e0e74\" data-element_type=\"section\">\n\t\t\t\t\t\t<div class=\"elementor-container elementor-column-gap-default\">\n\t\t\t\t\t<div class=\"elementor-column elementor-col-100 elementor-top-column elementor-element elementor-element-31f46be9\" data-id=\"31f46be9\" data-element_type=\"column\">\n\t\t\t<div class=\"elementor-widget-wrap elementor-element-populated\">\n\t\t\t\t\t\t<div class=\"elementor-element elementor-element-ee2cac8 elementor-widget elementor-widget-heading\" data-id=\"ee2cac8\" data-element_type=\"widget\" data-widget_type=\"heading.default\">\n\t\t\t\t<div class=\"elementor-widget-container\">\n\t\t\t<h2 class=\"elementor-heading-title elementor-size-default\">QUEM SOMOS?<\/h2>\t\t<\/div>\n\t\t\t\t<\/div>\n\t\t\t\t<section class=\"elementor-section elementor-inner-section elementor-element elementor-element-9c2d95f elementor-section-boxed elementor-section-height-default elementor-section-height-default\" data-id=\"9c2d95f\" data-element_type=\"section\">\n\t\t\t\t\t\t<div class=\"elementor-container elementor-column-gap-default\">\n\t\t\t\t\t<div class=\"elementor-column elementor-col-50 elementor-inner-column elementor-element elementor-element-3b88660\" data-id=\"3b88660\" data-element_type=\"column\">\n\t\t\t<div class=\"elementor-widget-wrap elementor-element-populated\">\n\t\t\t\t\t\t<div class=\"elementor-element elementor-element-69daa8c elementor-widget elementor-widget-image\" data-id=\"69daa8c\" data-element_type=\"widget\" data-widget_type=\"image.default\">\n\t\t\t\t<div class=\"elementor-widget-container\">\n\t\t\t\t\t\t\t\t\t\t\t\t\t<img fetchpriority=\"high\" decoding=\"async\" width=\"570\" height=\"438\" src=\"https:\/\/sites.usp.br\/cedihus\/wp-content\/uploads\/sites\/1280\/2023\/03\/cedihus_com_escrita-removebg-preview.png\" class=\"attachment-large size-large wp-image-3056\" alt=\"\" srcset=\"https:\/\/sites.usp.br\/cedihus\/wp-content\/uploads\/sites\/1280\/2023\/03\/cedihus_com_escrita-removebg-preview.png 570w, https:\/\/sites.usp.br\/cedihus\/wp-content\/uploads\/sites\/1280\/2023\/03\/cedihus_com_escrita-removebg-preview-300x231.png 300w, https:\/\/sites.usp.br\/cedihus\/wp-content\/uploads\/sites\/1280\/2023\/03\/cedihus_com_escrita-removebg-preview-80x60.png 80w, https:\/\/sites.usp.br\/cedihus\/wp-content\/uploads\/sites\/1280\/2023\/03\/cedihus_com_escrita-removebg-preview-400x307.png 400w\" sizes=\"(max-width: 570px) 100vw, 570px\" \/>\t\t\t\t\t\t\t\t\t\t\t\t\t<\/div>\n\t\t\t\t<\/div>\n\t\t\t\t\t<\/div>\n\t\t<\/div>\n\t\t\t\t<div class=\"elementor-column elementor-col-50 elementor-inner-column elementor-element elementor-element-46d54c9\" data-id=\"46d54c9\" data-element_type=\"column\">\n\t\t\t<div class=\"elementor-widget-wrap elementor-element-populated\">\n\t\t\t\t\t\t<div class=\"elementor-element elementor-element-8cc9b4d elementor-widget elementor-widget-text-editor\" data-id=\"8cc9b4d\" data-element_type=\"widget\" data-widget_type=\"text-editor.default\">\n\t\t\t\t<div class=\"elementor-widget-container\">\n\t\t\t\t\t\t\t<p>O Centro de Educa\u00e7\u00e3o em Direitos Humanos e Sa\u00fade (CEDiHuS) foi criado com o objetivo de congregar os profissionais, alunos de p\u00f3s-gradua\u00e7\u00e3o e gradua\u00e7\u00e3o, membros do Grupo de Estudos e Pesquisas em Enfermagem, Sa\u00fade Global, Direito e Desenvolvimento (GEPESADES) e os alunos membros da Liga de Direitos Humanos e Sa\u00fade (LIDiHuS) da Escola de Enfermagem de Ribeir\u00e3o Preto da Universidade de S\u00e3o Paulo.<\/p>\t\t\t\t\t\t<\/div>\n\t\t\t\t<\/div>\n\t\t\t\t\t<\/div>\n\t\t<\/div>\n\t\t\t\t\t<\/div>\n\t\t<\/section>\n\t\t\t\t<div class=\"elementor-element elementor-element-7321d226 elementor-widget elementor-widget-text-editor\" data-id=\"7321d226\" data-element_type=\"widget\" data-widget_type=\"text-editor.default\">\n\t\t\t\t<div class=\"elementor-widget-container\">\n\t\t\t\t\t\t\t<p class=\"font_8\">\n<\/p><p class=\"font_8\">Em resposta aos resultados de pesquisas desenvolvidas pelo GEPESADES, o CEDiHuS foi desenvolvido com o objetivo de realizar iniciativas e interven\u00e7\u00f5es educativas na \u00e1rea dos Direitos Humanos e sua interrela\u00e7\u00e3o com a sa\u00fade e o desenvolvimento, fomentando a advocacia em sa\u00fade, o engajamento da comunidade e a promo\u00e7\u00e3o dos direitos humanos nos n\u00edveis local, nacional e internacional.<\/p>\n<p class=\"font_8\">Nossa miss\u00e3o \u00e9 promover o reconhecimento dos Direitos Humanos, especialmente dos direitos \u00e0 sa\u00fade e ao desenvolvimento, por meio de iniciativas de educa\u00e7\u00e3o em direitos, visando diminuir lacunas entre a academia, a pr\u00e1tica de profissionais de sa\u00fade e o exerc\u00edcio de direitos pela comunidade em geral.<\/p>\t\t\t\t\t\t<\/div>\n\t\t\t\t<\/div>\n\t\t\t\t\t<\/div>\n\t\t<\/div>\n\t\t\t\t\t<\/div>\n\t\t<\/section>\n\t\t\t\t<\/div>\n\t\t","protected":false},"excerpt":{"rendered":"<p>QUEM SOMOS? O Centro de Educa\u00e7\u00e3o em Direitos Humanos e Sa\u00fade (CEDiHuS) foi criado com o objetivo de congregar os profissionais, alunos de p\u00f3s-gradua\u00e7\u00e3o e gradua\u00e7\u00e3o, membros do Grupo de Estudos e Pesquisas em Enfermagem, Sa\u00fade Global, Direito e Desenvolvimento (GEPESADES) e os alunos membros da Liga de Direitos Humanos e Sa\u00fade (LIDiHuS) da Escola [&hellip;]<\/p>\n","protected":false},"author":23540,"featured_media":0,"parent":0,"menu_order":0,"comment_status":"closed","ping_status":"closed","template":"","meta":{"_monsterinsights_skip_tracking":false,"_monsterinsights_sitenote_active":false,"_monsterinsights_sitenote_note":"","_monsterinsights_sitenote_category":0,"footnotes":"","_links_to":"","_links_to_target":""},"class_list":["post-3089","page","type-page","status-publish","hentry","entry"],"_links":{"self":[{"href":"https:\/\/sites.usp.br\/cedihus\/wp-json\/wp\/v2\/pages\/3089","targetHints":{"allow":["GET"]}}],"collection":[{"href":"https:\/\/sites.usp.br\/cedihus\/wp-json\/wp\/v2\/pages"}],"about":[{"href":"https:\/\/sites.usp.br\/cedihus\/wp-json\/wp\/v2\/types\/page"}],"author":[{"embeddable":true,"href":"https:\/\/sites.usp.br\/cedihus\/wp-json\/wp\/v2\/users\/23540"}],"replies":[{"embeddable":true,"href":"https:\/\/sites.usp.br\/cedihus\/wp-json\/wp\/v2\/comments?post=3089"}],"version-history":[{"count":4,"href":"https:\/\/sites.usp.br\/cedihus\/wp-json\/wp\/v2\/pages\/3089\/revisions"}],"predecessor-version":[{"id":4074,"href":"https:\/\/sites.usp.br\/cedihus\/wp-json\/wp\/v2\/pages\/3089\/revisions\/4074"}],"wp:attachment":[{"href":"https:\/\/sites.usp.br\/cedihus\/wp-json\/wp\/v2\/media?parent=3089"}],"curies":[{"name":"wp","href":"https:\/\/api.w.org\/{rel}","templated":true}]}}