{"id":3325,"date":"2023-03-29T22:29:29","date_gmt":"2023-03-30T01:29:29","guid":{"rendered":"https:\/\/sites.usp.br\/cedihus\/?page_id=3325"},"modified":"2025-08-26T00:10:51","modified_gmt":"2025-08-26T03:10:51","slug":"livros","status":"publish","type":"page","link":"https:\/\/sites.usp.br\/cedihus\/livros\/","title":{"rendered":"Livros"},"content":{"rendered":"\t\t<div data-elementor-type=\"wp-page\" data-elementor-id=\"3325\" class=\"elementor elementor-3325\" data-elementor-post-type=\"page\">\n\t\t\t\t\t\t<section class=\"elementor-section elementor-top-section elementor-element elementor-element-dc45376 elementor-section-boxed elementor-section-height-default elementor-section-height-default\" data-id=\"dc45376\" data-element_type=\"section\">\n\t\t\t\t\t\t<div class=\"elementor-container elementor-column-gap-default\">\n\t\t\t\t\t<div class=\"elementor-column elementor-col-100 elementor-top-column elementor-element elementor-element-5dcba6b\" data-id=\"5dcba6b\" data-element_type=\"column\">\n\t\t\t<div class=\"elementor-widget-wrap elementor-element-populated\">\n\t\t\t\t\t\t<div class=\"elementor-element elementor-element-000d711 elementor-widget elementor-widget-heading\" data-id=\"000d711\" data-element_type=\"widget\" data-widget_type=\"heading.default\">\n\t\t\t\t<div class=\"elementor-widget-container\">\n\t\t\t<h2 class=\"elementor-heading-title elementor-size-default\">LIVROS<\/h2>\t\t<\/div>\n\t\t\t\t<\/div>\n\t\t\t\t\t<\/div>\n\t\t<\/div>\n\t\t\t\t\t<\/div>\n\t\t<\/section>\n\t\t\t\t<article class=\"elementor-section elementor-top-section elementor-element elementor-element-5ff8eb5 elementor-section-full_width elementor-section-height-default elementor-section-height-default elementor-invisible\" data-id=\"5ff8eb5\" data-element_type=\"section\" data-settings=\"{&quot;animation&quot;:&quot;fadeIn&quot;}\">\n\t\t\t\t\t\t<div class=\"elementor-container elementor-column-gap-default\">\n\t\t\t\t\t<div class=\"elementor-column elementor-col-100 elementor-top-column elementor-element elementor-element-9397174\" data-id=\"9397174\" data-element_type=\"column\">\n\t\t\t<div class=\"elementor-widget-wrap elementor-element-populated\">\n\t\t\t\t\t\t<section class=\"elementor-section elementor-inner-section elementor-element elementor-element-15997db elementor-section-full_width elementor-section-content-top elementor-section-height-default elementor-section-height-default elementor-invisible\" data-id=\"15997db\" data-element_type=\"section\" data-settings=\"{&quot;animation&quot;:&quot;bounce&quot;}\">\n\t\t\t\t\t\t<div class=\"elementor-container elementor-column-gap-default\">\n\t\t\t\t\t<div class=\"elementor-column elementor-col-50 elementor-inner-column elementor-element elementor-element-5eb147b\" data-id=\"5eb147b\" data-element_type=\"column\">\n\t\t\t<div class=\"elementor-widget-wrap elementor-element-populated\">\n\t\t\t\t\t\t<div class=\"elementor-element elementor-element-2c345ec elementor-widget elementor-widget-image\" data-id=\"2c345ec\" data-element_type=\"widget\" data-widget_type=\"image.default\">\n\t\t\t\t<div class=\"elementor-widget-container\">\n\t\t\t\t\t\t\t\t\t\t\t\t\t\t<a href=\"https:\/\/sites.usp.br\/cedihus\/wp-content\/uploads\/sites\/1280\/2023\/04\/Entendendo-os-Direitos-Humanos-das-pessoas-com-TM.pdf\">\n\t\t\t\t\t\t\t<img fetchpriority=\"high\" decoding=\"async\" width=\"586\" height=\"833\" src=\"https:\/\/sites.usp.br\/cedihus\/wp-content\/uploads\/sites\/1280\/2023\/04\/Livro-3.png\" class=\"attachment-2048x2048 size-2048x2048 wp-image-3334\" alt=\"\" srcset=\"https:\/\/sites.usp.br\/cedihus\/wp-content\/uploads\/sites\/1280\/2023\/04\/Livro-3.png 586w, https:\/\/sites.usp.br\/cedihus\/wp-content\/uploads\/sites\/1280\/2023\/04\/Livro-3-211x300.png 211w, https:\/\/sites.usp.br\/cedihus\/wp-content\/uploads\/sites\/1280\/2023\/04\/Livro-3-400x569.png 400w\" sizes=\"(max-width: 586px) 100vw, 586px\" \/>\t\t\t\t\t\t\t\t<\/a>\n\t\t\t\t\t\t\t\t\t\t\t\t\t<\/div>\n\t\t\t\t<\/div>\n\t\t\t\t\t<\/div>\n\t\t<\/div>\n\t\t\t\t<div class=\"elementor-column elementor-col-50 elementor-inner-column elementor-element elementor-element-da0ac95\" data-id=\"da0ac95\" data-element_type=\"column\">\n\t\t\t<div class=\"elementor-widget-wrap elementor-element-populated\">\n\t\t\t\t\t\t<div class=\"elementor-element elementor-element-f657b00 elementor-widget elementor-widget-heading\" data-id=\"f657b00\" data-element_type=\"widget\" data-widget_type=\"heading.default\">\n\t\t\t\t<div class=\"elementor-widget-container\">\n\t\t\t<h2 class=\"elementor-heading-title elementor-size-default\">Pandemia, Direitos Humanos e Vulnerabilidade Social<\/h2>\t\t<\/div>\n\t\t\t\t<\/div>\n\t\t\t\t<div class=\"elementor-element elementor-element-3821fc2 elementor-invisible elementor-widget elementor-widget-text-editor\" data-id=\"3821fc2\" data-element_type=\"widget\" data-settings=\"{&quot;_animation&quot;:&quot;fadeIn&quot;}\" data-widget_type=\"text-editor.default\">\n\t\t\t\t<div class=\"elementor-widget-container\">\n\t\t\t\t\t\t\t<p><strong>Organizadores:<\/strong> Carla Aparecida Arena Ventura, Emanuele Selcenti de Brito, Gustavo D\u2019Andrea. Ano: 2021. S\u00e9rie CEDiHus, Sa\u00fade e Direito \u2013 n.2.<\/p><p><strong>Selo Editorial:<\/strong> Volpe Miele.<\/p>\t\t\t\t\t\t<\/div>\n\t\t\t\t<\/div>\n\t\t\t\t\t<\/div>\n\t\t<\/div>\n\t\t\t\t\t<\/div>\n\t\t<\/section>\n\t\t\t\t<section class=\"elementor-section elementor-inner-section elementor-element elementor-element-e9e9d13 elementor-section-full_width elementor-section-content-top elementor-section-height-default elementor-section-height-default elementor-invisible\" data-id=\"e9e9d13\" data-element_type=\"section\" data-settings=\"{&quot;animation&quot;:&quot;bounce&quot;}\">\n\t\t\t\t\t\t<div class=\"elementor-container elementor-column-gap-default\">\n\t\t\t\t\t<div class=\"elementor-column elementor-col-50 elementor-inner-column elementor-element elementor-element-2bf7bf3\" data-id=\"2bf7bf3\" data-element_type=\"column\">\n\t\t\t<div class=\"elementor-widget-wrap elementor-element-populated\">\n\t\t\t\t\t\t<div class=\"elementor-element elementor-element-5966153 elementor-widget elementor-widget-image\" data-id=\"5966153\" data-element_type=\"widget\" data-widget_type=\"image.default\">\n\t\t\t\t<div class=\"elementor-widget-container\">\n\t\t\t\t\t\t\t\t\t\t\t\t\t\t<a href=\"https:\/\/sites.usp.br\/cedihus\/wp-content\/uploads\/sites\/1280\/2023\/04\/Entendendo-os-Direitos-Humanos-das-pessoas-com-TM.pdf\">\n\t\t\t\t\t\t\t<img decoding=\"async\" width=\"482\" height=\"698\" src=\"https:\/\/sites.usp.br\/cedihus\/wp-content\/uploads\/sites\/1280\/2023\/03\/Livro-1.png\" class=\"attachment-2048x2048 size-2048x2048 wp-image-3326\" alt=\"\" srcset=\"https:\/\/sites.usp.br\/cedihus\/wp-content\/uploads\/sites\/1280\/2023\/03\/Livro-1.png 482w, https:\/\/sites.usp.br\/cedihus\/wp-content\/uploads\/sites\/1280\/2023\/03\/Livro-1-207x300.png 207w, https:\/\/sites.usp.br\/cedihus\/wp-content\/uploads\/sites\/1280\/2023\/03\/Livro-1-400x579.png 400w\" sizes=\"(max-width: 482px) 100vw, 482px\" \/>\t\t\t\t\t\t\t\t<\/a>\n\t\t\t\t\t\t\t\t\t\t\t\t\t<\/div>\n\t\t\t\t<\/div>\n\t\t\t\t\t<\/div>\n\t\t<\/div>\n\t\t\t\t<div class=\"elementor-column elementor-col-50 elementor-inner-column elementor-element elementor-element-dda8d95\" data-id=\"dda8d95\" data-element_type=\"column\">\n\t\t\t<div class=\"elementor-widget-wrap elementor-element-populated\">\n\t\t\t\t\t\t<div class=\"elementor-element elementor-element-06db4b0 elementor-widget elementor-widget-heading\" data-id=\"06db4b0\" data-element_type=\"widget\" data-widget_type=\"heading.default\">\n\t\t\t\t<div class=\"elementor-widget-container\">\n\t\t\t<h2 class=\"elementor-heading-title elementor-size-default\">Sa\u00fade e Direitos Humanos: viol\u00eancia, cuidado e transforma\u00e7\u00e3o<\/h2>\t\t<\/div>\n\t\t\t\t<\/div>\n\t\t\t\t<div class=\"elementor-element elementor-element-43ff613 elementor-invisible elementor-widget elementor-widget-text-editor\" data-id=\"43ff613\" data-element_type=\"widget\" data-settings=\"{&quot;_animation&quot;:&quot;fadeIn&quot;}\" data-widget_type=\"text-editor.default\">\n\t\t\t\t<div class=\"elementor-widget-container\">\n\t\t\t\t\t\t\t<p><strong>Organizadores:<\/strong> Carla Aparecida Arena Ventura, Gustavo D\u2019Andrea, Ricardo Gon\u00e7alves Vaz de Oliveira. Ano: 2019; Cidade: Ribeir\u00e3o Preto;<\/p><p><strong>Editora:<\/strong> IPEBJ; ISBN: 978-85-906889-2-1.<\/p>\t\t\t\t\t\t<\/div>\n\t\t\t\t<\/div>\n\t\t\t\t\t<\/div>\n\t\t<\/div>\n\t\t\t\t\t<\/div>\n\t\t<\/section>\n\t\t\t\t<section class=\"elementor-section elementor-inner-section elementor-element elementor-element-ef00637 elementor-section-full_width elementor-section-content-top elementor-section-height-default elementor-section-height-default elementor-invisible\" data-id=\"ef00637\" data-element_type=\"section\" data-settings=\"{&quot;animation&quot;:&quot;bounce&quot;}\">\n\t\t\t\t\t\t<div class=\"elementor-container elementor-column-gap-default\">\n\t\t\t\t\t<div class=\"elementor-column elementor-col-50 elementor-inner-column elementor-element elementor-element-72cfd56\" data-id=\"72cfd56\" data-element_type=\"column\">\n\t\t\t<div class=\"elementor-widget-wrap elementor-element-populated\">\n\t\t\t\t\t\t<div class=\"elementor-element elementor-element-26fbfd7 elementor-widget elementor-widget-image\" data-id=\"26fbfd7\" data-element_type=\"widget\" data-widget_type=\"image.default\">\n\t\t\t\t<div class=\"elementor-widget-container\">\n\t\t\t\t\t\t\t\t\t\t\t\t\t\t<a href=\"https:\/\/sites.usp.br\/cedihus\/wp-content\/uploads\/sites\/1280\/2023\/04\/Entendendo-os-Direitos-Humanos-das-pessoas-com-TM.pdf\">\n\t\t\t\t\t\t\t<img decoding=\"async\" width=\"486\" height=\"694\" src=\"https:\/\/sites.usp.br\/cedihus\/wp-content\/uploads\/sites\/1280\/2023\/03\/Livro-2.png\" class=\"attachment-2048x2048 size-2048x2048 wp-image-3328\" alt=\"\" srcset=\"https:\/\/sites.usp.br\/cedihus\/wp-content\/uploads\/sites\/1280\/2023\/03\/Livro-2.png 486w, https:\/\/sites.usp.br\/cedihus\/wp-content\/uploads\/sites\/1280\/2023\/03\/Livro-2-210x300.png 210w, https:\/\/sites.usp.br\/cedihus\/wp-content\/uploads\/sites\/1280\/2023\/03\/Livro-2-400x571.png 400w\" sizes=\"(max-width: 486px) 100vw, 486px\" \/>\t\t\t\t\t\t\t\t<\/a>\n\t\t\t\t\t\t\t\t\t\t\t\t\t<\/div>\n\t\t\t\t<\/div>\n\t\t\t\t\t<\/div>\n\t\t<\/div>\n\t\t\t\t<div class=\"elementor-column elementor-col-50 elementor-inner-column elementor-element elementor-element-68c3aa7\" data-id=\"68c3aa7\" data-element_type=\"column\">\n\t\t\t<div class=\"elementor-widget-wrap elementor-element-populated\">\n\t\t\t\t\t\t<div class=\"elementor-element elementor-element-2a7d6ac elementor-widget elementor-widget-heading\" data-id=\"2a7d6ac\" data-element_type=\"widget\" data-widget_type=\"heading.default\">\n\t\t\t\t<div class=\"elementor-widget-container\">\n\t\t\t<h2 class=\"elementor-heading-title elementor-size-default\">T\u00f3picos em Sa\u00fade e Direitos<\/h2>\t\t<\/div>\n\t\t\t\t<\/div>\n\t\t\t\t<div class=\"elementor-element elementor-element-d708472 elementor-invisible elementor-widget elementor-widget-text-editor\" data-id=\"d708472\" data-element_type=\"widget\" data-settings=\"{&quot;_animation&quot;:&quot;fadeIn&quot;}\" data-widget_type=\"text-editor.default\">\n\t\t\t\t<div class=\"elementor-widget-container\">\n\t\t\t\t\t\t\t<p><strong>Organizadores:<\/strong> Carla Aparecida Arena Ventura, Gustavo D\u2019Andrea, Ricardo Gon\u00e7alves Vaz de Oliveira, Marin\u00eaz de F\u00e1tima Ricardo. Ano: 2017; Cidade: Ribeir\u00e3o Preto;<\/p><p><strong>Editora:<\/strong> Sociedade Brasileira de Comunica\u00e7\u00e3o em Enfermagem; ISBN: 978-85-64922-08-2.<\/p>\t\t\t\t\t\t<\/div>\n\t\t\t\t<\/div>\n\t\t\t\t\t<\/div>\n\t\t<\/div>\n\t\t\t\t\t<\/div>\n\t\t<\/section>\n\t\t\t\t<section class=\"elementor-section elementor-inner-section elementor-element elementor-element-eb73304 elementor-section-full_width elementor-section-content-top elementor-section-height-default elementor-section-height-default elementor-invisible\" data-id=\"eb73304\" data-element_type=\"section\" data-settings=\"{&quot;animation&quot;:&quot;bounce&quot;}\">\n\t\t\t\t\t\t<div class=\"elementor-container elementor-column-gap-default\">\n\t\t\t\t\t<div class=\"elementor-column elementor-col-50 elementor-inner-column elementor-element elementor-element-11d3694\" data-id=\"11d3694\" data-element_type=\"column\">\n\t\t\t<div class=\"elementor-widget-wrap elementor-element-populated\">\n\t\t\t\t\t\t<div class=\"elementor-element elementor-element-64557b3 elementor-widget elementor-widget-image\" data-id=\"64557b3\" data-element_type=\"widget\" data-widget_type=\"image.default\">\n\t\t\t\t<div class=\"elementor-widget-container\">\n\t\t\t\t\t\t\t\t\t\t\t\t\t\t<a href=\"https:\/\/sites.usp.br\/cedihus\/wp-content\/uploads\/sites\/1280\/2023\/04\/Entendendo-os-Direitos-Humanos-das-pessoas-com-TM.pdf\">\n\t\t\t\t\t\t\t<img loading=\"lazy\" decoding=\"async\" width=\"304\" height=\"303\" src=\"https:\/\/sites.usp.br\/cedihus\/wp-content\/uploads\/sites\/1280\/2025\/08\/Em-breve.png\" class=\"attachment-2048x2048 size-2048x2048 wp-image-4202\" alt=\"\" srcset=\"https:\/\/sites.usp.br\/cedihus\/wp-content\/uploads\/sites\/1280\/2025\/08\/Em-breve.png 304w, https:\/\/sites.usp.br\/cedihus\/wp-content\/uploads\/sites\/1280\/2025\/08\/Em-breve-300x300.png 300w, https:\/\/sites.usp.br\/cedihus\/wp-content\/uploads\/sites\/1280\/2025\/08\/Em-breve-150x150.png 150w, https:\/\/sites.usp.br\/cedihus\/wp-content\/uploads\/sites\/1280\/2025\/08\/Em-breve-45x45.png 45w, https:\/\/sites.usp.br\/cedihus\/wp-content\/uploads\/sites\/1280\/2025\/08\/Em-breve-200x200.png 200w\" sizes=\"(max-width: 304px) 100vw, 304px\" \/>\t\t\t\t\t\t\t\t<\/a>\n\t\t\t\t\t\t\t\t\t\t\t\t\t<\/div>\n\t\t\t\t<\/div>\n\t\t\t\t\t<\/div>\n\t\t<\/div>\n\t\t\t\t<div class=\"elementor-column elementor-col-50 elementor-inner-column elementor-element elementor-element-8c1b95f\" data-id=\"8c1b95f\" data-element_type=\"column\">\n\t\t\t<div class=\"elementor-widget-wrap elementor-element-populated\">\n\t\t\t\t\t\t<div class=\"elementor-element elementor-element-9879b8e elementor-widget elementor-widget-heading\" data-id=\"9879b8e\" data-element_type=\"widget\" data-widget_type=\"heading.default\">\n\t\t\t\t<div class=\"elementor-widget-container\">\n\t\t\t<h2 class=\"elementor-heading-title elementor-size-default\">Cartografias do Poder: Biopol\u00edtica, Corpo e Resist\u00eancia na Sa\u00fade Contempor\u00e2nea<\/h2>\t\t<\/div>\n\t\t\t\t<\/div>\n\t\t\t\t<div class=\"elementor-element elementor-element-2abf4e7 elementor-invisible elementor-widget elementor-widget-text-editor\" data-id=\"2abf4e7\" data-element_type=\"widget\" data-settings=\"{&quot;_animation&quot;:&quot;fadeIn&quot;}\" data-widget_type=\"text-editor.default\">\n\t\t\t\t<div class=\"elementor-widget-container\">\n\t\t\t\t\t\t\t<p><strong>Organizadores:<\/strong> Emanuele Seicenti de Brito, Rubens Correia Junior e Carla A. A. Ventura<\/p>\t\t\t\t\t\t<\/div>\n\t\t\t\t<\/div>\n\t\t\t\t\t<\/div>\n\t\t<\/div>\n\t\t\t\t\t<\/div>\n\t\t<\/section>\n\t\t\t\t<div class=\"elementor-element elementor-element-6946e7c elementor-widget elementor-widget-spacer\" data-id=\"6946e7c\" data-element_type=\"widget\" data-widget_type=\"spacer.default\">\n\t\t\t\t<div class=\"elementor-widget-container\">\n\t\t\t\t\t<div class=\"elementor-spacer\">\n\t\t\t<div class=\"elementor-spacer-inner\"><\/div>\n\t\t<\/div>\n\t\t\t\t<\/div>\n\t\t\t\t<\/div>\n\t\t\t\t<div class=\"elementor-element elementor-element-b468e66 elementor-widget elementor-widget-spacer\" data-id=\"b468e66\" data-element_type=\"widget\" data-widget_type=\"spacer.default\">\n\t\t\t\t<div class=\"elementor-widget-container\">\n\t\t\t\t\t<div class=\"elementor-spacer\">\n\t\t\t<div class=\"elementor-spacer-inner\"><\/div>\n\t\t<\/div>\n\t\t\t\t<\/div>\n\t\t\t\t<\/div>\n\t\t\t\t<div class=\"elementor-element elementor-element-f6b8b1d elementor-widget elementor-widget-spacer\" data-id=\"f6b8b1d\" data-element_type=\"widget\" data-widget_type=\"spacer.default\">\n\t\t\t\t<div class=\"elementor-widget-container\">\n\t\t\t\t\t<div class=\"elementor-spacer\">\n\t\t\t<div class=\"elementor-spacer-inner\"><\/div>\n\t\t<\/div>\n\t\t\t\t<\/div>\n\t\t\t\t<\/div>\n\t\t\t\t\t<\/div>\n\t\t<\/div>\n\t\t\t\t\t<\/div>\n\t\t<\/article>\n\t\t\t\t<\/div>\n\t\t","protected":false},"excerpt":{"rendered":"<p>LIVROS Pandemia, Direitos Humanos e Vulnerabilidade Social Organizadores: Carla Aparecida Arena Ventura, Emanuele Selcenti de Brito, Gustavo D\u2019Andrea. Ano: 2021. S\u00e9rie CEDiHus, Sa\u00fade e Direito \u2013 n.2. Selo Editorial: Volpe Miele. Sa\u00fade e Direitos Humanos: viol\u00eancia, cuidado e transforma\u00e7\u00e3o Organizadores: Carla Aparecida Arena Ventura, Gustavo D\u2019Andrea, Ricardo Gon\u00e7alves Vaz de Oliveira. Ano: 2019; Cidade: Ribeir\u00e3o [&hellip;]<\/p>\n","protected":false},"author":23540,"featured_media":0,"parent":0,"menu_order":0,"comment_status":"closed","ping_status":"closed","template":"","meta":{"_monsterinsights_skip_tracking":false,"_monsterinsights_sitenote_active":false,"_monsterinsights_sitenote_note":"","_monsterinsights_sitenote_category":0,"footnotes":"","_links_to":"","_links_to_target":""},"class_list":["post-3325","page","type-page","status-publish","hentry","entry"],"_links":{"self":[{"href":"https:\/\/sites.usp.br\/cedihus\/wp-json\/wp\/v2\/pages\/3325","targetHints":{"allow":["GET"]}}],"collection":[{"href":"https:\/\/sites.usp.br\/cedihus\/wp-json\/wp\/v2\/pages"}],"about":[{"href":"https:\/\/sites.usp.br\/cedihus\/wp-json\/wp\/v2\/types\/page"}],"author":[{"embeddable":true,"href":"https:\/\/sites.usp.br\/cedihus\/wp-json\/wp\/v2\/users\/23540"}],"replies":[{"embeddable":true,"href":"https:\/\/sites.usp.br\/cedihus\/wp-json\/wp\/v2\/comments?post=3325"}],"version-history":[{"count":4,"href":"https:\/\/sites.usp.br\/cedihus\/wp-json\/wp\/v2\/pages\/3325\/revisions"}],"predecessor-version":[{"id":4609,"href":"https:\/\/sites.usp.br\/cedihus\/wp-json\/wp\/v2\/pages\/3325\/revisions\/4609"}],"wp:attachment":[{"href":"https:\/\/sites.usp.br\/cedihus\/wp-json\/wp\/v2\/media?parent=3325"}],"curies":[{"name":"wp","href":"https:\/\/api.w.org\/{rel}","templated":true}]}}