{"id":3467,"date":"2023-05-10T21:14:00","date_gmt":"2023-05-11T00:14:00","guid":{"rendered":"https:\/\/sites.usp.br\/cedihus\/?page_id=3467"},"modified":"2023-05-13T21:45:57","modified_gmt":"2023-05-14T00:45:57","slug":"linhas-de-pesquisa","status":"publish","type":"page","link":"https:\/\/sites.usp.br\/cedihus\/linhas-de-pesquisa\/","title":{"rendered":"Linhas de Pesquisa"},"content":{"rendered":"\t\t<div data-elementor-type=\"wp-page\" data-elementor-id=\"3467\" class=\"elementor elementor-3467\" data-elementor-post-type=\"page\">\n\t\t\t\t\t\t<section class=\"elementor-section elementor-top-section elementor-element elementor-element-32ebeb8 elementor-section-boxed elementor-section-height-default elementor-section-height-default\" data-id=\"32ebeb8\" data-element_type=\"section\">\n\t\t\t\t\t\t<div class=\"elementor-container elementor-column-gap-default\">\n\t\t\t\t\t<div class=\"elementor-column elementor-col-100 elementor-top-column elementor-element elementor-element-d6e5741\" data-id=\"d6e5741\" data-element_type=\"column\">\n\t\t\t<div class=\"elementor-widget-wrap elementor-element-populated\">\n\t\t\t\t\t\t<div class=\"elementor-element elementor-element-e1d78c2 elementor-widget elementor-widget-heading\" data-id=\"e1d78c2\" data-element_type=\"widget\" data-widget_type=\"heading.default\">\n\t\t\t\t<div class=\"elementor-widget-container\">\n\t\t\t<h2 class=\"elementor-heading-title elementor-size-default\">LINHAS DE PESQUISA <\/h2>\t\t<\/div>\n\t\t\t\t<\/div>\n\t\t\t\t<div class=\"elementor-element elementor-element-c905606 elementor-widget elementor-widget-text-editor\" data-id=\"c905606\" data-element_type=\"widget\" data-widget_type=\"text-editor.default\">\n\t\t\t\t<div class=\"elementor-widget-container\">\n\t\t\t\t\t\t\t<p>As linhas dos pesquisadores pertencentes ao Centro de Estudos em Direitos Humanos e Sa\u00fade, se dividem nas seguintes \u00e1reas:\u00a0<\/p>\t\t\t\t\t\t<\/div>\n\t\t\t\t<\/div>\n\t\t\t\t<div class=\"elementor-element elementor-element-92bc5b1 elementor-widget elementor-widget-spacer\" data-id=\"92bc5b1\" data-element_type=\"widget\" data-widget_type=\"spacer.default\">\n\t\t\t\t<div class=\"elementor-widget-container\">\n\t\t\t\t\t<div class=\"elementor-spacer\">\n\t\t\t<div class=\"elementor-spacer-inner\"><\/div>\n\t\t<\/div>\n\t\t\t\t<\/div>\n\t\t\t\t<\/div>\n\t\t\t\t<div class=\"elementor-element elementor-element-df5dcf1 elementor-widget__width-initial elementor-widget elementor-widget-heading\" data-id=\"df5dcf1\" data-element_type=\"widget\" data-widget_type=\"heading.default\">\n\t\t\t\t<div class=\"elementor-widget-container\">\n\t\t\t<h2 class=\"elementor-heading-title elementor-size-default\">DIREITOS HUMANOS, DIREITO \u00c0 SA\u00daDE E SA\u00daDE MENTAL<\/h2>\t\t<\/div>\n\t\t\t\t<\/div>\n\t\t\t\t<div class=\"elementor-element elementor-element-f557c59 elementor-widget-divider--view-line elementor-widget elementor-widget-divider\" data-id=\"f557c59\" data-element_type=\"widget\" data-widget_type=\"divider.default\">\n\t\t\t\t<div class=\"elementor-widget-container\">\n\t\t\t\t\t<div class=\"elementor-divider\">\n\t\t\t<span class=\"elementor-divider-separator\">\n\t\t\t\t\t\t<\/span>\n\t\t<\/div>\n\t\t\t\t<\/div>\n\t\t\t\t<\/div>\n\t\t\t\t<div class=\"elementor-element elementor-element-1764669 elementor-widget elementor-widget-text-editor\" data-id=\"1764669\" data-element_type=\"widget\" data-widget_type=\"text-editor.default\">\n\t\t\t\t<div class=\"elementor-widget-container\">\n\t\t\t\t\t\t\t<p>Os projetos buscam compreender as rela\u00e7\u00f5es entre o processo de consolida\u00e7\u00e3o dos direitos humanos, especialmente do direito \u00e0 sa\u00fade, e as mudan\u00e7as nos servi\u00e7os de sa\u00fade e de sa\u00fade mental, com base nos pressupostos da Reforma Sanit\u00e1ria e da Reforma Psiqui\u00e1trica e sobre a perspectiva de diferentes grupos da popula\u00e7\u00e3o. Dessa forma, s\u00e3o desenvolvidos projetos mais abrangentes, buscando aprofundar conhecimentos sobre tratados internacionais de direitos humanos e a jurisprud\u00eancia de Cortes Internacionais, como a Corte Interamericana de Direitos Humanos. H\u00e1 tamb\u00e9m projetos com foco no direito comparado. Com o objetivo de compreender a perspectiva de diferentes grupos sobre os direitos humanos e o direito \u00e0 sa\u00fade, est\u00e3o em andamento projetos desenvolvidos com pessoas com transtornos mentais, usu\u00e1rios de drogas e seus familiares, profissionais de sa\u00fade de diversos servi\u00e7os e profissionais do direito. Com base nos resultados destes projetos iniciais, est\u00e3o sendo desenvolvidas interven\u00e7\u00f5es utilizando metodologias participativas.<br><\/p>\t\t\t\t\t\t<\/div>\n\t\t\t\t<\/div>\n\t\t\t\t<div class=\"elementor-element elementor-element-7540b88 elementor-widget__width-initial elementor-widget elementor-widget-heading\" data-id=\"7540b88\" data-element_type=\"widget\" data-widget_type=\"heading.default\">\n\t\t\t\t<div class=\"elementor-widget-container\">\n\t\t\t<h2 class=\"elementor-heading-title elementor-size-default\">SA\u00daDE E DESENVOLVIMENTO: DIREITO \u00c0 SA\u00daDE E CONTROLE SOCIAL<\/h2>\t\t<\/div>\n\t\t\t\t<\/div>\n\t\t\t\t<div class=\"elementor-element elementor-element-9f07f5e elementor-widget-divider--view-line elementor-widget elementor-widget-divider\" data-id=\"9f07f5e\" data-element_type=\"widget\" data-widget_type=\"divider.default\">\n\t\t\t\t<div class=\"elementor-widget-container\">\n\t\t\t\t\t<div class=\"elementor-divider\">\n\t\t\t<span class=\"elementor-divider-separator\">\n\t\t\t\t\t\t<\/span>\n\t\t<\/div>\n\t\t\t\t<\/div>\n\t\t\t\t<\/div>\n\t\t\t\t<div class=\"elementor-element elementor-element-2ab4633 elementor-widget elementor-widget-text-editor\" data-id=\"2ab4633\" data-element_type=\"widget\" data-widget_type=\"text-editor.default\">\n\t\t\t\t<div class=\"elementor-widget-container\">\n\t\t\t\t\t\t\t<p>Os projetos vinculam os fundamentos do direito humano \u00e0 sa\u00fade com o exerc\u00edcio da cidadania por meio da participa\u00e7\u00e3o social em diferentes inst\u00e2ncias. Al\u00e9m disso, aborda as possibilidades de controle social na \u00e1rea da sa\u00fade por meio dos Conselhos Municipais de Sa\u00fade, da Lideran\u00e7a e da Mobiliza\u00e7\u00e3o Social com foco na Participa\u00e7\u00e3o Social em sa\u00fade.<\/p>\t\t\t\t\t\t<\/div>\n\t\t\t\t<\/div>\n\t\t\t\t<div class=\"elementor-element elementor-element-17bdda2 elementor-widget__width-initial elementor-widget elementor-widget-heading\" data-id=\"17bdda2\" data-element_type=\"widget\" data-widget_type=\"heading.default\">\n\t\t\t\t<div class=\"elementor-widget-container\">\n\t\t\t<h2 class=\"elementor-heading-title elementor-size-default\">CI\u00caNCIAS HUMANAS E A PROMO\u00c7\u00c3O DO CUIDADO EM SA\u00daDE<\/h2>\t\t<\/div>\n\t\t\t\t<\/div>\n\t\t\t\t<div class=\"elementor-element elementor-element-7c14795 elementor-widget-divider--view-line elementor-widget elementor-widget-divider\" data-id=\"7c14795\" data-element_type=\"widget\" data-widget_type=\"divider.default\">\n\t\t\t\t<div class=\"elementor-widget-container\">\n\t\t\t\t\t<div class=\"elementor-divider\">\n\t\t\t<span class=\"elementor-divider-separator\">\n\t\t\t\t\t\t<\/span>\n\t\t<\/div>\n\t\t\t\t<\/div>\n\t\t\t\t<\/div>\n\t\t\t\t<div class=\"elementor-element elementor-element-92b07f9 elementor-widget elementor-widget-text-editor\" data-id=\"92b07f9\" data-element_type=\"widget\" data-widget_type=\"text-editor.default\">\n\t\t\t\t<div class=\"elementor-widget-container\">\n\t\t\t\t\t\t\t<p>Esta linha de pesquisa prioriza as contribui\u00e7\u00f5es das ci\u00eancias humanas em suas interfaces com os campos da sa\u00fade e da enfermagem, destacando as diversidades e particularidades te\u00f3ricas e metodol\u00f3gicas das ci\u00eancias sociais, dos direitos humanos, da educa\u00e7\u00e3o, da filosofia, da psicologia e da hist\u00f3ria da enfermagem e da sa\u00fade \u00e0 compreens\u00e3o da promo\u00e7\u00e3o do cuidado em sa\u00fade.<\/p>\t\t\t\t\t\t<\/div>\n\t\t\t\t<\/div>\n\t\t\t\t<div class=\"elementor-element elementor-element-1d880b0 elementor-widget__width-initial elementor-widget elementor-widget-heading\" data-id=\"1d880b0\" data-element_type=\"widget\" data-widget_type=\"heading.default\">\n\t\t\t\t<div class=\"elementor-widget-container\">\n\t\t\t<h2 class=\"elementor-heading-title elementor-size-default\">SA\u00daDE GLOBAL E DIPLOMACIA EM SA\u00daDE <\/h2>\t\t<\/div>\n\t\t\t\t<\/div>\n\t\t\t\t<div class=\"elementor-element elementor-element-acaa717 elementor-widget-divider--view-line elementor-widget elementor-widget-divider\" data-id=\"acaa717\" data-element_type=\"widget\" data-widget_type=\"divider.default\">\n\t\t\t\t<div class=\"elementor-widget-container\">\n\t\t\t\t\t<div class=\"elementor-divider\">\n\t\t\t<span class=\"elementor-divider-separator\">\n\t\t\t\t\t\t<\/span>\n\t\t<\/div>\n\t\t\t\t<\/div>\n\t\t\t\t<\/div>\n\t\t\t\t<div class=\"elementor-element elementor-element-867b1a4 elementor-widget elementor-widget-text-editor\" data-id=\"867b1a4\" data-element_type=\"widget\" data-widget_type=\"text-editor.default\">\n\t\t\t\t<div class=\"elementor-widget-container\">\n\t\t\t\t\t\t\t<p>Os projetos desta linha de pesquisa buscam compreender as negocia\u00e7\u00f5es no \u00e2mbito da coopera\u00e7\u00e3o internacional em sa\u00fade, com foco nas diretrizes estabelecidas no contexto do direito internacional e na influ\u00eancia dos determinantes sociais de sa\u00fade para sua concretiza\u00e7\u00e3o. Al\u00e9m deste enfoque mais abrangente, tamb\u00e9m est\u00e3o sendo desenvolvidos projetos espec\u00edficos sobre os curr\u00edculos de enfermagem e a introdu\u00e7\u00e3o de conceitos relacionados \u00e0 sa\u00fade global. O processo de internacionaliza\u00e7\u00e3o e sua influ\u00eancia na forma\u00e7\u00e3o de alunos e professores tamb\u00e9m \u00e9 objeto de algumas investiga\u00e7\u00f5es.<\/p>\t\t\t\t\t\t<\/div>\n\t\t\t\t<\/div>\n\t\t\t\t<div class=\"elementor-element elementor-element-ae77158 elementor-widget__width-initial elementor-widget elementor-widget-heading\" data-id=\"ae77158\" data-element_type=\"widget\" data-widget_type=\"heading.default\">\n\t\t\t\t<div class=\"elementor-widget-container\">\n\t\t\t<h2 class=\"elementor-heading-title elementor-size-default\">\u00c9TICA, BIO\u00c9TICA E BIODIREITO \n<\/h2>\t\t<\/div>\n\t\t\t\t<\/div>\n\t\t\t\t<div class=\"elementor-element elementor-element-158c4e7 elementor-widget-divider--view-line elementor-widget elementor-widget-divider\" data-id=\"158c4e7\" data-element_type=\"widget\" data-widget_type=\"divider.default\">\n\t\t\t\t<div class=\"elementor-widget-container\">\n\t\t\t\t\t<div class=\"elementor-divider\">\n\t\t\t<span class=\"elementor-divider-separator\">\n\t\t\t\t\t\t<\/span>\n\t\t<\/div>\n\t\t\t\t<\/div>\n\t\t\t\t<\/div>\n\t\t\t\t<div class=\"elementor-element elementor-element-0c08891 elementor-widget elementor-widget-text-editor\" data-id=\"0c08891\" data-element_type=\"widget\" data-widget_type=\"text-editor.default\">\n\t\t\t\t<div class=\"elementor-widget-container\">\n\t\t\t\t\t\t\t<p>Esta linha de pesquisa busca compreender dilemas \u00e9ticos, analisando-os com base em conceitos da bio\u00e9tica e do direito.<\/p>\t\t\t\t\t\t<\/div>\n\t\t\t\t<\/div>\n\t\t\t\t\t<\/div>\n\t\t<\/div>\n\t\t\t\t\t<\/div>\n\t\t<\/section>\n\t\t\t\t<\/div>\n\t\t","protected":false},"excerpt":{"rendered":"<p>LINHAS DE PESQUISA As linhas dos pesquisadores pertencentes ao Centro de Estudos em Direitos Humanos e Sa\u00fade, se dividem nas seguintes \u00e1reas:\u00a0 DIREITOS HUMANOS, DIREITO \u00c0 SA\u00daDE E SA\u00daDE MENTAL Os projetos buscam compreender as rela\u00e7\u00f5es entre o processo de consolida\u00e7\u00e3o dos direitos humanos, especialmente do direito \u00e0 sa\u00fade, e as mudan\u00e7as nos servi\u00e7os de [&hellip;]<\/p>\n","protected":false},"author":23540,"featured_media":0,"parent":0,"menu_order":0,"comment_status":"closed","ping_status":"closed","template":"","meta":{"_monsterinsights_skip_tracking":false,"_monsterinsights_sitenote_active":false,"_monsterinsights_sitenote_note":"","_monsterinsights_sitenote_category":0,"footnotes":"","_links_to":"","_links_to_target":""},"class_list":["post-3467","page","type-page","status-publish","hentry","entry"],"_links":{"self":[{"href":"https:\/\/sites.usp.br\/cedihus\/wp-json\/wp\/v2\/pages\/3467","targetHints":{"allow":["GET"]}}],"collection":[{"href":"https:\/\/sites.usp.br\/cedihus\/wp-json\/wp\/v2\/pages"}],"about":[{"href":"https:\/\/sites.usp.br\/cedihus\/wp-json\/wp\/v2\/types\/page"}],"author":[{"embeddable":true,"href":"https:\/\/sites.usp.br\/cedihus\/wp-json\/wp\/v2\/users\/23540"}],"replies":[{"embeddable":true,"href":"https:\/\/sites.usp.br\/cedihus\/wp-json\/wp\/v2\/comments?post=3467"}],"version-history":[{"count":4,"href":"https:\/\/sites.usp.br\/cedihus\/wp-json\/wp\/v2\/pages\/3467\/revisions"}],"predecessor-version":[{"id":3508,"href":"https:\/\/sites.usp.br\/cedihus\/wp-json\/wp\/v2\/pages\/3467\/revisions\/3508"}],"wp:attachment":[{"href":"https:\/\/sites.usp.br\/cedihus\/wp-json\/wp\/v2\/media?parent=3467"}],"curies":[{"name":"wp","href":"https:\/\/api.w.org\/{rel}","templated":true}]}}