{"id":3640,"date":"2023-07-06T14:39:34","date_gmt":"2023-07-06T17:39:34","guid":{"rendered":"https:\/\/sites.usp.br\/cedihus\/?page_id=3640"},"modified":"2025-08-29T19:56:45","modified_gmt":"2025-08-29T22:56:45","slug":"blog","status":"publish","type":"page","link":"https:\/\/sites.usp.br\/cedihus\/blog\/","title":{"rendered":"BLOG"},"content":{"rendered":"\t\t<div data-elementor-type=\"wp-page\" data-elementor-id=\"3640\" class=\"elementor elementor-3640\" data-elementor-post-type=\"page\">\n\t\t\t\t\t\t<section class=\"elementor-section elementor-top-section elementor-element elementor-element-bb4ba06 elementor-section-boxed elementor-section-height-default elementor-section-height-default\" data-id=\"bb4ba06\" data-element_type=\"section\" data-settings=\"{&quot;background_background&quot;:&quot;classic&quot;}\">\n\t\t\t\t\t\t<div class=\"elementor-container elementor-column-gap-default\">\n\t\t\t\t\t<div class=\"elementor-column elementor-col-100 elementor-top-column elementor-element elementor-element-f156684\" data-id=\"f156684\" data-element_type=\"column\">\n\t\t\t<div class=\"elementor-widget-wrap elementor-element-populated\">\n\t\t\t\t\t\t<div class=\"elementor-element elementor-element-f5890af elementor-widget__width-initial elementor-widget elementor-widget-heading\" data-id=\"f5890af\" data-element_type=\"widget\" data-widget_type=\"heading.default\">\n\t\t\t\t<div class=\"elementor-widget-container\">\n\t\t\t<h2 class=\"elementor-heading-title elementor-size-default\">\u00daLTIMAS PUBLICA\u00c7\u00d5ES DO BLOG <\/h2>\t\t<\/div>\n\t\t\t\t<\/div>\n\t\t\t\t<div class=\"elementor-element elementor-element-f2d04a4 elementor-widget-divider--view-line elementor-widget elementor-widget-divider\" data-id=\"f2d04a4\" data-element_type=\"widget\" data-widget_type=\"divider.default\">\n\t\t\t\t<div class=\"elementor-widget-container\">\n\t\t\t\t\t<div class=\"elementor-divider\">\n\t\t\t<span class=\"elementor-divider-separator\">\n\t\t\t\t\t\t<\/span>\n\t\t<\/div>\n\t\t\t\t<\/div>\n\t\t\t\t<\/div>\n\t\t\t\t<div class=\"elementor-element elementor-element-65dd518 elementor-grid-1 elementor-posts--thumbnail-left elementor-grid-tablet-2 elementor-grid-mobile-1 load-more-align-center elementor-widget elementor-widget-posts\" data-id=\"65dd518\" data-element_type=\"widget\" data-settings=\"{&quot;classic_columns&quot;:&quot;1&quot;,&quot;pagination_type&quot;:&quot;load_more_on_click&quot;,&quot;classic_columns_tablet&quot;:&quot;2&quot;,&quot;classic_columns_mobile&quot;:&quot;1&quot;,&quot;classic_row_gap&quot;:{&quot;unit&quot;:&quot;px&quot;,&quot;size&quot;:35,&quot;sizes&quot;:[]},&quot;classic_row_gap_tablet&quot;:{&quot;unit&quot;:&quot;px&quot;,&quot;size&quot;:&quot;&quot;,&quot;sizes&quot;:[]},&quot;classic_row_gap_mobile&quot;:{&quot;unit&quot;:&quot;px&quot;,&quot;size&quot;:&quot;&quot;,&quot;sizes&quot;:[]},&quot;load_more_spinner&quot;:{&quot;value&quot;:&quot;fas fa-spinner&quot;,&quot;library&quot;:&quot;fa-solid&quot;}}\" data-widget_type=\"posts.classic\">\n\t\t\t\t<div class=\"elementor-widget-container\">\n\t\t\t\t\t<div class=\"elementor-posts-container elementor-posts elementor-posts--skin-classic elementor-grid\">\n\t\t\t\t<article class=\"elementor-post elementor-grid-item post-5023 post type-post status-publish format-standard has-post-thumbnail hentry category-destaques entry has-media\">\n\t\t\t\t<a class=\"elementor-post__thumbnail__link\" href=\"https:\/\/sites.usp.br\/cedihus\/xiv-workshop-saude-e-direitos-humanos-e-vii-workshop-de-lideranca-e-mobilizacao-social\/\" tabindex=\"-1\" target=&quot;_blank&quot;>\n\t\t\t<div class=\"elementor-post__thumbnail\"><img fetchpriority=\"high\" decoding=\"async\" width=\"768\" height=\"768\" src=\"https:\/\/sites.usp.br\/cedihus\/wp-content\/uploads\/sites\/1280\/2025\/12\/WhatsApp-Image-2025-11-24-at-17.06.48-768x768.jpeg\" class=\"elementor-animation-grow attachment-medium_large size-medium_large wp-image-5029\" alt=\"\" srcset=\"https:\/\/sites.usp.br\/cedihus\/wp-content\/uploads\/sites\/1280\/2025\/12\/WhatsApp-Image-2025-11-24-at-17.06.48-768x768.jpeg 768w, https:\/\/sites.usp.br\/cedihus\/wp-content\/uploads\/sites\/1280\/2025\/12\/WhatsApp-Image-2025-11-24-at-17.06.48-300x300.jpeg 300w, https:\/\/sites.usp.br\/cedihus\/wp-content\/uploads\/sites\/1280\/2025\/12\/WhatsApp-Image-2025-11-24-at-17.06.48-1024x1024.jpeg 1024w, https:\/\/sites.usp.br\/cedihus\/wp-content\/uploads\/sites\/1280\/2025\/12\/WhatsApp-Image-2025-11-24-at-17.06.48-150x150.jpeg 150w, https:\/\/sites.usp.br\/cedihus\/wp-content\/uploads\/sites\/1280\/2025\/12\/WhatsApp-Image-2025-11-24-at-17.06.48-600x600.jpeg 600w, https:\/\/sites.usp.br\/cedihus\/wp-content\/uploads\/sites\/1280\/2025\/12\/WhatsApp-Image-2025-11-24-at-17.06.48-45x45.jpeg 45w, https:\/\/sites.usp.br\/cedihus\/wp-content\/uploads\/sites\/1280\/2025\/12\/WhatsApp-Image-2025-11-24-at-17.06.48-200x200.jpeg 200w, https:\/\/sites.usp.br\/cedihus\/wp-content\/uploads\/sites\/1280\/2025\/12\/WhatsApp-Image-2025-11-24-at-17.06.48-400x400.jpeg 400w, https:\/\/sites.usp.br\/cedihus\/wp-content\/uploads\/sites\/1280\/2025\/12\/WhatsApp-Image-2025-11-24-at-17.06.48.jpeg 1080w\" sizes=\"(max-width: 768px) 100vw, 768px\" \/><\/div>\n\t\t<\/a>\n\t\t\t\t<div class=\"elementor-post__text\">\n\t\t\t\t<h3 class=\"elementor-post__title\">\n\t\t\t<a href=\"https:\/\/sites.usp.br\/cedihus\/xiv-workshop-saude-e-direitos-humanos-e-vii-workshop-de-lideranca-e-mobilizacao-social\/\" target=&quot;_blank&quot;>\n\t\t\t\tXIV Workshop Sa\u00fade e Direitos Humanos e VII Workshop de Lideran\u00e7a e Mobiliza\u00e7\u00e3o Social.\t\t\t<\/a>\n\t\t<\/h3>\n\t\t\t\t<div class=\"elementor-post__meta-data\">\n\t\t\t\t\t<span class=\"elementor-post-date\">\n\t\t\t4 de dezembro de 2025\t\t<\/span>\n\t\t\t\t<span class=\"elementor-post-avatar\">\n\t\t\tNenhum coment\u00e1rio\t\t<\/span>\n\t\t\t\t<\/div>\n\t\t\t\t<div class=\"elementor-post__excerpt\">\n\t\t\t<p>O Grupo de Estudos e Pesquisa em Enfermagem, Sa\u00fade Global, Direito e Desenvolvimento (GEPESADES), em uma colabora\u00e7\u00e3o estrat\u00e9gica com o Centro de Educa\u00e7\u00e3o em Direitos Humanos (CEDiHuS) e a Liga de Direitos Humanos e Sa\u00fade (LIDIHUS), tem o prazer de anunciar a realiza\u00e7\u00e3o conjunta de dois grandes eventos: o XIV Workshop Sa\u00fade e Direitos Humanos e o VII Workshop de Lideran\u00e7a e Mobiliza\u00e7\u00e3o Social. Este evento \u00e9 um convite \u00e0 reflex\u00e3o e \u00e0 a\u00e7\u00e3o. Nosso objetivo central \u00e9 debater a import\u00e2ncia da participa\u00e7\u00e3o social e pol\u00edtica dos profissionais de sa\u00fade<\/p>\n\t\t<\/div>\n\t\t\n\t\t<a class=\"elementor-post__read-more\" href=\"https:\/\/sites.usp.br\/cedihus\/xiv-workshop-saude-e-direitos-humanos-e-vii-workshop-de-lideranca-e-mobilizacao-social\/\" aria-label=\"Read more about XIV Workshop Sa\u00fade e Direitos Humanos e VII Workshop de Lideran\u00e7a e Mobiliza\u00e7\u00e3o Social.\" tabindex=\"-1\" target=\"_blank\">\n\t\t\tVer publica\u00e7\u00e3o -&gt;\t\t<\/a>\n\n\t\t\t\t<\/div>\n\t\t\t\t<\/article>\n\t\t\t\t<article class=\"elementor-post elementor-grid-item post-5011 post type-post status-publish format-standard has-post-thumbnail hentry category-destaques entry has-media\">\n\t\t\t\t<a class=\"elementor-post__thumbnail__link\" href=\"https:\/\/sites.usp.br\/cedihus\/participacao-social-na-pratica-trajetorias-que-valem-memorias-helen-morenghi\/\" tabindex=\"-1\" target=&quot;_blank&quot;>\n\t\t\t<div class=\"elementor-post__thumbnail\"><img decoding=\"async\" width=\"768\" height=\"512\" src=\"https:\/\/sites.usp.br\/cedihus\/wp-content\/uploads\/sites\/1280\/2025\/11\/generated-image-768x512.jpg\" class=\"elementor-animation-grow attachment-medium_large size-medium_large wp-image-5022\" alt=\"\" srcset=\"https:\/\/sites.usp.br\/cedihus\/wp-content\/uploads\/sites\/1280\/2025\/11\/generated-image-768x512.jpg 768w, https:\/\/sites.usp.br\/cedihus\/wp-content\/uploads\/sites\/1280\/2025\/11\/generated-image-300x200.jpg 300w, https:\/\/sites.usp.br\/cedihus\/wp-content\/uploads\/sites\/1280\/2025\/11\/generated-image-1024x683.jpg 1024w, https:\/\/sites.usp.br\/cedihus\/wp-content\/uploads\/sites\/1280\/2025\/11\/generated-image-1536x1024.jpg 1536w, https:\/\/sites.usp.br\/cedihus\/wp-content\/uploads\/sites\/1280\/2025\/11\/generated-image-2048x1365.jpg 2048w, https:\/\/sites.usp.br\/cedihus\/wp-content\/uploads\/sites\/1280\/2025\/11\/generated-image-400x267.jpg 400w\" sizes=\"(max-width: 768px) 100vw, 768px\" \/><\/div>\n\t\t<\/a>\n\t\t\t\t<div class=\"elementor-post__text\">\n\t\t\t\t<h3 class=\"elementor-post__title\">\n\t\t\t<a href=\"https:\/\/sites.usp.br\/cedihus\/participacao-social-na-pratica-trajetorias-que-valem-memorias-helen-morenghi\/\" target=&quot;_blank&quot;>\n\t\t\t\tParticipa\u00e7\u00e3o Social na pr\u00e1tica: Trajet\u00f3rias que valem mem\u00f3rias &#8211; Helen Morenghi\t\t\t<\/a>\n\t\t<\/h3>\n\t\t\t\t<div class=\"elementor-post__meta-data\">\n\t\t\t\t\t<span class=\"elementor-post-date\">\n\t\t\t22 de novembro de 2025\t\t<\/span>\n\t\t\t\t<span class=\"elementor-post-avatar\">\n\t\t\tNenhum coment\u00e1rio\t\t<\/span>\n\t\t\t\t<\/div>\n\t\t\t\t<div class=\"elementor-post__excerpt\">\n\t\t\t<p>\u00c9 no encontro entre experi\u00eancia e compromisso que situamos a trajet\u00f3ria de Helen Morenghi, psic\u00f3loga, especialista em transtornos de aprendizagem e militante do Movimento Social de Educa\u00e7\u00e3o Popular Emancipa, cuja atua\u00e7\u00e3o se enra\u00edza nas periferias de Ribeir\u00e3o Preto. Seu percurso profissional e pol\u00edtico sempre esteve atravessado pela defesa dos direitos humanos, pelo acesso \u00e0 educa\u00e7\u00e3o e pela dignidade dos sujeitos \u2014 pilares que sustentam seu modo de estar no mundo. Essa mesma \u00e9tica de compromisso encontra express\u00e3o concreta em sua atua\u00e7\u00e3o junto ao povo Warao, percurso que a conduziu ao<\/p>\n\t\t<\/div>\n\t\t\n\t\t<a class=\"elementor-post__read-more\" href=\"https:\/\/sites.usp.br\/cedihus\/participacao-social-na-pratica-trajetorias-que-valem-memorias-helen-morenghi\/\" aria-label=\"Read more about Participa\u00e7\u00e3o Social na pr\u00e1tica: Trajet\u00f3rias que valem mem\u00f3rias &#8211; Helen Morenghi\" tabindex=\"-1\" target=\"_blank\">\n\t\t\tVer publica\u00e7\u00e3o -&gt;\t\t<\/a>\n\n\t\t\t\t<\/div>\n\t\t\t\t<\/article>\n\t\t\t\t<article class=\"elementor-post elementor-grid-item post-4996 post type-post status-publish format-standard has-post-thumbnail hentry category-destaques entry has-media\">\n\t\t\t\t<a class=\"elementor-post__thumbnail__link\" href=\"https:\/\/sites.usp.br\/cedihus\/participacao-social-na-pratica-trajetorias-que-valem-memorias\/\" tabindex=\"-1\" target=&quot;_blank&quot;>\n\t\t\t<div class=\"elementor-post__thumbnail\"><img decoding=\"async\" width=\"768\" height=\"768\" src=\"https:\/\/sites.usp.br\/cedihus\/wp-content\/uploads\/sites\/1280\/2025\/11\/Gemini_Generated_Image_ij9gcfij9gcfij9g-768x768.png\" class=\"elementor-animation-grow attachment-medium_large size-medium_large wp-image-5008\" alt=\"\" srcset=\"https:\/\/sites.usp.br\/cedihus\/wp-content\/uploads\/sites\/1280\/2025\/11\/Gemini_Generated_Image_ij9gcfij9gcfij9g-768x768.png 768w, https:\/\/sites.usp.br\/cedihus\/wp-content\/uploads\/sites\/1280\/2025\/11\/Gemini_Generated_Image_ij9gcfij9gcfij9g-300x300.png 300w, https:\/\/sites.usp.br\/cedihus\/wp-content\/uploads\/sites\/1280\/2025\/11\/Gemini_Generated_Image_ij9gcfij9gcfij9g-150x150.png 150w, https:\/\/sites.usp.br\/cedihus\/wp-content\/uploads\/sites\/1280\/2025\/11\/Gemini_Generated_Image_ij9gcfij9gcfij9g-600x600.png 600w, https:\/\/sites.usp.br\/cedihus\/wp-content\/uploads\/sites\/1280\/2025\/11\/Gemini_Generated_Image_ij9gcfij9gcfij9g-45x45.png 45w, https:\/\/sites.usp.br\/cedihus\/wp-content\/uploads\/sites\/1280\/2025\/11\/Gemini_Generated_Image_ij9gcfij9gcfij9g-200x200.png 200w, https:\/\/sites.usp.br\/cedihus\/wp-content\/uploads\/sites\/1280\/2025\/11\/Gemini_Generated_Image_ij9gcfij9gcfij9g-400x400.png 400w, https:\/\/sites.usp.br\/cedihus\/wp-content\/uploads\/sites\/1280\/2025\/11\/Gemini_Generated_Image_ij9gcfij9gcfij9g.png 1024w\" sizes=\"(max-width: 768px) 100vw, 768px\" \/><\/div>\n\t\t<\/a>\n\t\t\t\t<div class=\"elementor-post__text\">\n\t\t\t\t<h3 class=\"elementor-post__title\">\n\t\t\t<a href=\"https:\/\/sites.usp.br\/cedihus\/participacao-social-na-pratica-trajetorias-que-valem-memorias\/\" target=&quot;_blank&quot;>\n\t\t\t\tParticipa\u00e7\u00e3o social na pr\u00e1tica: Trajet\u00f3rias que valem mem\u00f3rias &#8211; Roberta Rodrigues\t\t\t<\/a>\n\t\t<\/h3>\n\t\t\t\t<div class=\"elementor-post__meta-data\">\n\t\t\t\t\t<span class=\"elementor-post-date\">\n\t\t\t19 de novembro de 2025\t\t<\/span>\n\t\t\t\t<span class=\"elementor-post-avatar\">\n\t\t\tNenhum coment\u00e1rio\t\t<\/span>\n\t\t\t\t<\/div>\n\t\t\t\t<div class=\"elementor-post__excerpt\">\n\t\t\t<p>As teorias nos contam o que \u00e9 poss\u00edvel, o que \u00e9 comum, mas as viv\u00eancias nos revelam as singularidades. Na Am\u00e9rica Latina, nos alimentamos com hist\u00f3rias, com elas aprendemos e ensinamos, por isso hoje contaremos um pouco da trajet\u00f3ria de Roberta Rodrigues, 43 anos, mulher negra, m\u00e3e e moradora do Ribeir\u00e3o Verde (Ribeir\u00e3o Preto-SP). Ela atua como agente comunit\u00e1ria de sa\u00fade, tem forma\u00e7\u00e3o t\u00e9cnica em Enfermagem, gradua\u00e7\u00e3o em Gest\u00e3o P\u00fablica e P\u00f3s-Gradua\u00e7\u00e3o em Sa\u00fade P\u00fablica. Neste material, destacamos, no entanto, outra de suas caracter\u00edsticas constitutivas: o protagonismo que ocupa na<\/p>\n\t\t<\/div>\n\t\t\n\t\t<a class=\"elementor-post__read-more\" href=\"https:\/\/sites.usp.br\/cedihus\/participacao-social-na-pratica-trajetorias-que-valem-memorias\/\" aria-label=\"Read more about Participa\u00e7\u00e3o social na pr\u00e1tica: Trajet\u00f3rias que valem mem\u00f3rias &#8211; Roberta Rodrigues\" tabindex=\"-1\" target=\"_blank\">\n\t\t\tVer publica\u00e7\u00e3o -&gt;\t\t<\/a>\n\n\t\t\t\t<\/div>\n\t\t\t\t<\/article>\n\t\t\t\t<article class=\"elementor-post elementor-grid-item post-4955 post type-post status-publish format-standard has-post-thumbnail hentry category-destaques entry has-media\">\n\t\t\t\t<a class=\"elementor-post__thumbnail__link\" href=\"https:\/\/sites.usp.br\/cedihus\/educacao-popular-perspectiva-etica-e-politica-que-orienta-a-formacao-de-liderancas-comprometidas-com-a-transformacao-social\/\" tabindex=\"-1\" target=&quot;_blank&quot;>\n\t\t\t<div class=\"elementor-post__thumbnail\"><img loading=\"lazy\" decoding=\"async\" width=\"768\" height=\"1152\" src=\"https:\/\/sites.usp.br\/cedihus\/wp-content\/uploads\/sites\/1280\/2025\/11\/Gemini_Generated_Image_rwn8ikrwn8ikrwn8-768x1152.png\" class=\"elementor-animation-grow attachment-medium_large size-medium_large wp-image-4979\" alt=\"\" srcset=\"https:\/\/sites.usp.br\/cedihus\/wp-content\/uploads\/sites\/1280\/2025\/11\/Gemini_Generated_Image_rwn8ikrwn8ikrwn8-768x1152.png 768w, https:\/\/sites.usp.br\/cedihus\/wp-content\/uploads\/sites\/1280\/2025\/11\/Gemini_Generated_Image_rwn8ikrwn8ikrwn8-200x300.png 200w, https:\/\/sites.usp.br\/cedihus\/wp-content\/uploads\/sites\/1280\/2025\/11\/Gemini_Generated_Image_rwn8ikrwn8ikrwn8-683x1024.png 683w, https:\/\/sites.usp.br\/cedihus\/wp-content\/uploads\/sites\/1280\/2025\/11\/Gemini_Generated_Image_rwn8ikrwn8ikrwn8-400x600.png 400w, https:\/\/sites.usp.br\/cedihus\/wp-content\/uploads\/sites\/1280\/2025\/11\/Gemini_Generated_Image_rwn8ikrwn8ikrwn8.png 832w\" sizes=\"(max-width: 768px) 100vw, 768px\" \/><\/div>\n\t\t<\/a>\n\t\t\t\t<div class=\"elementor-post__text\">\n\t\t\t\t<h3 class=\"elementor-post__title\">\n\t\t\t<a href=\"https:\/\/sites.usp.br\/cedihus\/educacao-popular-perspectiva-etica-e-politica-que-orienta-a-formacao-de-liderancas-comprometidas-com-a-transformacao-social\/\" target=&quot;_blank&quot;>\n\t\t\t\tEduca\u00e7\u00e3o Popular: perspectiva \u00e9tica e pol\u00edtica que orienta a forma\u00e7\u00e3o de lideran\u00e7as comprometidas com a transforma\u00e7\u00e3o social.\t\t\t<\/a>\n\t\t<\/h3>\n\t\t\t\t<div class=\"elementor-post__meta-data\">\n\t\t\t\t\t<span class=\"elementor-post-date\">\n\t\t\t12 de novembro de 2025\t\t<\/span>\n\t\t\t\t<span class=\"elementor-post-avatar\">\n\t\t\tNenhum coment\u00e1rio\t\t<\/span>\n\t\t\t\t<\/div>\n\t\t\t\t<div class=\"elementor-post__excerpt\">\n\t\t\t<p>Ao longo dos textos anteriores, refletimos sobre a participa\u00e7\u00e3o como fundamento da cidadania e da democracia, e sobre a mobiliza\u00e7\u00e3o social como for\u00e7a coletiva capaz de gerar consci\u00eancia pol\u00edtica e transformar realidades. Essas discuss\u00f5es nos mostraram que a a\u00e7\u00e3o transformadora nasce tanto das estruturas sociais quanto das trajet\u00f3rias pessoais que nelas se entrela\u00e7am. Agora, voltamos o olhar para a educa\u00e7\u00e3o popular, perspectiva que une essas dimens\u00f5es ao reconhecer o di\u00e1logo e a partilha de saberes como caminhos de emancipa\u00e7\u00e3o. Inspirada em Paulo Freire e Carlos Rodrigues Brand\u00e3o, a educa\u00e7\u00e3o popular<\/p>\n\t\t<\/div>\n\t\t\n\t\t<a class=\"elementor-post__read-more\" href=\"https:\/\/sites.usp.br\/cedihus\/educacao-popular-perspectiva-etica-e-politica-que-orienta-a-formacao-de-liderancas-comprometidas-com-a-transformacao-social\/\" aria-label=\"Read more about Educa\u00e7\u00e3o Popular: perspectiva \u00e9tica e pol\u00edtica que orienta a forma\u00e7\u00e3o de lideran\u00e7as comprometidas com a transforma\u00e7\u00e3o social.\" tabindex=\"-1\" target=\"_blank\">\n\t\t\tVer publica\u00e7\u00e3o -&gt;\t\t<\/a>\n\n\t\t\t\t<\/div>\n\t\t\t\t<\/article>\n\t\t\t\t<\/div>\n\t\t\t\t\t<span class=\"e-load-more-spinner\">\n\t\t\t\t<i aria-hidden=\"true\" class=\"fas fa-spinner\"><\/i>\t\t\t<\/span>\n\t\t\n\t\t\t\t<div class=\"e-load-more-anchor\" data-page=\"1\" data-max-page=\"5\" data-next-page=\"https:\/\/sites.usp.br\/cedihus\/wp-json\/wp\/v2\/pages\/3640\/page\/2\/\"><\/div>\n\t\t\t\t<div class=\"elementor-button-wrapper\">\n\t\t\t<a href=\"#\" class=\"elementor-button-link elementor-button elementor-animation-grow\" role=\"button\">\n\t\t\t\t\t\t<span class=\"elementor-button-content-wrapper\">\n\t\t\t\t\t\t\t\t\t<span class=\"elementor-button-text\">CARREGAR<\/span>\n\t\t\t\t\t<\/span>\n\t\t\t\t\t<\/a>\n\t\t<\/div>\n\t\t\t\t<div class=\"e-load-more-message\"><\/div>\n\t\t\t\t<\/div>\n\t\t\t\t<\/div>\n\t\t\t\t\t<\/div>\n\t\t<\/div>\n\t\t\t\t\t<\/div>\n\t\t<\/section>\n\t\t\t\t<\/div>\n\t\t","protected":false},"excerpt":{"rendered":"<p>\u00daLTIMAS PUBLICA\u00c7\u00d5ES DO BLOG<\/p>\n","protected":false},"author":23540,"featured_media":0,"parent":0,"menu_order":0,"comment_status":"closed","ping_status":"closed","template":"","meta":{"_monsterinsights_skip_tracking":false,"_monsterinsights_sitenote_active":false,"_monsterinsights_sitenote_note":"","_monsterinsights_sitenote_category":0,"footnotes":"","_links_to":"","_links_to_target":""},"class_list":["post-3640","page","type-page","status-publish","hentry","entry","has-media"],"_links":{"self":[{"href":"https:\/\/sites.usp.br\/cedihus\/wp-json\/wp\/v2\/pages\/3640","targetHints":{"allow":["GET"]}}],"collection":[{"href":"https:\/\/sites.usp.br\/cedihus\/wp-json\/wp\/v2\/pages"}],"about":[{"href":"https:\/\/sites.usp.br\/cedihus\/wp-json\/wp\/v2\/types\/page"}],"author":[{"embeddable":true,"href":"https:\/\/sites.usp.br\/cedihus\/wp-json\/wp\/v2\/users\/23540"}],"replies":[{"embeddable":true,"href":"https:\/\/sites.usp.br\/cedihus\/wp-json\/wp\/v2\/comments?post=3640"}],"version-history":[{"count":5,"href":"https:\/\/sites.usp.br\/cedihus\/wp-json\/wp\/v2\/pages\/3640\/revisions"}],"predecessor-version":[{"id":4938,"href":"https:\/\/sites.usp.br\/cedihus\/wp-json\/wp\/v2\/pages\/3640\/revisions\/4938"}],"wp:attachment":[{"href":"https:\/\/sites.usp.br\/cedihus\/wp-json\/wp\/v2\/media?parent=3640"}],"curies":[{"name":"wp","href":"https:\/\/api.w.org\/{rel}","templated":true}]}}