{"id":3812,"date":"2025-02-23T18:55:55","date_gmt":"2025-02-23T21:55:55","guid":{"rendered":"https:\/\/sites.usp.br\/cedihus\/?page_id=3812"},"modified":"2025-02-24T10:03:30","modified_gmt":"2025-02-24T13:03:30","slug":"artigos-teses-e-dissertacoes","status":"publish","type":"page","link":"https:\/\/sites.usp.br\/cedihus\/artigos-teses-e-dissertacoes\/","title":{"rendered":"Artigos, teses e disserta\u00e7\u00f5es"},"content":{"rendered":"\t\t<div data-elementor-type=\"wp-page\" data-elementor-id=\"3812\" class=\"elementor elementor-3812\" data-elementor-post-type=\"page\">\n\t\t\t\t\t\t<section class=\"elementor-section elementor-top-section elementor-element elementor-element-e751311 elementor-section-boxed elementor-section-height-default elementor-section-height-default\" data-id=\"e751311\" data-element_type=\"section\">\n\t\t\t\t\t\t<div class=\"elementor-container elementor-column-gap-default\">\n\t\t\t\t\t<div class=\"elementor-column elementor-col-100 elementor-top-column elementor-element elementor-element-6a2fa6c\" data-id=\"6a2fa6c\" data-element_type=\"column\">\n\t\t\t<div class=\"elementor-widget-wrap elementor-element-populated\">\n\t\t\t\t\t\t<div class=\"elementor-element elementor-element-31809f4 elementor-widget elementor-widget-heading\" data-id=\"31809f4\" data-element_type=\"widget\" data-widget_type=\"heading.default\">\n\t\t\t\t<div class=\"elementor-widget-container\">\n\t\t\t<h2 class=\"elementor-heading-title elementor-size-default\">Artigos, Teses e Disserta\u00e7\u00f5es<\/h2>\t\t<\/div>\n\t\t\t\t<\/div>\n\t\t\t\t\t<\/div>\n\t\t<\/div>\n\t\t\t\t\t<\/div>\n\t\t<\/section>\n\t\t\t\t<section class=\"elementor-section elementor-top-section elementor-element elementor-element-161c737 elementor-section-boxed elementor-section-height-default elementor-section-height-default\" data-id=\"161c737\" data-element_type=\"section\">\n\t\t\t\t\t\t<div class=\"elementor-container elementor-column-gap-default\">\n\t\t\t\t\t<div class=\"elementor-column elementor-col-100 elementor-top-column elementor-element elementor-element-8ea088a\" data-id=\"8ea088a\" data-element_type=\"column\">\n\t\t\t<div class=\"elementor-widget-wrap elementor-element-populated\">\n\t\t\t\t\t\t<div class=\"elementor-element elementor-element-585e9fc elementor-widget__width-initial elementor-widget elementor-widget-image\" data-id=\"585e9fc\" data-element_type=\"widget\" data-widget_type=\"image.default\">\n\t\t\t\t<div class=\"elementor-widget-container\">\n\t\t\t\t\t\t\t\t\t\t\t\t\t<img fetchpriority=\"high\" decoding=\"async\" width=\"1024\" height=\"1024\" src=\"https:\/\/sites.usp.br\/cedihus\/wp-content\/uploads\/sites\/1280\/2024\/07\/Design-sem-nome-1024x1024.png\" class=\"attachment-large size-large wp-image-3790\" alt=\"\" srcset=\"https:\/\/sites.usp.br\/cedihus\/wp-content\/uploads\/sites\/1280\/2024\/07\/Design-sem-nome-1024x1024.png 1024w, https:\/\/sites.usp.br\/cedihus\/wp-content\/uploads\/sites\/1280\/2024\/07\/Design-sem-nome-300x300.png 300w, https:\/\/sites.usp.br\/cedihus\/wp-content\/uploads\/sites\/1280\/2024\/07\/Design-sem-nome-150x150.png 150w, https:\/\/sites.usp.br\/cedihus\/wp-content\/uploads\/sites\/1280\/2024\/07\/Design-sem-nome-768x768.png 768w, https:\/\/sites.usp.br\/cedihus\/wp-content\/uploads\/sites\/1280\/2024\/07\/Design-sem-nome-600x600.png 600w, https:\/\/sites.usp.br\/cedihus\/wp-content\/uploads\/sites\/1280\/2024\/07\/Design-sem-nome-45x45.png 45w, https:\/\/sites.usp.br\/cedihus\/wp-content\/uploads\/sites\/1280\/2024\/07\/Design-sem-nome-200x200.png 200w, https:\/\/sites.usp.br\/cedihus\/wp-content\/uploads\/sites\/1280\/2024\/07\/Design-sem-nome-400x400.png 400w, https:\/\/sites.usp.br\/cedihus\/wp-content\/uploads\/sites\/1280\/2024\/07\/Design-sem-nome.png 1080w\" sizes=\"(max-width: 1024px) 100vw, 1024px\" \/>\t\t\t\t\t\t\t\t\t\t\t\t\t<\/div>\n\t\t\t\t<\/div>\n\t\t\t\t<div class=\"elementor-element elementor-element-9c66970 elementor-widget__width-initial elementor-widget elementor-widget-text-editor\" data-id=\"9c66970\" data-element_type=\"widget\" data-widget_type=\"text-editor.default\">\n\t\t\t\t<div class=\"elementor-widget-container\">\n\t\t\t\t\t\t\t<p><strong>Raquel Helena Hernandez Fernandes Piotto<\/strong><\/p><p><strong>Tese: <\/strong>Enfrentamento do estigma, acesso \u00e0 informa\u00e7\u00e3o sobre aten\u00e7\u00e3o prim\u00e1ria \u00e0 sa\u00fade e o exerc\u00edcio da cidadania de pessoas com transtornos mentais: constru\u00e7\u00e3o e valida\u00e7\u00e3o de v\u00eddeos educativos<\/p>\t\t\t\t\t\t<\/div>\n\t\t\t\t<\/div>\n\t\t\t\t<div class=\"elementor-element elementor-element-3b8f486 elementor-widget__width-initial elementor-widget elementor-widget-button\" data-id=\"3b8f486\" data-element_type=\"widget\" data-widget_type=\"button.default\">\n\t\t\t\t<div class=\"elementor-widget-container\">\n\t\t\t\t\t\t\t<div class=\"elementor-button-wrapper\">\n\t\t\t\t\t<a class=\"elementor-button elementor-button-link elementor-size-sm\" href=\"https:\/\/www.teses.usp.br\/teses\/disponiveis\/22\/22131\/tde-19082024-134723\/publico\/RaquelFernandes.pdf\">\n\t\t\t\t\t\t<span class=\"elementor-button-content-wrapper\">\n\t\t\t\t\t\t<span class=\"elementor-button-icon\">\n\t\t\t\t<i aria-hidden=\"true\" class=\"far fa-arrow-alt-circle-down\"><\/i>\t\t\t<\/span>\n\t\t\t\t\t\t\t\t\t<span class=\"elementor-button-text\">Acesse a Tese aqui<\/span>\n\t\t\t\t\t<\/span>\n\t\t\t\t\t<\/a>\n\t\t\t\t<\/div>\n\t\t\t\t\t\t<\/div>\n\t\t\t\t<\/div>\n\t\t\t\t<div class=\"elementor-element elementor-element-9fc832d elementor-widget__width-initial elementor-widget elementor-widget-button\" data-id=\"9fc832d\" data-element_type=\"widget\" data-widget_type=\"button.default\">\n\t\t\t\t<div class=\"elementor-widget-container\">\n\t\t\t\t\t\t\t<div class=\"elementor-button-wrapper\">\n\t\t\t\t\t<a class=\"elementor-button elementor-button-link elementor-size-sm\" href=\"http:\/\/lattes.cnpq.br\/8789707451006600\">\n\t\t\t\t\t\t<span class=\"elementor-button-content-wrapper\">\n\t\t\t\t\t\t<span class=\"elementor-button-icon\">\n\t\t\t\t<i aria-hidden=\"true\" class=\"far fa-address-card\"><\/i>\t\t\t<\/span>\n\t\t\t\t\t\t\t\t\t<span class=\"elementor-button-text\">Informa\u00e7\u00f5es sobre a autora<\/span>\n\t\t\t\t\t<\/span>\n\t\t\t\t\t<\/a>\n\t\t\t\t<\/div>\n\t\t\t\t\t\t<\/div>\n\t\t\t\t<\/div>\n\t\t\t\t\t<\/div>\n\t\t<\/div>\n\t\t\t\t\t<\/div>\n\t\t<\/section>\n\t\t\t\t<section class=\"elementor-section elementor-top-section elementor-element elementor-element-865c3ad elementor-section-boxed elementor-section-height-default elementor-section-height-default\" data-id=\"865c3ad\" data-element_type=\"section\">\n\t\t\t\t\t\t<div class=\"elementor-container elementor-column-gap-narrow\">\n\t\t\t\t\t<div class=\"elementor-column elementor-col-100 elementor-top-column elementor-element elementor-element-666025a\" data-id=\"666025a\" data-element_type=\"column\">\n\t\t\t<div class=\"elementor-widget-wrap elementor-element-populated\">\n\t\t\t\t\t\t<div class=\"elementor-element elementor-element-a9e24f0 elementor-widget__width-initial elementor-widget elementor-widget-image\" data-id=\"a9e24f0\" data-element_type=\"widget\" data-widget_type=\"image.default\">\n\t\t\t\t<div class=\"elementor-widget-container\">\n\t\t\t\t\t\t\t\t\t\t\t\t\t<img decoding=\"async\" width=\"399\" height=\"452\" src=\"https:\/\/sites.usp.br\/cedihus\/wp-content\/uploads\/sites\/1280\/2025\/02\/Patricia-Bonato.jpg\" class=\"attachment-large size-large wp-image-3853\" alt=\"\" srcset=\"https:\/\/sites.usp.br\/cedihus\/wp-content\/uploads\/sites\/1280\/2025\/02\/Patricia-Bonato.jpg 399w, https:\/\/sites.usp.br\/cedihus\/wp-content\/uploads\/sites\/1280\/2025\/02\/Patricia-Bonato-265x300.jpg 265w\" sizes=\"(max-width: 399px) 100vw, 399px\" \/>\t\t\t\t\t\t\t\t\t\t\t\t\t<\/div>\n\t\t\t\t<\/div>\n\t\t\t\t\t<\/div>\n\t\t<\/div>\n\t\t\t\t\t<\/div>\n\t\t<\/section>\n\t\t\t\t<section class=\"elementor-section elementor-top-section elementor-element elementor-element-dac3011 elementor-section-boxed elementor-section-height-default elementor-section-height-default\" data-id=\"dac3011\" data-element_type=\"section\">\n\t\t\t\t\t\t<div class=\"elementor-container elementor-column-gap-default\">\n\t\t\t\t\t<div class=\"elementor-column elementor-col-100 elementor-top-column elementor-element elementor-element-5955a59\" data-id=\"5955a59\" data-element_type=\"column\">\n\t\t\t<div class=\"elementor-widget-wrap elementor-element-populated\">\n\t\t\t\t\t\t<div class=\"elementor-element elementor-element-19906c8 elementor-widget__width-initial elementor-widget elementor-widget-text-editor\" data-id=\"19906c8\" data-element_type=\"widget\" data-widget_type=\"text-editor.default\">\n\t\t\t\t<div class=\"elementor-widget-container\">\n\t\t\t\t\t\t\t<p><strong>Patr\u00edcia de Paula Queiroz Bonato<\/strong><\/p><p><strong>Tese<\/strong>: Literacia em sa\u00fade para mulheres egressas do sistema prisional: constru\u00e7\u00e3o e valida\u00e7\u00e3o de material educativo<\/p>\t\t\t\t\t\t<\/div>\n\t\t\t\t<\/div>\n\t\t\t\t\t<\/div>\n\t\t<\/div>\n\t\t\t\t\t<\/div>\n\t\t<\/section>\n\t\t\t\t<section class=\"elementor-section elementor-top-section elementor-element elementor-element-26aeb81 elementor-section-boxed elementor-section-height-default elementor-section-height-default\" data-id=\"26aeb81\" data-element_type=\"section\">\n\t\t\t\t\t\t<div class=\"elementor-container elementor-column-gap-default\">\n\t\t\t\t\t<div class=\"elementor-column elementor-col-100 elementor-top-column elementor-element elementor-element-3c144a2\" data-id=\"3c144a2\" data-element_type=\"column\">\n\t\t\t<div class=\"elementor-widget-wrap elementor-element-populated\">\n\t\t\t\t\t\t<div class=\"elementor-element elementor-element-d546225 elementor-widget__width-initial elementor-widget elementor-widget-button\" data-id=\"d546225\" data-element_type=\"widget\" data-widget_type=\"button.default\">\n\t\t\t\t<div class=\"elementor-widget-container\">\n\t\t\t\t\t\t\t<div class=\"elementor-button-wrapper\">\n\t\t\t\t\t<a class=\"elementor-button elementor-button-link elementor-size-sm\" href=\"#\">\n\t\t\t\t\t\t<span class=\"elementor-button-content-wrapper\">\n\t\t\t\t\t\t\t\t\t<span class=\"elementor-button-text\">Clique aqui<\/span>\n\t\t\t\t\t<\/span>\n\t\t\t\t\t<\/a>\n\t\t\t\t<\/div>\n\t\t\t\t\t\t<\/div>\n\t\t\t\t<\/div>\n\t\t\t\t\t<\/div>\n\t\t<\/div>\n\t\t\t\t\t<\/div>\n\t\t<\/section>\n\t\t\t\t<\/div>\n\t\t","protected":false},"excerpt":{"rendered":"<p>Artigos, Teses e Disserta\u00e7\u00f5es Raquel Helena Hernandez Fernandes Piotto Tese: Enfrentamento do estigma, acesso \u00e0 informa\u00e7\u00e3o sobre aten\u00e7\u00e3o prim\u00e1ria \u00e0 sa\u00fade e o exerc\u00edcio da cidadania de pessoas com transtornos mentais: constru\u00e7\u00e3o e valida\u00e7\u00e3o de v\u00eddeos educativos Acesse a Tese aqui Informa\u00e7\u00f5es sobre a autora Patr\u00edcia de Paula Queiroz Bonato Tese: Literacia em sa\u00fade para [&hellip;]<\/p>\n","protected":false},"author":23540,"featured_media":0,"parent":0,"menu_order":0,"comment_status":"closed","ping_status":"closed","template":"","meta":{"_monsterinsights_skip_tracking":false,"_monsterinsights_sitenote_active":false,"_monsterinsights_sitenote_note":"","_monsterinsights_sitenote_category":0,"footnotes":"","_links_to":"","_links_to_target":""},"class_list":["post-3812","page","type-page","status-publish","hentry","entry"],"_links":{"self":[{"href":"https:\/\/sites.usp.br\/cedihus\/wp-json\/wp\/v2\/pages\/3812","targetHints":{"allow":["GET"]}}],"collection":[{"href":"https:\/\/sites.usp.br\/cedihus\/wp-json\/wp\/v2\/pages"}],"about":[{"href":"https:\/\/sites.usp.br\/cedihus\/wp-json\/wp\/v2\/types\/page"}],"author":[{"embeddable":true,"href":"https:\/\/sites.usp.br\/cedihus\/wp-json\/wp\/v2\/users\/23540"}],"replies":[{"embeddable":true,"href":"https:\/\/sites.usp.br\/cedihus\/wp-json\/wp\/v2\/comments?post=3812"}],"version-history":[{"count":4,"href":"https:\/\/sites.usp.br\/cedihus\/wp-json\/wp\/v2\/pages\/3812\/revisions"}],"predecessor-version":[{"id":3860,"href":"https:\/\/sites.usp.br\/cedihus\/wp-json\/wp\/v2\/pages\/3812\/revisions\/3860"}],"wp:attachment":[{"href":"https:\/\/sites.usp.br\/cedihus\/wp-json\/wp\/v2\/media?parent=3812"}],"curies":[{"name":"wp","href":"https:\/\/api.w.org\/{rel}","templated":true}]}}