{"id":4096,"date":"2025-08-16T13:50:12","date_gmt":"2025-08-16T16:50:12","guid":{"rendered":"https:\/\/sites.usp.br\/cedihus\/?page_id=4096"},"modified":"2025-08-16T14:02:35","modified_gmt":"2025-08-16T17:02:35","slug":"videos-educativos","status":"publish","type":"page","link":"https:\/\/sites.usp.br\/cedihus\/videos-educativos\/","title":{"rendered":"Videos Educativos"},"content":{"rendered":"\t\t<div data-elementor-type=\"wp-page\" data-elementor-id=\"4096\" class=\"elementor elementor-4096\" data-elementor-post-type=\"page\">\n\t\t\t\t\t\t<section class=\"elementor-section elementor-top-section elementor-element elementor-element-b5d951e elementor-section-boxed elementor-section-height-default elementor-section-height-default\" data-id=\"b5d951e\" data-element_type=\"section\">\n\t\t\t\t\t\t<div class=\"elementor-container elementor-column-gap-default\">\n\t\t\t\t\t<div class=\"elementor-column elementor-col-100 elementor-top-column elementor-element elementor-element-6a29860\" data-id=\"6a29860\" data-element_type=\"column\">\n\t\t\t<div class=\"elementor-widget-wrap elementor-element-populated\">\n\t\t\t\t\t\t<div class=\"elementor-element elementor-element-855869b elementor-widget elementor-widget-heading\" data-id=\"855869b\" data-element_type=\"widget\" data-widget_type=\"heading.default\">\n\t\t\t\t<div class=\"elementor-widget-container\">\n\t\t\t<h2 class=\"elementor-heading-title elementor-size-default\">VIDEOS EDUCATIVOS<\/h2>\t\t<\/div>\n\t\t\t\t<\/div>\n\t\t\t\t\t<\/div>\n\t\t<\/div>\n\t\t\t\t\t<\/div>\n\t\t<\/section>\n\t\t\t\t<section class=\"elementor-section elementor-top-section elementor-element elementor-element-b831543 elementor-section-boxed elementor-section-height-default elementor-section-height-default\" data-id=\"b831543\" data-element_type=\"section\">\n\t\t\t\t\t\t<div class=\"elementor-container elementor-column-gap-default\">\n\t\t\t\t\t<div class=\"elementor-column elementor-col-100 elementor-top-column elementor-element elementor-element-a8c2c10\" data-id=\"a8c2c10\" data-element_type=\"column\">\n\t\t\t<div class=\"elementor-widget-wrap elementor-element-populated\">\n\t\t\t\t\t\t<div class=\"elementor-element elementor-element-935a94f elementor-widget elementor-widget-text-editor\" data-id=\"935a94f\" data-element_type=\"widget\" data-widget_type=\"text-editor.default\">\n\t\t\t\t<div class=\"elementor-widget-container\">\n\t\t\t\t\t\t\t<p><span style=\"font-weight: 400;\">O acesso a informa\u00e7\u00f5es sobre a Aten\u00e7\u00e3o Prim\u00e1ria \u00e0 Sa\u00fade (APS), seu funcionamento, tratamentos, atendimentos, e a possibilidade de discutir sa\u00fade mental na APS s\u00e3o essenciais para o exerc\u00edcio dos direitos e da cidadania plena de pessoas com transtornos mentais.<\/span><\/p><p><span style=\"font-weight: 400;\">A pesquisa intitulada \u201cEnfrentamento do estigma, acesso \u00e0 informa\u00e7\u00e3o sobre Aten\u00e7\u00e3o Prim\u00e1ria \u00e0 Sa\u00fade e o exerc\u00edcio da cidadania de pessoas com transtornos mentais: constru\u00e7\u00e3o e valida\u00e7\u00e3o de v\u00eddeos educativos\u201d, que originou uma tese de doutorado, foi desenvolvida durante quatro anos com o objetivo de construir e validar dois v\u00eddeos educativos, junto a pessoas com transtornos mentais, sobre direitos, cidadania, sa\u00fade mental e APS.<\/span><\/p><p><span style=\"font-weight: 400;\">A pesquisa foi conclu\u00edda em 2023 e a tese defendida em maio de 2024. Al\u00e9m disso, contou com financiamento da Coordena\u00e7\u00e3o de Aperfei\u00e7oamento de Pessoal de N\u00edvel Superior \u2013 Brasil (CAPES) e da Funda\u00e7\u00e3o de Amparo \u00e0 Pesquisa do Estado de S\u00e3o Paulo (FAPESP).<\/span><\/p>\t\t\t\t\t\t<\/div>\n\t\t\t\t<\/div>\n\t\t\t\t\t<\/div>\n\t\t<\/div>\n\t\t\t\t\t<\/div>\n\t\t<\/section>\n\t\t\t\t<section class=\"elementor-section elementor-top-section elementor-element elementor-element-1454d3f elementor-section-boxed elementor-section-height-default elementor-section-height-default\" data-id=\"1454d3f\" data-element_type=\"section\">\n\t\t\t\t\t\t<div class=\"elementor-container elementor-column-gap-default\">\n\t\t\t\t\t<div class=\"elementor-column elementor-col-100 elementor-top-column elementor-element elementor-element-8278e66\" data-id=\"8278e66\" data-element_type=\"column\">\n\t\t\t<div class=\"elementor-widget-wrap elementor-element-populated\">\n\t\t\t\t\t\t<div class=\"elementor-element elementor-element-db91169 elementor-widget elementor-widget-heading\" data-id=\"db91169\" data-element_type=\"widget\" data-widget_type=\"heading.default\">\n\t\t\t\t<div class=\"elementor-widget-container\">\n\t\t\t<h2 class=\"elementor-heading-title elementor-size-default\">CONFIRA<\/h2>\t\t<\/div>\n\t\t\t\t<\/div>\n\t\t\t\t\t<\/div>\n\t\t<\/div>\n\t\t\t\t\t<\/div>\n\t\t<\/section>\n\t\t\t\t<section class=\"elementor-section elementor-top-section elementor-element elementor-element-56a4b7b elementor-section-boxed elementor-section-height-default elementor-section-height-default\" data-id=\"56a4b7b\" data-element_type=\"section\">\n\t\t\t\t\t\t<div class=\"elementor-container elementor-column-gap-default\">\n\t\t\t\t\t<div class=\"elementor-column elementor-col-100 elementor-top-column elementor-element elementor-element-38f241e\" data-id=\"38f241e\" data-element_type=\"column\">\n\t\t\t<div class=\"elementor-widget-wrap elementor-element-populated\">\n\t\t\t\t\t\t<div class=\"elementor-element elementor-element-d6308b7 elementor-skin-carousel elementor-arrows-yes elementor-pagination-type-bullets elementor-pagination-position-outside elementor-widget elementor-widget-media-carousel\" data-id=\"d6308b7\" data-element_type=\"widget\" data-settings=\"{&quot;slides_per_view&quot;:&quot;1&quot;,&quot;space_between&quot;:{&quot;unit&quot;:&quot;px&quot;,&quot;size&quot;:11,&quot;sizes&quot;:[]},&quot;skin&quot;:&quot;carousel&quot;,&quot;effect&quot;:&quot;slide&quot;,&quot;show_arrows&quot;:&quot;yes&quot;,&quot;pagination&quot;:&quot;bullets&quot;,&quot;speed&quot;:500,&quot;autoplay&quot;:&quot;yes&quot;,&quot;autoplay_speed&quot;:5000,&quot;loop&quot;:&quot;yes&quot;,&quot;pause_on_hover&quot;:&quot;yes&quot;,&quot;pause_on_interaction&quot;:&quot;yes&quot;,&quot;space_between_tablet&quot;:{&quot;unit&quot;:&quot;px&quot;,&quot;size&quot;:10,&quot;sizes&quot;:[]},&quot;space_between_mobile&quot;:{&quot;unit&quot;:&quot;px&quot;,&quot;size&quot;:10,&quot;sizes&quot;:[]}}\" data-widget_type=\"media-carousel.default\">\n\t\t\t\t<div class=\"elementor-widget-container\">\n\t\t\t\t\t<div class=\"elementor-swiper\">\n\t\t\t<div class=\"elementor-main-swiper swiper\">\n\t\t\t\t<div class=\"swiper-wrapper\">\n\t\t\t\t\t\t\t\t\t\t\t<div class=\"swiper-slide\">\n\t\t\t\t\t\t\t<a href=\"https:\/\/sites.usp.br\/cedihus\/wp-content\/uploads\/sites\/1280\/2025\/08\/VideoTranstornos.jpg\" data-elementor-open-lightbox=\"yes\" data-elementor-lightbox-slideshow=\"d6308b7\" data-elementor-lightbox-title=\"VideoTranstornos\" data-e-action-hash=\"#elementor-action%3Aaction%3Dlightbox%26settings%3DeyJpZCI6NDA5OCwidXJsIjoiaHR0cHM6XC9cL3NpdGVzLnVzcC5iclwvY2VkaWh1c1wvd3AtY29udGVudFwvdXBsb2Fkc1wvc2l0ZXNcLzEyODBcLzIwMjVcLzA4XC9WaWRlb1RyYW5zdG9ybm9zLmpwZyIsInNsaWRlc2hvdyI6ImQ2MzA4YjcifQ%3D%3D\" data-elementor-lightbox-video=\"https:\/\/www.youtube.com\/embed\/fmW_1kGwiKM?feature=oembed&amp;autoplay=1&amp;rel=0&amp;controls=0\">\t\t<div class=\"elementor-carousel-image\" role=\"img\" aria-label=\"VideoTranstornos\" style=\"background-image: url(&#039;https:\/\/sites.usp.br\/cedihus\/wp-content\/uploads\/sites\/1280\/2025\/08\/VideoTranstornos.jpg&#039;)\">\n\n\t\t\t\n\t\t\t\t\t\t\t<div class=\"elementor-custom-embed-play\">\n\t\t\t\t\t<i aria-hidden=\"true\" class=\"eicon-play\"><\/i>\t\t\t\t\t<span class=\"elementor-screen-only\">Reproduzir<\/span>\n\t\t\t\t<\/div>\n\t\t\t\t\t<\/div>\n\t\t<\/a>\t\t\t\t\t\t<\/div>\n\t\t\t\t\t\t\t\t\t\t\t<div class=\"swiper-slide\">\n\t\t\t\t\t\t\t<a href=\"https:\/\/sites.usp.br\/cedihus\/wp-content\/uploads\/sites\/1280\/2025\/08\/SaudeMental.png\" data-elementor-open-lightbox=\"yes\" data-elementor-lightbox-slideshow=\"d6308b7\" data-elementor-lightbox-title=\"SaudeMental\" data-e-action-hash=\"#elementor-action%3Aaction%3Dlightbox%26settings%3DeyJpZCI6NDA5OSwidXJsIjoiaHR0cHM6XC9cL3NpdGVzLnVzcC5iclwvY2VkaWh1c1wvd3AtY29udGVudFwvdXBsb2Fkc1wvc2l0ZXNcLzEyODBcLzIwMjVcLzA4XC9TYXVkZU1lbnRhbC5wbmciLCJzbGlkZXNob3ciOiJkNjMwOGI3In0%3D\" data-elementor-lightbox-video=\"https:\/\/www.youtube.com\/embed\/-3qWAAUlLOs?feature=oembed&amp;autoplay=1&amp;rel=0&amp;controls=0\">\t\t<div class=\"elementor-carousel-image\" role=\"img\" aria-label=\"SaudeMental\" style=\"background-image: url(&#039;https:\/\/sites.usp.br\/cedihus\/wp-content\/uploads\/sites\/1280\/2025\/08\/SaudeMental.png&#039;)\">\n\n\t\t\t\n\t\t\t\t\t\t\t<div class=\"elementor-custom-embed-play\">\n\t\t\t\t\t<i aria-hidden=\"true\" class=\"eicon-play\"><\/i>\t\t\t\t\t<span class=\"elementor-screen-only\">Reproduzir<\/span>\n\t\t\t\t<\/div>\n\t\t\t\t\t<\/div>\n\t\t<\/a>\t\t\t\t\t\t<\/div>\n\t\t\t\t\t\t\t\t\t<\/div>\n\t\t\t\t\t\t\t\t\t\t\t\t\t\t\t<div class=\"swiper-pagination\"><\/div>\n\t\t\t\t\t\t\t\t\t\t\t\t\t\t\t\t<div class=\"elementor-swiper-button elementor-swiper-button-prev\" role=\"button\" tabindex=\"0\">\n\t\t\t\t\t\t\t<i aria-hidden=\"true\" class=\"eicon-chevron-left\"><\/i>\t\t\t\t\t\t\t<span class=\"elementor-screen-only\">Anterior<\/span>\n\t\t\t\t\t\t<\/div>\n\t\t\t\t\t\t<div class=\"elementor-swiper-button elementor-swiper-button-next\" role=\"button\" tabindex=\"0\">\n\t\t\t\t\t\t\t<i aria-hidden=\"true\" class=\"eicon-chevron-right\"><\/i>\t\t\t\t\t\t\t<span class=\"elementor-screen-only\">Pr\u00f3ximo<\/span>\n\t\t\t\t\t\t<\/div>\n\t\t\t\t\t\t\t\t\t\t\t\t<\/div>\n\t\t<\/div>\n\t\t\t\t<\/div>\n\t\t\t\t<\/div>\n\t\t\t\t\t<\/div>\n\t\t<\/div>\n\t\t\t\t\t<\/div>\n\t\t<\/section>\n\t\t\t\t<\/div>\n\t\t","protected":false},"excerpt":{"rendered":"<p>VIDEOS EDUCATIVOS O acesso a informa\u00e7\u00f5es sobre a Aten\u00e7\u00e3o Prim\u00e1ria \u00e0 Sa\u00fade (APS), seu funcionamento, tratamentos, atendimentos, e a possibilidade de discutir sa\u00fade mental na APS s\u00e3o essenciais para o exerc\u00edcio dos direitos e da cidadania plena de pessoas com transtornos mentais. A pesquisa intitulada \u201cEnfrentamento do estigma, acesso \u00e0 informa\u00e7\u00e3o sobre Aten\u00e7\u00e3o Prim\u00e1ria \u00e0 [&hellip;]<\/p>\n","protected":false},"author":23540,"featured_media":0,"parent":0,"menu_order":0,"comment_status":"closed","ping_status":"closed","template":"","meta":{"_monsterinsights_skip_tracking":false,"_monsterinsights_sitenote_active":false,"_monsterinsights_sitenote_note":"","_monsterinsights_sitenote_category":0,"footnotes":"","_links_to":"","_links_to_target":""},"class_list":["post-4096","page","type-page","status-publish","hentry","entry"],"_links":{"self":[{"href":"https:\/\/sites.usp.br\/cedihus\/wp-json\/wp\/v2\/pages\/4096","targetHints":{"allow":["GET"]}}],"collection":[{"href":"https:\/\/sites.usp.br\/cedihus\/wp-json\/wp\/v2\/pages"}],"about":[{"href":"https:\/\/sites.usp.br\/cedihus\/wp-json\/wp\/v2\/types\/page"}],"author":[{"embeddable":true,"href":"https:\/\/sites.usp.br\/cedihus\/wp-json\/wp\/v2\/users\/23540"}],"replies":[{"embeddable":true,"href":"https:\/\/sites.usp.br\/cedihus\/wp-json\/wp\/v2\/comments?post=4096"}],"version-history":[{"count":4,"href":"https:\/\/sites.usp.br\/cedihus\/wp-json\/wp\/v2\/pages\/4096\/revisions"}],"predecessor-version":[{"id":4102,"href":"https:\/\/sites.usp.br\/cedihus\/wp-json\/wp\/v2\/pages\/4096\/revisions\/4102"}],"wp:attachment":[{"href":"https:\/\/sites.usp.br\/cedihus\/wp-json\/wp\/v2\/media?parent=4096"}],"curies":[{"name":"wp","href":"https:\/\/api.w.org\/{rel}","templated":true}]}}