{"id":4104,"date":"2025-08-16T14:05:10","date_gmt":"2025-08-16T17:05:10","guid":{"rendered":"https:\/\/sites.usp.br\/cedihus\/?page_id=4104"},"modified":"2025-09-01T17:41:10","modified_gmt":"2025-09-01T20:41:10","slug":"treinamento-qualityrights-da-oms","status":"publish","type":"page","link":"https:\/\/sites.usp.br\/cedihus\/treinamento-qualityrights-da-oms\/","title":{"rendered":"Treinamento QualityRights da OMS"},"content":{"rendered":"\t\t<div data-elementor-type=\"wp-page\" data-elementor-id=\"4104\" class=\"elementor elementor-4104\" data-elementor-post-type=\"page\">\n\t\t\t\t\t\t<section class=\"elementor-section elementor-top-section elementor-element elementor-element-90e2846 elementor-section-boxed elementor-section-height-default elementor-section-height-default\" data-id=\"90e2846\" data-element_type=\"section\">\n\t\t\t\t\t\t<div class=\"elementor-container elementor-column-gap-default\">\n\t\t\t\t\t<div class=\"elementor-column elementor-col-100 elementor-top-column elementor-element elementor-element-66ea816\" data-id=\"66ea816\" data-element_type=\"column\">\n\t\t\t<div class=\"elementor-widget-wrap elementor-element-populated\">\n\t\t\t\t\t\t<div class=\"elementor-element elementor-element-4b20b08 elementor-widget elementor-widget-heading\" data-id=\"4b20b08\" data-element_type=\"widget\" data-widget_type=\"heading.default\">\n\t\t\t\t<div class=\"elementor-widget-container\">\n\t\t\t<h2 class=\"elementor-heading-title elementor-size-default\"><i>QUALITYRIGHTS<\/i> DA OMS<\/h2>\t\t<\/div>\n\t\t\t\t<\/div>\n\t\t\t\t<div class=\"elementor-element elementor-element-b34d93c elementor-widget elementor-widget-text-editor\" data-id=\"b34d93c\" data-element_type=\"widget\" data-widget_type=\"text-editor.default\">\n\t\t\t\t<div class=\"elementor-widget-container\">\n\t\t\t\t\t\t\t<span style=\"font-weight: 400;\">O <\/span><b>Treinamento <\/b><b><i>QualityRights<\/i><\/b><b> da Organiza\u00e7\u00e3o Mundial da Sa\u00fade (OMS)<\/b><span style=\"font-weight: 400;\"> tem como objetivo promover a transforma\u00e7\u00e3o dos servi\u00e7os de sa\u00fade mental, alinhando-os aos princ\u00edpios da <\/span><b>Conven\u00e7\u00e3o sobre os Direitos das Pessoas com Defici\u00eancia (CDPD)<\/b><span style=\"font-weight: 400;\"> e a uma abordagem orientada para a recupera\u00e7\u00e3o. Os m\u00f3dulos foram traduzidos e adaptados culturalmente para o contexto brasileiro pelo <\/span><b>GEPESADES\/CEDiHuS<\/b><span style=\"font-weight: 400;\">, com financiamento do <\/span><b>CNPq (processo n\u00ba 408399\/2021-0), <\/b><span style=\"font-weight: 400;\">garantindo maior acessibilidade e pertin\u00eancia \u00e0s realidades locais.<\/span>\n\n<span style=\"font-weight: 400;\">O material re\u00fane <\/span><b>guias de curso<\/b><span style=\"font-weight: 400;\"> e <\/span><b>apresenta\u00e7\u00f5es em slides<\/b><span style=\"font-weight: 400;\">, organizados em dois conjuntos principais:<\/span>\n<ul>\n \t<li style=\"font-weight: 400;\" aria-level=\"1\"><b>Treinamento Principal <i>QualityRights<\/i> da OMS \u2013 Para todos os servi\u00e7os e todas as pessoas<\/b><span style=\"font-weight: 400;\">: abrange temas fundamentais como direitos humanos, sa\u00fade mental e defici\u00eancia, recupera\u00e7\u00e3o, capacidade legal e prote\u00e7\u00e3o contra a coer\u00e7\u00e3o e a viol\u00eancia.<\/span>&nbsp;<\/li>\n \t<li style=\"font-weight: 400;\" aria-level=\"1\"><b>Treinamento Especializado <i>QualityRights<\/i> da OMS<\/b><span style=\"font-weight: 400;\">: aprofunda pr\u00e1ticas espec\u00edficas voltadas ao apoio na tomada de decis\u00e3o, ao enfrentamento do isolamento e da conten\u00e7\u00e3o e \u00e0 promo\u00e7\u00e3o de estrat\u00e9gias de recupera\u00e7\u00e3o para o bem-estar.<\/span><\/li>\n<\/ul>\n<span style=\"font-weight: 400;\">Esses recursos est\u00e3o dispon\u00edveis para profissionais de sa\u00fade, usu\u00e1rios de servi\u00e7os, familiares, gestores, organiza\u00e7\u00f5es da sociedade civil e demais interessados, fortalecendo uma abordagem de cuidado centrada em direitos, inclus\u00e3o e recupera\u00e7\u00e3o.<\/span>\t\t\t\t\t\t<\/div>\n\t\t\t\t<\/div>\n\t\t\t\t\t<\/div>\n\t\t<\/div>\n\t\t\t\t\t<\/div>\n\t\t<\/section>\n\t\t\t\t<section class=\"elementor-section elementor-top-section elementor-element elementor-element-b18b5fc animated-fast elementor-section-boxed elementor-section-height-default elementor-section-height-default elementor-invisible\" data-id=\"b18b5fc\" data-element_type=\"section\" data-settings=\"{&quot;animation&quot;:&quot;slideInLeft&quot;}\">\n\t\t\t\t\t\t<div class=\"elementor-container elementor-column-gap-default\">\n\t\t\t\t\t<div class=\"elementor-column elementor-col-100 elementor-top-column elementor-element elementor-element-eae35a0\" data-id=\"eae35a0\" data-element_type=\"column\">\n\t\t\t<div class=\"elementor-widget-wrap elementor-element-populated\">\n\t\t\t\t\t\t<div class=\"elementor-element elementor-element-76e0745 elementor-widget__width-initial elementor-widget elementor-widget-heading\" data-id=\"76e0745\" data-element_type=\"widget\" data-widget_type=\"heading.default\">\n\t\t\t\t<div class=\"elementor-widget-container\">\n\t\t\t<h2 class=\"elementor-heading-title elementor-size-default\">Treinamento Principal <i>QualityRights<\/i> da OMS<\/h2>\t\t<\/div>\n\t\t\t\t<\/div>\n\t\t\t\t<div class=\"elementor-element elementor-element-625d55f elementor-widget-divider--view-line elementor-widget elementor-widget-divider\" data-id=\"625d55f\" data-element_type=\"widget\" data-widget_type=\"divider.default\">\n\t\t\t\t<div class=\"elementor-widget-container\">\n\t\t\t\t\t<div class=\"elementor-divider\">\n\t\t\t<span class=\"elementor-divider-separator\">\n\t\t\t\t\t\t<\/span>\n\t\t<\/div>\n\t\t\t\t<\/div>\n\t\t\t\t<\/div>\n\t\t\t\t\t<\/div>\n\t\t<\/div>\n\t\t\t\t\t<\/div>\n\t\t<\/section>\n\t\t\t\t<section class=\"elementor-section elementor-top-section elementor-element elementor-element-8a73e4d animated-slow elementor-section-boxed elementor-section-height-default elementor-section-height-default elementor-invisible\" data-id=\"8a73e4d\" data-element_type=\"section\" data-settings=\"{&quot;animation&quot;:&quot;fadeIn&quot;}\">\n\t\t\t\t\t\t<div class=\"elementor-container elementor-column-gap-default\">\n\t\t\t\t\t<div class=\"elementor-column elementor-col-100 elementor-top-column elementor-element elementor-element-f247b3a\" data-id=\"f247b3a\" data-element_type=\"column\">\n\t\t\t<div class=\"elementor-widget-wrap elementor-element-populated\">\n\t\t\t\t\t\t<div class=\"elementor-element elementor-element-d213ad2 elementor-widget elementor-widget-toggle\" data-id=\"d213ad2\" data-element_type=\"widget\" data-widget_type=\"toggle.default\">\n\t\t\t\t<div class=\"elementor-widget-container\">\n\t\t\t\t\t<div class=\"elementor-toggle\">\n\t\t\t\t\t\t\t<div class=\"elementor-toggle-item\">\n\t\t\t\t\t<div id=\"elementor-tab-title-2201\" class=\"elementor-tab-title\" data-tab=\"1\" role=\"button\" aria-controls=\"elementor-tab-content-2201\" aria-expanded=\"false\">\n\t\t\t\t\t\t\t\t\t\t\t\t<span class=\"elementor-toggle-icon elementor-toggle-icon-left\" aria-hidden=\"true\">\n\t\t\t\t\t\t\t\t\t\t\t\t\t\t\t<span class=\"elementor-toggle-icon-closed\"><i class=\"fas fa-caret-right\"><\/i><\/span>\n\t\t\t\t\t\t\t\t<span class=\"elementor-toggle-icon-opened\"><i class=\"elementor-toggle-icon-opened fas fa-caret-up\"><\/i><\/span>\n\t\t\t\t\t\t\t\t\t\t\t\t\t<\/span>\n\t\t\t\t\t\t\t\t\t\t\t\t<a class=\"elementor-toggle-title\" tabindex=\"0\">Direitos humanos<\/a>\n\t\t\t\t\t<\/div>\n\n\t\t\t\t\t<div id=\"elementor-tab-content-2201\" class=\"elementor-tab-content elementor-clearfix\" data-tab=\"1\" role=\"region\" aria-labelledby=\"elementor-tab-title-2201\"><p><a href=\"https:\/\/iris.who.int\/bitstream\/handle\/10665\/329538\/9789241516693-por.pdf\" target=\"_blank\" rel=\"noopener\">Guia do curso<\/a><\/p><p><a href=\"https:\/\/docs.google.com\/presentation\/d\/1JtbwnWUpiaEEisFRBCZMhBr_Bd-XvHXT\/edit?usp=sharing&amp;ouid=113017256640807675436&amp;rtpof=true&amp;sd=true\" target=\"_blank\" rel=\"noopener\">Slides<\/a><\/p><\/div>\n\t\t\t\t<\/div>\n\t\t\t\t\t\t\t<div class=\"elementor-toggle-item\">\n\t\t\t\t\t<div id=\"elementor-tab-title-2202\" class=\"elementor-tab-title\" data-tab=\"2\" role=\"button\" aria-controls=\"elementor-tab-content-2202\" aria-expanded=\"false\">\n\t\t\t\t\t\t\t\t\t\t\t\t<span class=\"elementor-toggle-icon elementor-toggle-icon-left\" aria-hidden=\"true\">\n\t\t\t\t\t\t\t\t\t\t\t\t\t\t\t<span class=\"elementor-toggle-icon-closed\"><i class=\"fas fa-caret-right\"><\/i><\/span>\n\t\t\t\t\t\t\t\t<span class=\"elementor-toggle-icon-opened\"><i class=\"elementor-toggle-icon-opened fas fa-caret-up\"><\/i><\/span>\n\t\t\t\t\t\t\t\t\t\t\t\t\t<\/span>\n\t\t\t\t\t\t\t\t\t\t\t\t<a class=\"elementor-toggle-title\" tabindex=\"0\">Sa\u00fade mental, defici\u00eancia e direitos humanos<\/a>\n\t\t\t\t\t<\/div>\n\n\t\t\t\t\t<div id=\"elementor-tab-content-2202\" class=\"elementor-tab-content elementor-clearfix\" data-tab=\"2\" role=\"region\" aria-labelledby=\"elementor-tab-title-2202\"><p><a href=\"https:\/\/iris.who.int\/bitstream\/handle\/10665\/329546\/9789241516709-por.pdf\" target=\"_blank\" rel=\"noopener\">Guia do curso<\/a><\/p><p><a href=\"https:\/\/docs.google.com\/presentation\/d\/1bBr0o905OgGXC1EvJq7z8WUUDB9fkFoV\/edit?usp=sharing&amp;ouid=113017256640807675436&amp;rtpof=true&amp;sd=true\" target=\"_blank\" rel=\"noopener\">Slides<\/a><\/p><\/div>\n\t\t\t\t<\/div>\n\t\t\t\t\t\t\t<div class=\"elementor-toggle-item\">\n\t\t\t\t\t<div id=\"elementor-tab-title-2203\" class=\"elementor-tab-title\" data-tab=\"3\" role=\"button\" aria-controls=\"elementor-tab-content-2203\" aria-expanded=\"false\">\n\t\t\t\t\t\t\t\t\t\t\t\t<span class=\"elementor-toggle-icon elementor-toggle-icon-left\" aria-hidden=\"true\">\n\t\t\t\t\t\t\t\t\t\t\t\t\t\t\t<span class=\"elementor-toggle-icon-closed\"><i class=\"fas fa-caret-right\"><\/i><\/span>\n\t\t\t\t\t\t\t\t<span class=\"elementor-toggle-icon-opened\"><i class=\"elementor-toggle-icon-opened fas fa-caret-up\"><\/i><\/span>\n\t\t\t\t\t\t\t\t\t\t\t\t\t<\/span>\n\t\t\t\t\t\t\t\t\t\t\t\t<a class=\"elementor-toggle-title\" tabindex=\"0\">Recupera\u00e7\u00e3o e direito \u00e0 sa\u00fade<\/a>\n\t\t\t\t\t<\/div>\n\n\t\t\t\t\t<div id=\"elementor-tab-content-2203\" class=\"elementor-tab-content elementor-clearfix\" data-tab=\"3\" role=\"region\" aria-labelledby=\"elementor-tab-title-2203\"><p><a href=\"https:\/\/iris.who.int\/bitstream\/handle\/10665\/329577\/9789241516723-por.pdf\" target=\"_blank\" rel=\"noopener\">Guia do curso<\/a><\/p><p><a href=\"https:\/\/docs.google.com\/presentation\/d\/1G3meywnOI7w-xnJ5HjwitSTtazvIYwKx\/edit?usp=sharing&amp;ouid=113017256640807675436&amp;rtpof=true&amp;sd=true\" target=\"_blank\" rel=\"noopener\">Slides<\/a><\/p><\/div>\n\t\t\t\t<\/div>\n\t\t\t\t\t\t\t<div class=\"elementor-toggle-item\">\n\t\t\t\t\t<div id=\"elementor-tab-title-2204\" class=\"elementor-tab-title\" data-tab=\"4\" role=\"button\" aria-controls=\"elementor-tab-content-2204\" aria-expanded=\"false\">\n\t\t\t\t\t\t\t\t\t\t\t\t<span class=\"elementor-toggle-icon elementor-toggle-icon-left\" aria-hidden=\"true\">\n\t\t\t\t\t\t\t\t\t\t\t\t\t\t\t<span class=\"elementor-toggle-icon-closed\"><i class=\"fas fa-caret-right\"><\/i><\/span>\n\t\t\t\t\t\t\t\t<span class=\"elementor-toggle-icon-opened\"><i class=\"elementor-toggle-icon-opened fas fa-caret-up\"><\/i><\/span>\n\t\t\t\t\t\t\t\t\t\t\t\t\t<\/span>\n\t\t\t\t\t\t\t\t\t\t\t\t<a class=\"elementor-toggle-title\" tabindex=\"0\">Capacidade legal e o direito a decidir<\/a>\n\t\t\t\t\t<\/div>\n\n\t\t\t\t\t<div id=\"elementor-tab-content-2204\" class=\"elementor-tab-content elementor-clearfix\" data-tab=\"4\" role=\"region\" aria-labelledby=\"elementor-tab-title-2204\"><p><a href=\"https:\/\/iris.who.int\/bitstream\/handle\/10665\/329539\/9789241516716-por.pdf\" target=\"_blank\" rel=\"noopener\">Guia do curso<\/a><\/p><p><a href=\"https:\/\/docs.google.com\/presentation\/d\/1gPNBg8OickkzLkwSheD1PNHe_QJUHVQC\/edit?usp=sharing&amp;ouid=113017256640807675436&amp;rtpof=true&amp;sd=true\" target=\"_blank\" rel=\"noopener\">Slides<\/a><\/p><\/div>\n\t\t\t\t<\/div>\n\t\t\t\t\t\t\t<div class=\"elementor-toggle-item\">\n\t\t\t\t\t<div id=\"elementor-tab-title-2205\" class=\"elementor-tab-title\" data-tab=\"5\" role=\"button\" aria-controls=\"elementor-tab-content-2205\" aria-expanded=\"false\">\n\t\t\t\t\t\t\t\t\t\t\t\t<span class=\"elementor-toggle-icon elementor-toggle-icon-left\" aria-hidden=\"true\">\n\t\t\t\t\t\t\t\t\t\t\t\t\t\t\t<span class=\"elementor-toggle-icon-closed\"><i class=\"fas fa-caret-right\"><\/i><\/span>\n\t\t\t\t\t\t\t\t<span class=\"elementor-toggle-icon-opened\"><i class=\"elementor-toggle-icon-opened fas fa-caret-up\"><\/i><\/span>\n\t\t\t\t\t\t\t\t\t\t\t\t\t<\/span>\n\t\t\t\t\t\t\t\t\t\t\t\t<a class=\"elementor-toggle-title\" tabindex=\"0\">Prote\u00e7\u00e3o contra coer\u00e7\u00e3o, viol\u00eancia e abuso<\/a>\n\t\t\t\t\t<\/div>\n\n\t\t\t\t\t<div id=\"elementor-tab-content-2205\" class=\"elementor-tab-content elementor-clearfix\" data-tab=\"5\" role=\"region\" aria-labelledby=\"elementor-tab-title-2205\"><p><a href=\"https:\/\/iris.who.int\/bitstream\/handle\/10665\/329582\/9789241516730-por.pdf\" target=\"_blank\" rel=\"noopener\">Guia do curso<\/a><\/p><p><a href=\"https:\/\/docs.google.com\/presentation\/d\/1AsbAMkfe8rjXBP-XYA3-TepEksa12N3Q\/edit?usp=sharing&amp;ouid=113017256640807675436&amp;rtpof=true&amp;sd=true\" target=\"_blank\" rel=\"noopener\">Slides<\/a><\/p><\/div>\n\t\t\t\t<\/div>\n\t\t\t\t\t\t\t\t<\/div>\n\t\t\t\t<\/div>\n\t\t\t\t<\/div>\n\t\t\t\t<div class=\"elementor-element elementor-element-c71af4c elementor-widget elementor-widget-spacer\" data-id=\"c71af4c\" data-element_type=\"widget\" data-widget_type=\"spacer.default\">\n\t\t\t\t<div class=\"elementor-widget-container\">\n\t\t\t\t\t<div class=\"elementor-spacer\">\n\t\t\t<div class=\"elementor-spacer-inner\"><\/div>\n\t\t<\/div>\n\t\t\t\t<\/div>\n\t\t\t\t<\/div>\n\t\t\t\t\t<\/div>\n\t\t<\/div>\n\t\t\t\t\t<\/div>\n\t\t<\/section>\n\t\t\t\t<section class=\"elementor-section elementor-top-section elementor-element elementor-element-29b058f animated-fast elementor-section-boxed elementor-section-height-default elementor-section-height-default elementor-invisible\" data-id=\"29b058f\" data-element_type=\"section\" data-settings=\"{&quot;animation&quot;:&quot;slideInLeft&quot;}\">\n\t\t\t\t\t\t<div class=\"elementor-container elementor-column-gap-default\">\n\t\t\t\t\t<div class=\"elementor-column elementor-col-100 elementor-top-column elementor-element elementor-element-6fb7585\" data-id=\"6fb7585\" data-element_type=\"column\">\n\t\t\t<div class=\"elementor-widget-wrap elementor-element-populated\">\n\t\t\t\t\t\t<div class=\"elementor-element elementor-element-d1adc72 elementor-widget__width-initial elementor-widget elementor-widget-heading\" data-id=\"d1adc72\" data-element_type=\"widget\" data-widget_type=\"heading.default\">\n\t\t\t\t<div class=\"elementor-widget-container\">\n\t\t\t<h2 class=\"elementor-heading-title elementor-size-default\">Treinamento especializado <i>QualityRights<\/i> da OMS<\/h2>\t\t<\/div>\n\t\t\t\t<\/div>\n\t\t\t\t<div class=\"elementor-element elementor-element-7807178 elementor-widget-divider--view-line elementor-widget elementor-widget-divider\" data-id=\"7807178\" data-element_type=\"widget\" data-widget_type=\"divider.default\">\n\t\t\t\t<div class=\"elementor-widget-container\">\n\t\t\t\t\t<div class=\"elementor-divider\">\n\t\t\t<span class=\"elementor-divider-separator\">\n\t\t\t\t\t\t<\/span>\n\t\t<\/div>\n\t\t\t\t<\/div>\n\t\t\t\t<\/div>\n\t\t\t\t\t<\/div>\n\t\t<\/div>\n\t\t\t\t\t<\/div>\n\t\t<\/section>\n\t\t\t\t<section class=\"elementor-section elementor-top-section elementor-element elementor-element-158c8e5 animated-slow elementor-section-boxed elementor-section-height-default elementor-section-height-default elementor-invisible\" data-id=\"158c8e5\" data-element_type=\"section\" data-settings=\"{&quot;animation&quot;:&quot;fadeIn&quot;}\">\n\t\t\t\t\t\t<div class=\"elementor-container elementor-column-gap-default\">\n\t\t\t\t\t<div class=\"elementor-column elementor-col-100 elementor-top-column elementor-element elementor-element-a7b4be4\" data-id=\"a7b4be4\" data-element_type=\"column\">\n\t\t\t<div class=\"elementor-widget-wrap elementor-element-populated\">\n\t\t\t\t\t\t<div class=\"elementor-element elementor-element-0857117 elementor-widget elementor-widget-toggle\" data-id=\"0857117\" data-element_type=\"widget\" data-widget_type=\"toggle.default\">\n\t\t\t\t<div class=\"elementor-widget-container\">\n\t\t\t\t\t<div class=\"elementor-toggle\">\n\t\t\t\t\t\t\t<div class=\"elementor-toggle-item\">\n\t\t\t\t\t<div id=\"elementor-tab-title-8741\" class=\"elementor-tab-title\" data-tab=\"1\" role=\"button\" aria-controls=\"elementor-tab-content-8741\" aria-expanded=\"false\">\n\t\t\t\t\t\t\t\t\t\t\t\t<span class=\"elementor-toggle-icon elementor-toggle-icon-left\" aria-hidden=\"true\">\n\t\t\t\t\t\t\t\t\t\t\t\t\t\t\t<span class=\"elementor-toggle-icon-closed\"><i class=\"fas fa-caret-right\"><\/i><\/span>\n\t\t\t\t\t\t\t\t<span class=\"elementor-toggle-icon-opened\"><i class=\"elementor-toggle-icon-opened fas fa-caret-up\"><\/i><\/span>\n\t\t\t\t\t\t\t\t\t\t\t\t\t<\/span>\n\t\t\t\t\t\t\t\t\t\t\t\t<a class=\"elementor-toggle-title\" tabindex=\"0\">Tomada de decis\u00e3o apoiada e planejamento antecipado<\/a>\n\t\t\t\t\t<\/div>\n\n\t\t\t\t\t<div id=\"elementor-tab-content-8741\" class=\"elementor-tab-content elementor-clearfix\" data-tab=\"1\" role=\"region\" aria-labelledby=\"elementor-tab-title-8741\"><p><a href=\"https:\/\/drive.google.com\/file\/d\/1QbE5JiL-7iGXlNjN-ZFte6FuSmdaI_Co\/view?usp=sharing\" target=\"_blank\" rel=\"noopener\">Guia do curso<\/a><\/p><p><a href=\"https:\/\/docs.google.com\/presentation\/d\/1qZie24bROFwJGNUqHLx3TN8XnPx8UVvB\/edit?usp=sharing&amp;ouid=113017256640807675436&amp;rtpof=true&amp;sd=true\" target=\"_blank\" rel=\"noopener\">Slides<\/a><\/p><\/div>\n\t\t\t\t<\/div>\n\t\t\t\t\t\t\t<div class=\"elementor-toggle-item\">\n\t\t\t\t\t<div id=\"elementor-tab-title-8742\" class=\"elementor-tab-title\" data-tab=\"2\" role=\"button\" aria-controls=\"elementor-tab-content-8742\" aria-expanded=\"false\">\n\t\t\t\t\t\t\t\t\t\t\t\t<span class=\"elementor-toggle-icon elementor-toggle-icon-left\" aria-hidden=\"true\">\n\t\t\t\t\t\t\t\t\t\t\t\t\t\t\t<span class=\"elementor-toggle-icon-closed\"><i class=\"fas fa-caret-right\"><\/i><\/span>\n\t\t\t\t\t\t\t\t<span class=\"elementor-toggle-icon-opened\"><i class=\"elementor-toggle-icon-opened fas fa-caret-up\"><\/i><\/span>\n\t\t\t\t\t\t\t\t\t\t\t\t\t<\/span>\n\t\t\t\t\t\t\t\t\t\t\t\t<a class=\"elementor-toggle-title\" tabindex=\"0\">Estrat\u00e9gias para acabar com o isolamento e a conten\u00e7\u00e3o<\/a>\n\t\t\t\t\t<\/div>\n\n\t\t\t\t\t<div id=\"elementor-tab-content-8742\" class=\"elementor-tab-content elementor-clearfix\" data-tab=\"2\" role=\"region\" aria-labelledby=\"elementor-tab-title-8742\"><p><a href=\"https:\/\/drive.google.com\/file\/d\/1iiGzJ5Bk1jN8EVd3kIhbDW3jUuh0-acg\/view?usp=sharing\" target=\"_blank\" rel=\"noopener\">Guia do curso<\/a><\/p><p><a href=\"https:\/\/docs.google.com\/presentation\/d\/1JEnGqyEsp27Jte_M027WyUXMjgbjMFtg\/edit?usp=sharing&amp;ouid=113017256640807675436&amp;rtpof=true&amp;sd=true\" target=\"_blank\" rel=\"noopener\">Slides<\/a><\/p><\/div>\n\t\t\t\t<\/div>\n\t\t\t\t\t\t\t<div class=\"elementor-toggle-item\">\n\t\t\t\t\t<div id=\"elementor-tab-title-8743\" class=\"elementor-tab-title\" data-tab=\"3\" role=\"button\" aria-controls=\"elementor-tab-content-8743\" aria-expanded=\"false\">\n\t\t\t\t\t\t\t\t\t\t\t\t<span class=\"elementor-toggle-icon elementor-toggle-icon-left\" aria-hidden=\"true\">\n\t\t\t\t\t\t\t\t\t\t\t\t\t\t\t<span class=\"elementor-toggle-icon-closed\"><i class=\"fas fa-caret-right\"><\/i><\/span>\n\t\t\t\t\t\t\t\t<span class=\"elementor-toggle-icon-opened\"><i class=\"elementor-toggle-icon-opened fas fa-caret-up\"><\/i><\/span>\n\t\t\t\t\t\t\t\t\t\t\t\t\t<\/span>\n\t\t\t\t\t\t\t\t\t\t\t\t<a class=\"elementor-toggle-title\" tabindex=\"0\">Pr\u00e1ticas de recupera\u00e7\u00e3o para a sa\u00fade mental e o bem-estar<\/a>\n\t\t\t\t\t<\/div>\n\n\t\t\t\t\t<div id=\"elementor-tab-content-8743\" class=\"elementor-tab-content elementor-clearfix\" data-tab=\"3\" role=\"region\" aria-labelledby=\"elementor-tab-title-8743\"><p><a href=\"https:\/\/drive.google.com\/file\/d\/1ten1jiKgpFQVJn8SfwPZclp-5JAPSrl2\/view?usp=sharing\" target=\"_blank\" rel=\"noopener\">Guia do curso<\/a><\/p><p><a href=\"https:\/\/docs.google.com\/presentation\/d\/1GhcsauAP_CGRC8BVuTIRsb13TQnDA9rb\/edit?usp=sharing&amp;ouid=113017256640807675436&amp;rtpof=true&amp;sd=true\" target=\"_blank\" rel=\"noopener\">Slides<\/a><\/p><\/div>\n\t\t\t\t<\/div>\n\t\t\t\t\t\t\t\t<\/div>\n\t\t\t\t<\/div>\n\t\t\t\t<\/div>\n\t\t\t\t<div class=\"elementor-element elementor-element-555069f elementor-widget elementor-widget-spacer\" data-id=\"555069f\" data-element_type=\"widget\" data-widget_type=\"spacer.default\">\n\t\t\t\t<div class=\"elementor-widget-container\">\n\t\t\t\t\t<div class=\"elementor-spacer\">\n\t\t\t<div class=\"elementor-spacer-inner\"><\/div>\n\t\t<\/div>\n\t\t\t\t<\/div>\n\t\t\t\t<\/div>\n\t\t\t\t\t<\/div>\n\t\t<\/div>\n\t\t\t\t\t<\/div>\n\t\t<\/section>\n\t\t\t\t<\/div>\n\t\t","protected":false},"excerpt":{"rendered":"<p>QUALITYRIGHTS DA OMS O Treinamento QualityRights da Organiza\u00e7\u00e3o Mundial da Sa\u00fade (OMS) tem como objetivo promover a transforma\u00e7\u00e3o dos servi\u00e7os de sa\u00fade mental, alinhando-os aos princ\u00edpios da Conven\u00e7\u00e3o sobre os Direitos das Pessoas com Defici\u00eancia (CDPD) e a uma abordagem orientada para a recupera\u00e7\u00e3o. Os m\u00f3dulos foram traduzidos e adaptados culturalmente para o contexto brasileiro [&hellip;]<\/p>\n","protected":false},"author":23540,"featured_media":0,"parent":0,"menu_order":0,"comment_status":"closed","ping_status":"closed","template":"","meta":{"_monsterinsights_skip_tracking":false,"_monsterinsights_sitenote_active":false,"_monsterinsights_sitenote_note":"","_monsterinsights_sitenote_category":0,"footnotes":"","_links_to":"","_links_to_target":""},"class_list":["post-4104","page","type-page","status-publish","hentry","entry"],"_links":{"self":[{"href":"https:\/\/sites.usp.br\/cedihus\/wp-json\/wp\/v2\/pages\/4104","targetHints":{"allow":["GET"]}}],"collection":[{"href":"https:\/\/sites.usp.br\/cedihus\/wp-json\/wp\/v2\/pages"}],"about":[{"href":"https:\/\/sites.usp.br\/cedihus\/wp-json\/wp\/v2\/types\/page"}],"author":[{"embeddable":true,"href":"https:\/\/sites.usp.br\/cedihus\/wp-json\/wp\/v2\/users\/23540"}],"replies":[{"embeddable":true,"href":"https:\/\/sites.usp.br\/cedihus\/wp-json\/wp\/v2\/comments?post=4104"}],"version-history":[{"count":4,"href":"https:\/\/sites.usp.br\/cedihus\/wp-json\/wp\/v2\/pages\/4104\/revisions"}],"predecessor-version":[{"id":4891,"href":"https:\/\/sites.usp.br\/cedihus\/wp-json\/wp\/v2\/pages\/4104\/revisions\/4891"}],"wp:attachment":[{"href":"https:\/\/sites.usp.br\/cedihus\/wp-json\/wp\/v2\/media?parent=4104"}],"curies":[{"name":"wp","href":"https:\/\/api.w.org\/{rel}","templated":true}]}}