{"id":4212,"date":"2025-08-18T15:47:09","date_gmt":"2025-08-18T18:47:09","guid":{"rendered":"https:\/\/sites.usp.br\/cedihus\/?page_id=4212"},"modified":"2025-08-19T13:39:41","modified_gmt":"2025-08-19T16:39:41","slug":"projetos-saude-e-desenvolvimento-t1","status":"publish","type":"page","link":"https:\/\/sites.usp.br\/cedihus\/projetos-saude-e-desenvolvimento-t1\/","title":{"rendered":"Projetos &#8211; Saude e Desenvolvimento T1"},"content":{"rendered":"\t\t<div data-elementor-type=\"wp-page\" data-elementor-id=\"4212\" class=\"elementor elementor-4212\" data-elementor-post-type=\"page\">\n\t\t\t\t\t\t<section class=\"elementor-section elementor-top-section elementor-element elementor-element-6feb2aa elementor-section-boxed elementor-section-height-default elementor-section-height-default\" data-id=\"6feb2aa\" data-element_type=\"section\">\n\t\t\t\t\t\t<div class=\"elementor-container elementor-column-gap-default\">\n\t\t\t\t\t<div class=\"elementor-column elementor-col-100 elementor-top-column elementor-element elementor-element-23972e0\" data-id=\"23972e0\" data-element_type=\"column\">\n\t\t\t<div class=\"elementor-widget-wrap elementor-element-populated\">\n\t\t\t\t\t\t<div class=\"elementor-element elementor-element-f09c60d elementor-widget elementor-widget-heading\" data-id=\"f09c60d\" data-element_type=\"widget\" data-widget_type=\"heading.default\">\n\t\t\t\t<div class=\"elementor-widget-container\">\n\t\t\t<h2 class=\"elementor-heading-title elementor-size-default\">Efetividade e Participa\u00e7\u00e3o social: projeto de avalia\u00e7\u00e3o de um Conselho Municipal de Sa\u00fade<\/h2>\t\t<\/div>\n\t\t\t\t<\/div>\n\t\t\t\t\t<\/div>\n\t\t<\/div>\n\t\t\t\t\t<\/div>\n\t\t<\/section>\n\t\t\t\t<section class=\"elementor-section elementor-top-section elementor-element elementor-element-25ddc71 elementor-section-boxed elementor-section-height-default elementor-section-height-default\" data-id=\"25ddc71\" data-element_type=\"section\">\n\t\t\t\t\t\t<div class=\"elementor-container elementor-column-gap-default\">\n\t\t\t\t\t<div class=\"elementor-column elementor-col-100 elementor-top-column elementor-element elementor-element-e86373b\" data-id=\"e86373b\" data-element_type=\"column\">\n\t\t\t<div class=\"elementor-widget-wrap elementor-element-populated\">\n\t\t\t\t\t\t<div class=\"elementor-element elementor-element-9e1a5ac elementor-widget__width-initial elementor-widget elementor-widget-heading\" data-id=\"9e1a5ac\" data-element_type=\"widget\" data-widget_type=\"heading.default\">\n\t\t\t\t<div class=\"elementor-widget-container\">\n\t\t\t<h2 class=\"elementor-heading-title elementor-size-default\">Sobre\n<\/h2>\t\t<\/div>\n\t\t\t\t<\/div>\n\t\t\t\t<div class=\"elementor-element elementor-element-e057792 elementor-widget-divider--view-line elementor-widget elementor-widget-divider\" data-id=\"e057792\" data-element_type=\"widget\" data-widget_type=\"divider.default\">\n\t\t\t\t<div class=\"elementor-widget-container\">\n\t\t\t\t\t<div class=\"elementor-divider\">\n\t\t\t<span class=\"elementor-divider-separator\">\n\t\t\t\t\t\t<\/span>\n\t\t<\/div>\n\t\t\t\t<\/div>\n\t\t\t\t<\/div>\n\t\t\t\t\t<\/div>\n\t\t<\/div>\n\t\t\t\t\t<\/div>\n\t\t<\/section>\n\t\t\t\t<section class=\"elementor-section elementor-top-section elementor-element elementor-element-853117f elementor-section-boxed elementor-section-height-default elementor-section-height-default\" data-id=\"853117f\" data-element_type=\"section\">\n\t\t\t\t\t\t<div class=\"elementor-container elementor-column-gap-default\">\n\t\t\t\t\t<div class=\"elementor-column elementor-col-100 elementor-top-column elementor-element elementor-element-0648ccc\" data-id=\"0648ccc\" data-element_type=\"column\">\n\t\t\t<div class=\"elementor-widget-wrap elementor-element-populated\">\n\t\t\t\t\t\t<div class=\"elementor-element elementor-element-ca705ea elementor-widget elementor-widget-text-editor\" data-id=\"ca705ea\" data-element_type=\"widget\" data-widget_type=\"text-editor.default\">\n\t\t\t\t<div class=\"elementor-widget-container\">\n\t\t\t\t\t\t\t<p><span style=\"font-weight: 400;\">Ao longo dos \u00faltimos 25 anos, o Brasil se tornou um dos pa\u00edses com o maior n\u00famero de pr\u00e1ticas participativas da popula\u00e7\u00e3o, dentre elas ressaltam-se os Conselhos de Sa\u00fade, que atualmente est\u00e3o presentes em aproximadamente 5.500 munic\u00edpios brasileiros e s\u00e3o reconhecidos, no contexto internacional, como estrat\u00e9gias democratizantes efetivas e id\u00f4neas para superar os limites da democracia representativa. No contexto dos Conselhos, recentemente se fortaleceu o interesse em analisar o d\u00e9ficit deliberativo dessas institui\u00e7\u00f5es e a quest\u00e3o da efetividade da participa\u00e7\u00e3o p\u00fablica. A escassez de avalia\u00e7\u00f5es da participa\u00e7\u00e3o p\u00fablica em sa\u00fade tem sido o centro do debate da Organiza\u00e7\u00e3o Mundial da Sa\u00fade (OMS), que tem incentivado seus pa\u00edses membros a analisarem as experi\u00eancias participativas e identificarem boas pr\u00e1ticas. Nesse sentido, este estudo se prop\u00f5e a avaliar a efetividade da participa\u00e7\u00e3o cidad\u00e3 no Conselho Municipal de Sa\u00fade de Ribeir\u00e3o Preto-SP (CMS). Para tanto, utilizar-se-\u00e1 de triangula\u00e7\u00e3o metodol\u00f3gica de coleta de dados com base em entrevistas semiestruturadas, observa\u00e7\u00e3o direta, workshop, grupos focais e an\u00e1lise documental e das atas do Conselho. A an\u00e1lise dos dados ser\u00e1 fundamentada na an\u00e1lise tem\u00e1tica dos resultados. A partir dos dados pretende-se construir e desenvolver um modelo avaliativo da efetividade da participa\u00e7\u00e3o no \u00e2mbito do CMS que leve em conta as seguintes dimens\u00f5es: a) concretiza\u00e7\u00e3o das decis\u00f5es do CMS; b) influ\u00eancia dos representantes dos usu\u00e1rios nos processos de decis\u00e3o do CMS; c) impacto do conhecimento e aprendizagem dos participantes; d) impacto sobre o servi\u00e7o. A realiza\u00e7\u00e3o desta pesquisa demonstra-se pertinente ao identificar os elementos que podem contribuir para o aumento da participa\u00e7\u00e3o dos distintos interessados na constru\u00e7\u00e3o de inst\u00e2ncias efetivas de gest\u00e3o do Sistema \u00danico de Sa\u00fade e consequente resolu\u00e7\u00e3o de problemas enfrentados pela popula\u00e7\u00e3o.<\/span><\/p>\t\t\t\t\t\t<\/div>\n\t\t\t\t<\/div>\n\t\t\t\t\t<\/div>\n\t\t<\/div>\n\t\t\t\t\t<\/div>\n\t\t<\/section>\n\t\t\t\t<section class=\"elementor-section elementor-top-section elementor-element elementor-element-11adec6 elementor-section-boxed elementor-section-height-default elementor-section-height-default\" data-id=\"11adec6\" data-element_type=\"section\">\n\t\t\t\t\t\t<div class=\"elementor-container elementor-column-gap-default\">\n\t\t\t\t\t<div class=\"elementor-column elementor-col-100 elementor-top-column elementor-element elementor-element-a30198b\" data-id=\"a30198b\" data-element_type=\"column\">\n\t\t\t<div class=\"elementor-widget-wrap elementor-element-populated\">\n\t\t\t\t\t\t<div class=\"elementor-element elementor-element-ff2f4d6 elementor-widget__width-initial elementor-widget elementor-widget-heading\" data-id=\"ff2f4d6\" data-element_type=\"widget\" data-widget_type=\"heading.default\">\n\t\t\t\t<div class=\"elementor-widget-container\">\n\t\t\t<h2 class=\"elementor-heading-title elementor-size-default\">Integrantes\n<\/h2>\t\t<\/div>\n\t\t\t\t<\/div>\n\t\t\t\t<div class=\"elementor-element elementor-element-e1c3177 elementor-widget-divider--view-line elementor-widget elementor-widget-divider\" data-id=\"e1c3177\" data-element_type=\"widget\" data-widget_type=\"divider.default\">\n\t\t\t\t<div class=\"elementor-widget-container\">\n\t\t\t\t\t<div class=\"elementor-divider\">\n\t\t\t<span class=\"elementor-divider-separator\">\n\t\t\t\t\t\t<\/span>\n\t\t<\/div>\n\t\t\t\t<\/div>\n\t\t\t\t<\/div>\n\t\t\t\t\t<\/div>\n\t\t<\/div>\n\t\t\t\t\t<\/div>\n\t\t<\/section>\n\t\t\t\t<section class=\"elementor-section elementor-top-section elementor-element elementor-element-32519e5 elementor-section-boxed elementor-section-height-default elementor-section-height-default\" data-id=\"32519e5\" data-element_type=\"section\">\n\t\t\t\t\t\t<div class=\"elementor-container elementor-column-gap-default\">\n\t\t\t\t\t<div class=\"elementor-column elementor-col-100 elementor-top-column elementor-element elementor-element-6b0e8d7\" data-id=\"6b0e8d7\" data-element_type=\"column\">\n\t\t\t<div class=\"elementor-widget-wrap elementor-element-populated\">\n\t\t\t\t\t\t<div class=\"elementor-element elementor-element-880ecbd elementor-align-left elementor-icon-list--layout-traditional elementor-list-item-link-full_width elementor-widget elementor-widget-icon-list\" data-id=\"880ecbd\" data-element_type=\"widget\" data-widget_type=\"icon-list.default\">\n\t\t\t\t<div class=\"elementor-widget-container\">\n\t\t\t\t\t<ul class=\"elementor-icon-list-items\">\n\t\t\t\t\t\t\t<li class=\"elementor-icon-list-item\">\n\t\t\t\t\t\t\t\t\t\t\t<a href=\"http:\/\/lattes.cnpq.br\/3513361005993699\">\n\n\t\t\t\t\t\t\t\t\t\t\t\t<span class=\"elementor-icon-list-icon\">\n\t\t\t\t\t\t\t<i aria-hidden=\"true\" class=\"fas fa-balance-scale\"><\/i>\t\t\t\t\t\t<\/span>\n\t\t\t\t\t\t\t\t\t\t<span class=\"elementor-icon-list-text\">Carla Aparecida Arena Ventura - (Coordena\u00e7\u00e3o)<\/span>\n\t\t\t\t\t\t\t\t\t\t\t<\/a>\n\t\t\t\t\t\t\t\t\t<\/li>\n\t\t\t\t\t\t<\/ul>\n\t\t\t\t<\/div>\n\t\t\t\t<\/div>\n\t\t\t\t\t<\/div>\n\t\t<\/div>\n\t\t\t\t\t<\/div>\n\t\t<\/section>\n\t\t\t\t<\/div>\n\t\t","protected":false},"excerpt":{"rendered":"<p>Efetividade e Participa\u00e7\u00e3o social: projeto de avalia\u00e7\u00e3o de um Conselho Municipal de Sa\u00fade Sobre Ao longo dos \u00faltimos 25 anos, o Brasil se tornou um dos pa\u00edses com o maior n\u00famero de pr\u00e1ticas participativas da popula\u00e7\u00e3o, dentre elas ressaltam-se os Conselhos de Sa\u00fade, que atualmente est\u00e3o presentes em aproximadamente 5.500 munic\u00edpios brasileiros e s\u00e3o reconhecidos, [&hellip;]<\/p>\n","protected":false},"author":23540,"featured_media":0,"parent":0,"menu_order":0,"comment_status":"closed","ping_status":"closed","template":"","meta":{"_monsterinsights_skip_tracking":false,"_monsterinsights_sitenote_active":false,"_monsterinsights_sitenote_note":"","_monsterinsights_sitenote_category":0,"footnotes":"","_links_to":"","_links_to_target":""},"class_list":["post-4212","page","type-page","status-publish","hentry","entry"],"_links":{"self":[{"href":"https:\/\/sites.usp.br\/cedihus\/wp-json\/wp\/v2\/pages\/4212","targetHints":{"allow":["GET"]}}],"collection":[{"href":"https:\/\/sites.usp.br\/cedihus\/wp-json\/wp\/v2\/pages"}],"about":[{"href":"https:\/\/sites.usp.br\/cedihus\/wp-json\/wp\/v2\/types\/page"}],"author":[{"embeddable":true,"href":"https:\/\/sites.usp.br\/cedihus\/wp-json\/wp\/v2\/users\/23540"}],"replies":[{"embeddable":true,"href":"https:\/\/sites.usp.br\/cedihus\/wp-json\/wp\/v2\/comments?post=4212"}],"version-history":[{"count":5,"href":"https:\/\/sites.usp.br\/cedihus\/wp-json\/wp\/v2\/pages\/4212\/revisions"}],"predecessor-version":[{"id":4391,"href":"https:\/\/sites.usp.br\/cedihus\/wp-json\/wp\/v2\/pages\/4212\/revisions\/4391"}],"wp:attachment":[{"href":"https:\/\/sites.usp.br\/cedihus\/wp-json\/wp\/v2\/media?parent=4212"}],"curies":[{"name":"wp","href":"https:\/\/api.w.org\/{rel}","templated":true}]}}