{"id":2028,"date":"2025-05-24T14:09:02","date_gmt":"2025-05-24T16:09:02","guid":{"rendered":"https:\/\/sites.usp.br\/cedmar\/?page_id=2028"},"modified":"2025-06-20T16:00:09","modified_gmt":"2025-06-20T18:00:09","slug":"inicio","status":"publish","type":"page","link":"https:\/\/sites.usp.br\/cedmar\/","title":{"rendered":"In\u00edcio"},"content":{"rendered":"<h1 class=\"p1\">Centro de Estudos em Direito do Mar \u201cVicente Marotta Rangel\u201d \u2013 CEDMAR\/USP<a href=\"https:\/\/sites.usp.br\/cedmar\/wp-content\/uploads\/sites\/973\/2024\/06\/WhatsApp-Image-2024-06-30-at-19.10.10.jpeg\"><img fetchpriority=\"high\" decoding=\"async\" class=\"aligncenter wp-image-1437 size-full\" src=\"https:\/\/sites.usp.br\/cedmar\/wp-content\/uploads\/sites\/973\/2024\/06\/WhatsApp-Image-2024-06-30-at-19.10.10-e1748101890223.jpeg\" alt=\"\" width=\"1280\" height=\"606\" srcset=\"https:\/\/sites.usp.br\/cedmar\/wp-content\/uploads\/sites\/973\/2024\/06\/WhatsApp-Image-2024-06-30-at-19.10.10-e1748101890223.jpeg 1280w, https:\/\/sites.usp.br\/cedmar\/wp-content\/uploads\/sites\/973\/2024\/06\/WhatsApp-Image-2024-06-30-at-19.10.10-e1748101890223-300x142.jpeg 300w, https:\/\/sites.usp.br\/cedmar\/wp-content\/uploads\/sites\/973\/2024\/06\/WhatsApp-Image-2024-06-30-at-19.10.10-e1748101890223-1024x485.jpeg 1024w, https:\/\/sites.usp.br\/cedmar\/wp-content\/uploads\/sites\/973\/2024\/06\/WhatsApp-Image-2024-06-30-at-19.10.10-e1748101890223-768x364.jpeg 768w, https:\/\/sites.usp.br\/cedmar\/wp-content\/uploads\/sites\/973\/2024\/06\/WhatsApp-Image-2024-06-30-at-19.10.10-e1748101890223-400x189.jpeg 400w\" sizes=\"(max-width: 1280px) 100vw, 1280px\" \/><\/a><\/h1>\n<h2>Pr\u00f3ximos Eventos<\/h2>\n<h4>Webinar Direitos Humanos no Mar (Epis\u00f3dio 3) &#8211; Edi\u00e7\u00e3o Especial &#8220;Dia Internacional do Mar\u00edtimo &#8211; Meu Navio sem Ass\u00e9dio&#8221; &#8211; <a href=\"https:\/\/sites.usp.br\/cedmar\/direitos-humanos-no-mar-meu-navio-sem-assedio\/\">Clique Aqui<\/a><\/h4>\n<h2><strong>Quem somos?<\/strong><\/h2>\n<p>O Centro de Estudos em Direito do Mar \u201cVicente Marotta Rangel\u201d (CEDMAR\/USP) \u00e9 um grupo de pesquisa registrado no Diret\u00f3rio de Grupos de Pesquisa do CNPq e reconhecido pelas inst\u00e2ncias da Universidade de S\u00e3o Paulo. Sua atua\u00e7\u00e3o contribui com o desenvolvimento da pesquisa como um dos pilares indissoci\u00e1veis da universidade, ao lado do ensino e da extens\u00e3o.<\/p>\n<p>Desde 2015, o CEDMAR promove o avan\u00e7o do Direito do Mar no Brasil e na Am\u00e9rica Latina por meio de ciclos anuais de pesquisa, com a participa\u00e7\u00e3o de pesquisadores aprovados por processo seletivo. Esses pesquisadores prov\u00eam de diversas \u00e1reas do conhecimento, em conson\u00e2ncia com a proposta transdisciplinar que orienta a compreens\u00e3o do Direito do Mar.<\/p>\n<h4>Calend\u00e1rio de Reuni\u00f5es 2025<\/h4>\n<ul>\n<li>1\u00aa Reuni\u00e3o Ordin\u00e1ria \u2013 08\/03\/2025<\/li>\n<li>2\u00aa Reuni\u00e3o Ordin\u00e1ria \u2013 05\/04\/2025<\/li>\n<li>3\u00aa Reuni\u00e3o Ordin\u00e1ria \u2013 17\/05\/2025<\/li>\n<li>4\u00aa Reuni\u00e3o Ordin\u00e1ria \u2013 28\/06\/2025<\/li>\n<li>5\u00aa Reuni\u00e3o Ordin\u00e1ria \u2013 19\/07\/2025<\/li>\n<li>6\u00aa Reuni\u00e3o Ordin\u00e1ria \u2013 30\/08\/2025<\/li>\n<li>7\u00aa Reuni\u00e3o Ordin\u00e1ria \u2013 13\/09\/2025<\/li>\n<li>8\u00aa Reuni\u00e3o Ordin\u00e1ria \u2013 04\/10\/2025<\/li>\n<li>9\u00aa Reuni\u00e3o Ordin\u00e1ria \u2013 08\/11\/2025<\/li>\n<\/ul>\n<p><a href=\"https:\/\/sites.usp.br\/cedmar\/wp-content\/uploads\/sites\/973\/2025\/05\/P1300864-768x565-1.jpeg\"><img decoding=\"async\" class=\"aligncenter wp-image-2029 size-full\" src=\"https:\/\/sites.usp.br\/cedmar\/wp-content\/uploads\/sites\/973\/2025\/05\/P1300864-768x565-1-e1748102777531.jpeg\" alt=\"\" width=\"602\" height=\"445\" srcset=\"https:\/\/sites.usp.br\/cedmar\/wp-content\/uploads\/sites\/973\/2025\/05\/P1300864-768x565-1-e1748102777531.jpeg 602w, https:\/\/sites.usp.br\/cedmar\/wp-content\/uploads\/sites\/973\/2025\/05\/P1300864-768x565-1-e1748102777531-300x222.jpeg 300w, https:\/\/sites.usp.br\/cedmar\/wp-content\/uploads\/sites\/973\/2025\/05\/P1300864-768x565-1-e1748102777531-600x445.jpeg 600w, https:\/\/sites.usp.br\/cedmar\/wp-content\/uploads\/sites\/973\/2025\/05\/P1300864-768x565-1-e1748102777531-80x60.jpeg 80w, https:\/\/sites.usp.br\/cedmar\/wp-content\/uploads\/sites\/973\/2025\/05\/P1300864-768x565-1-e1748102777531-400x296.jpeg 400w\" sizes=\"(max-width: 602px) 100vw, 602px\" \/><\/a><\/p>\n<h4>Contato:<\/h4>\n<p>Para d\u00favidas ou informa\u00e7\u00f5es, escreva para <strong>cedmarusp02 [arroba] gmail.com<\/strong><\/p>\n<p>&nbsp;<\/p>\n","protected":false},"excerpt":{"rendered":"<p>Centro de Estudos em Direito do Mar \u201cVicente Marotta Rangel\u201d \u2013 CEDMAR\/USP Pr\u00f3ximos Eventos Webinar Direitos Humanos no Mar (Epis\u00f3dio 3) &#8211; Edi\u00e7\u00e3o Especial &#8220;Dia Internacional do Mar\u00edtimo &#8211; Meu Navio sem Ass\u00e9dio&#8221; &#8211;&#46;&#46;&#46;<\/p>\n","protected":false},"author":24128,"featured_media":0,"parent":0,"menu_order":0,"comment_status":"closed","ping_status":"closed","template":"","meta":{"footnotes":"","_links_to":"","_links_to_target":""},"class_list":["post-2028","page","type-page","status-publish","hentry"],"_links":{"self":[{"href":"https:\/\/sites.usp.br\/cedmar\/wp-json\/wp\/v2\/pages\/2028","targetHints":{"allow":["GET"]}}],"collection":[{"href":"https:\/\/sites.usp.br\/cedmar\/wp-json\/wp\/v2\/pages"}],"about":[{"href":"https:\/\/sites.usp.br\/cedmar\/wp-json\/wp\/v2\/types\/page"}],"author":[{"embeddable":true,"href":"https:\/\/sites.usp.br\/cedmar\/wp-json\/wp\/v2\/users\/24128"}],"replies":[{"embeddable":true,"href":"https:\/\/sites.usp.br\/cedmar\/wp-json\/wp\/v2\/comments?post=2028"}],"version-history":[{"count":4,"href":"https:\/\/sites.usp.br\/cedmar\/wp-json\/wp\/v2\/pages\/2028\/revisions"}],"predecessor-version":[{"id":2138,"href":"https:\/\/sites.usp.br\/cedmar\/wp-json\/wp\/v2\/pages\/2028\/revisions\/2138"}],"wp:attachment":[{"href":"https:\/\/sites.usp.br\/cedmar\/wp-json\/wp\/v2\/media?parent=2028"}],"curies":[{"name":"wp","href":"https:\/\/api.w.org\/{rel}","templated":true}]}}