{"id":2062,"date":"2025-05-24T15:50:31","date_gmt":"2025-05-24T17:50:31","guid":{"rendered":"https:\/\/sites.usp.br\/cedmar\/?page_id=2062"},"modified":"2025-05-24T16:45:53","modified_gmt":"2025-05-24T18:45:53","slug":"membros","status":"publish","type":"page","link":"https:\/\/sites.usp.br\/cedmar\/membros\/","title":{"rendered":"Membros"},"content":{"rendered":"<h1>Corpo Diretivo<\/h1>\n<p><strong>Diretor Cient\u00edfico:\u00a0<\/strong>Wagner Menezes<\/p>\n<p><strong>Coordenadora Cient\u00edfica:<\/strong> B\u00e1rbara Mour\u00e3o Sachett<\/p>\n<p><strong>Secret\u00e1rio-Geral:<\/strong> Paulo Henrique Reis de Oliveira<\/p>\n<p><strong>Primeiro Secret\u00e1rio:<\/strong> Eduardo Navarro<\/p>\n<h1>Pesquisadores Bi\u00eanio 2024\/2025<\/h1>\n<p>Andr\u00e9 Centuri\u00f3n Vic\u00eancio<\/p>\n<p>Barbara Mour\u00e3o Sachett<\/p>\n<p>Eduardo Fernandes Rolam Navarro<\/p>\n<p>Elidio Donizetti de Oliveira Catardo<\/p>\n<p>Francisca Nassoma Kumandala Bentral<\/p>\n<p>Gabriela Bardi<\/p>\n<p>Giselle Amorim Nery de Mesquita<\/p>\n<p>Henrique Marcos<\/p>\n<p>J\u00falia Sch\u00fctz Veiga<\/p>\n<p>M\u00e1rcia Brand\u00e3o Carneiro Le\u00e3o<\/p>\n<p>Marina Calanca Servo<\/p>\n<p>Murilo Borges<\/p>\n<p>Paulo Henrique Reis de Oliveira<\/p>\n<p>Wagner Menezes<\/p>\n<p><a href=\"https:\/\/sites.usp.br\/cedmar\/wp-content\/uploads\/sites\/973\/2025\/05\/74331130_2479194135503249_8314499370099671040_n.jpeg\"><img fetchpriority=\"high\" decoding=\"async\" class=\"aligncenter wp-image-2085 size-full\" src=\"https:\/\/sites.usp.br\/cedmar\/wp-content\/uploads\/sites\/973\/2025\/05\/74331130_2479194135503249_8314499370099671040_n.jpeg\" alt=\"\" width=\"956\" height=\"717\" srcset=\"https:\/\/sites.usp.br\/cedmar\/wp-content\/uploads\/sites\/973\/2025\/05\/74331130_2479194135503249_8314499370099671040_n.jpeg 956w, https:\/\/sites.usp.br\/cedmar\/wp-content\/uploads\/sites\/973\/2025\/05\/74331130_2479194135503249_8314499370099671040_n-300x225.jpeg 300w, https:\/\/sites.usp.br\/cedmar\/wp-content\/uploads\/sites\/973\/2025\/05\/74331130_2479194135503249_8314499370099671040_n-768x576.jpeg 768w, https:\/\/sites.usp.br\/cedmar\/wp-content\/uploads\/sites\/973\/2025\/05\/74331130_2479194135503249_8314499370099671040_n-80x60.jpeg 80w, https:\/\/sites.usp.br\/cedmar\/wp-content\/uploads\/sites\/973\/2025\/05\/74331130_2479194135503249_8314499370099671040_n-400x300.jpeg 400w\" sizes=\"(max-width: 956px) 100vw, 956px\" \/><\/a><\/p>\n<h1>Egressos<\/h1>\n<h2>Pesquisadores<\/h2>\n<p>Abra\u00e3o Lucas Pacheco Hercheui<\/p>\n<p>Adriana Isabelle Barbosa Lima S\u00e1 Leit\u00e3o<\/p>\n<p>Bruna Bruzaca Gomes de Albuquerque<\/p>\n<p>Caio Leal Messias<\/p>\n<p>Elizabete Maria Barros Thomas<\/p>\n<p>Giovanna Sampaio<\/p>\n<p>Gustavo Maciel Gomes<\/p>\n<p>Ida Geovanna Medeiros da Costa<\/p>\n<p>Katiuscia Raffaela da Silva Leite Noury<\/p>\n<p>Lu\u00eds Ant\u00f3nio Cuco de Jesus<\/p>\n<p>Manuela Bocayuva Carvalho<\/p>\n<p>Marcelo Neves<\/p>\n<p>Maria Debora Rosendo Gomes<\/p>\n<p>Pedro Sampaio Minassa<\/p>\n<p>Rog\u00e9rio de Oliveira Gon\u00e7alves<\/p>\n<p>Rumi Shoji<\/p>\n<p>Vit\u00f3ria Maciel de Freitas Oliveira<\/p>\n<p>Wellington Boigues Corbalan Tebar<\/p>\n<h2>Estudantes<\/h2>\n<p>Alexandre Uchoa da Silva<\/p>\n<p>Ana Beatriz dos Reis Zurlo<\/p>\n<p>Anna Kathlen de Souza e Silva<\/p>\n<p>\u00c2ngela Cristina Ferreira<\/p>\n<p>B\u00e1rbara Lopes Furlan<\/p>\n<p>B\u00e1rbara Tha\u00eds Pinheiro Silva<\/p>\n<p>Emanuelle Marcondes Bastos Pereira Flemming<\/p>\n<p>Enio Ricardo Gomes J\u00fanior<\/p>\n<p>Isabela Helena Bomfim<\/p>\n<p>Jos\u00e9 Almir da Luz J\u00fanior<\/p>\n<p>Lara Kethllin Maia Damasceno Queiroz<\/p>\n<p>L\u00e1zaro Marques de Oliveira Neto<\/p>\n<p>Mariana Piauilino Caldeira<\/p>\n<p>M\u00e1rio Fernando Alves Amorim<\/p>\n<p>Pablo Ruan Siqueira Lopes<\/p>\n<p>Paulo Philip Marques Bel\u00e9m<\/p>\n","protected":false},"excerpt":{"rendered":"<p>Corpo Diretivo Diretor Cient\u00edfico:\u00a0Wagner Menezes Coordenadora Cient\u00edfica: B\u00e1rbara Mour\u00e3o Sachett Secret\u00e1rio-Geral: Paulo Henrique Reis de Oliveira Primeiro Secret\u00e1rio: Eduardo Navarro Pesquisadores Bi\u00eanio 2024\/2025 Andr\u00e9 Centuri\u00f3n Vic\u00eancio Barbara Mour\u00e3o Sachett Eduardo Fernandes Rolam Navarro Elidio&#46;&#46;&#46;<\/p>\n","protected":false},"author":24128,"featured_media":0,"parent":0,"menu_order":0,"comment_status":"closed","ping_status":"closed","template":"","meta":{"footnotes":"","_links_to":"","_links_to_target":""},"class_list":["post-2062","page","type-page","status-publish","hentry"],"_links":{"self":[{"href":"https:\/\/sites.usp.br\/cedmar\/wp-json\/wp\/v2\/pages\/2062","targetHints":{"allow":["GET"]}}],"collection":[{"href":"https:\/\/sites.usp.br\/cedmar\/wp-json\/wp\/v2\/pages"}],"about":[{"href":"https:\/\/sites.usp.br\/cedmar\/wp-json\/wp\/v2\/types\/page"}],"author":[{"embeddable":true,"href":"https:\/\/sites.usp.br\/cedmar\/wp-json\/wp\/v2\/users\/24128"}],"replies":[{"embeddable":true,"href":"https:\/\/sites.usp.br\/cedmar\/wp-json\/wp\/v2\/comments?post=2062"}],"version-history":[{"count":3,"href":"https:\/\/sites.usp.br\/cedmar\/wp-json\/wp\/v2\/pages\/2062\/revisions"}],"predecessor-version":[{"id":2091,"href":"https:\/\/sites.usp.br\/cedmar\/wp-json\/wp\/v2\/pages\/2062\/revisions\/2091"}],"wp:attachment":[{"href":"https:\/\/sites.usp.br\/cedmar\/wp-json\/wp\/v2\/media?parent=2062"}],"curies":[{"name":"wp","href":"https:\/\/api.w.org\/{rel}","templated":true}]}}