{"id":2,"date":"2020-09-17T12:16:26","date_gmt":"2020-09-17T15:16:26","guid":{"rendered":"http:\/\/sites.usp.br\/cemi\/?page_id=2"},"modified":"2023-05-10T14:13:47","modified_gmt":"2023-05-10T17:13:47","slug":"pagina-exemplo","status":"publish","type":"page","link":"https:\/\/sites.usp.br\/cemi\/","title":{"rendered":"Comparative Embryology of Marine Invertebrates 2023"},"content":{"rendered":"<p><img decoding=\"async\" class=\"wp-image-8 size-thumbnail alignleft\" src=\"https:\/\/sites.usp.br\/cemi\/wp-content\/uploads\/sites\/1302\/2023\/05\/cemi-2023-2-1-150x150.jpg\" alt=\"\" width=\"150\" height=\"150\" srcset=\"https:\/\/sites.usp.br\/cemi\/wp-content\/uploads\/sites\/1302\/2023\/05\/cemi-2023-2-1-150x150.jpg 150w, https:\/\/sites.usp.br\/cemi\/wp-content\/uploads\/sites\/1302\/2023\/05\/cemi-2023-2-1-600x600.jpg 600w, https:\/\/sites.usp.br\/cemi\/wp-content\/uploads\/sites\/1302\/2023\/05\/cemi-2023-2-1-45x45.jpg 45w\" sizes=\"(max-width: 150px) 100vw, 150px\" \/><\/p>\r\n<p style=\"text-align: left;\"><b>Comparative Embryology of Marine Invertebrates 2023<\/b><\/p>\r\n<p style=\"text-align: left;\"><b>CEBIMar-USP (Aug. 7-20)<\/b><\/p>\r\n<p style=\"text-align: left;\"><b>S\u00e3o Sebasti\u00e3o, SP, Brazil<\/b><\/p>\r\n<p>&nbsp;<\/p>\r\n<p style=\"text-align: center;\"><b>CEMI 2023 instructors in alphabetical order:<\/b><\/p>\r\n<p style=\"text-align: center;\">Alvaro Migotto &#8211; CEBIMar (cnidarian\/invertebrate systematics)<\/p>\r\n<p style=\"text-align: center;\">Andr\u00e9 Morandini &#8211; ZOO-IB-USP (cnidarian systematics)<\/p>\r\n<p style=\"text-align: center;\">Augusto Flores &#8211; CEBIMar (larval ecological dynamics)<\/p>\r\n<p style=\"text-align: center;\">Federico Brown &#8211; ZOO-IB-USP (tunicate\/nematode\/platyhelminthes evo-devo)<\/p>\r\n<p style=\"text-align: center;\">Kirsten Koenig &#8211; HARVARD (cephalopod eye development and evolution)<\/p>\r\n<p style=\"text-align: center;\">S\u00f4nia Andrade &#8211; GEN\u00c9TICA-IB-USP (nemerteans and computational biology)<\/p>\r\n<p style=\"text-align: center;\">Vinicius Queiroz &#8211; FISIO-IB-USP (echinoderm blood cells)<\/p>\r\n<p><b>Number of students:<\/b> 14<\/p>\r\n<p><b>Languages<\/b>: Official language of the course is English, with occasional Portuguese<\/p>\r\n<p>&nbsp;<\/p>\r\n<p>For course syllabus (in Portuguese and English), place &#8216;BIZ5765&#8217; in the box &#8220;<b>Sigla da Disciplina&#8221; <\/b>in the USP graduate course catalog below:<\/p>\r\n<p><a href=\"https:\/\/uspdigital.usp.br\/janus\/componente\/catalogoDisciplinasInicial.jsf\">https:\/\/uspdigital.usp.br\/janus\/componente\/catalogoDisciplinasInicial.jsf<\/a><\/p>\r\n<p>&nbsp;<\/p>\r\n<p>&nbsp;<\/p>\r\n<p><b>Application steps<\/b>:<\/p>\r\n<ol>\r\n<li aria-level=\"1\">All interested students (USP and non-USP students) should fill in the following Google Form by<b> June 7th <\/b>(includes paragraph of intent, which explains why you are interested in attending the course and how the course could benefit your ongoing research):<\/li>\r\n<\/ol>\r\n<p><a href=\"https:\/\/docs.google.com\/forms\/d\/e\/1FAIpQLSe_GjdgbaymV5t3-EWphzYoAX7igTDiKAQVBGGEg5aaEDAZ7g\/viewform?usp=sharing\">https:\/\/docs.google.com\/forms\/d\/e\/1FAIpQLSe_GjdgbaymV5t3-EWphzYoAX7igTDiKAQVBGGEg5aaEDAZ7g\/viewform?usp=sharing<\/a><\/p>\r\n<ol>\r\n<li aria-level=\"1\">Accepted students will be informed by <b>June 9th<\/b>.<\/li>\r\n<li aria-level=\"1\">Accepted students will need to confirm their participation in the course by<b> June 23th<\/b>.<\/li>\r\n<li aria-level=\"1\">Students in the waiting list may be called until the first week of July.<\/li>\r\n<li aria-level=\"1\">After the pre-selection process above, only accepted students that have confirmed their participation will be directed to officially register for the course in July via official USP registration.<\/li>\r\n<\/ol>\r\n<p><br \/><b>Registration costs: <\/b>R$ 0 for USP students (alunos regulares), R$50 (approx. US$10) for all other students (alunos especiais).<\/p>\r\n<p><b>Accommodation costs at CEBIMar (Aug. 7-20): <\/b>R$546 (approx. US$110)<\/p>\r\n<p><b>Estimated meal plan (Aug. 7-20): <\/b>approx. R$780 (approx. US$160), final cost of meal plan will be determined upon acceptance to the course.<\/p>\r\n<p><br \/><br \/><b>Notes:<\/b><\/p>\r\n<p>All course participants are expected to cover all costs of travel to the USP main campus in S\u00e3o Paulo from their city of origin before and after the course.<\/p>\r\n<p>Bus round trip will be provided from the USP main campus in S\u00e3o Paulo to CEBIMar in S\u00e3o Sebasti\u00e3o before and after the course.<\/p>\r\n<p>We are in the process of raising funds to help defray costs of accommodation and meals to all accepted students. However, if enough funding cannot be raised, financial assistance will be provided to students based on necessity.<\/p>\r\n<p>&nbsp;<\/p>\r\n<p><strong>For further info please contact:<\/strong> fdbrown@usp.br<\/p>\r\n","protected":false},"excerpt":{"rendered":"<p>Comparative Embryology of Marine Invertebrates 2023 CEBIMar-USP (Aug. 7-20) S\u00e3o Sebasti\u00e3o, SP, Brazil &nbsp; CEMI 2023 instructors in alphabetical order: Alvaro Migotto &#8211; CEBIMar (cnidarian\/invertebrate systematics) Andr\u00e9 Morandini &#8211; ZOO-IB-USP (cnidarian systematics) Augusto Flores &#8211; CEBIMar (larval ecological dynamics) Federico Brown &#8211; ZOO-IB-USP (tunicate\/nematode\/platyhelminthes evo-devo) Kirsten Koenig &#8211; HARVARD (cephalopod eye development and evolution) S\u00f4nia [&hellip;]<\/p>\n","protected":false},"author":1,"featured_media":8,"parent":0,"menu_order":1,"comment_status":"closed","ping_status":"closed","template":"templates\/landing.php","meta":{"ocean_post_layout":"","ocean_both_sidebars_style":"","ocean_both_sidebars_content_width":0,"ocean_both_sidebars_sidebars_width":0,"ocean_sidebar":"0","ocean_second_sidebar":"0","ocean_disable_margins":"on","ocean_add_body_class":"","ocean_shortcode_before_top_bar":"","ocean_shortcode_after_top_bar":"","ocean_shortcode_before_header":"","ocean_shortcode_after_header":"","ocean_has_shortcode":"","ocean_shortcode_after_title":"","ocean_shortcode_before_footer_widgets":"","ocean_shortcode_after_footer_widgets":"","ocean_shortcode_before_footer_bottom":"","ocean_shortcode_after_footer_bottom":"","ocean_display_top_bar":"default","ocean_display_header":"default","ocean_header_style":"","ocean_center_header_left_menu":"0","ocean_custom_header_template":"0","ocean_custom_logo":0,"ocean_custom_retina_logo":0,"ocean_custom_logo_max_width":0,"ocean_custom_logo_tablet_max_width":0,"ocean_custom_logo_mobile_max_width":0,"ocean_custom_logo_max_height":0,"ocean_custom_logo_tablet_max_height":0,"ocean_custom_logo_mobile_max_height":0,"ocean_header_custom_menu":"0","ocean_menu_typo_font_family":"0","ocean_menu_typo_font_subset":"","ocean_menu_typo_font_size":0,"ocean_menu_typo_font_size_tablet":0,"ocean_menu_typo_font_size_mobile":0,"ocean_menu_typo_font_size_unit":"px","ocean_menu_typo_font_weight":"","ocean_menu_typo_font_weight_tablet":"","ocean_menu_typo_font_weight_mobile":"","ocean_menu_typo_transform":"","ocean_menu_typo_transform_tablet":"","ocean_menu_typo_transform_mobile":"","ocean_menu_typo_line_height":0,"ocean_menu_typo_line_height_tablet":0,"ocean_menu_typo_line_height_mobile":0,"ocean_menu_typo_line_height_unit":"","ocean_menu_typo_spacing":0,"ocean_menu_typo_spacing_tablet":0,"ocean_menu_typo_spacing_mobile":0,"ocean_menu_typo_spacing_unit":"","ocean_menu_link_color":"","ocean_menu_link_color_hover":"","ocean_menu_link_color_active":"","ocean_menu_link_background":"","ocean_menu_link_hover_background":"","ocean_menu_link_active_background":"","ocean_menu_social_links_bg":"","ocean_menu_social_hover_links_bg":"","ocean_menu_social_links_color":"","ocean_menu_social_hover_links_color":"","ocean_disable_title":"default","ocean_disable_heading":"default","ocean_post_title":"","ocean_post_subheading":"","ocean_post_title_style":"","ocean_post_title_background_color":"","ocean_post_title_background":0,"ocean_post_title_bg_image_position":"","ocean_post_title_bg_image_attachment":"","ocean_post_title_bg_image_repeat":"","ocean_post_title_bg_image_size":"","ocean_post_title_height":0,"ocean_post_title_bg_overlay":0.5,"ocean_post_title_bg_overlay_color":"","ocean_disable_breadcrumbs":"default","ocean_breadcrumbs_color":"","ocean_breadcrumbs_separator_color":"","ocean_breadcrumbs_links_color":"","ocean_breadcrumbs_links_hover_color":"","ocean_display_footer_widgets":"default","ocean_display_footer_bottom":"default","ocean_custom_footer_template":"0","footnotes":"","_links_to":"","_links_to_target":""},"class_list":["post-2","page","type-page","status-publish","has-post-thumbnail","hentry","entry","has-media"],"_links":{"self":[{"href":"https:\/\/sites.usp.br\/cemi\/wp-json\/wp\/v2\/pages\/2","targetHints":{"allow":["GET"]}}],"collection":[{"href":"https:\/\/sites.usp.br\/cemi\/wp-json\/wp\/v2\/pages"}],"about":[{"href":"https:\/\/sites.usp.br\/cemi\/wp-json\/wp\/v2\/types\/page"}],"author":[{"embeddable":true,"href":"https:\/\/sites.usp.br\/cemi\/wp-json\/wp\/v2\/users\/1"}],"replies":[{"embeddable":true,"href":"https:\/\/sites.usp.br\/cemi\/wp-json\/wp\/v2\/comments?post=2"}],"version-history":[{"count":4,"href":"https:\/\/sites.usp.br\/cemi\/wp-json\/wp\/v2\/pages\/2\/revisions"}],"predecessor-version":[{"id":26,"href":"https:\/\/sites.usp.br\/cemi\/wp-json\/wp\/v2\/pages\/2\/revisions\/26"}],"wp:featuredmedia":[{"embeddable":true,"href":"https:\/\/sites.usp.br\/cemi\/wp-json\/wp\/v2\/media\/8"}],"wp:attachment":[{"href":"https:\/\/sites.usp.br\/cemi\/wp-json\/wp\/v2\/media?parent=2"}],"curies":[{"name":"wp","href":"https:\/\/api.w.org\/{rel}","templated":true}]}}