{"id":1002,"date":"2022-11-21T13:35:51","date_gmt":"2022-11-21T16:35:51","guid":{"rendered":"https:\/\/sites.usp.br\/centrommw\/?page_id=1002"},"modified":"2025-10-30T08:27:53","modified_gmt":"2025-10-30T11:27:53","slug":"equipamentos","status":"publish","type":"page","link":"https:\/\/sites.usp.br\/centrommw\/equipamentos\/","title":{"rendered":"Equipamentos"},"content":{"rendered":"<div id=\"pl-1002\"  class=\"panel-layout\" ><div id=\"pg-1002-0\"  class=\"panel-grid panel-no-style\" ><div id=\"pgc-1002-0-0\"  class=\"panel-grid-cell\" ><div id=\"panel-1002-0-0-0\" class=\"so-panel widget widget_sow-headline panel-first-child panel-last-child\" data-index=\"0\" ><div\n\t\t\t\n\t\t\tclass=\"so-widget-sow-headline so-widget-sow-headline-default-66a9a05c4202-1002 so-widget-fittext-wrapper\"\n\t\t\t data-fit-text-compressor=\"\"\n\t\t><div class=\"sow-headline-container \">\n\t\t\t\t\t\t\t<h2 class=\"sow-headline\">\n\t\t\t\t\t\tNosso centro conta com os seguintes equipamentos:\t\t\t\t\t\t<\/h2>\n\t\t\t\t\t\t<\/div>\n<\/div><\/div><\/div><\/div><div id=\"pg-1002-1\"  class=\"panel-grid panel-no-style\" ><div id=\"pgc-1002-1-0\"  class=\"panel-grid-cell\" ><div id=\"panel-1002-1-0-0\" class=\"so-panel widget widget_sow-headline panel-first-child\" data-index=\"1\" ><div\n\t\t\t\n\t\t\tclass=\"so-widget-sow-headline so-widget-sow-headline-default-b8098b04b1fa-1002\"\n\t\t\t\n\t\t><div class=\"sow-headline-container \">\n\t\t\t\t\t\t\t<h2 class=\"sow-headline\">\n\t\t\t\t\t\t\t\t\t\t\t\t\t<a href=\"https:\/\/sites.usp.br\/centrommw\/pna-4-portas-ate-67-ghz\/\" >\n\t\t\t\t\t\t\t\tPNA 4 portas at\u00e9 67 GHz<\/a>\t\t\t\t\t\t<\/h2>\n\t\t\t\t\t\t\t\t\t\t\t\t<h6 class=\"sow-sub-headline\">\n\t\t\t\t\t\tEquipamento Multiusu\u00e1rio FAPESP projeto n\u00ba: 2016\/25779-9\t\t\t\t\t\t<\/h6>\n\t\t\t\t\t\t<\/div>\n<\/div><\/div><div id=\"panel-1002-1-0-1\" class=\"so-panel widget widget_sow-image\" data-index=\"2\" ><div\n\t\t\t\n\t\t\tclass=\"so-widget-sow-image so-widget-sow-image-default-c67d20f9f743-1002\"\n\t\t\t\n\t\t>\n<div class=\"sow-image-container\">\n\t\t<img fetchpriority=\"high\" \n\tsrc=\"https:\/\/sites.usp.br\/centrommw\/wp-content\/uploads\/sites\/525\/2019\/10\/PNA-300x225.jpeg\" width=\"300\" height=\"225\" srcset=\"https:\/\/sites.usp.br\/centrommw\/wp-content\/uploads\/sites\/525\/2019\/10\/PNA-300x225.jpeg 300w, https:\/\/sites.usp.br\/centrommw\/wp-content\/uploads\/sites\/525\/2019\/10\/PNA-768x576.jpeg 768w, https:\/\/sites.usp.br\/centrommw\/wp-content\/uploads\/sites\/525\/2019\/10\/PNA-1024x768.jpeg 1024w, https:\/\/sites.usp.br\/centrommw\/wp-content\/uploads\/sites\/525\/2019\/10\/PNA-285x214.jpeg 285w, https:\/\/sites.usp.br\/centrommw\/wp-content\/uploads\/sites\/525\/2019\/10\/PNA-80x60.jpeg 80w, https:\/\/sites.usp.br\/centrommw\/wp-content\/uploads\/sites\/525\/2019\/10\/PNA-400x300.jpeg 400w, https:\/\/sites.usp.br\/centrommw\/wp-content\/uploads\/sites\/525\/2019\/10\/PNA.jpeg 1280w\" sizes=\"(max-width: 300px) 100vw, 300px\" alt=\"\" \t\tclass=\"so-widget-image\"\/>\n\t<\/div>\n\n<\/div><\/div><div id=\"panel-1002-1-0-2\" class=\"so-panel widget widget_sow-editor\" data-index=\"3\" ><div\n\t\t\t\n\t\t\tclass=\"so-widget-sow-editor so-widget-sow-editor-base\"\n\t\t\t\n\t\t>\n<div class=\"siteorigin-widget-tinymce textwidget\">\n\t<p>O Analisador de Espectro Vetorial de alta performance PNA N5227-B da Keysight Technologies \u00e9 um equipamento capaz de medir dispositivos e sistemas com 4 portas at\u00e9 67 GHz. Possui 2 fontes que possibilita fazer medidas com 2 tons ou fases diferentes.<\/p>\n<\/div>\n<\/div><\/div><div id=\"panel-1002-1-0-3\" class=\"so-panel widget widget_sow-headline\" data-index=\"4\" ><div\n\t\t\t\n\t\t\tclass=\"so-widget-sow-headline so-widget-sow-headline-default-d6db24c2db75-1002\"\n\t\t\t\n\t\t><div class=\"sow-headline-container \">\n\t\t\t\t\t\t\t<h2 class=\"sow-headline\">\n\t\t\t\t\t\t\t\t\t\t\t\t\t<a href=\"https:\/\/sites.usp.br\/centrommw\/estacao-de-micropontas\/\" >\n\t\t\t\t\t\t\t\tEsta\u00e7\u00e3o de Micropontas<\/a>\t\t\t\t\t\t<\/h2>\n\t\t\t\t\t\t\t\t\t\t\t<div class=\"decoration\">\n\t\t\t\t\t\t<div class=\"decoration-inside\"><\/div>\n\t\t\t\t\t<\/div>\n\t\t\t\t\t<\/div>\n<\/div><\/div><div id=\"panel-1002-1-0-4\" class=\"so-panel widget widget_sow-image\" data-index=\"5\" ><div\n\t\t\t\n\t\t\tclass=\"so-widget-sow-image so-widget-sow-image-default-c67d20f9f743-1002\"\n\t\t\t\n\t\t>\n<div class=\"sow-image-container\">\n\t\t<img \n\tsrc=\"https:\/\/sites.usp.br\/centrommw\/wp-content\/uploads\/sites\/525\/2023\/01\/HDR_Microscopio_Cascade-1-300x200.jpg\" width=\"300\" height=\"200\" srcset=\"https:\/\/sites.usp.br\/centrommw\/wp-content\/uploads\/sites\/525\/2023\/01\/HDR_Microscopio_Cascade-1-300x200.jpg 300w, https:\/\/sites.usp.br\/centrommw\/wp-content\/uploads\/sites\/525\/2023\/01\/HDR_Microscopio_Cascade-1-1024x684.jpg 1024w, https:\/\/sites.usp.br\/centrommw\/wp-content\/uploads\/sites\/525\/2023\/01\/HDR_Microscopio_Cascade-1-768x513.jpg 768w, https:\/\/sites.usp.br\/centrommw\/wp-content\/uploads\/sites\/525\/2023\/01\/HDR_Microscopio_Cascade-1-1536x1026.jpg 1536w, https:\/\/sites.usp.br\/centrommw\/wp-content\/uploads\/sites\/525\/2023\/01\/HDR_Microscopio_Cascade-1-2048x1368.jpg 2048w, https:\/\/sites.usp.br\/centrommw\/wp-content\/uploads\/sites\/525\/2023\/01\/HDR_Microscopio_Cascade-1-750x500.jpg 750w, https:\/\/sites.usp.br\/centrommw\/wp-content\/uploads\/sites\/525\/2023\/01\/HDR_Microscopio_Cascade-1-272x182.jpg 272w, https:\/\/sites.usp.br\/centrommw\/wp-content\/uploads\/sites\/525\/2023\/01\/HDR_Microscopio_Cascade-1-400x267.jpg 400w\" sizes=\"(max-width: 300px) 100vw, 300px\" title=\"HDR_Microsc\u00f3pio_Cascade\" alt=\"\" \t\tclass=\"so-widget-image\"\/>\n\t<\/div>\n\n<\/div><\/div><div id=\"panel-1002-1-0-5\" class=\"so-panel widget widget_sow-editor panel-last-child\" data-index=\"6\" ><div\n\t\t\t\n\t\t\tclass=\"so-widget-sow-editor so-widget-sow-editor-base\"\n\t\t\t\n\t\t>\n<div class=\"siteorigin-widget-tinymce textwidget\">\n\t<p>Esta\u00e7\u00e3o que permite a caracteriza\u00e7\u00e3o de circuitos integrados ou circuitos n\u00e3o conectorizados. \u00c9 equipado com pontas do tipo GSG capazes de medir at\u00e9 110 GHz em pads com pitch de 100 \u03bcm, pontas para alimenta\u00e7\u00e3o DC (biasing) e microsc\u00f3pio com x de resolu\u00e7\u00e3o.<\/p>\n<\/div>\n<\/div><\/div><\/div><div id=\"pgc-1002-1-1\"  class=\"panel-grid-cell\" ><div id=\"panel-1002-1-1-0\" class=\"so-panel widget widget_sow-headline panel-first-child\" data-index=\"7\" ><div\n\t\t\t\n\t\t\tclass=\"so-widget-sow-headline so-widget-sow-headline-default-fab8637d4ae5-1002 so-widget-fittext-wrapper\"\n\t\t\t data-fit-text-compressor=\"0.85\"\n\t\t><div class=\"sow-headline-container \">\n\t\t\t\t\t\t\t<h2 class=\"sow-headline\">\n\t\t\t\t\t\t\t\t\t\t\t\t\t<a href=\"https:\/\/sites.usp.br\/centrommw\/extensores-ate-170-ghz\/\" >\n\t\t\t\t\t\t\t\tExtensores at\u00e9 170 GHz<\/a>\t\t\t\t\t\t<\/h2>\n\t\t\t\t\t\t\t\t\t\t\t\t<h6 class=\"sow-sub-headline\">\n\t\t\t\t\t\tEquipamento Multiusu\u00e1rio FAPESP projeto n\u00ba: 2016\/25779-9\t\t\t\t\t\t<\/h6>\n\t\t\t\t\t\t<\/div>\n<\/div><\/div><div id=\"panel-1002-1-1-1\" class=\"so-panel widget widget_sow-image\" data-index=\"8\" ><div\n\t\t\t\n\t\t\tclass=\"so-widget-sow-image so-widget-sow-image-default-c67d20f9f743-1002\"\n\t\t\t\n\t\t>\n<div class=\"sow-image-container\">\n\t\t<img \n\tsrc=\"https:\/\/sites.usp.br\/centrommw\/wp-content\/uploads\/sites\/525\/2019\/10\/cabe\u00e7a-pontas-e-bias-300x169.jpeg\" width=\"300\" height=\"169\" srcset=\"https:\/\/sites.usp.br\/centrommw\/wp-content\/uploads\/sites\/525\/2019\/10\/cabe\u00e7a-pontas-e-bias-300x169.jpeg 300w, https:\/\/sites.usp.br\/centrommw\/wp-content\/uploads\/sites\/525\/2019\/10\/cabe\u00e7a-pontas-e-bias-768x431.jpeg 768w, https:\/\/sites.usp.br\/centrommw\/wp-content\/uploads\/sites\/525\/2019\/10\/cabe\u00e7a-pontas-e-bias-1024x575.jpeg 1024w, https:\/\/sites.usp.br\/centrommw\/wp-content\/uploads\/sites\/525\/2019\/10\/cabe\u00e7a-pontas-e-bias-310x174.jpeg 310w, https:\/\/sites.usp.br\/centrommw\/wp-content\/uploads\/sites\/525\/2019\/10\/cabe\u00e7a-pontas-e-bias-400x225.jpeg 400w, https:\/\/sites.usp.br\/centrommw\/wp-content\/uploads\/sites\/525\/2019\/10\/cabe\u00e7a-pontas-e-bias.jpeg 1280w\" sizes=\"(max-width: 300px) 100vw, 300px\" title=\"cabe\u00e7a pontas e bias\" alt=\"\" \t\tclass=\"so-widget-image\"\/>\n\t<\/div>\n\n<\/div><\/div><div id=\"panel-1002-1-1-2\" class=\"so-panel widget widget_sow-editor\" data-index=\"9\" ><div\n\t\t\t\n\t\t\tclass=\"so-widget-sow-editor so-widget-sow-editor-base\"\n\t\t\t\n\t\t>\n<div class=\"siteorigin-widget-tinymce textwidget\">\n\t<p>Os m\u00f3dulos da Keysight Technologies s\u00e3o extensores de frequ\u00eancia que permitem medi\u00e7\u00f5es de dispositivos e sistemas com 2 portas at\u00e9 170 GHz.<\/p>\n<\/div>\n<\/div><\/div><div id=\"panel-1002-1-1-3\" class=\"so-panel widget widget_sow-headline\" data-index=\"10\" ><div\n\t\t\t\n\t\t\tclass=\"so-widget-sow-headline so-widget-sow-headline-default-fab8637d4ae5-1002 so-widget-fittext-wrapper\"\n\t\t\t data-fit-text-compressor=\"0.85\"\n\t\t><div class=\"sow-headline-container \">\n\t\t\t\t\t\t\t<h2 class=\"sow-headline\">\n\t\t\t\t\t\t\t\t\t\t\t\t\t<a href=\"\" >\n\t\t\t\t\t\t\t\tC\u00e2mara Anec\u00f3ica<\/a>\t\t\t\t\t\t<\/h2>\n\t\t\t\t\t\t<\/div>\n<\/div><\/div><div id=\"panel-1002-1-1-4\" class=\"so-panel widget widget_sow-image\" data-index=\"11\" ><div\n\t\t\t\n\t\t\tclass=\"so-widget-sow-image so-widget-sow-image-default-c67d20f9f743-1002\"\n\t\t\t\n\t\t>\n<div class=\"sow-image-container\">\n\t\t<img loading=\"lazy\" \n\tsrc=\"https:\/\/sites.usp.br\/centrommw\/wp-content\/uploads\/sites\/525\/2019\/12\/WhatsApp-Image-2019-12-05-at-7.01.45-PM-300x225.jpeg\" width=\"300\" height=\"225\" srcset=\"https:\/\/sites.usp.br\/centrommw\/wp-content\/uploads\/sites\/525\/2019\/12\/WhatsApp-Image-2019-12-05-at-7.01.45-PM-300x225.jpeg 300w, https:\/\/sites.usp.br\/centrommw\/wp-content\/uploads\/sites\/525\/2019\/12\/WhatsApp-Image-2019-12-05-at-7.01.45-PM-1024x768.jpeg 1024w, https:\/\/sites.usp.br\/centrommw\/wp-content\/uploads\/sites\/525\/2019\/12\/WhatsApp-Image-2019-12-05-at-7.01.45-PM-768x576.jpeg 768w, https:\/\/sites.usp.br\/centrommw\/wp-content\/uploads\/sites\/525\/2019\/12\/WhatsApp-Image-2019-12-05-at-7.01.45-PM-285x214.jpeg 285w, https:\/\/sites.usp.br\/centrommw\/wp-content\/uploads\/sites\/525\/2019\/12\/WhatsApp-Image-2019-12-05-at-7.01.45-PM-80x60.jpeg 80w, https:\/\/sites.usp.br\/centrommw\/wp-content\/uploads\/sites\/525\/2019\/12\/WhatsApp-Image-2019-12-05-at-7.01.45-PM-400x300.jpeg 400w, https:\/\/sites.usp.br\/centrommw\/wp-content\/uploads\/sites\/525\/2019\/12\/WhatsApp-Image-2019-12-05-at-7.01.45-PM.jpeg 1280w\" sizes=\"(max-width: 300px) 100vw, 300px\" title=\"WhatsApp Image 2019-12-05 at 7.01.45 PM\" alt=\"\" \t\tclass=\"so-widget-image\"\/>\n\t<\/div>\n\n<\/div><\/div><div id=\"panel-1002-1-1-5\" class=\"so-panel widget widget_sow-editor panel-last-child\" data-index=\"12\" ><div\n\t\t\t\n\t\t\tclass=\"so-widget-sow-editor so-widget-sow-editor-base\"\n\t\t\t\n\t\t>\n<div class=\"siteorigin-widget-tinymce textwidget\">\n\t<p>A c\u00e2mara anec\u00f3ica mmW permite a determina\u00e7\u00e3o do ganho e do diagrama de radia\u00e7\u00e3o 3D de antenas em guia de onda ou integradas a partir de 30 GHz. Suas medidas s\u00e3o automatizadas, fruto de trabalhos de formandos da Poli. Financiada em parte pela FAPESP e pelo Fundo Patrimonial Amigos da Poli, est\u00e1 em sua fase final de montagem.<\/p>\n<\/div>\n<\/div><\/div><\/div><\/div><\/div>","protected":false},"excerpt":{"rendered":"<p>O Analisador de Espectro Vetorial de alta performance PNA N5227-B da Keysight Technologies \u00e9 um equipamento capaz de medir dispositivos e sistemas com 4 portas at\u00e9 67 GHz. Possui 2 fontes que possibilita fazer medidas com 2 tons ou fases diferentes. Esta\u00e7\u00e3o que permite a caracteriza\u00e7\u00e3o de circuitos integrados ou circuitos n\u00e3o conectorizados. \u00c9 equipado &hellip; <\/p>\n<p class=\"link-more\"><a href=\"https:\/\/sites.usp.br\/centrommw\/equipamentos\/\" class=\"more-link\">Continue lendo<span class=\"screen-reader-text\"> &#8220;Equipamentos&#8221;<\/span><\/a><\/p>\n","protected":false},"author":24989,"featured_media":0,"parent":0,"menu_order":0,"comment_status":"closed","ping_status":"closed","template":"","meta":{"footnotes":"","_links_to":"","_links_to_target":""},"class_list":["post-1002","page","type-page","status-publish","hentry","entry"],"_links":{"self":[{"href":"https:\/\/sites.usp.br\/centrommw\/wp-json\/wp\/v2\/pages\/1002","targetHints":{"allow":["GET"]}}],"collection":[{"href":"https:\/\/sites.usp.br\/centrommw\/wp-json\/wp\/v2\/pages"}],"about":[{"href":"https:\/\/sites.usp.br\/centrommw\/wp-json\/wp\/v2\/types\/page"}],"author":[{"embeddable":true,"href":"https:\/\/sites.usp.br\/centrommw\/wp-json\/wp\/v2\/users\/24989"}],"replies":[{"embeddable":true,"href":"https:\/\/sites.usp.br\/centrommw\/wp-json\/wp\/v2\/comments?post=1002"}],"version-history":[{"count":4,"href":"https:\/\/sites.usp.br\/centrommw\/wp-json\/wp\/v2\/pages\/1002\/revisions"}],"predecessor-version":[{"id":1658,"href":"https:\/\/sites.usp.br\/centrommw\/wp-json\/wp\/v2\/pages\/1002\/revisions\/1658"}],"wp:attachment":[{"href":"https:\/\/sites.usp.br\/centrommw\/wp-json\/wp\/v2\/media?parent=1002"}],"curies":[{"name":"wp","href":"https:\/\/api.w.org\/{rel}","templated":true}]}}