{"id":1010,"date":"2022-11-21T14:05:21","date_gmt":"2022-11-21T17:05:21","guid":{"rendered":"https:\/\/sites.usp.br\/centrommw\/?page_id=1010"},"modified":"2023-07-28T19:24:10","modified_gmt":"2023-07-28T22:24:10","slug":"sobre-o-centro-mmw","status":"publish","type":"page","link":"https:\/\/sites.usp.br\/centrommw\/sobre-o-centro-mmw\/","title":{"rendered":"Sobre o Centro mmW"},"content":{"rendered":"<div id=\"pl-1010\"  class=\"panel-layout\" ><div id=\"pg-1010-0\"  class=\"panel-grid panel-no-style\" ><div id=\"pgc-1010-0-0\"  class=\"panel-grid-cell\" ><div id=\"panel-1010-0-0-0\" class=\"so-panel widget widget_sow-editor panel-first-child panel-last-child\" data-index=\"0\" ><div\n\t\t\t\n\t\t\tclass=\"so-widget-sow-editor so-widget-sow-editor-base\"\n\t\t\t\n\t\t>\n<div class=\"siteorigin-widget-tinymce textwidget\">\n\t<p>O centro mmW \u00e9 um centro de caracteriza\u00e7\u00e3o em ondas milim\u00e9tricas do Centro Multiusu\u00e1rio da USP <a href=\"http:\/\/pcm.lme.usp.br\/About.html\">CaMicro<\/a>.<\/p>\n<p>Alta tecnologia, sofisticados equipamentos, bem-vindo ao futuro! Nosso centro \u00e9 capaz de caracterizar:<\/p>\n<\/div>\n<\/div><\/div><\/div><\/div><div id=\"pg-1010-1\"  class=\"panel-grid panel-no-style\" ><div id=\"pgc-1010-1-0\"  class=\"panel-grid-cell\" ><div id=\"panel-1010-1-0-0\" class=\"so-panel widget widget_sow-image panel-first-child\" data-index=\"1\" ><div\n\t\t\t\n\t\t\tclass=\"so-widget-sow-image so-widget-sow-image-default-c67d20f9f743-1010\"\n\t\t\t\n\t\t>\n<div class=\"sow-image-container\">\n\t\t<img \n\tsrc=\"https:\/\/sites.usp.br\/centrommw\/wp-content\/uploads\/sites\/525\/2019\/05\/Com-cresc-seletivo-antes-de-polir-coupler-150x150.jpg\" width=\"150\" height=\"150\" srcset=\"https:\/\/sites.usp.br\/centrommw\/wp-content\/uploads\/sites\/525\/2019\/05\/Com-cresc-seletivo-antes-de-polir-coupler-150x150.jpg 150w, https:\/\/sites.usp.br\/centrommw\/wp-content\/uploads\/sites\/525\/2019\/05\/Com-cresc-seletivo-antes-de-polir-coupler-250x250.jpg 250w, https:\/\/sites.usp.br\/centrommw\/wp-content\/uploads\/sites\/525\/2019\/05\/Com-cresc-seletivo-antes-de-polir-coupler-174x174.jpg 174w, https:\/\/sites.usp.br\/centrommw\/wp-content\/uploads\/sites\/525\/2019\/05\/Com-cresc-seletivo-antes-de-polir-coupler-45x45.jpg 45w, https:\/\/sites.usp.br\/centrommw\/wp-content\/uploads\/sites\/525\/2019\/05\/Com-cresc-seletivo-antes-de-polir-coupler-200x200.jpg 200w\" sizes=\"(max-width: 150px) 100vw, 150px\" title=\"Com cresc seletivo antes de polir coupler\" alt=\"\" \t\tclass=\"so-widget-image\"\/>\n\t<\/div>\n\n<\/div><\/div><div id=\"panel-1010-1-0-1\" class=\"so-panel widget widget_sow-headline panel-last-child\" data-index=\"2\" ><div\n\t\t\t\n\t\t\tclass=\"so-widget-sow-headline so-widget-sow-headline-default-815614d691ce-1010\"\n\t\t\t\n\t\t><div class=\"sow-headline-container \">\n\t\t\t\t\t\t\t<h3 class=\"sow-headline\">\n\t\t\t\t\t\tCIRCUITOS PASSIVOS\t\t\t\t\t\t<\/h3>\n\t\t\t\t\t\t\t\t\t\t\t\t<p class=\"sow-sub-headline\">\n\t\t\t\t\t\tMedidas de par\u00e2metros de espalhamento (par\u00e2metros S) de circuitos passivos para an\u00e1lise de perdas, fase, atraso de grupo etc.\t\t\t\t\t\t<\/p>\n\t\t\t\t\t\t<\/div>\n<\/div><\/div><\/div><div id=\"pgc-1010-1-1\"  class=\"panel-grid-cell\" ><div id=\"panel-1010-1-1-0\" class=\"so-panel widget widget_sow-image panel-first-child\" data-index=\"3\" ><div\n\t\t\t\n\t\t\tclass=\"so-widget-sow-image so-widget-sow-image-default-c67d20f9f743-1010\"\n\t\t\t\n\t\t>\n<div class=\"sow-image-container\">\n\t\t<img \n\tsrc=\"https:\/\/sites.usp.br\/centrommw\/wp-content\/uploads\/sites\/525\/2019\/09\/IMG_20150409_184228-150x150.jpg\" width=\"150\" height=\"150\" srcset=\"https:\/\/sites.usp.br\/centrommw\/wp-content\/uploads\/sites\/525\/2019\/09\/IMG_20150409_184228-150x150.jpg 150w, https:\/\/sites.usp.br\/centrommw\/wp-content\/uploads\/sites\/525\/2019\/09\/IMG_20150409_184228-250x250.jpg 250w, https:\/\/sites.usp.br\/centrommw\/wp-content\/uploads\/sites\/525\/2019\/09\/IMG_20150409_184228-174x174.jpg 174w, https:\/\/sites.usp.br\/centrommw\/wp-content\/uploads\/sites\/525\/2019\/09\/IMG_20150409_184228-45x45.jpg 45w, https:\/\/sites.usp.br\/centrommw\/wp-content\/uploads\/sites\/525\/2019\/09\/IMG_20150409_184228-200x200.jpg 200w\" sizes=\"(max-width: 150px) 100vw, 150px\" alt=\"\" \t\tclass=\"so-widget-image\"\/>\n\t<\/div>\n\n<\/div><\/div><div id=\"panel-1010-1-1-1\" class=\"so-panel widget widget_sow-headline panel-last-child\" data-index=\"4\" ><div\n\t\t\t\n\t\t\tclass=\"so-widget-sow-headline so-widget-sow-headline-default-815614d691ce-1010\"\n\t\t\t\n\t\t><div class=\"sow-headline-container \">\n\t\t\t\t\t\t\t<h3 class=\"sow-headline\">\n\t\t\t\t\t\tANTENAS\t\t\t\t\t\t<\/h3>\n\t\t\t\t\t\t\t\t\t\t\t\t<p class=\"sow-sub-headline\">\n\t\t\t\t\t\tMedidas de casamento em frequ\u00eancia (par\u00e2metros S) e de ganho e diagrama 3D de radia\u00e7\u00e3o.\t\t\t\t\t\t<\/p>\n\t\t\t\t\t\t<\/div>\n<\/div><\/div><\/div><div id=\"pgc-1010-1-2\"  class=\"panel-grid-cell\" ><div id=\"panel-1010-1-2-0\" class=\"so-panel widget widget_sow-image panel-first-child\" data-index=\"5\" ><div\n\t\t\t\n\t\t\tclass=\"so-widget-sow-image so-widget-sow-image-default-c67d20f9f743-1010\"\n\t\t\t\n\t\t>\n<div class=\"sow-image-container\">\n\t\t<img \n\tsrc=\"https:\/\/sites.usp.br\/centrommw\/wp-content\/uploads\/sites\/525\/2019\/10\/Oscilador-150x150.jpeg\" width=\"150\" height=\"150\" srcset=\"https:\/\/sites.usp.br\/centrommw\/wp-content\/uploads\/sites\/525\/2019\/10\/Oscilador-150x150.jpeg 150w, https:\/\/sites.usp.br\/centrommw\/wp-content\/uploads\/sites\/525\/2019\/10\/Oscilador-174x174.jpeg 174w, https:\/\/sites.usp.br\/centrommw\/wp-content\/uploads\/sites\/525\/2019\/10\/Oscilador-45x45.jpeg 45w, https:\/\/sites.usp.br\/centrommw\/wp-content\/uploads\/sites\/525\/2019\/10\/Oscilador-200x200.jpeg 200w\" sizes=\"(max-width: 150px) 100vw, 150px\" alt=\"\" \t\tclass=\"so-widget-image\"\/>\n\t<\/div>\n\n<\/div><\/div><div id=\"panel-1010-1-2-1\" class=\"so-panel widget widget_sow-headline panel-last-child\" data-index=\"6\" ><div\n\t\t\t\n\t\t\tclass=\"so-widget-sow-headline so-widget-sow-headline-default-815614d691ce-1010\"\n\t\t\t\n\t\t><div class=\"sow-headline-container \">\n\t\t\t\t\t\t\t<h3 class=\"sow-headline\">\n\t\t\t\t\t\tOSCILADORES\t\t\t\t\t\t<\/h3>\n\t\t\t\t\t\t\t\t\t\t\t\t<p class=\"sow-sub-headline\">\n\t\t\t\t\t\tMedidas de ganho, intermodula\u00e7\u00e3o e\/ou ponto de compress\u00e3o de amplificadores, misturadores e outros\t\t\t\t\t\t<\/p>\n\t\t\t\t\t\t<\/div>\n<\/div><\/div><\/div><div id=\"pgc-1010-1-3\"  class=\"panel-grid-cell\" ><div id=\"panel-1010-1-3-0\" class=\"so-panel widget widget_sow-image panel-first-child\" data-index=\"7\" ><div\n\t\t\t\n\t\t\tclass=\"so-widget-sow-image so-widget-sow-image-default-c67d20f9f743-1010\"\n\t\t\t\n\t\t>\n<div class=\"sow-image-container\">\n\t\t<img loading=\"lazy\" \n\tsrc=\"https:\/\/sites.usp.br\/centrommw\/wp-content\/uploads\/sites\/525\/2019\/09\/IMG_20190807_143140-150x150.jpg\" width=\"150\" height=\"150\" srcset=\"https:\/\/sites.usp.br\/centrommw\/wp-content\/uploads\/sites\/525\/2019\/09\/IMG_20190807_143140-150x150.jpg 150w, https:\/\/sites.usp.br\/centrommw\/wp-content\/uploads\/sites\/525\/2019\/09\/IMG_20190807_143140-250x250.jpg 250w, https:\/\/sites.usp.br\/centrommw\/wp-content\/uploads\/sites\/525\/2019\/09\/IMG_20190807_143140-174x174.jpg 174w, https:\/\/sites.usp.br\/centrommw\/wp-content\/uploads\/sites\/525\/2019\/09\/IMG_20190807_143140-45x45.jpg 45w, https:\/\/sites.usp.br\/centrommw\/wp-content\/uploads\/sites\/525\/2019\/09\/IMG_20190807_143140-200x200.jpg 200w\" sizes=\"(max-width: 150px) 100vw, 150px\" title=\"PCB\" alt=\"\" \t\tclass=\"so-widget-image\"\/>\n\t<\/div>\n\n<\/div><\/div><div id=\"panel-1010-1-3-1\" class=\"so-panel widget widget_sow-headline panel-last-child\" data-index=\"8\" ><div\n\t\t\t\n\t\t\tclass=\"so-widget-sow-headline so-widget-sow-headline-default-815614d691ce-1010\"\n\t\t\t\n\t\t><div class=\"sow-headline-container \">\n\t\t\t\t\t\t\t<h3 class=\"sow-headline\">\n\t\t\t\t\t\tCIRCUITOS INTEGRADOS\t\t\t\t\t\t<\/h3>\n\t\t\t\t\t\t\t\t\t\t\t\t<p class=\"sow-sub-headline\">\n\t\t\t\t\t\tCom nossa esta\u00e7\u00e3o de micropontas, circuitos integrados podem ser caracterizados at\u00e9 110 GHz em pads com pitch de 100 um.\t\t\t\t\t\t<\/p>\n\t\t\t\t\t\t<\/div>\n<\/div><\/div><\/div><\/div><\/div>","protected":false},"excerpt":{"rendered":"<p>O centro mmW \u00e9 um centro de caracteriza\u00e7\u00e3o em ondas milim\u00e9tricas do Centro Multiusu\u00e1rio da USP CaMicro. Alta tecnologia, sofisticados equipamentos, bem-vindo ao futuro! Nosso centro \u00e9 capaz de caracterizar:<\/p>\n","protected":false},"author":976,"featured_media":0,"parent":0,"menu_order":0,"comment_status":"closed","ping_status":"closed","template":"","meta":{"footnotes":"","_links_to":"","_links_to_target":""},"class_list":["post-1010","page","type-page","status-publish","hentry","entry"],"_links":{"self":[{"href":"https:\/\/sites.usp.br\/centrommw\/wp-json\/wp\/v2\/pages\/1010","targetHints":{"allow":["GET"]}}],"collection":[{"href":"https:\/\/sites.usp.br\/centrommw\/wp-json\/wp\/v2\/pages"}],"about":[{"href":"https:\/\/sites.usp.br\/centrommw\/wp-json\/wp\/v2\/types\/page"}],"author":[{"embeddable":true,"href":"https:\/\/sites.usp.br\/centrommw\/wp-json\/wp\/v2\/users\/976"}],"replies":[{"embeddable":true,"href":"https:\/\/sites.usp.br\/centrommw\/wp-json\/wp\/v2\/comments?post=1010"}],"version-history":[{"count":5,"href":"https:\/\/sites.usp.br\/centrommw\/wp-json\/wp\/v2\/pages\/1010\/revisions"}],"predecessor-version":[{"id":1550,"href":"https:\/\/sites.usp.br\/centrommw\/wp-json\/wp\/v2\/pages\/1010\/revisions\/1550"}],"wp:attachment":[{"href":"https:\/\/sites.usp.br\/centrommw\/wp-json\/wp\/v2\/media?parent=1010"}],"curies":[{"name":"wp","href":"https:\/\/api.w.org\/{rel}","templated":true}]}}