{"id":961,"date":"2022-11-18T16:28:20","date_gmt":"2022-11-18T19:28:20","guid":{"rendered":"https:\/\/sites.usp.br\/centrommw\/?page_id=961"},"modified":"2023-03-08T20:39:30","modified_gmt":"2023-03-08T23:39:30","slug":"equipe","status":"publish","type":"page","link":"https:\/\/sites.usp.br\/centrommw\/equipe\/","title":{"rendered":"Equipe"},"content":{"rendered":"<div id=\"pl-961\"  class=\"panel-layout\" ><div id=\"pg-961-0\"  class=\"panel-grid panel-has-style\" ><div class=\"siteorigin-panels-stretch panel-row-style panel-row-style-for-961-0\" data-stretch-type=\"full-stretched\" ><div id=\"pgc-961-0-0\"  class=\"panel-grid-cell\" ><div id=\"panel-961-0-0-0\" class=\"so-panel widget widget_sow-headline panel-first-child panel-last-child\" data-index=\"0\" ><div\n\t\t\t\n\t\t\tclass=\"so-widget-sow-headline so-widget-sow-headline-default-41b5cbbc013e-961\"\n\t\t\t\n\t\t><div class=\"sow-headline-container \">\n\t\t\t\t\t\t\t<h1 class=\"sow-headline\">\n\t\t\t\t\t\tEquipe\t\t\t\t\t\t<\/h1>\n\t\t\t\t\t\t<\/div>\n<\/div><\/div><\/div><\/div><\/div><div id=\"pg-961-1\"  class=\"panel-grid panel-no-style\" ><div id=\"pgc-961-1-0\"  class=\"panel-grid-cell\" ><div id=\"panel-961-1-0-0\" class=\"so-panel widget widget_sow-image panel-first-child panel-last-child\" data-index=\"1\" ><div\n\t\t\t\n\t\t\tclass=\"so-widget-sow-image so-widget-sow-image-default-b062fe5d1106-961\"\n\t\t\t\n\t\t>\n<div class=\"sow-image-container\">\n\t\t<img fetchpriority=\"high\" \n\tsrc=\"https:\/\/sites.usp.br\/centrommw\/wp-content\/uploads\/sites\/525\/2019\/10\/Eu2.jpg\" width=\"267\" height=\"266\" srcset=\"https:\/\/sites.usp.br\/centrommw\/wp-content\/uploads\/sites\/525\/2019\/10\/Eu2.jpg 267w, https:\/\/sites.usp.br\/centrommw\/wp-content\/uploads\/sites\/525\/2019\/10\/Eu2-150x150.jpg 150w, https:\/\/sites.usp.br\/centrommw\/wp-content\/uploads\/sites\/525\/2019\/10\/Eu2-250x250.jpg 250w, https:\/\/sites.usp.br\/centrommw\/wp-content\/uploads\/sites\/525\/2019\/10\/Eu2-174x174.jpg 174w, https:\/\/sites.usp.br\/centrommw\/wp-content\/uploads\/sites\/525\/2019\/10\/Eu2-45x45.jpg 45w, https:\/\/sites.usp.br\/centrommw\/wp-content\/uploads\/sites\/525\/2019\/10\/Eu2-200x200.jpg 200w\" sizes=\"(max-width: 267px) 100vw, 267px\" alt=\"\" \t\tclass=\"so-widget-image\"\/>\n\t<\/div>\n\n<\/div><\/div><\/div><div id=\"pgc-961-1-1\"  class=\"panel-grid-cell\" ><div id=\"panel-961-1-1-0\" class=\"so-panel widget widget_sow-headline panel-first-child panel-last-child\" data-index=\"2\" ><div\n\t\t\t\n\t\t\tclass=\"so-widget-sow-headline so-widget-sow-headline-default-25447654baf9-961 so-widget-fittext-wrapper\"\n\t\t\t data-fit-text-compressor=\"0.85\"\n\t\t><div class=\"sow-headline-container \">\n\t\t\t\t\t\t\t<h3 class=\"sow-headline\">\n\t\t\t\t\t\tProfa. Dra. Ariana Lacorte Caniato Serrano <a href=\"http:\/\/buscatextual.cnpq.br\/buscatextual\/visualizacv.do?id=K4742695T7\" target=\"_blank\"><img decoding=\"async\" src=\"https:\/\/sites.usp.br\/tutorial5\/wp-content\/uploads\/sites\/525\/2019\/10\/plataforma-lattes.jpg\" \/><\/a>\t\t\t\t\t\t<\/h3>\n\t\t\t\t\t\t<\/div>\n<\/div><\/div><\/div><\/div><div id=\"pg-961-2\"  class=\"panel-grid panel-no-style\" ><div id=\"pgc-961-2-0\"  class=\"panel-grid-cell\" ><div id=\"panel-961-2-0-0\" class=\"so-panel widget widget_sow-image panel-first-child panel-last-child\" data-index=\"3\" ><div\n\t\t\t\n\t\t\tclass=\"so-widget-sow-image so-widget-sow-image-default-b062fe5d1106-961\"\n\t\t\t\n\t\t>\n<div class=\"sow-image-container\">\n\t\t<img \n\tsrc=\"https:\/\/sites.usp.br\/centrommw\/wp-content\/uploads\/sites\/525\/2019\/10\/Gutodos2-300x278.jpg\" width=\"300\" height=\"278\" srcset=\"https:\/\/sites.usp.br\/centrommw\/wp-content\/uploads\/sites\/525\/2019\/10\/Gutodos2-300x278.jpg 300w, https:\/\/sites.usp.br\/centrommw\/wp-content\/uploads\/sites\/525\/2019\/10\/Gutodos2-400x370.jpg 400w, https:\/\/sites.usp.br\/centrommw\/wp-content\/uploads\/sites\/525\/2019\/10\/Gutodos2.jpg 622w\" sizes=\"(max-width: 300px) 100vw, 300px\" alt=\"\" \t\tclass=\"so-widget-image\"\/>\n\t<\/div>\n\n<\/div><\/div><\/div><div id=\"pgc-961-2-1\"  class=\"panel-grid-cell\" ><div id=\"panel-961-2-1-0\" class=\"so-panel widget widget_sow-headline panel-first-child panel-last-child\" data-index=\"4\" ><div\n\t\t\t\n\t\t\tclass=\"so-widget-sow-headline so-widget-sow-headline-default-25447654baf9-961\"\n\t\t\t\n\t\t><div class=\"sow-headline-container \">\n\t\t\t\t\t\t\t<h3 class=\"sow-headline\">\n\t\t\t\t\t\tProf. Dr. Gustavo Pamplona Rehder <a href=\"http:\/\/buscatextual.cnpq.br\/buscatextual\/visualizacv.do?id=K4751426T3\" target=\"_blank\"><img decoding=\"async\" src=\"https:\/\/sites.usp.br\/tutorial5\/wp-content\/uploads\/sites\/525\/2019\/10\/plataforma-lattes.jpg\" \/><\/a>\t\t\t\t\t\t<\/h3>\n\t\t\t\t\t\t<\/div>\n<\/div><\/div><\/div><\/div><div id=\"pg-961-3\"  class=\"panel-grid panel-no-style\" ><div id=\"pgc-961-3-0\"  class=\"panel-grid-cell\" ><div id=\"panel-961-3-0-0\" class=\"so-panel widget widget_sow-image panel-first-child panel-last-child\" data-index=\"5\" ><div\n\t\t\t\n\t\t\tclass=\"so-widget-sow-image so-widget-sow-image-default-b062fe5d1106-961\"\n\t\t\t\n\t\t>\n<div class=\"sow-image-container\">\n\t\t<img \n\tsrc=\"https:\/\/sites.usp.br\/centrommw\/wp-content\/uploads\/sites\/525\/2019\/10\/Leo.png\" width=\"640\" height=\"640\" srcset=\"https:\/\/sites.usp.br\/centrommw\/wp-content\/uploads\/sites\/525\/2019\/10\/Leo.png 640w, https:\/\/sites.usp.br\/centrommw\/wp-content\/uploads\/sites\/525\/2019\/10\/Leo-150x150.png 150w, https:\/\/sites.usp.br\/centrommw\/wp-content\/uploads\/sites\/525\/2019\/10\/Leo-300x300.png 300w, https:\/\/sites.usp.br\/centrommw\/wp-content\/uploads\/sites\/525\/2019\/10\/Leo-250x250.png 250w, https:\/\/sites.usp.br\/centrommw\/wp-content\/uploads\/sites\/525\/2019\/10\/Leo-174x174.png 174w, https:\/\/sites.usp.br\/centrommw\/wp-content\/uploads\/sites\/525\/2019\/10\/Leo-45x45.png 45w, https:\/\/sites.usp.br\/centrommw\/wp-content\/uploads\/sites\/525\/2019\/10\/Leo-200x200.png 200w, https:\/\/sites.usp.br\/centrommw\/wp-content\/uploads\/sites\/525\/2019\/10\/Leo-400x400.png 400w\" sizes=\"(max-width: 640px) 100vw, 640px\" alt=\"\" \t\tclass=\"so-widget-image\"\/>\n\t<\/div>\n\n<\/div><\/div><\/div><div id=\"pgc-961-3-1\"  class=\"panel-grid-cell\" ><div id=\"panel-961-3-1-0\" class=\"so-panel widget widget_sow-headline panel-first-child panel-last-child\" data-index=\"6\" ><div\n\t\t\t\n\t\t\tclass=\"so-widget-sow-headline so-widget-sow-headline-default-c0b75fe0074d-961\"\n\t\t\t\n\t\t><div class=\"sow-headline-container \">\n\t\t\t\t\t\t\t<h3 class=\"sow-headline\">\n\t\t\t\t\t\tMSc. Leonardo Gallo Gomes <a href=\"http:\/\/buscatextual.cnpq.br\/buscatextual\/visualizacv.do?id=K4922866J7\" target=\"_blank\"><img decoding=\"async\" src=\"https:\/\/sites.usp.br\/tutorial5\/wp-content\/uploads\/sites\/525\/2019\/10\/plataforma-lattes.jpg\" \/><\/a>\t\t\t\t\t\t<\/h3>\n\t\t\t\t\t\t\t\t\t\t\t\t<h6 class=\"sow-sub-headline\">\n\t\t\t\t\t\tDoutorando com duplo diploma entre EPUSP e Universidade Grenoble Alpes\t\t\t\t\t\t<\/h6>\n\t\t\t\t\t\t<\/div>\n<\/div><\/div><\/div><\/div><div id=\"pg-961-4\"  class=\"panel-grid panel-no-style\" ><div id=\"pgc-961-4-0\"  class=\"panel-grid-cell\" ><div id=\"panel-961-4-0-0\" class=\"so-panel widget widget_sow-image panel-first-child panel-last-child\" data-index=\"7\" ><div\n\t\t\t\n\t\t\tclass=\"so-widget-sow-image so-widget-sow-image-default-b062fe5d1106-961\"\n\t\t\t\n\t\t>\n<div class=\"sow-image-container\">\n\t\t<img loading=\"lazy\" \n\tsrc=\"https:\/\/sites.usp.br\/centrommw\/wp-content\/uploads\/sites\/525\/2021\/12\/WhatsApp-Image-2021-12-23-at-11.47.52-AM-e1640290216796.jpeg\" width=\"768\" height=\"796\" srcset=\"https:\/\/sites.usp.br\/centrommw\/wp-content\/uploads\/sites\/525\/2021\/12\/WhatsApp-Image-2021-12-23-at-11.47.52-AM-e1640290216796.jpeg 768w, https:\/\/sites.usp.br\/centrommw\/wp-content\/uploads\/sites\/525\/2021\/12\/WhatsApp-Image-2021-12-23-at-11.47.52-AM-e1640290216796-289x300.jpeg 289w, https:\/\/sites.usp.br\/centrommw\/wp-content\/uploads\/sites\/525\/2021\/12\/WhatsApp-Image-2021-12-23-at-11.47.52-AM-e1640290216796-400x415.jpeg 400w\" sizes=\"(max-width: 768px) 100vw, 768px\" title=\"WhatsApp Image 2021-12-23 at 11.47.52 AM\" alt=\"\" \t\tclass=\"so-widget-image\"\/>\n\t<\/div>\n\n<\/div><\/div><\/div><div id=\"pgc-961-4-1\"  class=\"panel-grid-cell\" ><div id=\"panel-961-4-1-0\" class=\"so-panel widget widget_sow-headline panel-first-child panel-last-child\" data-index=\"8\" ><div\n\t\t\t\n\t\t\tclass=\"so-widget-sow-headline so-widget-sow-headline-default-c0b75fe0074d-961\"\n\t\t\t\n\t\t><div class=\"sow-headline-container \">\n\t\t\t\t\t\t\t<h3 class=\"sow-headline\">\n\t\t\t\t\t\tMSc. Gustavo Palomino\t\t\t\t\t\t<\/h3>\n\t\t\t\t\t\t\t\t\t\t\t\t<h6 class=\"sow-sub-headline\">\n\t\t\t\t\t\tDoutorando na EPUSP\t\t\t\t\t\t<\/h6>\n\t\t\t\t\t\t<\/div>\n<\/div><\/div><\/div><\/div><div id=\"pg-961-5\"  class=\"panel-grid panel-no-style\" ><div id=\"pgc-961-5-0\"  class=\"panel-grid-cell\" ><div id=\"panel-961-5-0-0\" class=\"so-panel widget widget_sow-image panel-first-child panel-last-child\" data-index=\"9\" ><div\n\t\t\t\n\t\t\tclass=\"so-widget-sow-image so-widget-sow-image-default-b062fe5d1106-961\"\n\t\t\t\n\t\t>\n<div class=\"sow-image-container\">\n\t\t<img loading=\"lazy\" \n\tsrc=\"https:\/\/sites.usp.br\/centrommw\/wp-content\/uploads\/sites\/525\/2019\/12\/WhatsApp-Image-2019-12-10-at-10.57.50-PM.jpeg\" width=\"564\" height=\"726\" srcset=\"https:\/\/sites.usp.br\/centrommw\/wp-content\/uploads\/sites\/525\/2019\/12\/WhatsApp-Image-2019-12-10-at-10.57.50-PM.jpeg 564w, https:\/\/sites.usp.br\/centrommw\/wp-content\/uploads\/sites\/525\/2019\/12\/WhatsApp-Image-2019-12-10-at-10.57.50-PM-233x300.jpeg 233w, https:\/\/sites.usp.br\/centrommw\/wp-content\/uploads\/sites\/525\/2019\/12\/WhatsApp-Image-2019-12-10-at-10.57.50-PM-400x515.jpeg 400w\" sizes=\"(max-width: 564px) 100vw, 564px\" title=\"WhatsApp Image 2019-12-10 at 10.57.50 PM\" alt=\"\" \t\tclass=\"so-widget-image\"\/>\n\t<\/div>\n\n<\/div><\/div><\/div><div id=\"pgc-961-5-1\"  class=\"panel-grid-cell\" ><div id=\"panel-961-5-1-0\" class=\"so-panel widget widget_sow-headline panel-first-child panel-last-child\" data-index=\"10\" ><div\n\t\t\t\n\t\t\tclass=\"so-widget-sow-headline so-widget-sow-headline-default-c0b75fe0074d-961\"\n\t\t\t\n\t\t><div class=\"sow-headline-container \">\n\t\t\t\t\t\t\t<h3 class=\"sow-headline\">\n\t\t\t\t\t\tEng. Jo\u00e3o L\u00e9\t\t\t\t\t\t<\/h3>\n\t\t\t\t\t\t\t\t\t\t\t\t<h6 class=\"sow-sub-headline\">\n\t\t\t\t\t\tMestrando na EPUSP\t\t\t\t\t\t<\/h6>\n\t\t\t\t\t\t<\/div>\n<\/div><\/div><\/div><\/div><div id=\"pg-961-6\"  class=\"panel-grid panel-no-style\" ><div id=\"pgc-961-6-0\"  class=\"panel-grid-cell\" ><div id=\"panel-961-6-0-0\" class=\"so-panel widget widget_sow-image panel-first-child panel-last-child\" data-index=\"11\" ><div\n\t\t\t\n\t\t\tclass=\"so-widget-sow-image so-widget-sow-image-default-b062fe5d1106-961\"\n\t\t\t\n\t\t>\n<div class=\"sow-image-container\">\n\t\t<img loading=\"lazy\" \n\tsrc=\"https:\/\/sites.usp.br\/centrommw\/wp-content\/uploads\/sites\/525\/2019\/12\/Image-2019-12-19-at-11.55.36-AM.jpeg\" width=\"314\" height=\"258\" srcset=\"https:\/\/sites.usp.br\/centrommw\/wp-content\/uploads\/sites\/525\/2019\/12\/Image-2019-12-19-at-11.55.36-AM.jpeg 314w, https:\/\/sites.usp.br\/centrommw\/wp-content\/uploads\/sites\/525\/2019\/12\/Image-2019-12-19-at-11.55.36-AM-300x246.jpeg 300w\" sizes=\"(max-width: 314px) 100vw, 314px\" title=\"Image 2019-12-19 at 11.55.36 AM\" alt=\"\" \t\tclass=\"so-widget-image\"\/>\n\t<\/div>\n\n<\/div><\/div><\/div><div id=\"pgc-961-6-1\"  class=\"panel-grid-cell\" ><div id=\"panel-961-6-1-0\" class=\"so-panel widget widget_sow-headline panel-first-child panel-last-child\" data-index=\"12\" ><div\n\t\t\t\n\t\t\tclass=\"so-widget-sow-headline so-widget-sow-headline-default-c0b75fe0074d-961\"\n\t\t\t\n\t\t><div class=\"sow-headline-container \">\n\t\t\t\t\t\t\t<h3 class=\"sow-headline\">\n\t\t\t\t\t\tMSc. Atena Amanati Shahri <a href=\"http:\/\/buscatextual.cnpq.br\/buscatextual\/visualizacv.do?id=K8565838H6\" target=\"_blank\"><img decoding=\"async\" src=\"https:\/\/sites.usp.br\/tutorial5\/wp-content\/uploads\/sites\/525\/2019\/10\/plataforma-lattes.jpg\" \/><\/a>\t\t\t\t\t\t<\/h3>\n\t\t\t\t\t\t\t\t\t\t\t\t<h6 class=\"sow-sub-headline\">\n\t\t\t\t\t\tDoutoranda na EPUSP\t\t\t\t\t\t<\/h6>\n\t\t\t\t\t\t<\/div>\n<\/div><\/div><\/div><\/div><div id=\"pg-961-7\"  class=\"panel-grid panel-no-style\" ><div id=\"pgc-961-7-0\"  class=\"panel-grid-cell\" ><div id=\"panel-961-7-0-0\" class=\"so-panel widget widget_sow-image panel-first-child panel-last-child\" data-index=\"13\" ><div\n\t\t\t\n\t\t\tclass=\"so-widget-sow-image so-widget-sow-image-default-b062fe5d1106-961\"\n\t\t\t\n\t\t>\n<div class=\"sow-image-container\">\n\t\t<img loading=\"lazy\" \n\tsrc=\"https:\/\/sites.usp.br\/centrommw\/wp-content\/uploads\/sites\/525\/2019\/12\/WhatsApp-Image-2019-12-19-at-12.48.55-PM.jpeg\" width=\"573\" height=\"388\" srcset=\"https:\/\/sites.usp.br\/centrommw\/wp-content\/uploads\/sites\/525\/2019\/12\/WhatsApp-Image-2019-12-19-at-12.48.55-PM.jpeg 573w, https:\/\/sites.usp.br\/centrommw\/wp-content\/uploads\/sites\/525\/2019\/12\/WhatsApp-Image-2019-12-19-at-12.48.55-PM-300x203.jpeg 300w, https:\/\/sites.usp.br\/centrommw\/wp-content\/uploads\/sites\/525\/2019\/12\/WhatsApp-Image-2019-12-19-at-12.48.55-PM-400x271.jpeg 400w\" sizes=\"(max-width: 573px) 100vw, 573px\" title=\"WhatsApp Image 2019-12-19 at 12.48.55 PM\" alt=\"\" \t\tclass=\"so-widget-image\"\/>\n\t<\/div>\n\n<\/div><\/div><\/div><div id=\"pgc-961-7-1\"  class=\"panel-grid-cell\" ><div id=\"panel-961-7-1-0\" class=\"so-panel widget widget_sow-headline panel-first-child panel-last-child\" data-index=\"14\" ><div\n\t\t\t\n\t\t\tclass=\"so-widget-sow-headline so-widget-sow-headline-default-c0b75fe0074d-961\"\n\t\t\t\n\t\t><div class=\"sow-headline-container \">\n\t\t\t\t\t\t\t<h3 class=\"sow-headline\">\n\t\t\t\t\t\tMSc. Amir Hossein Omidvar <a href=\"http:\/\/buscatextual.cnpq.br\/buscatextual\/visualizacv.do?id=K8565870A8\" target=\"_blank\"><img decoding=\"async\" src=\"https:\/\/sites.usp.br\/tutorial5\/wp-content\/uploads\/sites\/525\/2019\/10\/plataforma-lattes.jpg\" \/><\/a>\t\t\t\t\t\t<\/h3>\n\t\t\t\t\t\t\t\t\t\t\t\t<h6 class=\"sow-sub-headline\">\n\t\t\t\t\t\tDoutorando na EPUSP\t\t\t\t\t\t<\/h6>\n\t\t\t\t\t\t<\/div>\n<\/div><\/div><\/div><\/div><div id=\"pg-961-8\"  class=\"panel-grid panel-no-style\" ><div id=\"pgc-961-8-0\"  class=\"panel-grid-cell\" ><div id=\"panel-961-8-0-0\" class=\"so-panel widget widget_sow-image panel-first-child panel-last-child\" data-index=\"15\" ><div\n\t\t\t\n\t\t\tclass=\"so-widget-sow-image so-widget-sow-image-default-b062fe5d1106-961\"\n\t\t\t\n\t\t>\n<div class=\"sow-image-container\">\n\t\t<img loading=\"lazy\" \n\tsrc=\"https:\/\/sites.usp.br\/centrommw\/wp-content\/uploads\/sites\/525\/2019\/12\/Image-2019-10-15-at-5.40.50-PM-1.jpeg\" width=\"844\" height=\"833\" srcset=\"https:\/\/sites.usp.br\/centrommw\/wp-content\/uploads\/sites\/525\/2019\/12\/Image-2019-10-15-at-5.40.50-PM-1.jpeg 844w, https:\/\/sites.usp.br\/centrommw\/wp-content\/uploads\/sites\/525\/2019\/12\/Image-2019-10-15-at-5.40.50-PM-1-300x296.jpeg 300w, https:\/\/sites.usp.br\/centrommw\/wp-content\/uploads\/sites\/525\/2019\/12\/Image-2019-10-15-at-5.40.50-PM-1-768x758.jpeg 768w, https:\/\/sites.usp.br\/centrommw\/wp-content\/uploads\/sites\/525\/2019\/12\/Image-2019-10-15-at-5.40.50-PM-1-45x45.jpeg 45w, https:\/\/sites.usp.br\/centrommw\/wp-content\/uploads\/sites\/525\/2019\/12\/Image-2019-10-15-at-5.40.50-PM-1-400x395.jpeg 400w\" sizes=\"(max-width: 844px) 100vw, 844px\" title=\"Image 2019-10-15 at 5.40.50 PM\" alt=\"\" \t\tclass=\"so-widget-image\"\/>\n\t<\/div>\n\n<\/div><\/div><\/div><div id=\"pgc-961-8-1\"  class=\"panel-grid-cell\" ><div id=\"panel-961-8-1-0\" class=\"so-panel widget widget_sow-headline panel-first-child panel-last-child\" data-index=\"16\" ><div\n\t\t\t\n\t\t\tclass=\"so-widget-sow-headline so-widget-sow-headline-default-c0b75fe0074d-961\"\n\t\t\t\n\t\t><div class=\"sow-headline-container \">\n\t\t\t\t\t\t\t<h3 class=\"sow-headline\">\n\t\t\t\t\t\tEng. Walter Santiago <a href=\"http:\/\/buscatextual.cnpq.br\/buscatextual\/visualizacv.do?id=K8146628A3\" target=\"_blank\"><img decoding=\"async\" src=\"https:\/\/sites.usp.br\/tutorial5\/wp-content\/uploads\/sites\/525\/2019\/10\/plataforma-lattes.jpg\" \/><\/a>\t\t\t\t\t\t<\/h3>\n\t\t\t\t\t\t\t\t\t\t\t\t<h6 class=\"sow-sub-headline\">\n\t\t\t\t\t\tMestrando na EPUSP\t\t\t\t\t\t<\/h6>\n\t\t\t\t\t\t<\/div>\n<\/div><\/div><\/div><\/div><div id=\"pg-961-9\"  class=\"panel-grid panel-no-style\" ><div id=\"pgc-961-9-0\"  class=\"panel-grid-cell\" ><div id=\"panel-961-9-0-0\" class=\"so-panel widget widget_sow-image panel-first-child panel-last-child\" data-index=\"17\" ><div\n\t\t\t\n\t\t\tclass=\"so-widget-sow-image so-widget-sow-image-default-b062fe5d1106-961\"\n\t\t\t\n\t\t>\n<div class=\"sow-image-container\">\n\t\t<img loading=\"lazy\" \n\tsrc=\"https:\/\/sites.usp.br\/centrommw\/wp-content\/uploads\/sites\/525\/2019\/10\/Bruno.png\" width=\"299\" height=\"299\" srcset=\"https:\/\/sites.usp.br\/centrommw\/wp-content\/uploads\/sites\/525\/2019\/10\/Bruno.png 299w, https:\/\/sites.usp.br\/centrommw\/wp-content\/uploads\/sites\/525\/2019\/10\/Bruno-150x150.png 150w, https:\/\/sites.usp.br\/centrommw\/wp-content\/uploads\/sites\/525\/2019\/10\/Bruno-250x250.png 250w, https:\/\/sites.usp.br\/centrommw\/wp-content\/uploads\/sites\/525\/2019\/10\/Bruno-174x174.png 174w, https:\/\/sites.usp.br\/centrommw\/wp-content\/uploads\/sites\/525\/2019\/10\/Bruno-45x45.png 45w, https:\/\/sites.usp.br\/centrommw\/wp-content\/uploads\/sites\/525\/2019\/10\/Bruno-200x200.png 200w\" sizes=\"(max-width: 299px) 100vw, 299px\" alt=\"\" \t\tclass=\"so-widget-image\"\/>\n\t<\/div>\n\n<\/div><\/div><\/div><div id=\"pgc-961-9-1\"  class=\"panel-grid-cell\" ><div id=\"panel-961-9-1-0\" class=\"so-panel widget widget_sow-headline panel-first-child panel-last-child\" data-index=\"18\" ><div\n\t\t\t\n\t\t\tclass=\"so-widget-sow-headline so-widget-sow-headline-default-42b35c159b6b-961\"\n\t\t\t\n\t\t><div class=\"sow-headline-container \">\n\t\t\t\t\t\t\t<h3 class=\"sow-headline\">\n\t\t\t\t\t\tMSc Bruno Verona <a href=\"http:\/\/buscatextual.cnpq.br\/buscatextual\/visualizacv.do?id=K4619078T1\" target=\"_blank\"><img decoding=\"async\" src=\"https:\/\/sites.usp.br\/tutorial5\/wp-content\/uploads\/sites\/525\/2019\/10\/plataforma-lattes.jpg\" \/><\/a>\t\t\t\t\t\t<\/h3>\n\t\t\t\t\t\t<\/div>\n<\/div><\/div><\/div><\/div><div id=\"pg-961-10\"  class=\"panel-grid panel-no-style\" ><div id=\"pgc-961-10-0\"  class=\"panel-grid-cell\" ><div id=\"panel-961-10-0-0\" class=\"so-panel widget widget_sow-image panel-first-child panel-last-child\" data-index=\"19\" ><div\n\t\t\t\n\t\t\tclass=\"so-widget-sow-image so-widget-sow-image-default-b062fe5d1106-961\"\n\t\t\t\n\t\t>\n<div class=\"sow-image-container\">\n\t\t<img loading=\"lazy\" \n\tsrc=\"https:\/\/sites.usp.br\/centrommw\/wp-content\/uploads\/sites\/525\/2019\/10\/Julio.png\" width=\"333\" height=\"333\" srcset=\"https:\/\/sites.usp.br\/centrommw\/wp-content\/uploads\/sites\/525\/2019\/10\/Julio.png 333w, https:\/\/sites.usp.br\/centrommw\/wp-content\/uploads\/sites\/525\/2019\/10\/Julio-150x150.png 150w, https:\/\/sites.usp.br\/centrommw\/wp-content\/uploads\/sites\/525\/2019\/10\/Julio-300x300.png 300w, https:\/\/sites.usp.br\/centrommw\/wp-content\/uploads\/sites\/525\/2019\/10\/Julio-250x250.png 250w, https:\/\/sites.usp.br\/centrommw\/wp-content\/uploads\/sites\/525\/2019\/10\/Julio-174x174.png 174w, https:\/\/sites.usp.br\/centrommw\/wp-content\/uploads\/sites\/525\/2019\/10\/Julio-45x45.png 45w, https:\/\/sites.usp.br\/centrommw\/wp-content\/uploads\/sites\/525\/2019\/10\/Julio-200x200.png 200w\" sizes=\"(max-width: 333px) 100vw, 333px\" alt=\"\" \t\tclass=\"so-widget-image\"\/>\n\t<\/div>\n\n<\/div><\/div><\/div><div id=\"pgc-961-10-1\"  class=\"panel-grid-cell\" ><div id=\"panel-961-10-1-0\" class=\"so-panel widget widget_sow-headline panel-first-child panel-last-child\" data-index=\"20\" ><div\n\t\t\t\n\t\t\tclass=\"so-widget-sow-headline so-widget-sow-headline-default-c0b75fe0074d-961\"\n\t\t\t\n\t\t><div class=\"sow-headline-container \">\n\t\t\t\t\t\t\t<h3 class=\"sow-headline\">\n\t\t\t\t\t\tDr. Julio Mota Pinheiro <a href=\"http:\/\/buscatextual.cnpq.br\/buscatextual\/visualizacv.do?id=K4430866J6\" target=\"_blank\"><img decoding=\"async\" src=\"https:\/\/sites.usp.br\/tutorial5\/wp-content\/uploads\/sites\/525\/2019\/10\/plataforma-lattes.jpg\" \/><\/a>\t\t\t\t\t\t<\/h3>\n\t\t\t\t\t\t\t\t\t\t\t\t<h6 class=\"sow-sub-headline\">\n\t\t\t\t\t\tDoutorado Direto com duplo diploma entre EPUSP e Universidade Grenoble Alpes, Fran\u00e7a\t\t\t\t\t\t<\/h6>\n\t\t\t\t\t\t<\/div>\n<\/div><\/div><\/div><\/div><div id=\"pg-961-11\"  class=\"panel-grid panel-no-style\" ><div id=\"pgc-961-11-0\"  class=\"panel-grid-cell\" ><div id=\"panel-961-11-0-0\" class=\"so-panel widget widget_sow-headline panel-first-child panel-last-child\" data-index=\"21\" ><div\n\t\t\t\n\t\t\tclass=\"so-widget-sow-headline so-widget-sow-headline-default-42b35c159b6b-961\"\n\t\t\t\n\t\t><div class=\"sow-headline-container \">\n\t\t\t\t\t\t\t<h3 class=\"sow-headline\">\n\t\t\t\t\t\tInicia\u00e7\u00f5es Cient\u00edficas\t\t\t\t\t\t<\/h3>\n\t\t\t\t\t\t<\/div>\n<\/div><\/div><\/div><\/div><div id=\"pg-961-12\"  class=\"panel-grid panel-no-style\" ><div id=\"pgc-961-12-0\"  class=\"panel-grid-cell\" ><div id=\"panel-961-12-0-0\" class=\"so-panel widget widget_sow-image panel-first-child panel-last-child\" data-index=\"22\" ><div\n\t\t\t\n\t\t\tclass=\"so-widget-sow-image so-widget-sow-image-default-4e6925654b7a-961\"\n\t\t\t\n\t\t>\n<div class=\"sow-image-container\">\n\t\t<img loading=\"lazy\" \n\tsrc=\"https:\/\/sites.usp.br\/centrommw\/wp-content\/uploads\/sites\/525\/2019\/12\/IMG_20190422_115035_1.jpg\" width=\"1080\" height=\"795\" srcset=\"https:\/\/sites.usp.br\/centrommw\/wp-content\/uploads\/sites\/525\/2019\/12\/IMG_20190422_115035_1.jpg 1080w, https:\/\/sites.usp.br\/centrommw\/wp-content\/uploads\/sites\/525\/2019\/12\/IMG_20190422_115035_1-300x221.jpg 300w, https:\/\/sites.usp.br\/centrommw\/wp-content\/uploads\/sites\/525\/2019\/12\/IMG_20190422_115035_1-1024x754.jpg 1024w, https:\/\/sites.usp.br\/centrommw\/wp-content\/uploads\/sites\/525\/2019\/12\/IMG_20190422_115035_1-768x565.jpg 768w, https:\/\/sites.usp.br\/centrommw\/wp-content\/uploads\/sites\/525\/2019\/12\/IMG_20190422_115035_1-80x60.jpg 80w, https:\/\/sites.usp.br\/centrommw\/wp-content\/uploads\/sites\/525\/2019\/12\/IMG_20190422_115035_1-400x294.jpg 400w\" sizes=\"(max-width: 1080px) 100vw, 1080px\" alt=\"\" \t\tclass=\"so-widget-image\"\/>\n\t<\/div>\n\n<\/div><\/div><\/div><div id=\"pgc-961-12-1\"  class=\"panel-grid-cell\" ><div id=\"panel-961-12-1-0\" class=\"so-panel widget widget_sow-headline panel-first-child panel-last-child\" data-index=\"23\" ><div\n\t\t\t\n\t\t\tclass=\"so-widget-sow-headline so-widget-sow-headline-default-bb296929a160-961\"\n\t\t\t\n\t\t><div class=\"sow-headline-container \">\n\t\t\t\t\t\t\t<h3 class=\"sow-headline\">\n\t\t\t\t\t\tJessica Gonsalves\t\t\t\t\t\t<\/h3>\n\t\t\t\t\t\t\t\t\t\t\t\t<p class=\"sow-sub-headline\">\n\t\t\t\t\t\tInterconex\u00f5es 3D\t\t\t\t\t\t<\/p>\n\t\t\t\t\t\t<\/div>\n<\/div><\/div><\/div><\/div><\/div>","protected":false},"excerpt":{"rendered":"<p>Equipe Profa. Dra. Ariana Lacorte Caniato Serrano Prof. Dr. Gustavo Pamplona Rehder MSc. Leonardo Gallo Gomes Doutorando com duplo diploma entre EPUSP e Universidade Grenoble Alpes MSc. Gustavo Palomino Doutorando na EPUSP Eng. Jo\u00e3o L\u00e9 Mestrando na EPUSP MSc. Atena Amanati Shahri Doutoranda na EPUSP MSc. Amir Hossein Omidvar Doutorando na EPUSP Eng. Walter Santiago &hellip; <\/p>\n<p class=\"link-more\"><a href=\"https:\/\/sites.usp.br\/centrommw\/equipe\/\" class=\"more-link\">Continue lendo<span class=\"screen-reader-text\"> &#8220;Equipe&#8221;<\/span><\/a><\/p>\n","protected":false},"author":976,"featured_media":0,"parent":0,"menu_order":0,"comment_status":"closed","ping_status":"closed","template":"template-fullwidth-no-title.php","meta":{"footnotes":"","_links_to":"","_links_to_target":""},"class_list":["post-961","page","type-page","status-publish","hentry","entry"],"_links":{"self":[{"href":"https:\/\/sites.usp.br\/centrommw\/wp-json\/wp\/v2\/pages\/961","targetHints":{"allow":["GET"]}}],"collection":[{"href":"https:\/\/sites.usp.br\/centrommw\/wp-json\/wp\/v2\/pages"}],"about":[{"href":"https:\/\/sites.usp.br\/centrommw\/wp-json\/wp\/v2\/types\/page"}],"author":[{"embeddable":true,"href":"https:\/\/sites.usp.br\/centrommw\/wp-json\/wp\/v2\/users\/976"}],"replies":[{"embeddable":true,"href":"https:\/\/sites.usp.br\/centrommw\/wp-json\/wp\/v2\/comments?post=961"}],"version-history":[{"count":4,"href":"https:\/\/sites.usp.br\/centrommw\/wp-json\/wp\/v2\/pages\/961\/revisions"}],"predecessor-version":[{"id":966,"href":"https:\/\/sites.usp.br\/centrommw\/wp-json\/wp\/v2\/pages\/961\/revisions\/966"}],"wp:attachment":[{"href":"https:\/\/sites.usp.br\/centrommw\/wp-json\/wp\/v2\/media?parent=961"}],"curies":[{"name":"wp","href":"https:\/\/api.w.org\/{rel}","templated":true}]}}