{"id":981,"date":"2022-11-21T13:02:29","date_gmt":"2022-11-21T16:02:29","guid":{"rendered":"https:\/\/sites.usp.br\/centrommw\/?page_id=981"},"modified":"2023-07-28T19:33:39","modified_gmt":"2023-07-28T22:33:39","slug":"servicos","status":"publish","type":"page","link":"https:\/\/sites.usp.br\/centrommw\/servicos\/","title":{"rendered":"Servi\u00e7os"},"content":{"rendered":"<div id=\"pl-981\"  class=\"panel-layout\" ><div id=\"pg-981-0\"  class=\"panel-grid panel-has-style\" ><div class=\"siteorigin-panels-stretch panel-row-style panel-row-style-for-981-0\" data-stretch-type=\"full-stretched\" ><div id=\"pgc-981-0-0\"  class=\"panel-grid-cell\" ><div id=\"panel-981-0-0-0\" class=\"so-panel widget widget_sow-headline panel-first-child panel-last-child\" data-index=\"0\" ><div\n\t\t\t\n\t\t\tclass=\"so-widget-sow-headline so-widget-sow-headline-default-b68770c84e7a-981\"\n\t\t\t\n\t\t><div class=\"sow-headline-container \">\n\t\t\t\t\t\t\t<h1 class=\"sow-headline\">\n\t\t\t\t\t\tServi\u00e7os\t\t\t\t\t\t<\/h1>\n\t\t\t\t\t\t<\/div>\n<\/div><\/div><\/div><\/div><\/div><div id=\"pg-981-1\"  class=\"panel-grid panel-no-style\" ><div id=\"pgc-981-1-0\"  class=\"panel-grid-cell\" ><div id=\"panel-981-1-0-0\" class=\"so-panel widget widget_sow-headline panel-first-child panel-last-child\" data-index=\"1\" ><div\n\t\t\t\n\t\t\tclass=\"so-widget-sow-headline so-widget-sow-headline-default-e490be06891f-981\"\n\t\t\t\n\t\t><div class=\"sow-headline-container \">\n\t\t\t\t\t\t\t<h2 class=\"sow-headline\">\n\t\t\t\t\t\tNossos servi\u00e7os envolvem:\t\t\t\t\t\t<\/h2>\n\t\t\t\t\t\t<\/div>\n<\/div><\/div><\/div><\/div><div id=\"pg-981-2\"  class=\"panel-grid panel-no-style\" ><div id=\"pgc-981-2-0\"  class=\"panel-grid-cell\" ><div id=\"panel-981-2-0-0\" class=\"so-panel widget widget_sow-editor panel-first-child panel-last-child\" data-index=\"2\" ><div\n\t\t\t\n\t\t\tclass=\"so-widget-sow-editor so-widget-sow-editor-base\"\n\t\t\t\n\t\t>\n<div class=\"siteorigin-widget-tinymce textwidget\">\n\t<h3>\u2022 Caracteriza\u00e7\u00e3o em 4 portas at\u00e9 67 GHz ou em 2 portas at\u00e9 110 GHz de:<\/h3>\n<h3>\u00a0 \u00a0 \u27a5 Circuitos passivos<\/h3>\n<h5>\u00a0 \u00a0 \u00a0 \u00a0 \u00a0 \u00a0 \u21b3 Linhas de transmiss\u00e3o, acopladores, divisores de pot\u00eancia, phase shifters, atenuadores, antenas, filtros, entre outros;<\/h5>\n<h3>\u00a0 \u00a0 \u27a5 Circuitos ativos<\/h3>\n<h5>\u00a0 \u00a0 \u00a0 \u00a0 \u00a0 \u00a0 \u21b3 Amplificadores, misturadores, entre outros;<\/h5>\n<h3><div class=\"su-spacer\" style=\"height:5px\"><\/div><\/h3>\n<h3><\/h3>\n<\/div>\n<\/div><\/div><\/div><\/div><div id=\"pg-981-3\"  class=\"panel-grid panel-has-style\" ><div class=\"panel-row-style panel-row-style-for-981-3\" ><div id=\"pgc-981-3-0\"  class=\"panel-grid-cell\" ><div id=\"panel-981-3-0-0\" class=\"so-panel widget widget_sow-editor panel-first-child panel-last-child\" data-index=\"3\" ><div\n\t\t\t\n\t\t\tclass=\"so-widget-sow-editor so-widget-sow-editor-base\"\n\t\t\t\n\t\t>\n<div class=\"siteorigin-widget-tinymce textwidget\">\n\t<h3>\u2022 Caracteriza\u00e7\u00e3o de sistemas com 4 portas at\u00e9 67 GHz;<\/h3>\n<h3><div class=\"su-spacer\" style=\"height:5px\"><\/div><\/h3>\n<h3>\u2022 Caracteriza\u00e7\u00e3o de sistemas com 2 portas at\u00e9 110 GHz;<\/h3>\n<h3><div class=\"su-spacer\" style=\"height:5px\"><\/div><\/h3>\n<h3>\u2022 Caracteriza\u00e7\u00e3o de materiais em frequ\u00eancia;<\/h3>\n<h3><div class=\"su-spacer\" style=\"height:5px\"><\/div><\/h3>\n<h3>\u2022 Verifica\u00e7\u00e3o de casamento de antenas;<\/h3>\n<h3><div class=\"su-spacer\" style=\"height:5px\"><\/div><\/h3>\n<h3>\u2022 Determina\u00e7\u00e3o de ganho de antenas;<\/h3>\n<h3><div class=\"su-spacer\" style=\"height:5px\"><\/div><\/h3>\n<h3>\u2022 Diagrama de radia\u00e7\u00e3o 3D de antenas;<\/h3>\n<h3><div class=\"su-spacer\" style=\"height:5px\"><\/div><\/h3>\n<h3>\u2022 An\u00e1lise espectral: detec\u00e7\u00e3o de frequ\u00eancias, harm\u00f4nicas e esp\u00farios;<\/h3>\n<h3><div class=\"su-spacer\" style=\"height:5px\"><\/div><\/h3>\n<h3><\/h3>\n<\/div>\n<\/div><\/div><\/div><div id=\"pgc-981-3-1\"  class=\"panel-grid-cell\" ><div id=\"panel-981-3-1-0\" class=\"so-panel widget widget_sow-hero panel-first-child panel-last-child\" data-index=\"4\" ><div\n\t\t\t\n\t\t\tclass=\"so-widget-sow-hero so-widget-sow-hero-default-93415d0e2dbf-981 so-widget-fittext-wrapper\"\n\t\t\t data-fit-text-compressor=\"0.85\"\n\t\t>\t\t\t\t<div class=\"sow-slider-base\" style=\"display: none\" tabindex=\"0\">\n\t\t\t\t\t<ul\n\t\t\t\t\tclass=\"sow-slider-images\"\n\t\t\t\t\tdata-settings=\"{&quot;pagination&quot;:true,&quot;speed&quot;:800,&quot;timeout&quot;:8000,&quot;paused&quot;:false,&quot;pause_on_hover&quot;:false,&quot;swipe&quot;:true,&quot;nav_always_show_desktop&quot;:&quot;&quot;,&quot;nav_always_show_mobile&quot;:&quot;&quot;,&quot;breakpoint&quot;:&quot;780px&quot;,&quot;unmute&quot;:false,&quot;anchor&quot;:null}\"\n\t\t\t\t\t\t\t\t\t\tdata-anchor-id=\"\"\n\t\t\t\t>\t\t<li class=\"sow-slider-image\" style=\"visibility: visible;;background-color: #ffffff\" >\n\t\t\t\t\t<div class=\"sow-slider-image-container\">\n\t\t\t<div class=\"sow-slider-image-wrapper\">\n\t\t\t\t<p><a href=\"https:\/\/sites.usp.br\/centrommw\/wp-content\/uploads\/sites\/525\/2023\/07\/Gif-Eq2-1.gif\"><img fetchpriority=\"high\" decoding=\"async\" class=\"aligncenter wp-image-1546 size-full\" src=\"https:\/\/sites.usp.br\/centrommw\/wp-content\/uploads\/sites\/525\/2023\/07\/Gif-Eq2-1.gif\" alt=\"\" width=\"426\" height=\"240\" \/><\/a><\/p>\n\t\t\t<\/div>\n\t\t<\/div>\n\t\t\t\t<\/li>\n\t\t<\/ul>\t\t\t\t<ol class=\"sow-slider-pagination\">\n\t\t\t\t\t\t\t\t\t\t\t<li><a href=\"#\" data-goto=\"0\" aria-label=\"Display slide 1\"><\/a><\/li>\n\t\t\t\t\t\t\t\t\t<\/ol>\n\n\t\t\t\t<div class=\"sow-slide-nav sow-slide-nav-next\">\n\t\t\t\t\t<a href=\"#\" data-goto=\"next\" aria-label=\"Next slide\" data-action=\"next\">\n\t\t\t\t\t\t<em class=\"sow-sld-icon-thin-right\"><\/em>\n\t\t\t\t\t<\/a>\n\t\t\t\t<\/div>\n\n\t\t\t\t<div class=\"sow-slide-nav sow-slide-nav-prev\">\n\t\t\t\t\t<a href=\"#\" data-goto=\"previous\" aria-label=\"Previous slide\" data-action=\"prev\">\n\t\t\t\t\t\t<em class=\"sow-sld-icon-thin-left\"><\/em>\n\t\t\t\t\t<\/a>\n\t\t\t\t<\/div>\n\t\t\t\t<\/div><\/div><\/div><\/div><\/div><\/div><div id=\"pg-981-4\"  class=\"panel-grid panel-no-style\" ><div id=\"pgc-981-4-0\"  class=\"panel-grid-cell\" ><div id=\"panel-981-4-0-0\" class=\"so-panel widget widget_sow-editor panel-first-child panel-last-child\" data-index=\"5\" ><div\n\t\t\t\n\t\t\tclass=\"so-widget-sow-editor so-widget-sow-editor-base\"\n\t\t\t\n\t\t>\n<div class=\"siteorigin-widget-tinymce textwidget\">\n\t<h3>\u2022 Medidas de ru\u00eddo de fase, figura de ru\u00eddo;<\/h3>\n<h3><div class=\"su-spacer\" style=\"height:5px\"><\/div><\/h3>\n<h3>\u2022 Modula\u00e7\u00e3o de sinais;<\/h3>\n<h3><div class=\"su-spacer\" style=\"height:5px\"><\/div><\/h3>\n<h3>\u2022 Medidas de pot\u00eancia de portadoras e harm\u00f4nicas;<\/h3>\n<h3><div class=\"su-spacer\" style=\"height:5px\"><\/div><\/h3>\n<h3>\u2022 Aux\u00edlio no projeto para caracteriza\u00e7\u00e3o em nosso centro.<\/h3>\n<\/div>\n<\/div><\/div><\/div><div id=\"pgc-981-4-1\"  class=\"panel-grid-cell\" ><div id=\"panel-981-4-1-0\" class=\"so-panel widget widget_sow-hero panel-first-child panel-last-child\" data-index=\"6\" ><div\n\t\t\t\n\t\t\tclass=\"so-widget-sow-hero so-widget-sow-hero-default-93415d0e2dbf-981 so-widget-fittext-wrapper\"\n\t\t\t data-fit-text-compressor=\"0.85\"\n\t\t>\t\t\t\t<div class=\"sow-slider-base\" style=\"display: none\" tabindex=\"0\">\n\t\t\t\t\t<ul\n\t\t\t\t\tclass=\"sow-slider-images\"\n\t\t\t\t\tdata-settings=\"{&quot;pagination&quot;:true,&quot;speed&quot;:800,&quot;timeout&quot;:8000,&quot;paused&quot;:false,&quot;pause_on_hover&quot;:false,&quot;swipe&quot;:true,&quot;nav_always_show_desktop&quot;:&quot;&quot;,&quot;nav_always_show_mobile&quot;:&quot;&quot;,&quot;breakpoint&quot;:&quot;780px&quot;,&quot;unmute&quot;:false,&quot;anchor&quot;:null}\"\n\t\t\t\t\t\t\t\t\t\tdata-anchor-id=\"\"\n\t\t\t\t>\t\t<li class=\"sow-slider-image\" style=\"visibility: visible;;background-color: #ffffff\" >\n\t\t\t\t\t<div class=\"sow-slider-image-container\">\n\t\t\t<div class=\"sow-slider-image-wrapper\">\n\t\t\t\t<p><a href=\"https:\/\/sites.usp.br\/centrommw\/wp-content\/uploads\/sites\/525\/2023\/07\/Gif-Eq-1.gif\"><img decoding=\"async\" class=\"aligncenter wp-image-1536 size-full\" src=\"https:\/\/sites.usp.br\/centrommw\/wp-content\/uploads\/sites\/525\/2023\/07\/Gif-Eq-1.gif\" alt=\"\" width=\"426\" height=\"240\" \/><\/a><\/p>\n\t\t\t<\/div>\n\t\t<\/div>\n\t\t\t\t<\/li>\n\t\t<\/ul>\t\t\t\t<ol class=\"sow-slider-pagination\">\n\t\t\t\t\t\t\t\t\t\t\t<li><a href=\"#\" data-goto=\"0\" aria-label=\"Display slide 1\"><\/a><\/li>\n\t\t\t\t\t\t\t\t\t<\/ol>\n\n\t\t\t\t<div class=\"sow-slide-nav sow-slide-nav-next\">\n\t\t\t\t\t<a href=\"#\" data-goto=\"next\" aria-label=\"Next slide\" data-action=\"next\">\n\t\t\t\t\t\t<em class=\"sow-sld-icon-thin-right\"><\/em>\n\t\t\t\t\t<\/a>\n\t\t\t\t<\/div>\n\n\t\t\t\t<div class=\"sow-slide-nav sow-slide-nav-prev\">\n\t\t\t\t\t<a href=\"#\" data-goto=\"previous\" aria-label=\"Previous slide\" data-action=\"prev\">\n\t\t\t\t\t\t<em class=\"sow-sld-icon-thin-left\"><\/em>\n\t\t\t\t\t<\/a>\n\t\t\t\t<\/div>\n\t\t\t\t<\/div><\/div><\/div><\/div><\/div><\/div>","protected":false},"excerpt":{"rendered":"<p>Servi\u00e7os Nossos servi\u00e7os envolvem: \u2022 Caracteriza\u00e7\u00e3o em 4 portas at\u00e9 67 GHz ou em 2 portas at\u00e9 110 GHz de: \u00a0 \u00a0 \u27a5 Circuitos passivos \u00a0 \u00a0 \u00a0 \u00a0 \u00a0 \u00a0 \u21b3 Linhas de transmiss\u00e3o, acopladores, divisores de pot\u00eancia, phase shifters, atenuadores, antenas, filtros, entre outros; \u00a0 \u00a0 \u27a5 Circuitos ativos \u00a0 \u00a0 \u00a0 \u00a0 &hellip; <\/p>\n<p class=\"link-more\"><a href=\"https:\/\/sites.usp.br\/centrommw\/servicos\/\" class=\"more-link\">Continue lendo<span class=\"screen-reader-text\"> &#8220;Servi\u00e7os&#8221;<\/span><\/a><\/p>\n","protected":false},"author":976,"featured_media":0,"parent":0,"menu_order":0,"comment_status":"closed","ping_status":"closed","template":"template-fullwidth-no-title.php","meta":{"footnotes":"","_links_to":"","_links_to_target":""},"class_list":["post-981","page","type-page","status-publish","hentry","entry"],"_links":{"self":[{"href":"https:\/\/sites.usp.br\/centrommw\/wp-json\/wp\/v2\/pages\/981","targetHints":{"allow":["GET"]}}],"collection":[{"href":"https:\/\/sites.usp.br\/centrommw\/wp-json\/wp\/v2\/pages"}],"about":[{"href":"https:\/\/sites.usp.br\/centrommw\/wp-json\/wp\/v2\/types\/page"}],"author":[{"embeddable":true,"href":"https:\/\/sites.usp.br\/centrommw\/wp-json\/wp\/v2\/users\/976"}],"replies":[{"embeddable":true,"href":"https:\/\/sites.usp.br\/centrommw\/wp-json\/wp\/v2\/comments?post=981"}],"version-history":[{"count":4,"href":"https:\/\/sites.usp.br\/centrommw\/wp-json\/wp\/v2\/pages\/981\/revisions"}],"predecessor-version":[{"id":1555,"href":"https:\/\/sites.usp.br\/centrommw\/wp-json\/wp\/v2\/pages\/981\/revisions\/1555"}],"wp:attachment":[{"href":"https:\/\/sites.usp.br\/centrommw\/wp-json\/wp\/v2\/media?parent=981"}],"curies":[{"name":"wp","href":"https:\/\/api.w.org\/{rel}","templated":true}]}}