{"id":986,"date":"2022-11-21T13:09:40","date_gmt":"2022-11-21T16:09:40","guid":{"rendered":"https:\/\/sites.usp.br\/centrommw\/?page_id=986"},"modified":"2023-04-13T10:27:13","modified_gmt":"2023-04-13T13:27:13","slug":"gerenciamento","status":"publish","type":"page","link":"https:\/\/sites.usp.br\/centrommw\/gerenciamento\/","title":{"rendered":"Gerenciamento do Centro mmW"},"content":{"rendered":"<div id=\"pl-986\"  class=\"panel-layout\" ><div id=\"pg-986-0\"  class=\"panel-grid panel-has-style\" ><div class=\"siteorigin-panels-stretch panel-row-style panel-row-style-for-986-0\" data-stretch-type=\"full-stretched\" ><div id=\"pgc-986-0-0\"  class=\"panel-grid-cell\" ><div id=\"panel-986-0-0-0\" class=\"so-panel widget widget_sow-headline panel-first-child panel-last-child\" data-index=\"0\" ><div\n\t\t\t\n\t\t\tclass=\"so-widget-sow-headline so-widget-sow-headline-default-ff315c7992c9-986\"\n\t\t\t\n\t\t><div class=\"sow-headline-container \">\n\t\t\t\t\t\t\t<h1 class=\"sow-headline\">\n\t\t\t\t\t\tGerenciamento do Centro mmW\t\t\t\t\t\t<\/h1>\n\t\t\t\t\t\t<\/div>\n<\/div><\/div><\/div><\/div><\/div><div id=\"pg-986-1\"  class=\"panel-grid panel-no-style\" ><div id=\"pgc-986-1-0\"  class=\"panel-grid-cell\" ><div id=\"panel-986-1-0-0\" class=\"so-panel widget widget_sow-features panel-first-child panel-last-child\" data-index=\"1\" ><div\n\t\t\t\n\t\t\tclass=\"so-widget-sow-features so-widget-sow-features-default-c558869bb17a-986\"\n\t\t\t\n\t\t><ul\n\tclass=\"sow-features-list\n\tsow-features-responsive\">\n\n\t\t\t<li\n\t\t\tclass=\"sow-features-feature sow-icon-container-position-top\"\n\t\t\tstyle=\"display: flex; flex-direction: column; width: calc(100% - 25px);\"\n\t\t>\n\t\t\t\n\t\t\t\t\t\t<a\t\t\t\tclass=\"sow-icon-container sow-container-rounded-square\"\n\t\t\t\tstyle=\"color: #2995bc; \"\n\t\t\t\t\n\t\t\t\t\t\t\t\t\thref=\"https:\/\/sites.usp.br\/centrommw\/wp-content\/uploads\/sites\/525\/2019\/09\/PLANO-DE-GEST\u00c3O-E-COMPARTILHAMENTO-DO-USO-DE-EQUIPAMENTOS-DO-CAMICRO.pdf\"\n\t\t\t\t\t\t\t\t>\n\t\t\t\t<span class=\"sow-icon-fontawesome sow-far\" data-sow-icon=\"&#xf1c1;\"\n\t\tstyle=\"font-size: 30px; color: #fff\" \n\t\taria-hidden=\"true\"><\/span>\t\t\t<\/a>\n\n\t\t\t<div class=\"textwidget\">\n\t\t\t\t\n\t\t\t\t\n\t\t\t\t\t\t\t\t\t<div class=\"sow-features-feature-text\">\n\t\t\t\t\t<h3 style=\"text-align: left\">Plano de Gest\u00e3o e Compartilhamento do Uso de Equipamento<\/h3>\n\t\t\t\t\t<\/div>\n\t\t\t\t\t\t\t\t<\/div>\n\t\t\t\t\t\t\t\t<\/li>\n\n\t<\/ul>\n<\/div><\/div><\/div><\/div><div id=\"pg-986-2\"  class=\"panel-grid panel-no-style\" ><div id=\"pgc-986-2-0\"  class=\"panel-grid-cell\" ><div id=\"panel-986-2-0-0\" class=\"so-panel widget widget_sow-headline panel-first-child\" data-index=\"2\" ><div\n\t\t\t\n\t\t\tclass=\"so-widget-sow-headline so-widget-sow-headline-default-99f873914dd1-986\"\n\t\t\t\n\t\t><div class=\"sow-headline-container \">\n\t\t\t\t\t\t\t<h2 class=\"sow-headline\">\n\t\t\t\t\t\tInforma\u00e7\u00f5es Relacionadas\t\t\t\t\t\t<\/h2>\n\t\t\t\t\t\t<\/div>\n<\/div><\/div><div id=\"panel-986-2-0-1\" class=\"so-panel widget widget_sow-editor panel-last-child\" data-index=\"3\" ><div\n\t\t\t\n\t\t\tclass=\"so-widget-sow-editor so-widget-sow-editor-base\"\n\t\t\t\n\t\t>\n<div class=\"siteorigin-widget-tinymce textwidget\">\n\t<h3>\u2022 <a href=\"https:\/\/sites.usp.br\/centrommw\/comite-gestor\/\">Comit\u00ea Gestor<\/a><\/h3>\n<h3>\u2022 <a href=\"https:\/\/sites.usp.br\/centrommw\/comite-de-usuarios\/\">Comit\u00ea de Usu\u00e1rios<\/a><\/h3>\n<\/div>\n<\/div><\/div><\/div><\/div><div id=\"pg-986-3\"  class=\"panel-grid panel-no-style\" ><div id=\"pgc-986-3-0\"  class=\"panel-grid-cell panel-grid-cell-empty\" ><\/div><\/div><\/div>","protected":false},"excerpt":{"rendered":"<p>Gerenciamento do Centro mmW Plano de Gest\u00e3o e Compartilhamento do Uso de Equipamento Informa\u00e7\u00f5es Relacionadas \u2022 Comit\u00ea Gestor \u2022 Comit\u00ea de Usu\u00e1rios<\/p>\n","protected":false},"author":976,"featured_media":0,"parent":0,"menu_order":0,"comment_status":"closed","ping_status":"closed","template":"template-fullwidth-no-title.php","meta":{"footnotes":"","_links_to":"","_links_to_target":""},"class_list":["post-986","page","type-page","status-publish","hentry","entry"],"_links":{"self":[{"href":"https:\/\/sites.usp.br\/centrommw\/wp-json\/wp\/v2\/pages\/986","targetHints":{"allow":["GET"]}}],"collection":[{"href":"https:\/\/sites.usp.br\/centrommw\/wp-json\/wp\/v2\/pages"}],"about":[{"href":"https:\/\/sites.usp.br\/centrommw\/wp-json\/wp\/v2\/types\/page"}],"author":[{"embeddable":true,"href":"https:\/\/sites.usp.br\/centrommw\/wp-json\/wp\/v2\/users\/976"}],"replies":[{"embeddable":true,"href":"https:\/\/sites.usp.br\/centrommw\/wp-json\/wp\/v2\/comments?post=986"}],"version-history":[{"count":4,"href":"https:\/\/sites.usp.br\/centrommw\/wp-json\/wp\/v2\/pages\/986\/revisions"}],"predecessor-version":[{"id":999,"href":"https:\/\/sites.usp.br\/centrommw\/wp-json\/wp\/v2\/pages\/986\/revisions\/999"}],"wp:attachment":[{"href":"https:\/\/sites.usp.br\/centrommw\/wp-json\/wp\/v2\/media?parent=986"}],"curies":[{"name":"wp","href":"https:\/\/api.w.org\/{rel}","templated":true}]}}