{"id":883,"date":"2021-10-25T10:19:25","date_gmt":"2021-10-25T13:19:25","guid":{"rendered":"https:\/\/sites.usp.br\/padrao8\/?page_id=883"},"modified":"2025-03-06T20:34:32","modified_gmt":"2025-03-06T23:34:32","slug":"pesquisas","status":"publish","type":"page","link":"https:\/\/sites.usp.br\/cerp\/pesquisas\/","title":{"rendered":"Pesquisas"},"content":{"rendered":"\t\t<div data-elementor-type=\"wp-page\" data-elementor-id=\"883\" class=\"elementor elementor-883\" data-elementor-post-type=\"page\">\n\t\t\t\t\t\t<section class=\"elementor-section elementor-top-section elementor-element elementor-element-8bad07a elementor-section-boxed elementor-section-height-default elementor-section-height-default\" data-id=\"8bad07a\" data-element_type=\"section\" data-settings=\"{&quot;background_background&quot;:&quot;classic&quot;}\">\n\t\t\t\t\t\t<div class=\"elementor-container elementor-column-gap-default\">\n\t\t\t\t\t<div class=\"elementor-column elementor-col-100 elementor-top-column elementor-element elementor-element-1d5fd9f\" data-id=\"1d5fd9f\" data-element_type=\"column\">\n\t\t\t<div class=\"elementor-widget-wrap elementor-element-populated\">\n\t\t\t\t\t\t<section class=\"elementor-section elementor-inner-section elementor-element elementor-element-7a3cf6b elementor-section-boxed elementor-section-height-default elementor-section-height-default\" data-id=\"7a3cf6b\" data-element_type=\"section\">\n\t\t\t\t\t\t<div class=\"elementor-container elementor-column-gap-default\">\n\t\t\t\t\t<div class=\"elementor-column elementor-col-100 elementor-inner-column elementor-element elementor-element-a858cce\" data-id=\"a858cce\" data-element_type=\"column\">\n\t\t\t<div class=\"elementor-widget-wrap elementor-element-populated\">\n\t\t\t\t\t\t<div class=\"elementor-element elementor-element-e0219f4 elementor-invisible elementor-widget elementor-widget-heading\" data-id=\"e0219f4\" data-element_type=\"widget\" data-settings=\"{&quot;_animation&quot;:&quot;slideInLeft&quot;}\" data-widget_type=\"heading.default\">\n\t\t\t\t<div class=\"elementor-widget-container\">\n\t\t\t<h1 class=\"elementor-heading-title elementor-size-default\">Pesquisas<\/h1>\t\t<\/div>\n\t\t\t\t<\/div>\n\t\t\t\t<div class=\"elementor-element elementor-element-e0a3158 elementor-widget-divider--view-line elementor-invisible elementor-widget elementor-widget-divider\" data-id=\"e0a3158\" data-element_type=\"widget\" data-settings=\"{&quot;_animation&quot;:&quot;slideInRight&quot;}\" data-widget_type=\"divider.default\">\n\t\t\t\t<div class=\"elementor-widget-container\">\n\t\t\t\t\t<div class=\"elementor-divider\">\n\t\t\t<span class=\"elementor-divider-separator\">\n\t\t\t\t\t\t<\/span>\n\t\t<\/div>\n\t\t\t\t<\/div>\n\t\t\t\t<\/div>\n\t\t\t\t\t<\/div>\n\t\t<\/div>\n\t\t\t\t\t<\/div>\n\t\t<\/section>\n\t\t\t\t<section class=\"elementor-section elementor-inner-section elementor-element elementor-element-cce5137 elementor-section-boxed elementor-section-height-default elementor-section-height-default elementor-invisible\" data-id=\"cce5137\" data-element_type=\"section\" data-settings=\"{&quot;animation&quot;:&quot;slideInUp&quot;,&quot;animation_delay&quot;:700}\">\n\t\t\t\t\t\t<div class=\"elementor-container elementor-column-gap-default\">\n\t\t\t\t\t<div class=\"elementor-column elementor-col-100 elementor-inner-column elementor-element elementor-element-0aa4cd1\" data-id=\"0aa4cd1\" data-element_type=\"column\">\n\t\t\t<div class=\"elementor-widget-wrap elementor-element-populated\">\n\t\t\t\t\t\t<div class=\"elementor-element elementor-element-b284624 elementor-widget elementor-widget-heading\" data-id=\"b284624\" data-element_type=\"widget\" id=\"discussao\" data-widget_type=\"heading.default\">\n\t\t\t\t<div class=\"elementor-widget-container\">\n\t\t\t<h2 class=\"elementor-heading-title elementor-size-default\">Textos para Discuss\u00e3o<\/h2>\t\t<\/div>\n\t\t\t\t<\/div>\n\t\t\t\t<div class=\"elementor-element elementor-element-d8e27ab elementor-widget elementor-widget-heading\" data-id=\"d8e27ab\" data-element_type=\"widget\" data-widget_type=\"heading.default\">\n\t\t\t\t<div class=\"elementor-widget-container\">\n\t\t\t<h2 class=\"elementor-heading-title elementor-size-default\"><a href=\"https:\/\/www.teses.usp.br\/teses\/disponiveis\/2\/2134\/tde-28082024-105551\/pt-br.php\" target=\"_blank\">A religi\u00e3o \u00e9 especial para o direito? O \u00e2mbito de prote\u00e7\u00e3o poss\u00edvel da liberdade religiosa nas sociedades democr\u00e1ticas contempor\u00e2neas<\/a><\/h2>\t\t<\/div>\n\t\t\t\t<\/div>\n\t\t\t\t<div class=\"elementor-element elementor-element-e88335d elementor-widget elementor-widget-text-editor\" data-id=\"e88335d\" data-element_type=\"widget\" data-widget_type=\"text-editor.default\">\n\t\t\t\t<div class=\"elementor-widget-container\">\n\t\t\t\t\t\t\t<p><em><span style=\"color: #333333;\"><strong> Tese de Doutorado<\/strong><\/span><\/em><\/p><p>Meliza Franco (USP)<\/p><p><a href=\"https:\/\/www.teses.usp.br\/teses\/disponiveis\/2\/2134\/tde-28082024-105551\/pt-br.php\" target=\"_blank\" rel=\"noopener\">Texto para Discuss\u00e3o n.04<\/a><strong><br \/><\/strong><\/p>\t\t\t\t\t\t<\/div>\n\t\t\t\t<\/div>\n\t\t\t\t<div class=\"elementor-element elementor-element-e8f3b7b elementor-widget-divider--view-line elementor-widget elementor-widget-divider\" data-id=\"e8f3b7b\" data-element_type=\"widget\" data-widget_type=\"divider.default\">\n\t\t\t\t<div class=\"elementor-widget-container\">\n\t\t\t\t\t<div class=\"elementor-divider\">\n\t\t\t<span class=\"elementor-divider-separator\">\n\t\t\t\t\t\t<\/span>\n\t\t<\/div>\n\t\t\t\t<\/div>\n\t\t\t\t<\/div>\n\t\t\t\t<div class=\"elementor-element elementor-element-5e04de9 elementor-widget elementor-widget-heading\" data-id=\"5e04de9\" data-element_type=\"widget\" data-widget_type=\"heading.default\">\n\t\t\t\t<div class=\"elementor-widget-container\">\n\t\t\t<h2 class=\"elementor-heading-title elementor-size-default\"><a href=\"https:\/\/drive.google.com\/file\/d\/15dISGFfWTXMnfD7J1_SZ0HTxZ-hOPeEn\/view\" target=\"_blank\">The Decline of Religiosity in America: Evidence from a Structural Model of Endogenous Church Differentiation<\/a><\/h2>\t\t<\/div>\n\t\t\t\t<\/div>\n\t\t\t\t<div class=\"elementor-element elementor-element-96a694f elementor-widget elementor-widget-text-editor\" data-id=\"96a694f\" data-element_type=\"widget\" data-widget_type=\"text-editor.default\">\n\t\t\t\t<div class=\"elementor-widget-container\">\n\t\t\t\t\t\t\t<p><em><span style=\"color: #333333;\"><strong> Revise and Re-submit 2nd Round &#8212; Journal of Political Economy Microeconomics<\/strong><\/span><\/em><\/p><p>Raphael Corbi (USP) e Fabio Miessi (EESP \/ FGV)<\/p><p><a href=\"https:\/\/sites.usp.br\/cerp\/wp-content\/uploads\/sites\/1070\/2022\/02\/TD_3_compressed.pdf\" target=\"_blank\" rel=\"noopener\">Texto para Discuss\u00e3o n.03<\/a><strong><br \/><\/strong><\/p>\t\t\t\t\t\t<\/div>\n\t\t\t\t<\/div>\n\t\t\t\t<div class=\"elementor-element elementor-element-2e2005e elementor-widget-divider--view-line elementor-widget elementor-widget-divider\" data-id=\"2e2005e\" data-element_type=\"widget\" data-widget_type=\"divider.default\">\n\t\t\t\t<div class=\"elementor-widget-container\">\n\t\t\t\t\t<div class=\"elementor-divider\">\n\t\t\t<span class=\"elementor-divider-separator\">\n\t\t\t\t\t\t<\/span>\n\t\t<\/div>\n\t\t\t\t<\/div>\n\t\t\t\t<\/div>\n\t\t\t\t<div class=\"elementor-element elementor-element-3efc04c elementor-widget elementor-widget-heading\" data-id=\"3efc04c\" data-element_type=\"widget\" data-widget_type=\"heading.default\">\n\t\t\t\t<div class=\"elementor-widget-container\">\n\t\t\t<h2 class=\"elementor-heading-title elementor-size-default\"><a href=\"https:\/\/drive.google.com\/file\/d\/1w5oGKmpp80xbZbJmX9jadzUuGygl4Dz4\/view\" target=\"_blank\">Church Tax Exemption and Structure of Religious\nMarkets: a Dynamic Structural Analysis\n<\/a><\/h2>\t\t<\/div>\n\t\t\t\t<\/div>\n\t\t\t\t<div class=\"elementor-element elementor-element-ddc3a77 elementor-widget elementor-widget-text-editor\" data-id=\"ddc3a77\" data-element_type=\"widget\" data-widget_type=\"text-editor.default\">\n\t\t\t\t<div class=\"elementor-widget-container\">\n\t\t\t\t\t\t\t<p><span style=\"color: #333333;\"><strong><em>American Economic Journal: Microeconomics<\/em> (<em><span style=\"color: #993300;\">forthcoming<\/span><\/em>)<\/strong><\/span><\/p><p>Raphael Corbi (USP) e Fabio Miessi (EESP \/ FGV)<\/p><p><a style=\"font-size: 18px;\" href=\"https:\/\/sites.usp.br\/cerp\/wp-content\/uploads\/sites\/1070\/2022\/02\/TD_2_compressed.pdf\" target=\"_blank\" rel=\"noopener\">Texto para Discuss\u00e3o n.02<\/a><\/p>\t\t\t\t\t\t<\/div>\n\t\t\t\t<\/div>\n\t\t\t\t<div class=\"elementor-element elementor-element-993659a elementor-widget-divider--view-line elementor-widget elementor-widget-divider\" data-id=\"993659a\" data-element_type=\"widget\" data-widget_type=\"divider.default\">\n\t\t\t\t<div class=\"elementor-widget-container\">\n\t\t\t\t\t<div class=\"elementor-divider\">\n\t\t\t<span class=\"elementor-divider-separator\">\n\t\t\t\t\t\t<\/span>\n\t\t<\/div>\n\t\t\t\t<\/div>\n\t\t\t\t<\/div>\n\t\t\t\t<div class=\"elementor-element elementor-element-1c2874e elementor-widget elementor-widget-heading\" data-id=\"1c2874e\" data-element_type=\"widget\" data-widget_type=\"heading.default\">\n\t\t\t\t<div class=\"elementor-widget-container\">\n\t\t\t<h2 class=\"elementor-heading-title elementor-size-default\"><a href=\"https:\/\/sites.usp.br\/cerp\/wp-content\/uploads\/sites\/1070\/2022\/02\/TD_1.pdf\" target=\"_blank\"><br>Ensaios sobre a Expans\u00e3o da Igreja Universal do Reino de Deus no Brasil<\/a><\/h2>\t\t<\/div>\n\t\t\t\t<\/div>\n\t\t\t\t<div class=\"elementor-element elementor-element-c30d3ce elementor-widget elementor-widget-text-editor\" data-id=\"c30d3ce\" data-element_type=\"widget\" data-widget_type=\"text-editor.default\">\n\t\t\t\t<div class=\"elementor-widget-container\">\n\t\t\t\t\t\t\t<p>Raphael Corbi (USP) e Bruno Komatsu (USP)<\/p><p><a style=\"font-variant-caps: normal; font-family: 'Source Sans Pro', sans-serif; font-size: 18px; font-style: normal;\" href=\"https:\/\/sites.usp.br\/cerp\/wp-content\/uploads\/sites\/1070\/2022\/02\/TD_1.pdf\" target=\"_blank\" rel=\"noopener\">Texto para Discuss\u00e3o n.01<\/a><\/p>\t\t\t\t\t\t<\/div>\n\t\t\t\t<\/div>\n\t\t\t\t<div class=\"elementor-element elementor-element-08d979a elementor-widget-divider--view-line elementor-widget elementor-widget-divider\" data-id=\"08d979a\" data-element_type=\"widget\" data-widget_type=\"divider.default\">\n\t\t\t\t<div class=\"elementor-widget-container\">\n\t\t\t\t\t<div class=\"elementor-divider\">\n\t\t\t<span class=\"elementor-divider-separator\">\n\t\t\t\t\t\t<\/span>\n\t\t<\/div>\n\t\t\t\t<\/div>\n\t\t\t\t<\/div>\n\t\t\t\t<div class=\"elementor-element elementor-element-0209a87 elementor-widget elementor-widget-heading\" data-id=\"0209a87\" data-element_type=\"widget\" id=\"institucionais\" data-widget_type=\"heading.default\">\n\t\t\t\t<div class=\"elementor-widget-container\">\n\t\t\t<h2 class=\"elementor-heading-title elementor-size-default\"><br>Estudos Institucionais<\/h2>\t\t<\/div>\n\t\t\t\t<\/div>\n\t\t\t\t<div class=\"elementor-element elementor-element-97a3554 elementor-widget elementor-widget-spacer\" data-id=\"97a3554\" data-element_type=\"widget\" data-widget_type=\"spacer.default\">\n\t\t\t\t<div class=\"elementor-widget-container\">\n\t\t\t\t\t<div class=\"elementor-spacer\">\n\t\t\t<div class=\"elementor-spacer-inner\"><\/div>\n\t\t<\/div>\n\t\t\t\t<\/div>\n\t\t\t\t<\/div>\n\t\t\t\t<div class=\"elementor-element elementor-element-2c28a6b elementor-widget elementor-widget-heading\" data-id=\"2c28a6b\" data-element_type=\"widget\" data-widget_type=\"heading.default\">\n\t\t\t\t<div class=\"elementor-widget-container\">\n\t\t\t<h2 class=\"elementor-heading-title elementor-size-default\"><a href=\"https:\/\/sites.usp.br\/cerp\/wp-content\/uploads\/sites\/1070\/2022\/02\/EI_Eng.pdf\" target=\"_blank\"><br>Religious Subsidies, the Rise of \nEvangelicalism and its Consequences in Congressional Politics<\/a><\/h2>\t\t<\/div>\n\t\t\t\t<\/div>\n\t\t\t\t<div class=\"elementor-element elementor-element-da2479c elementor-widget elementor-widget-text-editor\" data-id=\"da2479c\" data-element_type=\"widget\" data-widget_type=\"text-editor.default\">\n\t\t\t\t<div class=\"elementor-widget-container\">\n\t\t\t\t\t\t\t<p><a href=\"https:\/\/sites.usp.br\/cerp\/wp-content\/uploads\/sites\/1070\/2022\/02\/EI_Eng.pdf\">English<\/a> | <a href=\"https:\/\/sites.usp.br\/cerp\/wp-content\/uploads\/sites\/1070\/2022\/02\/EI_Port.pdf\">Portugu\u00eas<\/a><br>\nRaphael Corbi (USP) e Fabio Miessi (Norwegian Business School)\n<\/br><\/p>\n\n<a href=\"https:\/\/sites.usp.br\/cerp\/wp-content\/uploads\/sites\/1070\/2022\/02\/EI_Eng.pdf\">Estudo Institucional n.01<\/a>\t\t\t\t\t\t<\/div>\n\t\t\t\t<\/div>\n\t\t\t\t<div class=\"elementor-element elementor-element-afc8a96 elementor-widget elementor-widget-spacer\" data-id=\"afc8a96\" data-element_type=\"widget\" data-widget_type=\"spacer.default\">\n\t\t\t\t<div class=\"elementor-widget-container\">\n\t\t\t\t\t<div class=\"elementor-spacer\">\n\t\t\t<div class=\"elementor-spacer-inner\"><\/div>\n\t\t<\/div>\n\t\t\t\t<\/div>\n\t\t\t\t<\/div>\n\t\t\t\t<div class=\"elementor-element elementor-element-dc5678b elementor-widget-divider--view-line elementor-widget elementor-widget-divider\" data-id=\"dc5678b\" data-element_type=\"widget\" data-widget_type=\"divider.default\">\n\t\t\t\t<div class=\"elementor-widget-container\">\n\t\t\t\t\t<div class=\"elementor-divider\">\n\t\t\t<span class=\"elementor-divider-separator\">\n\t\t\t\t\t\t<\/span>\n\t\t<\/div>\n\t\t\t\t<\/div>\n\t\t\t\t<\/div>\n\t\t\t\t<div class=\"elementor-element elementor-element-3777885 elementor-widget elementor-widget-spacer\" data-id=\"3777885\" data-element_type=\"widget\" data-widget_type=\"spacer.default\">\n\t\t\t\t<div class=\"elementor-widget-container\">\n\t\t\t\t\t<div class=\"elementor-spacer\">\n\t\t\t<div class=\"elementor-spacer-inner\"><\/div>\n\t\t<\/div>\n\t\t\t\t<\/div>\n\t\t\t\t<\/div>\n\t\t\t\t<div class=\"elementor-element elementor-element-fd6bda0 elementor-widget-divider--view-line elementor-widget elementor-widget-divider\" data-id=\"fd6bda0\" data-element_type=\"widget\" data-widget_type=\"divider.default\">\n\t\t\t\t<div class=\"elementor-widget-container\">\n\t\t\t\t\t<div class=\"elementor-divider\">\n\t\t\t<span class=\"elementor-divider-separator\">\n\t\t\t\t\t\t<\/span>\n\t\t<\/div>\n\t\t\t\t<\/div>\n\t\t\t\t<\/div>\n\t\t\t\t<div class=\"elementor-element elementor-element-fcdc11a elementor-widget-divider--view-line elementor-widget elementor-widget-divider\" data-id=\"fcdc11a\" data-element_type=\"widget\" data-widget_type=\"divider.default\">\n\t\t\t\t<div class=\"elementor-widget-container\">\n\t\t\t\t\t<div class=\"elementor-divider\">\n\t\t\t<span class=\"elementor-divider-separator\">\n\t\t\t\t\t\t<\/span>\n\t\t<\/div>\n\t\t\t\t<\/div>\n\t\t\t\t<\/div>\n\t\t\t\t\t<\/div>\n\t\t<\/div>\n\t\t\t\t\t<\/div>\n\t\t<\/section>\n\t\t\t\t\t<\/div>\n\t\t<\/div>\n\t\t\t\t\t<\/div>\n\t\t<\/section>\n\t\t\t\t<\/div>\n\t\t","protected":false},"excerpt":{"rendered":"<p>Pesquisas Textos para Discuss\u00e3o A religi\u00e3o \u00e9 especial para o direito? O \u00e2mbito de prote\u00e7\u00e3o poss\u00edvel da liberdade religiosa nas sociedades democr\u00e1ticas contempor\u00e2neas Tese de Doutorado Meliza Franco (USP) Texto para Discuss\u00e3o n.04 The Decline of Religiosity in America: Evidence from a Structural Model of Endogenous Church Differentiation Revise and Re-submit 2nd Round &#8212; Journal [&hellip;]<\/p>\n","protected":false},"author":22641,"featured_media":0,"parent":0,"menu_order":0,"comment_status":"closed","ping_status":"closed","template":"","meta":{"_monsterinsights_skip_tracking":false,"_monsterinsights_sitenote_active":false,"_monsterinsights_sitenote_note":"","_monsterinsights_sitenote_category":0,"footnotes":"","_links_to":"","_links_to_target":""},"class_list":["post-883","page","type-page","status-publish","hentry","entry"],"_links":{"self":[{"href":"https:\/\/sites.usp.br\/cerp\/wp-json\/wp\/v2\/pages\/883","targetHints":{"allow":["GET"]}}],"collection":[{"href":"https:\/\/sites.usp.br\/cerp\/wp-json\/wp\/v2\/pages"}],"about":[{"href":"https:\/\/sites.usp.br\/cerp\/wp-json\/wp\/v2\/types\/page"}],"author":[{"embeddable":true,"href":"https:\/\/sites.usp.br\/cerp\/wp-json\/wp\/v2\/users\/22641"}],"replies":[{"embeddable":true,"href":"https:\/\/sites.usp.br\/cerp\/wp-json\/wp\/v2\/comments?post=883"}],"version-history":[{"count":4,"href":"https:\/\/sites.usp.br\/cerp\/wp-json\/wp\/v2\/pages\/883\/revisions"}],"predecessor-version":[{"id":5183,"href":"https:\/\/sites.usp.br\/cerp\/wp-json\/wp\/v2\/pages\/883\/revisions\/5183"}],"wp:attachment":[{"href":"https:\/\/sites.usp.br\/cerp\/wp-json\/wp\/v2\/media?parent=883"}],"curies":[{"name":"wp","href":"https:\/\/api.w.org\/{rel}","templated":true}]}}