{"id":262,"date":"2014-01-09T17:37:53","date_gmt":"2014-01-09T17:37:53","guid":{"rendered":"http:\/\/sites.usp.br\/cert\/?page_id=262"},"modified":"2025-09-01T18:34:50","modified_gmt":"2025-09-01T18:34:50","slug":"credenciamento-exercicio-simultaneo","status":"publish","type":"page","link":"https:\/\/sites.usp.br\/cert\/credenciamento-exercicio-simultaneo\/","title":{"rendered":"Credenciamento para atividades simult\u00e2neas"},"content":{"rendered":"<pre style=\"text-align: justify; background: white; margin: 0cm 0cm 18.0pt 0cm;\"><span style=\"font-family: 'Arial','sans-serif';\">A Resolu\u00e7\u00e3o n\u00ba 7271\/2016, alterada pela Resolu\u00e7\u00e3o n\u00ba 7603\/2018 permite que em circunst\u00e2ncias especiais docentes em RDIDP exer\u00e7am atividades simult\u00e2neas. Em linhas gerais, atividades simult\u00e2neas remuneradas exigem credenciamento aprovado pelo Conselho de Departamento, Congrega\u00e7\u00e3o ou CTA da Unidade e pela CERT.\r\n\r\n\r\n<\/span><\/pre>\n<p><a href=\"http:\/\/www.leginf.usp.br\/?resolucao=resolucao-no-7271-23-de-novembro-de-2016-2#:~:text=Subse%C3%A7%C3%A3o%20IV%20%E2%80%93%20Processo%20de%20credenciamento%20do%20docente%20em%20RDIDP%20para%20atividades%20simult%C3%A2neas\"><span style=\"text-decoration: underline;\">As normas para credenciamento<\/span><\/a>\u00a0 e <a href=\"http:\/\/www.leginf.usp.br\/?resolucao=resolucao-no-7271-23-de-novembro-de-2016-2#:~:text=Subse%C3%A7%C3%A3o%20IV%20%E2%80%93%20Processo%20de%20credenciamento%20do%20docente%20em%20RDIDP%20para%20atividades%20simult%C3%A2neas\"><span style=\"text-decoration: underline;\">aspectos gerais do processo de credenciamento<\/span><\/a> s\u00e3o definidas pela Resolu\u00e7\u00e3o n\u00ba 7271\/16 (Estatuto do Docente), alterada pela Resolu\u00e7\u00e3o n\u00ba 7603\/2018.<\/p>\n<p>As solicita\u00e7\u00f5es de credenciamento devem, obrigatoriamente, ser submetidas no Sistema CERT.<\/p>\n<p>Aspectos mais espec\u00edficos dos procedimentos para solicita\u00e7\u00e3o de credenciamento e apresenta\u00e7\u00e3o do relat\u00f3rio anual de credenciamento dos departamentos, s\u00e3o descritos abaixo:<\/p>\n<h3><strong>Solicita\u00e7\u00e3o de Credenciamento<\/strong><\/h3>\n<p>A CERT examinar\u00e1 o curr\u00edculo Lattes devidamente atualizado (\u00faltimos 2 anos). A CERT salienta que <strong>os pedidos venham acompanhados de parecer de m\u00e9rito<\/strong>, feito por docente <strong>est\u00e1vel<\/strong>, de<strong> categoria<\/strong> igual ou superior, preferencialmente de outro departamento, aprovado pelo respectivo Conselho de Departamento, que demonstrem a (excepcionalidade curricular) import\u00e2ncia do Docente para as atividades did\u00e1ticas, no trabalho de investiga\u00e7\u00e3o cient\u00edfica e nas atividades de extens\u00e3o.<\/p>\n<p>No formul\u00e1rio de solicita\u00e7\u00e3o de credenciamento, o preenchimento dos itens I e II s\u00e3o de responsabilidade do docente. O preenchimento do item III \u00e9 de responsabilidade do Departamento e dever\u00e1 ser preenchido quando o docente tiver conhecimento da atividade que pretende desenvolver.<\/p>\n<p><strong>Estando o docente credenciado, caber\u00e1 \u00e0 Diretora\/ ao Diretor da Unidade<\/strong>, ap\u00f3s a aprova\u00e7\u00e3o do Conselho do Departamento e do CTA, Congrega\u00e7\u00e3o ou \u00f3rg\u00e3o equivalente, <strong>autorizar o exerc\u00edcio simult\u00e2neo de atividades<\/strong>, n\u00e3o havendo a necessidade do encaminhamento das solicita\u00e7\u00f5es pontuais para a CERT.<\/p>\n<p><strong>Os pedidos de recredenciamentos<\/strong> dever\u00e3o ser submetidos no Sistema CERT 6 (seis) meses antes do seu vencimento para tempo h\u00e1bil da an\u00e1lise.<\/p>\n<p><em>O formul\u00e1rio para credenciamento se encontra no Sistema CERT da USP.<\/em><\/p>\n<h6><span style=\"color: #3759bf;\">Relat\u00f3rio anual de atividades simult\u00e2neas dos docentes do Departamento<\/span><\/h6>\n<p><strong>O relat\u00f3rio<\/strong> a que se refere o artigo 26 da Resolu\u00e7\u00e3o n\u00ba 7271\/16, <strong>dever\u00e1 ser encaminhado \u00e0 CERT at\u00e9 o final do m\u00eas de mar\u00e7o de cada ano<\/strong>, no seu respectivo processo, computando-se as atividades desenvolvidas at\u00e9 31 de dezembro do ano imediatamente anterior. A Comiss\u00e3o considera de extrema import\u00e2ncia o preenchimento adequado do formul\u00e1rio, informando, inclusive, os Departamentos nos quais nenhum docente exerceu tais atividades.<\/p>\n<p>Registre-se que <strong>a CERT n\u00e3o avaliar\u00e1 relat\u00f3rios individuais<\/strong> da participa\u00e7\u00e3o dos docentes nessas atividades, que ficar\u00e3o a cargo do Departamento respectivo e da Unidade.<\/p>\n<p>A apresenta\u00e7\u00e3o do relat\u00f3rio\/formul\u00e1rio em apre\u00e7o \u00e9 condi\u00e7\u00e3o necess\u00e1ria para a an\u00e1lise dos pedidos de credenciamento encaminhados pelos respectivos Departamentos. A n\u00e3o apresenta\u00e7\u00e3o do relat\u00f3rio far\u00e1 com que os pedidos de credenciamento dos docentes do Departamento respectivo permane\u00e7am no aguardo da apresenta\u00e7\u00e3o dos relat\u00f3rios devidos.<\/p>\n<p><a href=\"https:\/\/sites.usp.br\/cert\/wp-content\/uploads\/sites\/4\/2021\/12\/Formulario-de-Relatorio-Anual-de-Atividades-Simultaneas-dos-Docentes-do-Departamento.doc\">Formul\u00e1rio de Relat\u00f3rio Anual de Atividades Simult\u00e2neas dos Docentes do Departamento<\/a><\/p>\n<pre style=\"text-align: justify; background: white; margin: 0cm 0cm 18.0pt 0cm;\"><span style=\"font-family: 'Arial','sans-serif';\">\u00a0<\/span><\/pre>\n<p>&nbsp;<\/p>\n","protected":false},"excerpt":{"rendered":"<p>A Resolu\u00e7\u00e3o n\u00ba 7271\/2016, alterada pela Resolu\u00e7\u00e3o n\u00ba 7603\/2018 permite que em circunst\u00e2ncias especiais docentes em RDIDP exer\u00e7am atividades simult\u00e2neas. Em linhas gerais, atividades simult\u00e2neas remuneradas exigem credenciamento aprovado pelo Conselho de Departamento, Congrega\u00e7\u00e3o ou CTA da Unidade e pela CERT. As normas para credenciamento\u00a0 e aspectos gerais do processo de credenciamento s\u00e3o definidas pela [&hellip;]<\/p>\n","protected":false},"author":14,"featured_media":0,"parent":0,"menu_order":2,"comment_status":"open","ping_status":"open","template":"","meta":{"footnotes":"","_links_to":"","_links_to_target":""},"class_list":["post-262","page","type-page","status-publish","hentry"],"_links":{"self":[{"href":"https:\/\/sites.usp.br\/cert\/wp-json\/wp\/v2\/pages\/262","targetHints":{"allow":["GET"]}}],"collection":[{"href":"https:\/\/sites.usp.br\/cert\/wp-json\/wp\/v2\/pages"}],"about":[{"href":"https:\/\/sites.usp.br\/cert\/wp-json\/wp\/v2\/types\/page"}],"author":[{"embeddable":true,"href":"https:\/\/sites.usp.br\/cert\/wp-json\/wp\/v2\/users\/14"}],"replies":[{"embeddable":true,"href":"https:\/\/sites.usp.br\/cert\/wp-json\/wp\/v2\/comments?post=262"}],"version-history":[{"count":4,"href":"https:\/\/sites.usp.br\/cert\/wp-json\/wp\/v2\/pages\/262\/revisions"}],"predecessor-version":[{"id":587,"href":"https:\/\/sites.usp.br\/cert\/wp-json\/wp\/v2\/pages\/262\/revisions\/587"}],"wp:attachment":[{"href":"https:\/\/sites.usp.br\/cert\/wp-json\/wp\/v2\/media?parent=262"}],"curies":[{"name":"wp","href":"https:\/\/api.w.org\/{rel}","templated":true}]}}