{"id":33,"date":"2013-12-16T16:21:08","date_gmt":"2013-12-16T16:21:08","guid":{"rendered":"http:\/\/sites.usp.br\/cert\/?page_id=33"},"modified":"2025-09-03T18:13:34","modified_gmt":"2025-09-03T18:13:34","slug":"oficios-circulares","status":"publish","type":"page","link":"https:\/\/sites.usp.br\/cert\/oficios-circulares\/","title":{"rendered":"Of\u00edcios Circulares"},"content":{"rendered":"<p><a href=\"https:\/\/sites.usp.br\/cert\/wp-content\/uploads\/sites\/4\/2024\/11\/Oficio-Circular-CERT-no-01-2024.pdf\">Of\u00edcio n\u00ba 01\/2024<\/a> &#8211; Est\u00e1gio probat\u00f3rio<\/p>\n<p><a href=\"https:\/\/sites.usp.br\/cert\/wp-content\/uploads\/sites\/4\/2025\/09\/01CIRC17_CERT.pdf\">Of\u00edcio n\u00ba 01\/2017<\/a>\u00a0&#8211; Credenciamento e Relat\u00f3rio de Credenciamento<\/p>\n<p><a href=\"\/\/sites.usp.br\/cert\/wp-content\/uploads\/sites\/4\/2013\/12\/01Circ12.pdf\">Oficio n\u00ba 01\/2012<\/a> &#8211; Pareceres de M\u00e9rito<\/p>\n","protected":false},"excerpt":{"rendered":"<p>Of\u00edcio n\u00ba 01\/2024 &#8211; Est\u00e1gio probat\u00f3rio Of\u00edcio n\u00ba 01\/2017\u00a0&#8211; Credenciamento e Relat\u00f3rio de Credenciamento Oficio n\u00ba 01\/2012 &#8211; Pareceres de M\u00e9rito<\/p>\n","protected":false},"author":1,"featured_media":0,"parent":0,"menu_order":2,"comment_status":"closed","ping_status":"closed","template":"","meta":{"footnotes":"","_links_to":"","_links_to_target":""},"class_list":["post-33","page","type-page","status-publish","hentry"],"_links":{"self":[{"href":"https:\/\/sites.usp.br\/cert\/wp-json\/wp\/v2\/pages\/33","targetHints":{"allow":["GET"]}}],"collection":[{"href":"https:\/\/sites.usp.br\/cert\/wp-json\/wp\/v2\/pages"}],"about":[{"href":"https:\/\/sites.usp.br\/cert\/wp-json\/wp\/v2\/types\/page"}],"author":[{"embeddable":true,"href":"https:\/\/sites.usp.br\/cert\/wp-json\/wp\/v2\/users\/1"}],"replies":[{"embeddable":true,"href":"https:\/\/sites.usp.br\/cert\/wp-json\/wp\/v2\/comments?post=33"}],"version-history":[{"count":4,"href":"https:\/\/sites.usp.br\/cert\/wp-json\/wp\/v2\/pages\/33\/revisions"}],"predecessor-version":[{"id":1022,"href":"https:\/\/sites.usp.br\/cert\/wp-json\/wp\/v2\/pages\/33\/revisions\/1022"}],"wp:attachment":[{"href":"https:\/\/sites.usp.br\/cert\/wp-json\/wp\/v2\/media?parent=33"}],"curies":[{"name":"wp","href":"https:\/\/api.w.org\/{rel}","templated":true}]}}