{"id":345,"date":"2014-01-16T14:04:25","date_gmt":"2014-01-16T14:04:25","guid":{"rendered":"http:\/\/sites.usp.br\/cert\/?page_id=345"},"modified":"2019-04-02T19:11:34","modified_gmt":"2019-04-02T19:11:34","slug":"cursos-de-extensao","status":"publish","type":"page","link":"https:\/\/sites.usp.br\/cert\/cursos-de-extensao\/","title":{"rendered":"Cursos de Extens\u00e3o"},"content":{"rendered":"<p>Resolu\u00e7\u00e3o n\u00ba 7271\/2016 alterada pela Resolu\u00e7\u00e3o n\u00ba 7603\/2018<\/p>\n<p><strong> Artigo 21<\/strong> \u2013 O docente em RDIDP credenciado poder\u00e1 participar de cursos de extens\u00e3o universit\u00e1ria oferecidos pela Universidade, percebendo remunera\u00e7\u00e3o por essa atividade.<\/p>\n<p>\u00a7 1\u00ba \u2013 O tempo dedicado \u00e0s atividades a que se refere este artigo, somadas \u00e0s previstas no artigo 19, \u00a7 2\u00ba e no artigo 20, ser\u00e1 limitado \u00e0 m\u00e9dia de 8 (oito) horas semanais, calculadas tomando por base o exerc\u00edcio anual, devendo ser tais atividades coerentes com os Projetos Acad\u00eamicos, do docente, do Departamento e da Unidade.\u00a0<a href=\"http:\/\/www.leginf.usp.br\/?resolucao=resolucao-no-7603-de-21-de-dezembro-de-2018\"><em>(alterado pela Resolu\u00e7\u00e3o 7603\/2018)<\/em><\/a><br \/>\n\u00a7 2\u00ba \u2013 Os recursos para pagamento do docente somente poder\u00e3o provir de fontes estranhas ao or\u00e7amento concedido pelo Governo do Estado \u00e0 Universidade.<br \/>\n\u00a7 3\u00ba \u2013 A regularidade da participa\u00e7\u00e3o do docente \u00e9 condicionada \u00e0 aprova\u00e7\u00e3o do curso pelas inst\u00e2ncias competentes, de acordo com a regulamenta\u00e7\u00e3o pr\u00f3pria da Universidade.<br \/>\n\u00a7 4\u00ba- \u00c9 vedada a participa\u00e7\u00e3o remunerada em curso oferecido por institui\u00e7\u00e3o distinta da USP que n\u00e3o seja institui\u00e7\u00e3o p\u00fablica ou entidade conveniada para esse fim espec\u00edfico.\u00a0<a href=\"http:\/\/www.leginf.usp.br\/?resolucao=resolucao-no-7603-de-21-de-dezembro-de-2018\"><em>(alterado pela Resolu\u00e7\u00e3o 7603\/2018)<\/em><\/a><br \/>\n\u00a7 5\u00ba \u2013 A participa\u00e7\u00e3o pontual do docente em eventos acad\u00eamicos ou cient\u00edficos como palestrante n\u00e3o ser\u00e1 caracterizada como participa\u00e7\u00e3o remunerada em curso para efeito do par\u00e1grafo 4\u00ba, devendo seguir o disposto no artigo 17, inciso XI, desta Resolu\u00e7\u00e3o.\u00a0<a href=\"http:\/\/www.leginf.usp.br\/?resolucao=resolucao-no-7603-de-21-de-dezembro-de-2018\"><em>(acrescido pela Resolu\u00e7\u00e3o 7603\/2018)<\/em><\/a><br \/>\n\u00a7 6\u00ba \u2013 A atividade prevista neste artigo abrange inclusive a coordena\u00e7\u00e3o de cursos de extens\u00e3o universit\u00e1ria.\u00a0<a href=\"http:\/\/www.leginf.usp.br\/?resolucao=resolucao-no-7603-de-21-de-dezembro-de-2018\"><em>(acrescido pela Resolu\u00e7\u00e3o 7603\/2018)<\/em><\/a><\/p>\n","protected":false},"excerpt":{"rendered":"<p>Resolu\u00e7\u00e3o n\u00ba 7271\/2016 alterada pela Resolu\u00e7\u00e3o n\u00ba 7603\/2018 Artigo 21 \u2013 O docente em RDIDP credenciado poder\u00e1 participar de cursos de extens\u00e3o universit\u00e1ria oferecidos pela Universidade, percebendo remunera\u00e7\u00e3o por essa atividade. \u00a7 1\u00ba \u2013 O tempo dedicado \u00e0s atividades a que se refere este artigo, somadas \u00e0s previstas no artigo 19, \u00a7 2\u00ba e no [&hellip;]<\/p>\n","protected":false},"author":14,"featured_media":0,"parent":0,"menu_order":2,"comment_status":"open","ping_status":"open","template":"","meta":{"footnotes":"","_links_to":"","_links_to_target":""},"class_list":["post-345","page","type-page","status-publish","hentry"],"_links":{"self":[{"href":"https:\/\/sites.usp.br\/cert\/wp-json\/wp\/v2\/pages\/345","targetHints":{"allow":["GET"]}}],"collection":[{"href":"https:\/\/sites.usp.br\/cert\/wp-json\/wp\/v2\/pages"}],"about":[{"href":"https:\/\/sites.usp.br\/cert\/wp-json\/wp\/v2\/types\/page"}],"author":[{"embeddable":true,"href":"https:\/\/sites.usp.br\/cert\/wp-json\/wp\/v2\/users\/14"}],"replies":[{"embeddable":true,"href":"https:\/\/sites.usp.br\/cert\/wp-json\/wp\/v2\/comments?post=345"}],"version-history":[{"count":4,"href":"https:\/\/sites.usp.br\/cert\/wp-json\/wp\/v2\/pages\/345\/revisions"}],"predecessor-version":[{"id":794,"href":"https:\/\/sites.usp.br\/cert\/wp-json\/wp\/v2\/pages\/345\/revisions\/794"}],"wp:attachment":[{"href":"https:\/\/sites.usp.br\/cert\/wp-json\/wp\/v2\/media?parent=345"}],"curies":[{"name":"wp","href":"https:\/\/api.w.org\/{rel}","templated":true}]}}