{"id":349,"date":"2014-01-16T18:25:28","date_gmt":"2014-01-16T18:25:28","guid":{"rendered":"http:\/\/sites.usp.br\/cert\/?page_id=349"},"modified":"2019-04-02T19:15:54","modified_gmt":"2019-04-02T19:15:54","slug":"assessoria","status":"publish","type":"page","link":"https:\/\/sites.usp.br\/cert\/assessoria\/","title":{"rendered":"Assessoria"},"content":{"rendered":"<p>Resolu\u00e7\u00e3o n\u00ba 7271\/2016 alterada pela Resolu\u00e7\u00e3o n\u00ba 7603\/2018<\/p>\n<p><strong>Artigo 20<\/strong> \u2013 O docente em RDIDP credenciado poder\u00e1 realizar atividades de assessoria, tais como elaborar pareceres cient\u00edficos e responder a consultas sobre assuntos especializados, realizar ensaios ou an\u00e1lises, exercer atividades de consultoria, per\u00edcia, assist\u00eancia, orienta\u00e7\u00e3o profissional e curadoria externa de museus, visando a aplica\u00e7\u00e3o e difus\u00e3o dos conhecimentos cient\u00edficos, culturais e tecnol\u00f3gicos que se caracterizam pela sua relev\u00e2ncia para a sociedade ou para a Universidade.<\/p>\n<p>\u00a7 1\u00ba \u2013 O tempo dedicado \u00e0s atividades a que se refere este artigo, somadas \u00e0s previstas no artigo 19, \u00a7 2\u00ba e no artigo 21, ser\u00e1 limitado a 8 (oito) horas semanais, calculadas tomando por base o exerc\u00edcio anual, devendo ser as atividades coerentes com o Projeto Acad\u00eamico, do docente, do Departamento e da Unidade.\u00a0<a href=\"http:\/\/www.leginf.usp.br\/?resolucao=resolucao-no-7603-de-21-de-dezembro-de-2018\"><em>(alterado pela Resolu\u00e7\u00e3o 7603\/2018)<\/em><\/a><br \/>\n\u00a7 2\u00ba \u2013 O docente que infringir o disposto no \u00a7 1\u00ba deste artigo ser\u00e1 exclu\u00eddo do regime.<br \/>\n\u00a7 3\u00ba- As atividades de assessoria devem ser submetidas \u00e0 autoriza\u00e7\u00e3o, de maneira individualizada, a cada evento, pelo Conselho do Departamento e Congrega\u00e7\u00e3o ou CTA.<br \/>\n\u00a7 4\u00ba \u2013 Nos casos em que a urg\u00eancia for justificada, o Diretor da Unidade, ap\u00f3s aprecia\u00e7\u00e3o do Departamento, poder\u00e1 autorizar a realiza\u00e7\u00e3o dos servi\u00e7os a que se refere o\u00a0<em>caput<\/em>\u00a0deste artigo,\u00a0<em>ad referendum<\/em>\u00a0da Congrega\u00e7\u00e3o ou CTA.<\/p>\n","protected":false},"excerpt":{"rendered":"<p>Resolu\u00e7\u00e3o n\u00ba 7271\/2016 alterada pela Resolu\u00e7\u00e3o n\u00ba 7603\/2018 Artigo 20 \u2013 O docente em RDIDP credenciado poder\u00e1 realizar atividades de assessoria, tais como elaborar pareceres cient\u00edficos e responder a consultas sobre assuntos especializados, realizar ensaios ou an\u00e1lises, exercer atividades de consultoria, per\u00edcia, assist\u00eancia, orienta\u00e7\u00e3o profissional e curadoria externa de museus, visando a aplica\u00e7\u00e3o e difus\u00e3o [&hellip;]<\/p>\n","protected":false},"author":14,"featured_media":0,"parent":0,"menu_order":2,"comment_status":"open","ping_status":"open","template":"","meta":{"footnotes":"","_links_to":"","_links_to_target":""},"class_list":["post-349","page","type-page","status-publish","hentry"],"_links":{"self":[{"href":"https:\/\/sites.usp.br\/cert\/wp-json\/wp\/v2\/pages\/349","targetHints":{"allow":["GET"]}}],"collection":[{"href":"https:\/\/sites.usp.br\/cert\/wp-json\/wp\/v2\/pages"}],"about":[{"href":"https:\/\/sites.usp.br\/cert\/wp-json\/wp\/v2\/types\/page"}],"author":[{"embeddable":true,"href":"https:\/\/sites.usp.br\/cert\/wp-json\/wp\/v2\/users\/14"}],"replies":[{"embeddable":true,"href":"https:\/\/sites.usp.br\/cert\/wp-json\/wp\/v2\/comments?post=349"}],"version-history":[{"count":4,"href":"https:\/\/sites.usp.br\/cert\/wp-json\/wp\/v2\/pages\/349\/revisions"}],"predecessor-version":[{"id":795,"href":"https:\/\/sites.usp.br\/cert\/wp-json\/wp\/v2\/pages\/349\/revisions\/795"}],"wp:attachment":[{"href":"https:\/\/sites.usp.br\/cert\/wp-json\/wp\/v2\/media?parent=349"}],"curies":[{"name":"wp","href":"https:\/\/api.w.org\/{rel}","templated":true}]}}