{"id":353,"date":"2014-01-16T18:30:30","date_gmt":"2014-01-16T18:30:30","guid":{"rendered":"http:\/\/sites.usp.br\/cert\/?page_id=353"},"modified":"2019-04-02T19:20:50","modified_gmt":"2019-04-02T19:20:50","slug":"participacao-em-convenio","status":"publish","type":"page","link":"https:\/\/sites.usp.br\/cert\/participacao-em-convenio\/","title":{"rendered":"Participa\u00e7\u00e3o em Conv\u00eanio"},"content":{"rendered":"<p align=\"justify\">Resolu\u00e7\u00e3o n\u00ba 7271\/2016 alterada pela Resolu\u00e7\u00e3o n\u00ba 7603\/2018<\/p>\n<p><strong>Artigo 19<\/strong>\u00a0\u2013 O docente em RDIDP credenciado poder\u00e1 participar de projetos de ensino, pesquisa, extens\u00e3o e inova\u00e7\u00e3o, de car\u00e1ter institucional, realizados com entidades externas, mediante conv\u00eanio ou contrato, por prazo determinado.\u00a0<a href=\"http:\/\/www.leginf.usp.br\/?resolucao=resolucao-no-7603-de-21-de-dezembro-de-2018\"><em>(alterado pela Resolu\u00e7\u00e3o 7603\/2018)<\/em><\/a><\/p>\n<p>\u00a7 1\u00ba \u2013 A regularidade da participa\u00e7\u00e3o do docente \u00e9 condicionada \u00e0 aprova\u00e7\u00e3o do projeto e formaliza\u00e7\u00e3o do conv\u00eanio ou contrato pelas inst\u00e2ncias competentes, de acordo com a regulamenta\u00e7\u00e3o de conv\u00eanios da Universidade.<br \/>\n\u00a7 2\u00ba \u2013 O tempo dedicado pelo docente em RDIDP, regularmente credenciado, \u00e0s atividades relacionadas aos conv\u00eanios e contratos de projetos de ensino e extens\u00e3o, somadas \u00e0s de assessoria, referidas no artigo 20, e \u00e0s de cursos de extens\u00e3o referidas no artigo 21, com percep\u00e7\u00e3o de remunera\u00e7\u00e3o, n\u00e3o poder\u00e1 ultrapassar as 8 (oito) horas semanais, calculadas tomando por base o exerc\u00edcio anual, e dever\u00e1 ser coerente com as atividades propostas nos Projetos Acad\u00eamicos, do docente, do Departamento e da Unidade.<br \/>\n\u00a7 3\u00ba \u2013 As atividades de pesquisa e inova\u00e7\u00e3o tratadas no caput desse artigo n\u00e3o se submetem a credenciamento ou aos limites previstos no par\u00e1grafo anterior.<\/p>\n<p><span style=\"text-decoration: underline;\"><a href=\"http:\/\/www.leginf.usp.br\/?resolucao=resolucao-no-5877-de-30-de-setembro-de-2010\">Resolu\u00e7\u00e3o n\u00ba 5877\/10 (limite para gratifica\u00e7\u00e3o)<\/a><\/span><\/p>\n","protected":false},"excerpt":{"rendered":"<p>Resolu\u00e7\u00e3o n\u00ba 7271\/2016 alterada pela Resolu\u00e7\u00e3o n\u00ba 7603\/2018 Artigo 19\u00a0\u2013 O docente em RDIDP credenciado poder\u00e1 participar de projetos de ensino, pesquisa, extens\u00e3o e inova\u00e7\u00e3o, de car\u00e1ter institucional, realizados com entidades externas, mediante conv\u00eanio ou contrato, por prazo determinado.\u00a0(alterado pela Resolu\u00e7\u00e3o 7603\/2018) \u00a7 1\u00ba \u2013 A regularidade da participa\u00e7\u00e3o do docente \u00e9 condicionada \u00e0 aprova\u00e7\u00e3o [&hellip;]<\/p>\n","protected":false},"author":14,"featured_media":0,"parent":0,"menu_order":2,"comment_status":"open","ping_status":"open","template":"","meta":{"footnotes":"","_links_to":"","_links_to_target":""},"class_list":["post-353","page","type-page","status-publish","hentry"],"_links":{"self":[{"href":"https:\/\/sites.usp.br\/cert\/wp-json\/wp\/v2\/pages\/353","targetHints":{"allow":["GET"]}}],"collection":[{"href":"https:\/\/sites.usp.br\/cert\/wp-json\/wp\/v2\/pages"}],"about":[{"href":"https:\/\/sites.usp.br\/cert\/wp-json\/wp\/v2\/types\/page"}],"author":[{"embeddable":true,"href":"https:\/\/sites.usp.br\/cert\/wp-json\/wp\/v2\/users\/14"}],"replies":[{"embeddable":true,"href":"https:\/\/sites.usp.br\/cert\/wp-json\/wp\/v2\/comments?post=353"}],"version-history":[{"count":5,"href":"https:\/\/sites.usp.br\/cert\/wp-json\/wp\/v2\/pages\/353\/revisions"}],"predecessor-version":[{"id":796,"href":"https:\/\/sites.usp.br\/cert\/wp-json\/wp\/v2\/pages\/353\/revisions\/796"}],"wp:attachment":[{"href":"https:\/\/sites.usp.br\/cert\/wp-json\/wp\/v2\/media?parent=353"}],"curies":[{"name":"wp","href":"https:\/\/api.w.org\/{rel}","templated":true}]}}