{"id":39,"date":"2013-12-16T16:25:35","date_gmt":"2013-12-16T16:25:35","guid":{"rendered":"http:\/\/sites.usp.br\/cert\/?page_id=39"},"modified":"2017-01-27T17:24:34","modified_gmt":"2017-01-27T17:24:34","slug":"outros-regimes","status":"publish","type":"page","link":"https:\/\/sites.usp.br\/cert\/outros-regimes\/","title":{"rendered":"Regimes de Trabalho"},"content":{"rendered":"<p><span style=\"line-height: 1.5\">Os regimes de trabalho docente na Universidade de S\u00e3o Paulo s\u00e3o tr\u00eas:<\/span><\/p>\n<p>RDIDP\u00a0&#8211;\u00a0Regime de Dedica\u00e7\u00e3o Integral \u00e0 Doc\u00eancia e \u00e0 Pesquisa<\/p>\n<p style=\"padding-left: 60px;text-align: justify\"><em>Defini\u00e7\u00e3o do Regime<\/em>: \u00a0RDIDP, regime preferencial do corpo docente da USP, tem a finalidade de estimular e favorecer a realiza\u00e7\u00e3o da pesquisa nas diferentes \u00e1reas do saber e do conhecimento, assim como, correlatamente, contribuir para a efici\u00eancia do ensino e da difus\u00e3o de id\u00e9ias e conhecimentos para a comunidade.<\/p>\n<p style=\"text-align: justify\">RTC\u00a0&#8211;\u00a0Regime de Turno Completo<\/p>\n<p style=\"text-align: justify;padding-left: 60px\"><em>Defini\u00e7\u00e3o do Regime<\/em>: \u00a0RTC \u00e9 um regime especial de trabalho no qual o docente obriga-se a trabalhar na Universidade de S\u00e3o Paulo por 24 (vinte e quatro) horas semanais em atividades de ensino, pesquisa, bem como de extens\u00e3o de servi\u00e7os \u00e0 comunidade, se for o caso.<\/p>\n<p>RTP &#8211;\u00a0Regime de Turno Parcial<\/p>\n<p style=\"padding-left: 60px;text-align: justify\"><em>Defini\u00e7\u00e3o do Regime<\/em>: \u00a0RTP \u00e9 o regime no qual o docente se obriga a trabalhar na Universidade por 12 (doze) horas semanais em atividades de ensino.<\/p>\n<div><\/div>\n<div><\/div>\n<p>O RDIDP e o RTC <span style=\"line-height: 1.5\">\u00a0s\u00e3o considerados regimes especiais de trabalho.\u00a0<\/span><\/p>\n<p>&nbsp;<\/p>\n<p>&nbsp;<\/p>\n<p>&nbsp;<\/p>\n<p>&nbsp;<\/p>\n<p>&nbsp;<\/p>\n","protected":false},"excerpt":{"rendered":"<p>Os regimes de trabalho docente na Universidade de S\u00e3o Paulo s\u00e3o tr\u00eas: RDIDP\u00a0&#8211;\u00a0Regime de Dedica\u00e7\u00e3o Integral \u00e0 Doc\u00eancia e \u00e0 Pesquisa Defini\u00e7\u00e3o do Regime: \u00a0RDIDP, regime preferencial do corpo docente da USP, tem a finalidade de estimular e favorecer a realiza\u00e7\u00e3o da pesquisa nas diferentes \u00e1reas do saber e do conhecimento, assim como, correlatamente, contribuir [&hellip;]<\/p>\n","protected":false},"author":1,"featured_media":0,"parent":0,"menu_order":0,"comment_status":"open","ping_status":"closed","template":"","meta":{"footnotes":"","_links_to":"","_links_to_target":""},"class_list":["post-39","page","type-page","status-publish","hentry"],"_links":{"self":[{"href":"https:\/\/sites.usp.br\/cert\/wp-json\/wp\/v2\/pages\/39","targetHints":{"allow":["GET"]}}],"collection":[{"href":"https:\/\/sites.usp.br\/cert\/wp-json\/wp\/v2\/pages"}],"about":[{"href":"https:\/\/sites.usp.br\/cert\/wp-json\/wp\/v2\/types\/page"}],"author":[{"embeddable":true,"href":"https:\/\/sites.usp.br\/cert\/wp-json\/wp\/v2\/users\/1"}],"replies":[{"embeddable":true,"href":"https:\/\/sites.usp.br\/cert\/wp-json\/wp\/v2\/comments?post=39"}],"version-history":[{"count":7,"href":"https:\/\/sites.usp.br\/cert\/wp-json\/wp\/v2\/pages\/39\/revisions"}],"predecessor-version":[{"id":610,"href":"https:\/\/sites.usp.br\/cert\/wp-json\/wp\/v2\/pages\/39\/revisions\/610"}],"wp:attachment":[{"href":"https:\/\/sites.usp.br\/cert\/wp-json\/wp\/v2\/media?parent=39"}],"curies":[{"name":"wp","href":"https:\/\/api.w.org\/{rel}","templated":true}]}}