{"id":445,"date":"2014-05-05T17:32:17","date_gmt":"2014-05-05T17:32:17","guid":{"rendered":"http:\/\/sites.usp.br\/cert\/?page_id=445"},"modified":"2024-10-17T14:17:02","modified_gmt":"2024-10-17T14:17:02","slug":"formulario-relatorio","status":"publish","type":"page","link":"https:\/\/sites.usp.br\/cert\/formulario-relatorio\/","title":{"rendered":"Formul\u00e1rios"},"content":{"rendered":"<p>Formul\u00e1rio para solicita\u00e7\u00e3o de credenciamento (acesso no Sistema CERT)<\/p>\n<p><a href=\"https:\/\/sites.usp.br\/cert\/wp-content\/uploads\/sites\/4\/2021\/12\/Formulario-de-Relatorio-Anual-de-Atividades-Simultaneas-dos-Docentes-do-Departamento.doc\">Formul\u00e1rio de Relat\u00f3rio Anual de Atividades Simult\u00e2neas dos Docentes do Departamento<\/a><\/p>\n<p>&nbsp;<\/p>\n","protected":false},"excerpt":{"rendered":"<p>Formul\u00e1rio para solicita\u00e7\u00e3o de credenciamento (acesso no Sistema CERT) Formul\u00e1rio de Relat\u00f3rio Anual de Atividades Simult\u00e2neas dos Docentes do Departamento &nbsp;<\/p>\n","protected":false},"author":14,"featured_media":0,"parent":0,"menu_order":2,"comment_status":"open","ping_status":"open","template":"","meta":{"footnotes":"","_links_to":"","_links_to_target":""},"class_list":["post-445","page","type-page","status-publish","hentry"],"_links":{"self":[{"href":"https:\/\/sites.usp.br\/cert\/wp-json\/wp\/v2\/pages\/445","targetHints":{"allow":["GET"]}}],"collection":[{"href":"https:\/\/sites.usp.br\/cert\/wp-json\/wp\/v2\/pages"}],"about":[{"href":"https:\/\/sites.usp.br\/cert\/wp-json\/wp\/v2\/types\/page"}],"author":[{"embeddable":true,"href":"https:\/\/sites.usp.br\/cert\/wp-json\/wp\/v2\/users\/14"}],"replies":[{"embeddable":true,"href":"https:\/\/sites.usp.br\/cert\/wp-json\/wp\/v2\/comments?post=445"}],"version-history":[{"count":4,"href":"https:\/\/sites.usp.br\/cert\/wp-json\/wp\/v2\/pages\/445\/revisions"}],"predecessor-version":[{"id":962,"href":"https:\/\/sites.usp.br\/cert\/wp-json\/wp\/v2\/pages\/445\/revisions\/962"}],"wp:attachment":[{"href":"https:\/\/sites.usp.br\/cert\/wp-json\/wp\/v2\/media?parent=445"}],"curies":[{"name":"wp","href":"https:\/\/api.w.org\/{rel}","templated":true}]}}