{"id":50,"date":"2013-12-16T16:27:23","date_gmt":"2013-12-16T16:27:23","guid":{"rendered":"http:\/\/sites.usp.br\/cert\/?page_id=50"},"modified":"2024-10-14T19:32:36","modified_gmt":"2024-10-14T19:32:36","slug":"licenca-rdidp","status":"publish","type":"page","link":"https:\/\/sites.usp.br\/cert\/outros-regimes\/licenca-rdidp\/","title":{"rendered":"Licen\u00e7a tempor\u00e1ria do RDIDP"},"content":{"rendered":"<p><strong>Resolu\u00e7\u00e3o n\u00ba 7271 de 23 de novembro de 2016<\/strong><\/p>\n<p><strong>Se\u00e7\u00e3o V<\/strong><\/p>\n<p><span style=\"text-decoration: underline;\"><strong><span style=\"line-height: 1.5;\"><a href=\"http:\/\/www.leginf.usp.br\/?resolucao=resolucao-no-7271-23-de-novembro-de-2016#s5\">Licen\u00e7a tempor\u00e1ria do RDIDP<\/a><\/span><\/strong><\/span><\/p>\n<p>&nbsp;<\/p>\n<p>&nbsp;<\/p>\n<p>&nbsp;<\/p>\n<p>&nbsp;<\/p>\n<p>&nbsp;<\/p>\n","protected":false},"excerpt":{"rendered":"<p>Resolu\u00e7\u00e3o n\u00ba 7271 de 23 de novembro de 2016 Se\u00e7\u00e3o V Licen\u00e7a tempor\u00e1ria do RDIDP &nbsp; &nbsp; &nbsp; &nbsp; &nbsp;<\/p>\n","protected":false},"author":1,"featured_media":0,"parent":39,"menu_order":0,"comment_status":"open","ping_status":"open","template":"","meta":{"footnotes":"","_links_to":"","_links_to_target":""},"class_list":["post-50","page","type-page","status-publish","hentry"],"_links":{"self":[{"href":"https:\/\/sites.usp.br\/cert\/wp-json\/wp\/v2\/pages\/50","targetHints":{"allow":["GET"]}}],"collection":[{"href":"https:\/\/sites.usp.br\/cert\/wp-json\/wp\/v2\/pages"}],"about":[{"href":"https:\/\/sites.usp.br\/cert\/wp-json\/wp\/v2\/types\/page"}],"author":[{"embeddable":true,"href":"https:\/\/sites.usp.br\/cert\/wp-json\/wp\/v2\/users\/1"}],"replies":[{"embeddable":true,"href":"https:\/\/sites.usp.br\/cert\/wp-json\/wp\/v2\/comments?post=50"}],"version-history":[{"count":5,"href":"https:\/\/sites.usp.br\/cert\/wp-json\/wp\/v2\/pages\/50\/revisions"}],"predecessor-version":[{"id":945,"href":"https:\/\/sites.usp.br\/cert\/wp-json\/wp\/v2\/pages\/50\/revisions\/945"}],"up":[{"embeddable":true,"href":"https:\/\/sites.usp.br\/cert\/wp-json\/wp\/v2\/pages\/39"}],"wp:attachment":[{"href":"https:\/\/sites.usp.br\/cert\/wp-json\/wp\/v2\/media?parent=50"}],"curies":[{"name":"wp","href":"https:\/\/api.w.org\/{rel}","templated":true}]}}