{"id":58,"date":"2013-12-16T16:29:40","date_gmt":"2013-12-16T16:29:40","guid":{"rendered":"http:\/\/sites.usp.br\/cert\/?page_id=58"},"modified":"2025-09-01T18:47:48","modified_gmt":"2025-09-01T18:47:48","slug":"afastamento","status":"publish","type":"page","link":"https:\/\/sites.usp.br\/cert\/outros-regimes\/afastamento\/","title":{"rendered":"Afastamento"},"content":{"rendered":"<p><a href=\"http:\/\/www.leginf.usp.br\/?resolucao=resolucao-no-7271-23-de-novembro-de-2016#c4\">Resolu\u00e7\u00e3o n\u00ba 7271 de 23 de novembro de 2016<\/a><\/p>\n<p><a href=\"https:\/\/sites.usp.br\/codage\/wp-content\/uploads\/sites\/264\/2021\/09\/CODAGE-CIRC-035-2017.pdf\">CODAGE\/CIRC\/035\/2017<\/a> &#8211; Afastamento e relat\u00f3rio de afastamento informatizado no Sistema MarteWeb da USP.<\/p>\n<div align=\"center\">\n<div style=\"text-align: left;\" align=\"center\">\n<h3><strong>Recomenda\u00e7\u00f5es da CERT para elabora\u00e7\u00e3o do relat\u00f3rio de afastamento superior a 30 dias no pa\u00eds ou exterior<\/strong><\/h3>\n<p>A CERT, reunida em 28 de abril de 2025, discutiu recomenda\u00e7\u00f5es para a elabora\u00e7\u00e3o de<br \/>\nrelat\u00f3rios de afastamento no Pa\u00eds ou no Exterior com vig\u00eancia superior a 30 dias.<br \/>\nO relat\u00f3rio deve conter as seguintes informa\u00e7\u00f5es circunstanciadas, referentes ao<br \/>\nper\u00edodo afastado, quando pertinente:<\/p>\n<p>&#8211; A finalidade e contexto da viagem, e sua rela\u00e7\u00e3o com o projeto acad\u00eamico do<br \/>\ndocente.<br \/>\n&#8211; Informa\u00e7\u00e3o sobre a institui\u00e7\u00e3o visitada<br \/>\n&#8211; Informa\u00e7\u00e3o sobre visitas a outras institui\u00e7\u00f5es no mesmo Pa\u00eds ou em outro Pa\u00eds, e sua<br \/>\ndura\u00e7\u00e3o<br \/>\n&#8211; Participa\u00e7\u00e3o em eventos com ou sem apresenta\u00e7\u00e3o de trabalhos e sua dura\u00e7\u00e3o<br \/>\n&#8211; Aulas ou palestras ministradas<br \/>\n&#8211; Informa\u00e7\u00f5es detalhadas sobre as atividades que foram previstas quando da<br \/>\nsolicita\u00e7\u00e3o do afastamento, incluindo:<\/p>\n<ul>\n<li>atividades realizadas em laborat\u00f3rio;<\/li>\n<li>atividades de campo;<\/li>\n<li>consultas a bibliotecas;<\/li>\n<li>trabalhos em reda\u00e7\u00e3o;<\/li>\n<li>trabalhos publicados;<\/li>\n<li>contatos realizados e sua relev\u00e2ncia;<\/li>\n<li>colabora\u00e7\u00f5es iniciadas e sua relev\u00e2ncia.<\/li>\n<\/ul>\n<p>&#8211; Reflex\u00f5es e conclus\u00e3o sobre a experi\u00eancia adquirida durante o afastamento.<br \/>\nEssas informa\u00e7\u00f5es t\u00eam relev\u00e2ncia considerada em fun\u00e7\u00e3o da extens\u00e3o do per\u00edodo de<br \/>\nafastamento.<br \/>\nA CERT recomenda ainda que um resumo expandido dos resultados cient\u00edficos da<br \/>\nestadia, ou alternativamente, c\u00f3pias de artigos ou documentos produzidos sejam<br \/>\nanexados ao relat\u00f3rio.<\/p>\n<\/div>\n<\/div>\n","protected":false},"excerpt":{"rendered":"<p>Resolu\u00e7\u00e3o n\u00ba 7271 de 23 de novembro de 2016 CODAGE\/CIRC\/035\/2017 &#8211; Afastamento e relat\u00f3rio de afastamento informatizado no Sistema MarteWeb da USP. Recomenda\u00e7\u00f5es da CERT para elabora\u00e7\u00e3o do relat\u00f3rio de afastamento superior a 30 dias no pa\u00eds ou exterior A CERT, reunida em 28 de abril de 2025, discutiu recomenda\u00e7\u00f5es para a elabora\u00e7\u00e3o de relat\u00f3rios [&hellip;]<\/p>\n","protected":false},"author":1,"featured_media":0,"parent":39,"menu_order":0,"comment_status":"open","ping_status":"open","template":"","meta":{"footnotes":"","_links_to":"","_links_to_target":""},"class_list":["post-58","page","type-page","status-publish","hentry"],"_links":{"self":[{"href":"https:\/\/sites.usp.br\/cert\/wp-json\/wp\/v2\/pages\/58","targetHints":{"allow":["GET"]}}],"collection":[{"href":"https:\/\/sites.usp.br\/cert\/wp-json\/wp\/v2\/pages"}],"about":[{"href":"https:\/\/sites.usp.br\/cert\/wp-json\/wp\/v2\/types\/page"}],"author":[{"embeddable":true,"href":"https:\/\/sites.usp.br\/cert\/wp-json\/wp\/v2\/users\/1"}],"replies":[{"embeddable":true,"href":"https:\/\/sites.usp.br\/cert\/wp-json\/wp\/v2\/comments?post=58"}],"version-history":[{"count":4,"href":"https:\/\/sites.usp.br\/cert\/wp-json\/wp\/v2\/pages\/58\/revisions"}],"predecessor-version":[{"id":1016,"href":"https:\/\/sites.usp.br\/cert\/wp-json\/wp\/v2\/pages\/58\/revisions\/1016"}],"up":[{"embeddable":true,"href":"https:\/\/sites.usp.br\/cert\/wp-json\/wp\/v2\/pages\/39"}],"wp:attachment":[{"href":"https:\/\/sites.usp.br\/cert\/wp-json\/wp\/v2\/media?parent=58"}],"curies":[{"name":"wp","href":"https:\/\/api.w.org\/{rel}","templated":true}]}}