{"id":624,"date":"2017-02-13T17:25:15","date_gmt":"2017-02-13T17:25:15","guid":{"rendered":"http:\/\/www.usp.br\/cert\/?page_id=624"},"modified":"2024-10-17T14:27:39","modified_gmt":"2024-10-17T14:27:39","slug":"estatuto-docente","status":"publish","type":"page","link":"https:\/\/sites.usp.br\/cert\/estatuto-docente\/","title":{"rendered":"Estatuto do Docente"},"content":{"rendered":"<p>A <a href=\"http:\/\/www.leginf.usp.br\/?resolucao=resolucao-no-7271-23-de-novembro-de-2016\"><span style=\"text-decoration: underline;\">Resolu\u00e7\u00e3o 7271\/2016<\/span><\/a>, entrou em vigor no dia 23 de janeiro de 2017.<\/p>\n<p><strong>Per\u00edodo de experimenta\u00e7\u00e3o ou est\u00e1gio probat\u00f3rio<\/strong><\/p>\n<p><span style=\"color: #0000ff;\">Docentes admitidos na USP <strong><span style=\"color: #ff0000;\">at\u00e9<\/span><\/strong> 22 de janeiro de 2017<\/span><\/p>\n<p>O docente que estava no per\u00edodo de experimenta\u00e7\u00e3o naquela data somente passar\u00e1 para o regime de avalia\u00e7\u00e3o quinquenal quando concluir o per\u00edodo de experimenta\u00e7\u00e3o. Ele deve, portanto, apresentar os relat\u00f3rios bienais nas datas previstas. Se os resultados apresentados no relat\u00f3rio bienal forem adequados, a CERT poder\u00e1 encerrar o\u00a0 per\u00edodo de experimenta\u00e7\u00e3o.<\/p>\n<p>Legisla\u00e7\u00e3o pertinente: Cap. VII &#8211; Disposi\u00e7\u00f5es transit\u00f3rias &#8211; do Estatuto do Docente, art. 1\u00ba.<\/p>\n<p><span style=\"color: #0000ff;\">Para docentes admitidos <strong><span style=\"color: #ff0000;\">ap\u00f3s<\/span><\/strong> 22 de janeiro de 2017<\/span><\/p>\n<p>O Chefe do Departamento (ou Diretor da Unidade, caso esta n\u00e3o tenha departamentos)\u00a0 deve discutir as condi\u00e7\u00f5es de trabalho \u00a0e o projeto acad\u00eamico departamental com o docente e ajud\u00e1-lo a preparar o seu projeto de est\u00e1gio docente. Esse projeto, que dever\u00e1 ser submetido \u00e0 CERT no prazo de 60 dias, cobre os tr\u00eas primeiros anos de exerc\u00edcio efetivo. Uma vez que, dois anos ap\u00f3s o in\u00edcio do exerc\u00edcio, o novo docente dever\u00e1 apresentar seu relat\u00f3rio do est\u00e1gio probat\u00f3rio, o projeto deve propor metas a serem alcan\u00e7adas no primeiro bi\u00eanio e indicadores que permitam aferir a qualidade dos resultados conseguidos nesse per\u00edodo para todas as atividades previstas no pr\u00f3prio projeto. Uma vez aprovado pela CERT, o projeto poder\u00e1 ser visto como contrato entre o docente e a Universidade, cujo cumprimento ser\u00e1 verificado quando o relat\u00f3rio bienal for avaliado.<\/p>\n<p>Legisla\u00e7\u00e3o pertinente: Cap. I \u2014 Disposi\u00e7\u00f5es iniciais \u2014 do Estatuto do Docente, art. 4\u00ba.<\/p>\n<p><strong>Credenciamento para atividades simult\u00e2neas<\/strong><\/p>\n<p>O formul\u00e1rio para solicita\u00e7\u00e3o de credenciamento para atividades simult\u00e2neas, a que se refere o art. 23 do Estatuto do Docente encontra-se no Sistema CERT da USP.<\/p>\n<p>O formul\u00e1rio para a apresenta\u00e7\u00e3o dos relat\u00f3rios anuais de credenciamentos dos departamentos, a que se refere o artigo 26 do Estatuto Docente pode ser encontrado aqui:<\/p>\n<ul>\n<li><strong><a href=\"http:\/\/sites.usp.br\/cert\/wp-content\/uploads\/sites\/4\/2014\/05\/Formul\u00e1rio-para-o-Relat\u00f3rio-Anual-de-Credenciamento.doc\">Formul\u00e1rio para o Relat\u00f3rio Anual de Credenciamento<\/a><\/strong><\/li>\n<\/ul>\n<p>&nbsp;<\/p>\n<p><strong>Atividades simult\u00e2neas permitidas<\/strong><\/p>\n<p><strong>\u00a0<\/strong>A tabela de atividades simult\u00e2neas que docentes em RDIDP podem exercer pode ser encontrada <a href=\"https:\/\/sites.usp.br\/cert\/wp-content\/uploads\/sites\/4\/2024\/10\/TABCred9_Outubro_2023.pdf\"><span style=\"color: #0000ff;\"><strong>aqui<\/strong><\/span><\/a>.\u00a0Atividades remuneradas n\u00e3o listadas na tabela, tais como doc\u00eancia em cursos de gradua\u00e7\u00e3o ou extens\u00e3o oferecidos por outras Institui\u00e7\u00f5es s\u00e3o vedadas.<\/p>\n","protected":false},"excerpt":{"rendered":"<p>A Resolu\u00e7\u00e3o 7271\/2016, entrou em vigor no dia 23 de janeiro de 2017. Per\u00edodo de experimenta\u00e7\u00e3o ou est\u00e1gio probat\u00f3rio Docentes admitidos na USP at\u00e9 22 de janeiro de 2017 O docente que estava no per\u00edodo de experimenta\u00e7\u00e3o naquela data somente passar\u00e1 para o regime de avalia\u00e7\u00e3o quinquenal quando concluir o per\u00edodo de experimenta\u00e7\u00e3o. Ele deve, [&hellip;]<\/p>\n","protected":false},"author":14,"featured_media":0,"parent":0,"menu_order":2,"comment_status":"open","ping_status":"open","template":"","meta":{"footnotes":"","_links_to":"","_links_to_target":""},"class_list":["post-624","page","type-page","status-publish","hentry"],"_links":{"self":[{"href":"https:\/\/sites.usp.br\/cert\/wp-json\/wp\/v2\/pages\/624","targetHints":{"allow":["GET"]}}],"collection":[{"href":"https:\/\/sites.usp.br\/cert\/wp-json\/wp\/v2\/pages"}],"about":[{"href":"https:\/\/sites.usp.br\/cert\/wp-json\/wp\/v2\/types\/page"}],"author":[{"embeddable":true,"href":"https:\/\/sites.usp.br\/cert\/wp-json\/wp\/v2\/users\/14"}],"replies":[{"embeddable":true,"href":"https:\/\/sites.usp.br\/cert\/wp-json\/wp\/v2\/comments?post=624"}],"version-history":[{"count":5,"href":"https:\/\/sites.usp.br\/cert\/wp-json\/wp\/v2\/pages\/624\/revisions"}],"predecessor-version":[{"id":966,"href":"https:\/\/sites.usp.br\/cert\/wp-json\/wp\/v2\/pages\/624\/revisions\/966"}],"wp:attachment":[{"href":"https:\/\/sites.usp.br\/cert\/wp-json\/wp\/v2\/media?parent=624"}],"curies":[{"name":"wp","href":"https:\/\/api.w.org\/{rel}","templated":true}]}}