{"id":674,"date":"2017-04-10T20:11:22","date_gmt":"2017-04-10T20:11:22","guid":{"rendered":"http:\/\/www.usp.br\/cert\/?page_id=674"},"modified":"2025-06-02T19:17:00","modified_gmt":"2025-06-02T19:17:00","slug":"oficio-circular-0117-novo","status":"publish","type":"page","link":"https:\/\/sites.usp.br\/cert\/oficio-circular-0117-novo\/","title":{"rendered":"Not\u00edcias da CERT"},"content":{"rendered":"<ul>\n<li><span style=\"color: #000000;\"><strong><a style=\"color: #000000;\" href=\"https:\/\/jornal.usp.br\/institucional\/novos-docentes-da-usp-sao-recepcionados-em-encontro-na-cidade-universitaria\/\">Novos docentes da USP s\u00e3o recepcionados em encontro na Cidade Universit\u00e1ria<\/a><\/strong><\/span> (Publicado em 30\/05\/2025)<\/li>\n<\/ul>\n<ul>\n<li>\n<p class=\"elementor-heading-title elementor-size-default\"><a href=\"https:\/\/jornal.usp.br\/institucional\/novos-professores-titulares-da-usp-debatem-o-futuro-da-universidade\/\"><span style=\"color: #000000;\"><strong>Novos professores titulares da USP debatem o futuro da Universidade<\/strong> (Publicado em 17\/05\/2024)\u00a0<\/span><\/a><\/p>\n<\/li>\n<li>\n<p class=\"elementor-heading-title elementor-size-default\"><a href=\"https:\/\/jornal.usp.br\/institucional\/novos-docentes-da-usp-sao-recepcionados-em-encontro-de-integracao-com-reitor-e-representantes-da-gestao\/\"><strong><span style=\"color: #000000;\">Novos docentes da USP s\u00e3o recepcionados em encontro de integra\u00e7\u00e3o com reitor e representantes da gest\u00e3o<\/span>\u00a0<\/strong><span style=\"color: #000000;\">(Publicado em 26\/04\/2024)<\/span><\/a><\/p>\n<\/li>\n<li>\n<p class=\"single-post-title entry-title\"><span style=\"color: #000000;\"><a style=\"color: #000000;\" href=\"https:\/\/jornal.usp.br\/artigos\/quarenta-anos-induzindo-e-garantindo-qualidade-da-producao-docente-da-usp\/\"><strong>Quarenta anos induzindo e garantindo qualidade da produ\u00e7\u00e3o docente da USP\u00a0 <\/strong>(Publicado em 29\/03\/2023)<\/a><\/span><\/p>\n<\/li>\n<li><a href=\"https:\/\/jornal.usp.br\/institucional\/novos-docentes-sao-recebidos-em-reuniao-na-cidade-universitaria\/\"><strong><span style=\"color: #000000;\">Novos docentes s\u00e3o recebidos em encontro na Cidade Universit\u00e1ria <\/span><\/strong><span style=\"color: #000000;\">(Publicado em 19\/10\/2022)<\/span><\/a><\/li>\n<li><a href=\"https:\/\/jornal.usp.br\/artigos\/boas-vindas-docentes\/\"><strong><span style=\"color: #000000;\">&#8220;Boas-vindas, docentes!&#8221; <\/span><\/strong><span style=\"color: #000000;\">(Publicado em 07\/10\/2022)<\/span><\/a><\/li>\n<li><a href=\"https:\/\/jornal.usp.br\/universidade\/taxa-de-aprovacao-em-avaliacoes-confirma-excelencia-do-trabalho-docente-na-usp\/\"><strong><span style=\"color: #000000;\">Taxa de aprova\u00e7\u00e3o em avalia\u00e7\u00f5es confirma excel\u00eancia do trabalho docente na USP <\/span><\/strong><span style=\"color: #000000;\">(Publicado em 18\/05\/2020)<\/span><\/a><\/li>\n<li><a href=\"https:\/\/jornal.usp.br\/institucional\/cert-lanca-novos-sistemas-para-facilitar-o-dia-a-dia-dos-docentes\/\"><span style=\"color: #000000;\"><b>CERT lan\u00e7a novos sistemas para facilitar o dia a dia dos docentes\u00a0<\/b>(publicado em 11\/04\/2019)<\/span><\/a><\/li>\n<\/ul>\n<p>&nbsp;<\/p>\n","protected":false},"excerpt":{"rendered":"<p>Novos docentes da USP s\u00e3o recepcionados em encontro na Cidade Universit\u00e1ria (Publicado em 30\/05\/2025) Novos professores titulares da USP debatem o futuro da Universidade (Publicado em 17\/05\/2024)\u00a0 Novos docentes da USP s\u00e3o recepcionados em encontro de integra\u00e7\u00e3o com reitor e representantes da gest\u00e3o\u00a0(Publicado em 26\/04\/2024) Quarenta anos induzindo e garantindo qualidade da produ\u00e7\u00e3o docente da [&hellip;]<\/p>\n","protected":false},"author":14,"featured_media":0,"parent":0,"menu_order":2,"comment_status":"closed","ping_status":"closed","template":"","meta":{"footnotes":"","_links_to":"","_links_to_target":""},"class_list":["post-674","page","type-page","status-publish","hentry"],"_links":{"self":[{"href":"https:\/\/sites.usp.br\/cert\/wp-json\/wp\/v2\/pages\/674","targetHints":{"allow":["GET"]}}],"collection":[{"href":"https:\/\/sites.usp.br\/cert\/wp-json\/wp\/v2\/pages"}],"about":[{"href":"https:\/\/sites.usp.br\/cert\/wp-json\/wp\/v2\/types\/page"}],"author":[{"embeddable":true,"href":"https:\/\/sites.usp.br\/cert\/wp-json\/wp\/v2\/users\/14"}],"replies":[{"embeddable":true,"href":"https:\/\/sites.usp.br\/cert\/wp-json\/wp\/v2\/comments?post=674"}],"version-history":[{"count":5,"href":"https:\/\/sites.usp.br\/cert\/wp-json\/wp\/v2\/pages\/674\/revisions"}],"predecessor-version":[{"id":1005,"href":"https:\/\/sites.usp.br\/cert\/wp-json\/wp\/v2\/pages\/674\/revisions\/1005"}],"wp:attachment":[{"href":"https:\/\/sites.usp.br\/cert\/wp-json\/wp\/v2\/media?parent=674"}],"curies":[{"name":"wp","href":"https:\/\/api.w.org\/{rel}","templated":true}]}}