{"id":8,"date":"2013-12-11T17:17:31","date_gmt":"2013-12-11T17:17:31","guid":{"rendered":"http:\/\/sites.usp.br\/cert\/?page_id=8"},"modified":"2026-03-06T15:20:01","modified_gmt":"2026-03-06T15:20:01","slug":"legislacao","status":"publish","type":"page","link":"https:\/\/sites.usp.br\/cert\/legislacao\/","title":{"rendered":"Legisla\u00e7\u00e3o"},"content":{"rendered":"<p><strong><span style=\"color: #ff0000;\"><a style=\"color: #ff0000;\" href=\"http:\/\/www.leginf.usp.br\/?resolucao=resolucao-no-7603-de-21-de-dezembro-de-2018\"><span style=\"color: #800000;\">Resolu\u00e7\u00e3o n\u00ba 7603\/18<\/span><\/a>\u00a0<span style=\"color: #000000;\">&#8211; Altera a Resolu\u00e7\u00e3o n\u00ba 7271\/2016 (Estatuto do Docente)\u00a0<\/span><\/span><\/strong><\/p>\n<p><strong><span style=\"color: #800000;\"><a style=\"color: #800000;\" href=\"http:\/\/www.leginf.usp.br\/?resolucao=resolucao-no-7290-de-14-de-dezembro-de-2016\">Resolu\u00e7\u00e3o n\u00ba 7290\/16<\/a><\/span> &#8211;\u00a0 Trata do &#8220;Overhead&#8221; da Universidade<\/strong><\/p>\n<p><strong><span style=\"color: #800000;\"><a style=\"color: #800000;\" href=\"http:\/\/www.leginf.usp.br\/?resolucao=resolucao-no-7271-23-de-novembro-de-2016\">Resolu\u00e7\u00e3o n\u00ba 7271\/16<\/a><\/span> &#8211; Estatuto do Docente<span style=\"color: #ff0000;\">\u00a0<\/span><\/strong><\/p>\n<p><a title=\"Resolu\u00e7\u00e3o n\u00ba 5877\/10\" href=\"http:\/\/www.leginf.usp.br\/?resolucao=resolucao-no-5877-de-30-de-setembro-de-2010\">Resolu\u00e7\u00e3o n\u00ba 5877\/10<\/a> &#8211; Procedimentos para pagamento de gratifica\u00e7\u00e3o por atividade de conv\u00eanio.<\/p>\n<p><a href=\"http:\/\/www.leginf.usp.br\/?resolucao=resolucao-n-4925-de-17-de-maio-de-2002\">Resolu\u00e7\u00e3o n\u00ba 4925\/02<\/a>\u00a0&#8211; Altera artigo 6\u00ba da Resolu\u00e7\u00e3o 3531\/89 (nomea\u00e7\u00e3o)<\/p>\n<p><a href=\"http:\/\/www.leginf.usp.br\/?resolucao=consolidada-resolucao-no-3531-de-22-de-junho-de-1989\">Resolu\u00e7\u00e3o n\u00ba 3531\/89<\/a>\u00a0&#8211; Institui o Regimento Interno da CERT<\/p>\n<p>&nbsp;<\/p>\n<p><strong><span style=\"color: #0066ff;\">LEGISLA\u00c7\u00c3O COMPLEMENTAR<\/span><\/strong><\/p>\n<p><a href=\"http:\/\/sites.usp.br\/cert\/wp-content\/uploads\/sites\/4\/2026\/03\/Portaria-CODAGE-No-1143-de-12-de-dezembro-de-2025.pdf\">Portaria CODAGE N\u00ba 1143 2025<\/a> &#8211; Recolhimento de taxas referente a assessorias &#8211; docentes em RDIDP\u00a0 &#8211; clique para acessar o <a href=\"http:\/\/sites.usp.br\/cert\/wp-content\/uploads\/sites\/4\/2026\/03\/TutorialTaxasUsp-Assessoria_Vr2.pdf\">Tutorial Taxas<\/a><\/p>\n<p><a href=\"https:\/\/sites.usp.br\/cert\/wp-content\/uploads\/sites\/4\/2021\/09\/gr249-circ.pdf\">Circ GR 249 2020<\/a> \u2013 prorroga\u00e7\u00e3o para entrega dos projetos de est\u00e1gio probat\u00f3rio, relat\u00f3rios bienais do est\u00e1gio probat\u00f3rio constitucional e relat\u00f3rios anuais de atividades sujeitas a credenciamento.<\/p>\n<p><a href=\"https:\/\/sites.usp.br\/cert\/wp-content\/uploads\/sites\/4\/2023\/11\/Of-PRCEU-15_2021.pdf\">OF.PRCEU 15\/2021<\/a> &#8211;\u00a0 Atividades de Cultura e Extens\u00e3o em que o docente n\u00e3o perceba remunera\u00e7\u00e3o espec\u00edfica, n\u00e3o necessitam de\u00a0 \u00a0 \u00a0 \u00a0 \u00a0 \u00a0 \u00a0 \u00a0 \u00a0 \u00a0 \u00a0 \u00a0 \u00a0 \u00a0 \u00a0 \u00a0 \u00a0 \u00a0 \u00a0 \u00a0 \u00a0 \u00a0 \u00a0 \u00a0 \u00a0 \u00a0 \u00a0 \u00a0 \u00a0 \u00a0 \u00a0 \u00a0 \u00a0 \u00a0 \u00a0 \u00a0 \u00a0 \u00a0credenciamento CERT<\/p>\n<p><a href=\"http:\/\/www.usp.br\/codage\/files\/CODAGE-CIRC-035-2017.pdf\">CODAGE\/CIRC\/035\/2017<\/a> &#8211; Afastamento e relat\u00f3rio de afastamento informatizado<\/p>\n<p><a href=\"http:\/\/sites.usp.br\/cert\/wp-content\/uploads\/sites\/4\/2013\/12\/consulta-carga-did\u00e1tica.pdf\">Parecer CERT &#8211; 2025\/17<\/a> &#8211; Interpreta\u00e7\u00e3o do art. 52 &#8211; Carga did\u00e1tica<\/p>\n<p><a href=\"http:\/\/sites.usp.br\/cert\/wp-content\/uploads\/sites\/4\/2013\/12\/parecercj1312.pdf\">Parecer CJ &#8211; 1312\/01<\/a>\u00a0&#8211; Orientadores em Universidades Particulares<\/p>\n<p><a href=\"http:\/\/www.leginf.usp.br\/?resolucao=resolucao-no-6966-de-21-de-outubro-de-2014\">Resolu\u00e7\u00e3o n\u00ba 6966\/14<\/a>\u00a0&#8211; Conv\u00eanios<\/p>\n<p><a href=\"http:\/\/www.leginf.usp.br\/?resolucao=resolucao-no-5940-de-26-de-julho-de-2011\">Resolu\u00e7\u00e3o n\u00ba 5940\/11<\/a>\u00a0&#8211; Regulamenta as atividades de cultura e extens\u00e3o universit\u00e1ria<\/p>\n<p><a href=\"http:\/\/www.leginf.usp.br\/?resolucao=resolucao-cocex-no-5009-de-25-de-marco-de-2003\"> Resolu\u00e7\u00e3o CoCEx n\u00ba 5009\/03 <\/a>&#8211; Regulamenta as atividades de extens\u00e3o universit\u00e1ria de assessoria, consultoria e presta\u00e7\u00e3o de servi\u00e7o\u00a0 \u00a0 \u00a0\u00a0 \u00a0 \u00a0 \u00a0 \u00a0 \u00a0 \u00a0 \u00a0 \u00a0 \u00a0 \u00a0 \u00a0 \u00a0 \u00a0 \u00a0 \u00a0 \u00a0 \u00a0 \u00a0 \u00a0 \u00a0 \u00a0 \u00a0 \u00a0 \u00a0 \u00a0 \u00a0 \u00a0 \u00a0 \u00a0 \u00a0 \u00a0 \u00a0 \u00a0 \u00a0 \u00a0 \u00a0 \u00a0 \u00a0 \u00a0 \u00a0especializado<\/p>\n<p>&nbsp;<\/p>\n<p>&nbsp;<\/p>\n<p>&nbsp;<\/p>\n","protected":false},"excerpt":{"rendered":"<p>Resolu\u00e7\u00e3o n\u00ba 7603\/18\u00a0&#8211; Altera a Resolu\u00e7\u00e3o n\u00ba 7271\/2016 (Estatuto do Docente)\u00a0 Resolu\u00e7\u00e3o n\u00ba 7290\/16 &#8211;\u00a0 Trata do &#8220;Overhead&#8221; da Universidade Resolu\u00e7\u00e3o n\u00ba 7271\/16 &#8211; Estatuto do Docente\u00a0 Resolu\u00e7\u00e3o n\u00ba 5877\/10 &#8211; Procedimentos para pagamento de gratifica\u00e7\u00e3o por atividade de conv\u00eanio. Resolu\u00e7\u00e3o n\u00ba 4925\/02\u00a0&#8211; Altera artigo 6\u00ba da Resolu\u00e7\u00e3o 3531\/89 (nomea\u00e7\u00e3o) Resolu\u00e7\u00e3o n\u00ba 3531\/89\u00a0&#8211; Institui o [&hellip;]<\/p>\n","protected":false},"author":1,"featured_media":0,"parent":0,"menu_order":2,"comment_status":"closed","ping_status":"closed","template":"","meta":{"footnotes":"","_links_to":"","_links_to_target":""},"class_list":["post-8","page","type-page","status-publish","hentry"],"_links":{"self":[{"href":"https:\/\/sites.usp.br\/cert\/wp-json\/wp\/v2\/pages\/8","targetHints":{"allow":["GET"]}}],"collection":[{"href":"https:\/\/sites.usp.br\/cert\/wp-json\/wp\/v2\/pages"}],"about":[{"href":"https:\/\/sites.usp.br\/cert\/wp-json\/wp\/v2\/types\/page"}],"author":[{"embeddable":true,"href":"https:\/\/sites.usp.br\/cert\/wp-json\/wp\/v2\/users\/1"}],"replies":[{"embeddable":true,"href":"https:\/\/sites.usp.br\/cert\/wp-json\/wp\/v2\/comments?post=8"}],"version-history":[{"count":4,"href":"https:\/\/sites.usp.br\/cert\/wp-json\/wp\/v2\/pages\/8\/revisions"}],"predecessor-version":[{"id":1035,"href":"https:\/\/sites.usp.br\/cert\/wp-json\/wp\/v2\/pages\/8\/revisions\/1035"}],"wp:attachment":[{"href":"https:\/\/sites.usp.br\/cert\/wp-json\/wp\/v2\/media?parent=8"}],"curies":[{"name":"wp","href":"https:\/\/api.w.org\/{rel}","templated":true}]}}