{"id":834,"date":"2021-08-17T19:31:57","date_gmt":"2021-08-17T19:31:57","guid":{"rendered":"https:\/\/sites.usp.br\/cert\/?page_id=834"},"modified":"2021-08-17T19:36:13","modified_gmt":"2021-08-17T19:36:13","slug":"maternidade","status":"publish","type":"page","link":"https:\/\/sites.usp.br\/cert\/maternidade\/","title":{"rendered":"Licen\u00e7a-Maternidade"},"content":{"rendered":"<p>As docentes em licen\u00e7a-maternidade t\u00eam seu credenciamento estendido automaticamente por 6 (seis) meses.<\/p>\n","protected":false},"excerpt":{"rendered":"<p>As docentes em licen\u00e7a-maternidade t\u00eam seu credenciamento estendido automaticamente por 6 (seis) meses.<\/p>\n","protected":false},"author":14,"featured_media":0,"parent":0,"menu_order":2,"comment_status":"closed","ping_status":"closed","template":"","meta":{"footnotes":"","_links_to":"","_links_to_target":""},"class_list":["post-834","page","type-page","status-publish","hentry"],"_links":{"self":[{"href":"https:\/\/sites.usp.br\/cert\/wp-json\/wp\/v2\/pages\/834","targetHints":{"allow":["GET"]}}],"collection":[{"href":"https:\/\/sites.usp.br\/cert\/wp-json\/wp\/v2\/pages"}],"about":[{"href":"https:\/\/sites.usp.br\/cert\/wp-json\/wp\/v2\/types\/page"}],"author":[{"embeddable":true,"href":"https:\/\/sites.usp.br\/cert\/wp-json\/wp\/v2\/users\/14"}],"replies":[{"embeddable":true,"href":"https:\/\/sites.usp.br\/cert\/wp-json\/wp\/v2\/comments?post=834"}],"version-history":[{"count":3,"href":"https:\/\/sites.usp.br\/cert\/wp-json\/wp\/v2\/pages\/834\/revisions"}],"predecessor-version":[{"id":839,"href":"https:\/\/sites.usp.br\/cert\/wp-json\/wp\/v2\/pages\/834\/revisions\/839"}],"wp:attachment":[{"href":"https:\/\/sites.usp.br\/cert\/wp-json\/wp\/v2\/media?parent=834"}],"curies":[{"name":"wp","href":"https:\/\/api.w.org\/{rel}","templated":true}]}}