{"id":10,"date":"2014-03-14T12:27:08","date_gmt":"2014-03-14T12:27:08","guid":{"rendered":"http:\/\/sites.usp.brcest\/?page_id=10"},"modified":"2017-06-14T19:18:48","modified_gmt":"2017-06-14T19:18:48","slug":"sobre","status":"publish","type":"page","link":"https:\/\/sites.usp.br\/cest\/sobre\/","title":{"rendered":"Sobre"},"content":{"rendered":"<p><\/p>\n<div style=\"text-align: justify\">As tecnologias de informa\u00e7\u00e3o e telecomunica\u00e7\u00f5es t\u00eam alterado o modo de vida das pessoas e criado novos costumes e facilidades que est\u00e3o resolvendo muitos dos problemas do dia a dia, mas t\u00eam trazido em seu bojo novos problemas como os ligados \u00e0 seguran\u00e7a das pessoas e neg\u00f3cios, \u00e0 privacidade, \u00e0 propriedade intelectual etc.<\/div>\n<div style=\"text-align: justify\"><\/div>\n<div style=\"text-align: justify\">O\u00a0<b>Centro de Estudos Sociedade<\/b>\u00a0e\u00a0<b>Tecnologia<\/b><b>\u00a0<\/b>(<b>CEST<\/b>) foi criado na Universidade de S\u00e3o Paulo em Dezembro de 2013 a partir de doa\u00e7\u00f5es da Microsoft Co. para discutir essas quest\u00f5es complexas e propiciar encontros, envolvendo os desenvolvedores, os pesquisadores, a sociedade e o governo de forma a estruturar essas e outras quest\u00f5es importantes e gerar respostas ou propostas adequadas, pavimentando o caminho para solu\u00e7\u00f5es que passem pelos costumes, pelas normas ou pelas aplica\u00e7\u00f5es desenvolvidas.<\/div>\n<div style=\"text-align: justify\"><\/div>\n<div style=\"text-align: justify\">Alguns conceitos transversais a todos esses temas como as aplica\u00e7\u00f5es em educa\u00e7\u00e3o <em>online<\/em>, moedas criativas, Internet das Coisas, etc. s\u00e3o, todos, temas com potencial de serem problemas ou solu\u00e7\u00f5es de grande abrang\u00eancia e complexidade al\u00e9m de serem, tamb\u00e9m, de interesse geral do corpo social.<\/div>\n<p><\/p>","protected":false},"excerpt":{"rendered":"<p>As tecnologias de informa\u00e7\u00e3o e telecomunica\u00e7\u00f5es t\u00eam alterado o modo de vida das pessoas e [&hellip;]<\/p>\n","protected":false},"author":1,"featured_media":0,"parent":0,"menu_order":0,"comment_status":"closed","ping_status":"closed","template":"","meta":{"footnotes":"","_links_to":"","_links_to_target":""},"class_list":["post-10","page","type-page","status-publish","hentry"],"_links":{"self":[{"href":"https:\/\/sites.usp.br\/cest\/wp-json\/wp\/v2\/pages\/10","targetHints":{"allow":["GET"]}}],"collection":[{"href":"https:\/\/sites.usp.br\/cest\/wp-json\/wp\/v2\/pages"}],"about":[{"href":"https:\/\/sites.usp.br\/cest\/wp-json\/wp\/v2\/types\/page"}],"author":[{"embeddable":true,"href":"https:\/\/sites.usp.br\/cest\/wp-json\/wp\/v2\/users\/1"}],"replies":[{"embeddable":true,"href":"https:\/\/sites.usp.br\/cest\/wp-json\/wp\/v2\/comments?post=10"}],"version-history":[{"count":4,"href":"https:\/\/sites.usp.br\/cest\/wp-json\/wp\/v2\/pages\/10\/revisions"}],"predecessor-version":[{"id":2027,"href":"https:\/\/sites.usp.br\/cest\/wp-json\/wp\/v2\/pages\/10\/revisions\/2027"}],"wp:attachment":[{"href":"https:\/\/sites.usp.br\/cest\/wp-json\/wp\/v2\/media?parent=10"}],"curies":[{"name":"wp","href":"https:\/\/api.w.org\/{rel}","templated":true}]}}