{"id":1204,"date":"2016-04-21T17:39:19","date_gmt":"2016-04-21T17:39:19","guid":{"rendered":"http:\/\/www.cest.poli.usp.br\/?page_id=1204"},"modified":"2017-07-10T14:19:44","modified_gmt":"2017-07-10T14:19:44","slug":"newsletter","status":"publish","type":"page","link":"https:\/\/sites.usp.br\/cest\/contato\/newsletter\/","title":{"rendered":"Newsletter"},"content":{"rendered":"<p>Cadastre-se em nossa <em>mailing list<\/em> para receber as \u00faltimas informa\u00e7\u00f5es sobre nossas produ\u00e7\u00f5es<br \/>\ne eventos futuros, para cadastrar <a href=\"http:\/\/eepurl.com\/bXuMdT\" target=\"_blank\" rel=\"noopener noreferrer\">clique aqui<\/a>.<\/p>\n<p>As nossas \u00faltimas newsletters:<\/p>\n<blockquote><p><a href=\"http:\/\/mailchi.mp\/0975a2e0ec8b\/novidades-do-cest\">Junho\/2017<\/a><\/p>\n<p><a href=\"http:\/\/mailchi.mp\/c7bcfee765c0\/novidades-do-cest-909013\" target=\"_blank\" rel=\"noopener noreferrer\">Maio\/2017<\/a><\/p>\n<p><a href=\"http:\/\/mailchi.mp\/4a8c7106fc71\/novidades-do-cest\" target=\"_blank\" rel=\"noopener noreferrer\">Abril\/2017<\/a><\/p>\n<p><a href=\"http:\/\/us13.campaign-archive1.com\/?u=8c96ab6eea21c0018dab36e95&amp;id=da53e24386\" target=\"_blank\" rel=\"noopener noreferrer\">Mar\u00e7o\/2017<\/a><\/p>\n<p><a href=\"http:\/\/us13.campaign-archive2.com\/?u=8c96ab6eea21c0018dab36e95&amp;id=aadf4cf830\" target=\"_blank\" rel=\"noopener noreferrer\">Fevereiro\/2017<\/a><\/p>\n<p><a href=\"http:\/\/us13.campaign-archive2.com\/?u=8c96ab6eea21c0018dab36e95&amp;id=3f8729240e\" target=\"_blank\" rel=\"noopener noreferrer\">Janeiro\/2017<\/a><\/p>\n<p><a href=\"http:\/\/us13.campaign-archive1.com\/?u=8c96ab6eea21c0018dab36e95&amp;id=11664084d5\" target=\"_blank\" rel=\"noopener noreferrer\">Dezembro\/2016<\/a><\/p><\/blockquote>\n<p>Caso queira se descadastrar <a href=\"http:\/\/usp.us13.list-manage.com\/unsubscribe?u=8c96ab6eea21c0018dab36e95&amp;id=f3819b0e35\" target=\"_blank\" rel=\"noopener noreferrer\">clique aqui<\/a>.<\/p>","protected":false},"excerpt":{"rendered":"<p>Cadastre-se em nossa mailing list para receber as \u00faltimas informa\u00e7\u00f5es sobre nossas produ\u00e7\u00f5es e eventos [&hellip;]<\/p>\n","protected":false},"author":33,"featured_media":0,"parent":60,"menu_order":0,"comment_status":"open","ping_status":"open","template":"","meta":{"footnotes":"","_links_to":"","_links_to_target":""},"class_list":["post-1204","page","type-page","status-publish","hentry"],"_links":{"self":[{"href":"https:\/\/sites.usp.br\/cest\/wp-json\/wp\/v2\/pages\/1204","targetHints":{"allow":["GET"]}}],"collection":[{"href":"https:\/\/sites.usp.br\/cest\/wp-json\/wp\/v2\/pages"}],"about":[{"href":"https:\/\/sites.usp.br\/cest\/wp-json\/wp\/v2\/types\/page"}],"author":[{"embeddable":true,"href":"https:\/\/sites.usp.br\/cest\/wp-json\/wp\/v2\/users\/33"}],"replies":[{"embeddable":true,"href":"https:\/\/sites.usp.br\/cest\/wp-json\/wp\/v2\/comments?post=1204"}],"version-history":[{"count":4,"href":"https:\/\/sites.usp.br\/cest\/wp-json\/wp\/v2\/pages\/1204\/revisions"}],"predecessor-version":[{"id":2084,"href":"https:\/\/sites.usp.br\/cest\/wp-json\/wp\/v2\/pages\/1204\/revisions\/2084"}],"up":[{"embeddable":true,"href":"https:\/\/sites.usp.br\/cest\/wp-json\/wp\/v2\/pages\/60"}],"wp:attachment":[{"href":"https:\/\/sites.usp.br\/cest\/wp-json\/wp\/v2\/media?parent=1204"}],"curies":[{"name":"wp","href":"https:\/\/api.w.org\/{rel}","templated":true}]}}