{"id":1217,"date":"2016-05-04T21:34:31","date_gmt":"2016-05-04T21:34:31","guid":{"rendered":"http:\/\/www.cest.poli.usp.br\/?page_id=1217"},"modified":"2017-02-21T17:45:57","modified_gmt":"2017-02-21T17:45:57","slug":"artigos_de_pesquisa","status":"publish","type":"page","link":"https:\/\/sites.usp.br\/cest\/en\/artigos_de_pesquisa\/","title":{"rendered":"Research Articles"},"content":{"rendered":"<p><\/p>\n<table style=\"height: 1250px\" width=\"717\">\n<tbody>\n<tr>\n<th style=\"text-align: left\">Research Articles<\/th>\n<th><\/th>\n<\/tr>\n<tr>\n<td>Processo Eletr\u00f4nico: Avan\u00e7o ou Retrocesso<\/td>\n<td><a href=\"http:\/\/jornalfatojuridico.com.br\/processo-eletronico-avanco-ou-retrocesso\/\"><img loading=\"lazy\" decoding=\"async\" class=\"aligncenter wp-image-1221\" src=\"http:\/\/www.cest.poli.usp.br\/wp-content\/uploads\/sites\/26\/2016\/05\/right_arrow2.png\" alt=\"right_arrow\" width=\"25\" height=\"25\" srcset=\"https:\/\/sites.usp.br\/cest\/wp-content\/uploads\/sites\/26\/2016\/05\/right_arrow2.png 128w, https:\/\/sites.usp.br\/cest\/wp-content\/uploads\/sites\/26\/2016\/05\/right_arrow2-45x45.png 45w\" sizes=\"auto, (max-width: 25px) 100vw, 25px\" \/><\/a><\/td>\n<\/tr>\n<tr>\n<td>IoT based enhacement of educational services and resources<\/td>\n<td><a href=\"http:\/\/library.iated.org\/view\/RIANORIANO2016IOT\"><img loading=\"lazy\" decoding=\"async\" class=\"aligncenter wp-image-1221\" src=\"http:\/\/www.cest.poli.usp.br\/wp-content\/uploads\/sites\/26\/2016\/05\/right_arrow2.png\" alt=\"right_arrow\" width=\"25\" height=\"25\" srcset=\"https:\/\/sites.usp.br\/cest\/wp-content\/uploads\/sites\/26\/2016\/05\/right_arrow2.png 128w, https:\/\/sites.usp.br\/cest\/wp-content\/uploads\/sites\/26\/2016\/05\/right_arrow2-45x45.png 45w\" sizes=\"auto, (max-width: 25px) 100vw, 25px\" \/><\/a><\/td>\n<\/tr>\n<tr>\n<td>Cultural Diversity Online. Between UNESCO, TTIP and net giants<\/td>\n<td><a href=\"http:\/\/www.cest.poli.usp.br\/en\/interviews-lilian-richieri-hanania\/\"><img loading=\"lazy\" decoding=\"async\" class=\"aligncenter wp-image-1221\" src=\"http:\/\/www.cest.poli.usp.br\/wp-content\/uploads\/sites\/26\/2016\/05\/right_arrow2.png\" alt=\"right_arrow\" width=\"25\" height=\"25\" srcset=\"https:\/\/sites.usp.br\/cest\/wp-content\/uploads\/sites\/26\/2016\/05\/right_arrow2.png 128w, https:\/\/sites.usp.br\/cest\/wp-content\/uploads\/sites\/26\/2016\/05\/right_arrow2-45x45.png 45w\" sizes=\"auto, (max-width: 25px) 100vw, 25px\" \/><\/a><\/td>\n<\/tr>\n<tr>\n<td>Le renouvellement de l&#8217;exception culturelle \u00e0 l&#8217;\u00e8re du num\u00e9rique<\/td>\n<td><a href=\"\/\/www.fd.ulaval.ca\/accueil-rijdec\"><img loading=\"lazy\" decoding=\"async\" class=\"aligncenter wp-image-1221\" src=\"http:\/\/www.cest.poli.usp.br\/wp-content\/uploads\/sites\/26\/2016\/05\/right_arrow2.png\" alt=\"right_arrow\" width=\"25\" height=\"25\" srcset=\"https:\/\/sites.usp.br\/cest\/wp-content\/uploads\/sites\/26\/2016\/05\/right_arrow2.png 128w, https:\/\/sites.usp.br\/cest\/wp-content\/uploads\/sites\/26\/2016\/05\/right_arrow2-45x45.png 45w\" sizes=\"auto, (max-width: 25px) 100vw, 25px\" \/><\/a><\/td>\n<\/tr>\n<tr>\n<td>Regard d\u2019expert : Trois questions \u00e0 Lilian Richieri Hanania<\/td>\n<td><a href=\"http:\/\/www.ieim.uqam.ca\/IMG\/pdf\/oif-volume10-numero6juillet-2015ceim_vf.pdf\"><img loading=\"lazy\" decoding=\"async\" class=\"aligncenter wp-image-1221\" src=\"http:\/\/www.cest.poli.usp.br\/wp-content\/uploads\/sites\/26\/2016\/05\/right_arrow2.png\" alt=\"right_arrow\" width=\"25\" height=\"25\" srcset=\"https:\/\/sites.usp.br\/cest\/wp-content\/uploads\/sites\/26\/2016\/05\/right_arrow2.png 128w, https:\/\/sites.usp.br\/cest\/wp-content\/uploads\/sites\/26\/2016\/05\/right_arrow2-45x45.png 45w\" sizes=\"auto, (max-width: 25px) 100vw, 25px\" \/><\/a><\/td>\n<\/tr>\n<tr>\n<td>Les directives op\u00e9rationnelles et autres techniques de mise en \u0153uvre de la convention sur la diversit\u00e9 des expressions culturelles dans un contexte num\u00e9rique<\/td>\n<td><a href=\"https:\/\/www.fd.ulaval.ca\/accueil-rijdec\"><img loading=\"lazy\" decoding=\"async\" class=\"aligncenter wp-image-1221\" src=\"http:\/\/www.cest.poli.usp.br\/wp-content\/uploads\/sites\/26\/2016\/05\/right_arrow2.png\" alt=\"right_arrow\" width=\"25\" height=\"25\" srcset=\"https:\/\/sites.usp.br\/cest\/wp-content\/uploads\/sites\/26\/2016\/05\/right_arrow2.png 128w, https:\/\/sites.usp.br\/cest\/wp-content\/uploads\/sites\/26\/2016\/05\/right_arrow2-45x45.png 45w\" sizes=\"auto, (max-width: 25px) 100vw, 25px\" \/><\/a><\/td>\n<\/tr>\n<tr>\n<td>Le d\u00e9bat commerce-culture \u00e0 l\u2019\u00e8re num\u00e9rique : quelle application pour la Convention de l\u2019UNESCO sur la diversit\u00e9 des expressions culturelles au sein de l\u2019\u00e9conomie cr\u00e9ative?<\/td>\n<td><a href=\"http:\/\/papers.ssrn.com\/sol3\/papers.cfm?abstract_id=2600647\"><img loading=\"lazy\" decoding=\"async\" class=\"aligncenter wp-image-1221\" src=\"http:\/\/www.cest.poli.usp.br\/wp-content\/uploads\/sites\/26\/2016\/05\/right_arrow2.png\" alt=\"right_arrow\" width=\"25\" height=\"25\" srcset=\"https:\/\/sites.usp.br\/cest\/wp-content\/uploads\/sites\/26\/2016\/05\/right_arrow2.png 128w, https:\/\/sites.usp.br\/cest\/wp-content\/uploads\/sites\/26\/2016\/05\/right_arrow2-45x45.png 45w\" sizes=\"auto, (max-width: 25px) 100vw, 25px\" \/><\/a><\/td>\n<\/tr>\n<tr>\n<td>Final publication: Exploring the relation between Open Education and International Higher Education Cooperation<\/td>\n<td><a href=\"http:\/\/www.emundus-project.eu\/wp-content\/uploads\/2016\/01\/eMundus-Final-Publication-finalweb.pdf\"><img loading=\"lazy\" decoding=\"async\" class=\"aligncenter wp-image-1221\" src=\"http:\/\/www.cest.poli.usp.br\/wp-content\/uploads\/sites\/26\/2016\/05\/right_arrow2.png\" alt=\"right_arrow\" width=\"25\" height=\"25\" srcset=\"https:\/\/sites.usp.br\/cest\/wp-content\/uploads\/sites\/26\/2016\/05\/right_arrow2.png 128w, https:\/\/sites.usp.br\/cest\/wp-content\/uploads\/sites\/26\/2016\/05\/right_arrow2-45x45.png 45w\" sizes=\"auto, (max-width: 25px) 100vw, 25px\" \/><\/a><\/td>\n<\/tr>\n<tr>\n<td>Country reports on Open Education<\/td>\n<td><a href=\"http:\/\/wikieducator.org\/Emundus\/Mapping_OE\"><img loading=\"lazy\" decoding=\"async\" class=\"aligncenter wp-image-1221\" src=\"http:\/\/www.cest.poli.usp.br\/wp-content\/uploads\/sites\/26\/2016\/05\/right_arrow2.png\" alt=\"right_arrow\" width=\"25\" height=\"25\" srcset=\"https:\/\/sites.usp.br\/cest\/wp-content\/uploads\/sites\/26\/2016\/05\/right_arrow2.png 128w, https:\/\/sites.usp.br\/cest\/wp-content\/uploads\/sites\/26\/2016\/05\/right_arrow2-45x45.png 45w\" sizes=\"auto, (max-width: 25px) 100vw, 25px\" \/><\/a><\/td>\n<\/tr>\n<tr>\n<td>The increased complexity of Higher Education collaboration in times of Open Education<\/td>\n<td><a href=\"http:\/\/uajournals.com\/ojs\/index.php\/campusvirtuales\/article\/view\/53\"><img loading=\"lazy\" decoding=\"async\" class=\"aligncenter wp-image-1221\" src=\"http:\/\/www.cest.poli.usp.br\/wp-content\/uploads\/sites\/26\/2016\/05\/right_arrow2.png\" alt=\"right_arrow\" width=\"25\" height=\"25\" srcset=\"https:\/\/sites.usp.br\/cest\/wp-content\/uploads\/sites\/26\/2016\/05\/right_arrow2.png 128w, https:\/\/sites.usp.br\/cest\/wp-content\/uploads\/sites\/26\/2016\/05\/right_arrow2-45x45.png 45w\" sizes=\"auto, (max-width: 25px) 100vw, 25px\" \/><\/a><\/td>\n<\/tr>\n<tr>\n<td>The complexity of Open Education: the case of Brazil<\/td>\n<td><a href=\"https:\/\/www.researchgate.net\/publication\/273089951_THE_COMPLEXITY_OF_OPEN_EDUCATION_THE_CASE_OF_BRAZIL\"><img loading=\"lazy\" decoding=\"async\" class=\"aligncenter wp-image-1221\" src=\"http:\/\/www.cest.poli.usp.br\/wp-content\/uploads\/sites\/26\/2016\/05\/right_arrow2.png\" alt=\"right_arrow\" width=\"25\" height=\"25\" srcset=\"https:\/\/sites.usp.br\/cest\/wp-content\/uploads\/sites\/26\/2016\/05\/right_arrow2.png 128w, https:\/\/sites.usp.br\/cest\/wp-content\/uploads\/sites\/26\/2016\/05\/right_arrow2-45x45.png 45w\" sizes=\"auto, (max-width: 25px) 100vw, 25px\" \/><\/a><\/td>\n<\/tr>\n<tr>\n<td>Micro-innovations and stakeholders engagement as drivers for systemic change in ICT-supported learning<\/td>\n<td><a href=\"https:\/\/www.google.it\/url?sa=t&amp;rct=j&amp;q=&amp;esrc=s&amp;source=web&amp;cd=7&amp;ved=0ahUKEwiYvePAyvTLAhXBBiwKHeXZBaQQFghEMAY&amp;url=http%3A%2F%2Fwww.eden-online.org%2Fsystem%2Ffiles%2FAnnual_2015_Barcelona_BOA.pdf&amp;usg=AFQjCNFPlA9dZ2llVS8adMBTb5VQMLARHA&amp;sig2=nZ6jXaKdupyx97_YrdzUJA\"><img loading=\"lazy\" decoding=\"async\" class=\"aligncenter wp-image-1221\" src=\"http:\/\/www.cest.poli.usp.br\/wp-content\/uploads\/sites\/26\/2016\/05\/right_arrow2.png\" alt=\"right_arrow\" width=\"25\" height=\"25\" srcset=\"https:\/\/sites.usp.br\/cest\/wp-content\/uploads\/sites\/26\/2016\/05\/right_arrow2.png 128w, https:\/\/sites.usp.br\/cest\/wp-content\/uploads\/sites\/26\/2016\/05\/right_arrow2-45x45.png 45w\" sizes=\"auto, (max-width: 25px) 100vw, 25px\" \/><\/a><\/td>\n<\/tr>\n<tr>\n<td>Toward IoT System Project: BRICS Mosaic Model and System Engineering Management<\/td>\n<td><a href=\"http:\/\/www.naun.org\/main\/NAUN\/neural\/2015\/a022016-089.pdf\"><img loading=\"lazy\" decoding=\"async\" class=\"aligncenter wp-image-1221\" src=\"http:\/\/www.cest.poli.usp.br\/wp-content\/uploads\/sites\/26\/2016\/05\/right_arrow2.png\" alt=\"right_arrow\" width=\"25\" height=\"25\" srcset=\"https:\/\/sites.usp.br\/cest\/wp-content\/uploads\/sites\/26\/2016\/05\/right_arrow2.png 128w, https:\/\/sites.usp.br\/cest\/wp-content\/uploads\/sites\/26\/2016\/05\/right_arrow2-45x45.png 45w\" sizes=\"auto, (max-width: 25px) 100vw, 25px\" \/><\/a><\/td>\n<\/tr>\n<tr>\n<td>BRICS Mosaic Model for IoT Feasibility Barriers<\/td>\n<td><a href=\"http:\/\/www.wseas.us\/e-library\/conferences\/2014\/Lisbon\/ELEL\/ELEL-21.pdf\"><img loading=\"lazy\" decoding=\"async\" class=\"aligncenter wp-image-1221\" src=\"http:\/\/www.cest.poli.usp.br\/wp-content\/uploads\/sites\/26\/2016\/05\/right_arrow2.png\" alt=\"right_arrow\" width=\"25\" height=\"25\" srcset=\"https:\/\/sites.usp.br\/cest\/wp-content\/uploads\/sites\/26\/2016\/05\/right_arrow2.png 128w, https:\/\/sites.usp.br\/cest\/wp-content\/uploads\/sites\/26\/2016\/05\/right_arrow2-45x45.png 45w\" sizes=\"auto, (max-width: 25px) 100vw, 25px\" \/><\/a><\/td>\n<\/tr>\n<tr>\n<td>Engineering Education to Consider Society in Systems Models<\/td>\n<td><a href=\"http:\/\/www.wseas.us\/e-library\/conferences\/2014\/Geneva\/ELECTR\/ELECTR-23.pdf\"><img loading=\"lazy\" decoding=\"async\" class=\"aligncenter wp-image-1221\" src=\"http:\/\/www.cest.poli.usp.br\/wp-content\/uploads\/sites\/26\/2016\/05\/right_arrow2.png\" alt=\"right_arrow\" width=\"25\" height=\"25\" srcset=\"https:\/\/sites.usp.br\/cest\/wp-content\/uploads\/sites\/26\/2016\/05\/right_arrow2.png 128w, https:\/\/sites.usp.br\/cest\/wp-content\/uploads\/sites\/26\/2016\/05\/right_arrow2-45x45.png 45w\" sizes=\"auto, (max-width: 25px) 100vw, 25px\" \/><\/a><\/td>\n<\/tr>\n<tr>\n<td>Extending Essence Kernel to deal with IEEE Code of Ethics<\/td>\n<td><a href=\"http:\/\/ieeexplore.ieee.org\/xpl\/articleDetails.jsp?reload=true&amp;arnumber=7400405\"><img loading=\"lazy\" decoding=\"async\" class=\"aligncenter wp-image-1221\" src=\"http:\/\/www.cest.poli.usp.br\/wp-content\/uploads\/sites\/26\/2016\/05\/right_arrow2.png\" alt=\"right_arrow\" width=\"25\" height=\"25\" srcset=\"https:\/\/sites.usp.br\/cest\/wp-content\/uploads\/sites\/26\/2016\/05\/right_arrow2.png 128w, https:\/\/sites.usp.br\/cest\/wp-content\/uploads\/sites\/26\/2016\/05\/right_arrow2-45x45.png 45w\" sizes=\"auto, (max-width: 25px) 100vw, 25px\" \/><\/a><\/td>\n<\/tr>\n<tr>\n<td>Ethics: extending human aspects in Way-of-Working<\/td>\n<td><a href=\"http:\/\/lases.cidenet.org\/images\/content\/memorias-2015.pdf\"><img loading=\"lazy\" decoding=\"async\" class=\"aligncenter wp-image-1221\" src=\"http:\/\/www.cest.poli.usp.br\/wp-content\/uploads\/sites\/26\/2016\/05\/right_arrow2.png\" alt=\"right_arrow\" width=\"25\" height=\"25\" srcset=\"https:\/\/sites.usp.br\/cest\/wp-content\/uploads\/sites\/26\/2016\/05\/right_arrow2.png 128w, https:\/\/sites.usp.br\/cest\/wp-content\/uploads\/sites\/26\/2016\/05\/right_arrow2-45x45.png 45w\" sizes=\"auto, (max-width: 25px) 100vw, 25px\" \/><\/a><\/td>\n<\/tr>\n<tr>\n<td>PMBOK Five Process Groups and Essence Standard: Perfect Partners?<\/td>\n<td><a href=\"http:\/\/conferences.computer.org\/conisoft\/2016\/papers\/1074a053.pdf\"><img loading=\"lazy\" decoding=\"async\" class=\"aligncenter wp-image-1221\" src=\"http:\/\/www.cest.poli.usp.br\/wp-content\/uploads\/sites\/26\/2016\/05\/right_arrow2.png\" alt=\"right_arrow\" width=\"25\" height=\"25\" srcset=\"https:\/\/sites.usp.br\/cest\/wp-content\/uploads\/sites\/26\/2016\/05\/right_arrow2.png 128w, https:\/\/sites.usp.br\/cest\/wp-content\/uploads\/sites\/26\/2016\/05\/right_arrow2-45x45.png 45w\" sizes=\"auto, (max-width: 25px) 100vw, 25px\" \/><\/a><\/td>\n<\/tr>\n<\/tbody>\n<\/table>\n<p><\/p>","protected":false},"excerpt":{"rendered":"<p>Research Articles Processo Eletr\u00f4nico: Avan\u00e7o ou Retrocesso IoT based enhacement of educational services and resources [&hellip;]<\/p>\n","protected":false},"author":39,"featured_media":0,"parent":0,"menu_order":0,"comment_status":"open","ping_status":"open","template":"","meta":{"footnotes":"","_links_to":"","_links_to_target":""},"class_list":["post-1217","page","type-page","status-publish","hentry"],"_links":{"self":[{"href":"https:\/\/sites.usp.br\/cest\/en\/wp-json\/wp\/v2\/pages\/1217","targetHints":{"allow":["GET"]}}],"collection":[{"href":"https:\/\/sites.usp.br\/cest\/en\/wp-json\/wp\/v2\/pages"}],"about":[{"href":"https:\/\/sites.usp.br\/cest\/en\/wp-json\/wp\/v2\/types\/page"}],"author":[{"embeddable":true,"href":"https:\/\/sites.usp.br\/cest\/en\/wp-json\/wp\/v2\/users\/39"}],"replies":[{"embeddable":true,"href":"https:\/\/sites.usp.br\/cest\/en\/wp-json\/wp\/v2\/comments?post=1217"}],"version-history":[{"count":6,"href":"https:\/\/sites.usp.br\/cest\/en\/wp-json\/wp\/v2\/pages\/1217\/revisions"}],"predecessor-version":[{"id":1670,"href":"https:\/\/sites.usp.br\/cest\/en\/wp-json\/wp\/v2\/pages\/1217\/revisions\/1670"}],"wp:attachment":[{"href":"https:\/\/sites.usp.br\/cest\/en\/wp-json\/wp\/v2\/media?parent=1217"}],"curies":[{"name":"wp","href":"https:\/\/api.w.org\/{rel}","templated":true}]}}