{"id":1369,"date":"2016-07-07T00:54:29","date_gmt":"2016-07-07T00:54:29","guid":{"rendered":"http:\/\/www.cest.poli.usp.br\/?page_id=1369"},"modified":"2017-07-27T17:38:03","modified_gmt":"2017-07-27T17:38:03","slug":"eventos-realizados","status":"publish","type":"page","link":"https:\/\/sites.usp.br\/cest\/eventos-realizados\/","title":{"rendered":"Eventos realizados"},"content":{"rendered":"<p>&nbsp;<\/p>\n<table style=\"height: 346px\" width=\"730\">\n<tbody>\n<tr>\n<th><\/th>\n<th style=\"text-align: left\">\n<h2 style=\"text-align: left\">2017<\/h2>\n<\/th>\n<\/tr>\n<tr>\n<td>Junho<\/td>\n<td><a href=\"\/\/www.cest.poli.usp.br\/evento-cidades-inteligentes-sociedade-e-tecnologia-em-debate\/\" target=\"_blank\" rel=\"noopener noreferrer\">Cidades Inteligentes? Sociedade e Tecnologia em Debate<\/a><\/td>\n<td><a href=\"http:\/\/iptv.usp.br\/portal\/video.action?idItem=37287\">v\u00eddeo<\/a><\/td>\n<\/tr>\n<tr>\n<td>Maio<\/td>\n<td><a href=\"\/\/www.cest.poli.usp.br\/iii-seminario-propriedade-intelectual-na-sociedade-da-informacao-direito-de-autor-e-inteligencia-artificial\/\">III Semin\u00e1rio Propriedade Intelectual na Sociedade da Informa\u00e7\u00e3o<\/a><\/td>\n<td><a href=\"http:\/\/www.iptv.usp.br\/portal\/video.action?idItem=36942\" target=\"_blank\" rel=\"noopener noreferrer\">v\u00eddeo<\/a><\/td>\n<\/tr>\n<tr>\n<td>Abril<\/td>\n<td style=\"text-align: left\"><a href=\"\/\/www.cest.poli.usp.br\/seminario-sobre-crowdsourcing-oportunidades-e-desafios\/\">I Semin\u00e1rio Crowdsourcing &#8211; Oportunidades e Desafios<\/a><\/td>\n<td><a href=\"http:\/\/iptv.usp.br\/portal\/video.action?idItem=36775\" target=\"_blank\" rel=\"noopener noreferrer\">v\u00eddeo<\/a><\/td>\n<\/tr>\n<tr>\n<th><\/th>\n<th style=\"text-align: left\">\n<h2 style=\"text-align: left\">2016<\/h2>\n<\/th>\n<\/tr>\n<tr>\n<td>Outubro<\/td>\n<td style=\"text-align: left\"><a href=\"\/\/www.cest.poli.usp.br\/english-ii-seminario-propriedade-intelectual-na-sociedade-da-informacao\/\" target=\"_blank\" rel=\"noopener noreferrer\">II Semin\u00e1rio Propriedade Intelectual na Sociedade da Informa\u00e7\u00e3o<\/a><\/td>\n<td><a href=\"http:\/\/www.iptv.usp.br\/portal\/video.action?idItem=34710\" target=\"_blank\" rel=\"noopener noreferrer\">v\u00eddeo<\/a><\/td>\n<\/tr>\n<tr>\n<td style=\"text-align: left\">Outubro<\/td>\n<td style=\"text-align: left\"><a href=\"\/\/www.cest.poli.usp.br\/ii-seminario-sobre-servicos-regulados-e-nao-regulados-6-de-outubro-de-2016\/\">II Semin\u00e1rio Servi\u00e7os Regulados x Servi\u00e7os N\u00e3o Regulados<\/a><\/td>\n<td style=\"text-align: left\"><a href=\"http:\/\/iptv.usp.br\/portal\/video.action?idItem=34469\">v\u00eddeo<\/a><\/td>\n<\/tr>\n<tr>\n<td>Setembro<\/td>\n<td style=\"text-align: left\"><a href=\"\/\/www.cest.poli.usp.br\/vem-ai-jornada-meios-eletronicos-para-solucao-de-conflitos\/\">I Jornada Meios Eletr\u00f4nicos para Solu\u00e7\u00e3o de Conflitos<\/a><\/td>\n<td style=\"text-align: left\"><a href=\"http:\/\/iptv.usp.br\/portal\/video.action?idItem=34529\">v\u00eddeo<\/a><\/td>\n<\/tr>\n<tr>\n<td style=\"text-align: left\" width=\"155\">Maio<\/td>\n<td style=\"text-align: left\"><a href=\"\/\/www.cest.poli.usp.br\/tag\/2-jornada-diversidade-cultural\/\" target=\"_blank\" rel=\"noopener noreferrer\">II Jornada Diversidade Cultural e Novas Tecnologias<\/a><\/td>\n<td style=\"text-align: left\"><a href=\"http:\/\/iptv.usp.br\/portal\/video.action?idItem=33247\">v\u00eddeo<\/a><\/td>\n<\/tr>\n<tr>\n<td>Maio<\/td>\n<td style=\"text-align: left\"><a href=\"\/\/www.cest.poli.usp.br\/?p=1490\" target=\"_blank\" rel=\"noopener noreferrer\">I Semin\u00e1rio sobre Servi\u00e7os Regulados <em>vs.<\/em>\u00a0N\u00e3o Regulados<\/a><\/td>\n<td style=\"text-align: left\"><a href=\"http:\/\/iptv.usp.br\/portal\/video.action?idItem=33039\">v\u00eddeo<\/a><\/td>\n<\/tr>\n<tr>\n<td style=\"text-align: left\">Mar\u00e7o<\/td>\n<td style=\"text-align: left\"><a href=\"\/\/www.cest.poli.usp.br\/tag\/educacao-aberta\/\" target=\"_blank\" rel=\"noopener noreferrer\">II Semin\u00e1rio Educa\u00e7\u00e3o Aberta, Sociedade e Tecnologia<\/a><\/td>\n<td style=\"text-align: left\"><a href=\"http:\/\/iptv.usp.br\/portal\/video.action?idItem=33417\">v\u00eddeo<\/a><\/td>\n<\/tr>\n<tr>\n<th><\/th>\n<th style=\"text-align: left\">\n<h2 style=\"text-align: left\">2015<\/h2>\n<\/th>\n<\/tr>\n<tr>\n<td>Novembro<\/td>\n<td style=\"text-align: left\"><a href=\"\/\/www.cest.poli.usp.br\/tag\/propriedade-intelectual\/\" target=\"_blank\" rel=\"noopener noreferrer\">I Semin\u00e1rio Propriedade Intelectual na Sociedade da Informa\u00e7\u00e3o<\/a><\/td>\n<td style=\"text-align: left\"><a href=\"http:\/\/iptv.usp.br\/portal\/video.action?idItem=31435\">v\u00eddeo<\/a><\/td>\n<\/tr>\n<tr>\n<td>Novembro<\/td>\n<td style=\"text-align: left\"><a href=\"\/\/www.cest.poli.usp.br\/tag\/data-science\/\" target=\"_blank\" rel=\"noopener noreferrer\">Workshop on Data Science da Poli-USP<\/a><\/td>\n<td style=\"text-align: left\"><\/td>\n<\/tr>\n<tr>\n<td>Julho<\/td>\n<td style=\"text-align: left\"><a href=\"\/\/www.cest.poli.usp.br\/tag\/jornada-diversidade-cultural\/\" target=\"_blank\" rel=\"noopener noreferrer\">I Jornada Diversidade Cultural e Novas Tecnologias<\/a><\/td>\n<td style=\"text-align: left\"><a href=\"http:\/\/iptv.usp.br\/portal\/video.action?idItem=29888\">v\u00eddeo<\/a><\/td>\n<\/tr>\n<tr>\n<th><\/th>\n<th style=\"text-align: left\">\n<h2 style=\"text-align: left\">2014<\/h2>\n<\/th>\n<\/tr>\n<tr>\n<td>Dezembro<\/td>\n<td style=\"text-align: left\">Games for Change Latin America<\/td>\n<td style=\"text-align: left\"><\/td>\n<\/tr>\n<tr>\n<td>Novembro<\/td>\n<td style=\"text-align: left\">V Semin\u00e1rio de Prote\u00e7\u00e3o \u00e0 Privacidade e aos Dados Pessoais<\/td>\n<td style=\"text-align: left\"><\/td>\n<\/tr>\n<tr>\n<td>Maio<\/td>\n<td style=\"text-align: left\">I Semin\u00e1rio Educa\u00e7\u00e3o Aberta, Sociedade e Tecnologia<\/td>\n<td style=\"text-align: left\"><a href=\"http:\/\/iptv.usp.br\/portal\/video.action?idItem=22547\">v\u00eddeo<\/a><\/td>\n<\/tr>\n<\/tbody>\n<\/table>\n<p><\/p>","protected":false},"excerpt":{"rendered":"<p>&nbsp; 2017 Junho Cidades Inteligentes? Sociedade e Tecnologia em Debate v\u00eddeo Maio III Semin\u00e1rio Propriedade [&hellip;]<\/p>\n","protected":false},"author":39,"featured_media":0,"parent":0,"menu_order":0,"comment_status":"open","ping_status":"open","template":"","meta":{"footnotes":"","_links_to":"","_links_to_target":""},"class_list":["post-1369","page","type-page","status-publish","hentry"],"_links":{"self":[{"href":"https:\/\/sites.usp.br\/cest\/wp-json\/wp\/v2\/pages\/1369","targetHints":{"allow":["GET"]}}],"collection":[{"href":"https:\/\/sites.usp.br\/cest\/wp-json\/wp\/v2\/pages"}],"about":[{"href":"https:\/\/sites.usp.br\/cest\/wp-json\/wp\/v2\/types\/page"}],"author":[{"embeddable":true,"href":"https:\/\/sites.usp.br\/cest\/wp-json\/wp\/v2\/users\/39"}],"replies":[{"embeddable":true,"href":"https:\/\/sites.usp.br\/cest\/wp-json\/wp\/v2\/comments?post=1369"}],"version-history":[{"count":4,"href":"https:\/\/sites.usp.br\/cest\/wp-json\/wp\/v2\/pages\/1369\/revisions"}],"predecessor-version":[{"id":2118,"href":"https:\/\/sites.usp.br\/cest\/wp-json\/wp\/v2\/pages\/1369\/revisions\/2118"}],"wp:attachment":[{"href":"https:\/\/sites.usp.br\/cest\/wp-json\/wp\/v2\/media?parent=1369"}],"curies":[{"name":"wp","href":"https:\/\/api.w.org\/{rel}","templated":true}]}}