{"id":1419,"date":"2016-07-22T21:04:09","date_gmt":"2016-07-22T21:04:09","guid":{"rendered":"http:\/\/www.cest.poli.usp.br\/?page_id=1419"},"modified":"2017-07-17T15:01:11","modified_gmt":"2017-07-17T15:01:11","slug":"eventos-previstos","status":"publish","type":"page","link":"https:\/\/sites.usp.br\/cest\/eventos-previstos\/","title":{"rendered":"Eventos previstos"},"content":{"rendered":"<p>&nbsp;<\/p>\n<table style=\"height: 204px\" width=\"1046\">\n<tbody>\n<tr>\n<th><\/th>\n<th style=\"text-align: left\">\n<h2 style=\"text-align: left\">2017<\/h2>\n<\/th>\n<\/tr>\n<tr>\n<td>Agosto<\/td>\n<td><a href=\"http:\/\/www.cest.poli.usp.br\/seminario-governanca-na-internet\/\">I Semin\u00e1rio Governan\u00e7a da Internet<\/a><\/td>\n<\/tr>\n<tr>\n<td>Setembro<\/td>\n<td>II Jornada Meios Eletr\u00f4nicos para Solu\u00e7\u00e3o de Conflitos<\/td>\n<\/tr>\n<\/tbody>\n<\/table>\n<p><\/p>","protected":false},"excerpt":{"rendered":"<p>&nbsp; 2017 Agosto I Semin\u00e1rio Governan\u00e7a da Internet Setembro II Jornada Meios Eletr\u00f4nicos para Solu\u00e7\u00e3o [&hellip;]<\/p>\n","protected":false},"author":39,"featured_media":0,"parent":0,"menu_order":0,"comment_status":"open","ping_status":"open","template":"","meta":{"footnotes":"","_links_to":"","_links_to_target":""},"class_list":["post-1419","page","type-page","status-publish","hentry"],"_links":{"self":[{"href":"https:\/\/sites.usp.br\/cest\/wp-json\/wp\/v2\/pages\/1419","targetHints":{"allow":["GET"]}}],"collection":[{"href":"https:\/\/sites.usp.br\/cest\/wp-json\/wp\/v2\/pages"}],"about":[{"href":"https:\/\/sites.usp.br\/cest\/wp-json\/wp\/v2\/types\/page"}],"author":[{"embeddable":true,"href":"https:\/\/sites.usp.br\/cest\/wp-json\/wp\/v2\/users\/39"}],"replies":[{"embeddable":true,"href":"https:\/\/sites.usp.br\/cest\/wp-json\/wp\/v2\/comments?post=1419"}],"version-history":[{"count":5,"href":"https:\/\/sites.usp.br\/cest\/wp-json\/wp\/v2\/pages\/1419\/revisions"}],"predecessor-version":[{"id":2098,"href":"https:\/\/sites.usp.br\/cest\/wp-json\/wp\/v2\/pages\/1419\/revisions\/2098"}],"wp:attachment":[{"href":"https:\/\/sites.usp.br\/cest\/wp-json\/wp\/v2\/media?parent=1419"}],"curies":[{"name":"wp","href":"https:\/\/api.w.org\/{rel}","templated":true}]}}