{"id":380,"date":"2014-09-29T11:08:11","date_gmt":"2014-09-29T11:08:11","guid":{"rendered":"http:\/\/www.cest.poli.usp.br\/?page_id=380"},"modified":"2014-10-06T01:15:17","modified_gmt":"2014-10-06T01:15:17","slug":"politica-de-concorrencia-e-antitruste","status":"publish","type":"page","link":"https:\/\/sites.usp.br\/cest\/politica-de-concorrencia-e-antitruste\/","title":{"rendered":"Pol\u00edtica de Concorr\u00eancia"},"content":{"rendered":"<p>A pol\u00edtica de concorr\u00eancia utiliza a an\u00e1lise econ\u00f4mica para melhorar a nossa compreens\u00e3o de como o comportamento das empresas afeta o bem-estar social. Estudos apresentados levam em conta  como os mercados de tecnologia funcionam, e as quest\u00f5es especiais trazidas por redes, plataformas, interoperabilidade e agrupamento de empresas como Google, Apple e Microsoft.<\/p>\n<p>O CEST pode apoiar voc\u00ea no desenvolvimento desse tema, para mais informa\u00e7\u00f5es <a href=\"http:\/\/www.cest.poli.usp.br\/apoio-pesquisa\/\">clique aqui<\/a>.<\/p>\n<p><\/p>","protected":false},"excerpt":{"rendered":"<p>A pol\u00edtica de concorr\u00eancia utiliza a an\u00e1lise econ\u00f4mica para melhorar a nossa compreens\u00e3o de como [&hellip;]<\/p>\n","protected":false},"author":33,"featured_media":0,"parent":0,"menu_order":0,"comment_status":"closed","ping_status":"closed","template":"","meta":{"footnotes":"","_links_to":"","_links_to_target":""},"class_list":["post-380","page","type-page","status-publish","hentry"],"_links":{"self":[{"href":"https:\/\/sites.usp.br\/cest\/wp-json\/wp\/v2\/pages\/380","targetHints":{"allow":["GET"]}}],"collection":[{"href":"https:\/\/sites.usp.br\/cest\/wp-json\/wp\/v2\/pages"}],"about":[{"href":"https:\/\/sites.usp.br\/cest\/wp-json\/wp\/v2\/types\/page"}],"author":[{"embeddable":true,"href":"https:\/\/sites.usp.br\/cest\/wp-json\/wp\/v2\/users\/33"}],"replies":[{"embeddable":true,"href":"https:\/\/sites.usp.br\/cest\/wp-json\/wp\/v2\/comments?post=380"}],"version-history":[{"count":6,"href":"https:\/\/sites.usp.br\/cest\/wp-json\/wp\/v2\/pages\/380\/revisions"}],"predecessor-version":[{"id":517,"href":"https:\/\/sites.usp.br\/cest\/wp-json\/wp\/v2\/pages\/380\/revisions\/517"}],"wp:attachment":[{"href":"https:\/\/sites.usp.br\/cest\/wp-json\/wp\/v2\/media?parent=380"}],"curies":[{"name":"wp","href":"https:\/\/api.w.org\/{rel}","templated":true}]}}