{"id":385,"date":"2014-09-29T11:11:09","date_gmt":"2014-09-29T11:11:09","guid":{"rendered":"http:\/\/www.cest.poli.usp.br\/?page_id=385"},"modified":"2014-10-06T01:20:34","modified_gmt":"2014-10-06T01:20:34","slug":"propriedade-intelectual","status":"publish","type":"page","link":"https:\/\/sites.usp.br\/cest\/propriedade-intelectual\/","title":{"rendered":"Propriedade Intelectual"},"content":{"rendered":"<p><strong>Direitos Autorais e Marcas Registradas<\/strong><br \/>\nDireitos autorais e marcas registradas s\u00e3o dois tipos de propriedade intelectual (PI). Direito autoral \u00e9 o termo jur\u00eddico que descreve os direitos concedidos aos criadores de obras liter\u00e1rias e art\u00edsticas. A marca registrada oferece prote\u00e7\u00e3o ao propriet\u00e1rio da marca,  garantindo o direito exclusivo de utiliz\u00e1-la para identificar bens ou servi\u00e7os, ou autorizar outros a usarem a marca mediante compensa\u00e7\u00e3o.<\/p>\n<p><strong>C\u00f3digo Aberto<\/strong><br \/>\nC\u00f3digo Aberto \u00e9 uma abordagem para a concep\u00e7\u00e3o, desenvolvimento e distribui\u00e7\u00e3o de software, oferecendo acessibilidade ao c\u00f3digo-fonte de um software.  \u00c9 um modelo de licenciamento de propriedade intelectual.<\/p>\n<p><strong>Patentes<\/strong><br \/>\nUma patente garante a prote\u00e7\u00e3o de uma inven\u00e7\u00e3o ao dono da patente. A prote\u00e7\u00e3o \u00e9 concedida por um per\u00edodo limitado de tempo, geralmente 20 anos. A prote\u00e7\u00e3o de uma patente significa que a inven\u00e7\u00e3o n\u00e3o pode ser comercialmente produzida, usada, distribu\u00edda ou vendida sem o consentimento do detentor da patente.<\/p>\n<p>O CEST pode apoiar voc\u00ea no desenvolvimento desse tema, para mais informa\u00e7\u00f5es <a href=\"http:\/\/www.cest.poli.usp.br\/apoio-pesquisa\/\">clique aqui<\/a>.<\/p>","protected":false},"excerpt":{"rendered":"<p>Direitos Autorais e Marcas Registradas Direitos autorais e marcas registradas s\u00e3o dois tipos de propriedade [&hellip;]<\/p>\n","protected":false},"author":33,"featured_media":0,"parent":0,"menu_order":0,"comment_status":"closed","ping_status":"closed","template":"","meta":{"footnotes":"","_links_to":"","_links_to_target":""},"class_list":["post-385","page","type-page","status-publish","hentry"],"_links":{"self":[{"href":"https:\/\/sites.usp.br\/cest\/wp-json\/wp\/v2\/pages\/385","targetHints":{"allow":["GET"]}}],"collection":[{"href":"https:\/\/sites.usp.br\/cest\/wp-json\/wp\/v2\/pages"}],"about":[{"href":"https:\/\/sites.usp.br\/cest\/wp-json\/wp\/v2\/types\/page"}],"author":[{"embeddable":true,"href":"https:\/\/sites.usp.br\/cest\/wp-json\/wp\/v2\/users\/33"}],"replies":[{"embeddable":true,"href":"https:\/\/sites.usp.br\/cest\/wp-json\/wp\/v2\/comments?post=385"}],"version-history":[{"count":6,"href":"https:\/\/sites.usp.br\/cest\/wp-json\/wp\/v2\/pages\/385\/revisions"}],"predecessor-version":[{"id":519,"href":"https:\/\/sites.usp.br\/cest\/wp-json\/wp\/v2\/pages\/385\/revisions\/519"}],"wp:attachment":[{"href":"https:\/\/sites.usp.br\/cest\/wp-json\/wp\/v2\/media?parent=385"}],"curies":[{"name":"wp","href":"https:\/\/api.w.org\/{rel}","templated":true}]}}