{"id":411,"date":"2014-09-29T11:23:30","date_gmt":"2014-09-29T11:23:30","guid":{"rendered":"http:\/\/www.cest.poli.usp.br\/?page_id=411"},"modified":"2015-04-05T20:33:15","modified_gmt":"2015-04-05T20:33:15","slug":"redes-internet-e-computacao-em-nuvem","status":"publish","type":"page","link":"https:\/\/sites.usp.br\/cest\/redes-internet-e-computacao-em-nuvem\/","title":{"rendered":"Redes, Internet e Cloud"},"content":{"rendered":"<p><strong>Computa\u00e7\u00e3o em Nuvem<\/strong><br \/>\nAs tecnologias avan\u00e7adas baseadas na Web agora permitem que os consumidores mantenham arquivos e fun\u00e7\u00f5es na \u00e1rea de trabalho, ou adquiram esses servi\u00e7os de empresas que gerenciam servidores em outros lugares. Os pesquisadores apresentados no TAP exploram as implica\u00e7\u00f5es dessas tend\u00eancias em termos de pre\u00e7os, concorr\u00eancia e seguran\u00e7a de conte\u00fado e servi\u00e7os prestados e hospedados remotamente.<\/p>\n<ul>\n<li>Regulamento sobre Computa\u00e7\u00e3o em Nuvem<\/li>\n<\/ul>\n<p>Como o governo em todo o mundo deve implementar normas e regulamentos que possam estimular\/acelerar o uso de nuvens. Al\u00e9m disso, que tipo de medidas o governo deve tomar para proteger a privacidade e a seguran\u00e7a. Como o governo deveria abordar a quest\u00e3o da soberania dos dados.<\/p>\n<ul>\n<li>Economia do Trabalho<\/li>\n<\/ul>\n<p>Quais s\u00e3o os aspectos econ\u00f4micos da nuvem e como a competitividade nacional \u00e9 afetada?<br \/>\nQuais pol\u00edticas, novas ou existentes, poderiam criar mais postos de trabalho com o uso de tecnologias de nuvem?<br \/>\nQue pol\u00edticas ou tend\u00eancias atuais est\u00e3o impedindo a ado\u00e7\u00e3o de tecnologias de nuvem por pequenas e m\u00e9dias empresas?<br \/>\nQual \u00e9 o gerador mais eficiente de um ecossistema de software local, pol\u00edticas de prefer\u00eancia para desenvolvedores locais ou Investimento Direto Estrangeiro?<br \/>\nQuais s\u00e3o os crit\u00e9rios ideais com base nos quais os governos devem tomar decis\u00f5es de contrata\u00e7\u00e3o?<\/p>\n<ul>\n<li>O impacto da computa\u00e7\u00e3o em nuvem nas pequenas e m\u00e9dias empresas (Estudo da BCG)<\/li>\n<\/ul>\n<p>As pequenas e m\u00e9dias empresas (PMEs) s\u00e3o fundamentais para alimentar o crescimento econ\u00f4mico e a cria\u00e7\u00e3o de empregos em todo o mundo. \u00c0 medida que PMEs buscam maneiras de crescer, elas t\u00eam a oportunidade de fazer parte de uma nova onda de tecnologias da informa\u00e7\u00e3o. Como a computa\u00e7\u00e3o em nuvem pode aumentar o gap de desempenho das PMEs \u00e0 medida que o ritmo de inova\u00e7\u00e3o aumenta?<\/p>\n<p><strong>Internet<\/strong><br \/>\no M\u00eddia e Conte\u00fado<br \/>\nA f\u00e1cil disponibilidade de informa\u00e7\u00f5es na Internet pode levar \u00e0 comoditiza\u00e7\u00e3o do conte\u00fado. No entanto, se o conte\u00fado \u00e9 gratuito ou de baixo custo, pode ser dif\u00edcil para aqueles que o produzem (como jornalistas) conseguir subsistir a partir dessa atividade. Os economistas e outros estudiosos examinam essa tens\u00e3o e sugerem diferentes solu\u00e7\u00f5es.<\/p>\n<p>o Busca e Publicidade<br \/>\nOs economistas est\u00e3o interessados em como o desenho de ad auctions afeta as receitas dos motores de busca, e como o acesso \u00e0 Internet &#8211; e, portanto, aos motores de busca &#8211; afeta os pre\u00e7os de varejo e, eventualmente, resulta em pre\u00e7os mais altos para certos consumidores.<\/p>\n<p><strong>Rede e Infraestrutura <\/strong><\/p>\n<ul>\n<li>Banda Larga<\/li>\n<\/ul>\n<p>\u201cBanda Larga\u201d se refere \u00e0s redes de dados de alta velocidade que permitem aos usu\u00e1rios acessar os servi\u00e7os da Internet, tais como fluxo de m\u00eddia, VoIP, etc. A banda larga \u00e9 muitas vezes definida pelos reguladores com base nas taxas de dados ou \u201cvelocidade\u201d fornecidas pela rede. As velocidades que definem a banda larga mudaram &#8211; e continuar\u00e3o a mudar \u2013 \u00e0 medida que as tecnologias melhoram e que os investimentos em infraestrutura continuam.<\/p>\n<ul>\n<li>Neutralidade da Rede<\/li>\n<\/ul>\n<p>\u201cNeutralidade da Rede\u201d se refere ao conceito de \u201cinternet aberta\u201d, com base no qual os usu\u00e1rios finais podem acessar conte\u00fados, aplicativos, servi\u00e7os e dispositivos l\u00edcitos de sua escolha. Legisladores em todo o mundo est\u00e3o considerando se e como garantir que a Internet continue sendo \u201caberta\u201d e que prestadores de servi\u00e7os de acesso \u00e0 Internet n\u00e3o bloqueiem ou degradem, de forma inapropriada, o conte\u00fado enviado atrav\u00e9s de suas redes.<\/p>\n<ul>\n<li>Sem fio<\/li>\n<\/ul>\n<p>As redes sem fio permitem aos usu\u00e1rios acessar as telecomunica\u00e7\u00f5es e a Internet enquanto est\u00e3o em movimento. Os dispositivos sem fio operam no espectro eletromagn\u00e9tico, que \u00e9 um recurso finito. A distribui\u00e7\u00e3o e atribui\u00e7\u00e3o do espectro, particularmente devido \u00e0 crescente demanda por acesso sem fio \u00e0 Internet, representa um conjunto \u00fanico de decis\u00f5es pol\u00edticas para os reguladores de todo o mundo.<\/p>\n<p>O CEST pode apoiar voc\u00ea no desenvolvimento desse tema, para mais informa\u00e7\u00f5es <a href=\"http:\/\/www.cest.poli.usp.br\/apoio-pesquisa\/\">clique aqui<\/a>.<\/p>","protected":false},"excerpt":{"rendered":"<p>Computa\u00e7\u00e3o em Nuvem As tecnologias avan\u00e7adas baseadas na Web agora permitem que os consumidores mantenham [&hellip;]<\/p>\n","protected":false},"author":33,"featured_media":0,"parent":0,"menu_order":0,"comment_status":"closed","ping_status":"closed","template":"","meta":{"footnotes":"","_links_to":"","_links_to_target":""},"class_list":["post-411","page","type-page","status-publish","hentry"],"_links":{"self":[{"href":"https:\/\/sites.usp.br\/cest\/wp-json\/wp\/v2\/pages\/411","targetHints":{"allow":["GET"]}}],"collection":[{"href":"https:\/\/sites.usp.br\/cest\/wp-json\/wp\/v2\/pages"}],"about":[{"href":"https:\/\/sites.usp.br\/cest\/wp-json\/wp\/v2\/types\/page"}],"author":[{"embeddable":true,"href":"https:\/\/sites.usp.br\/cest\/wp-json\/wp\/v2\/users\/33"}],"replies":[{"embeddable":true,"href":"https:\/\/sites.usp.br\/cest\/wp-json\/wp\/v2\/comments?post=411"}],"version-history":[{"count":6,"href":"https:\/\/sites.usp.br\/cest\/wp-json\/wp\/v2\/pages\/411\/revisions"}],"predecessor-version":[{"id":628,"href":"https:\/\/sites.usp.br\/cest\/wp-json\/wp\/v2\/pages\/411\/revisions\/628"}],"wp:attachment":[{"href":"https:\/\/sites.usp.br\/cest\/wp-json\/wp\/v2\/media?parent=411"}],"curies":[{"name":"wp","href":"https:\/\/api.w.org\/{rel}","templated":true}]}}