{"id":428,"date":"2014-09-29T11:32:57","date_gmt":"2014-09-29T11:32:57","guid":{"rendered":"http:\/\/www.cest.poli.usp.br\/?page_id=428"},"modified":"2014-10-06T01:23:49","modified_gmt":"2014-10-06T01:23:49","slug":"educacao","status":"publish","type":"page","link":"https:\/\/sites.usp.br\/cest\/educacao\/","title":{"rendered":"Educa\u00e7\u00e3o"},"content":{"rendered":"<p>Qual \u00e9 o papel adequado de TI na transforma\u00e7\u00e3o da educa\u00e7\u00e3o no s\u00e9culo 21?<br \/>\nQuais s\u00e3o as habilidades de TI necess\u00e1rias para trabalhar no setor de TI? Em outros setores?<br \/>\nAs pol\u00edticas de TI relacionadas com educa\u00e7\u00e3o tiveram um bom desempenho no Brasil? Em outros<br \/>\nlugares?<br \/>\nQuais s\u00e3o os benef\u00edcios relacionados a dados em nuvem para a educa\u00e7\u00e3o? Quais s\u00e3o os riscos?&#8217;<\/p>\n<p>O CEST pode apoiar voc\u00ea no desenvolvimento desse tema, para mais informa\u00e7\u00f5es <a href=\"http:\/\/www.cest.poli.usp.br\/apoio-pesquisa\/\">clique aqui<\/a>.<\/p>","protected":false},"excerpt":{"rendered":"<p>Qual \u00e9 o papel adequado de TI na transforma\u00e7\u00e3o da educa\u00e7\u00e3o no s\u00e9culo 21? Quais [&hellip;]<\/p>\n","protected":false},"author":33,"featured_media":0,"parent":0,"menu_order":0,"comment_status":"closed","ping_status":"closed","template":"","meta":{"footnotes":"","_links_to":"","_links_to_target":""},"class_list":["post-428","page","type-page","status-publish","hentry"],"_links":{"self":[{"href":"https:\/\/sites.usp.br\/cest\/wp-json\/wp\/v2\/pages\/428","targetHints":{"allow":["GET"]}}],"collection":[{"href":"https:\/\/sites.usp.br\/cest\/wp-json\/wp\/v2\/pages"}],"about":[{"href":"https:\/\/sites.usp.br\/cest\/wp-json\/wp\/v2\/types\/page"}],"author":[{"embeddable":true,"href":"https:\/\/sites.usp.br\/cest\/wp-json\/wp\/v2\/users\/33"}],"replies":[{"embeddable":true,"href":"https:\/\/sites.usp.br\/cest\/wp-json\/wp\/v2\/comments?post=428"}],"version-history":[{"count":6,"href":"https:\/\/sites.usp.br\/cest\/wp-json\/wp\/v2\/pages\/428\/revisions"}],"predecessor-version":[{"id":523,"href":"https:\/\/sites.usp.br\/cest\/wp-json\/wp\/v2\/pages\/428\/revisions\/523"}],"wp:attachment":[{"href":"https:\/\/sites.usp.br\/cest\/wp-json\/wp\/v2\/media?parent=428"}],"curies":[{"name":"wp","href":"https:\/\/api.w.org\/{rel}","templated":true}]}}