{"id":432,"date":"2014-09-29T11:36:33","date_gmt":"2014-09-29T11:36:33","guid":{"rendered":"http:\/\/www.cest.poli.usp.br\/?page_id=432"},"modified":"2015-04-05T21:14:38","modified_gmt":"2015-04-05T21:14:38","slug":"temas-e-pesquisa","status":"publish","type":"page","link":"https:\/\/sites.usp.br\/cest\/temas-e-pesquisa\/","title":{"rendered":"Temas"},"content":{"rendered":"<p>O CEST possui diversos temas de trabalho, e pode apoiar pesquisas nesses temas ou em outros que estejam ligados a Sociedade e Tecnologia. Para mais informa\u00e7\u00f5es <a href=\"http:\/\/www.cest.poli.usp.br\/apoio-pesquisa\/\">clique aqui<\/a>.<\/p>\n<p>As principais \u00e1rea de estudo do CEST s\u00e3o:<\/p>\n<ul>\n<li><a href=\"http:\/\/www.cest.poli.usp.br\/politica-de-concorrencia-e-antitruste\/\">Pol\u00edtica de Concorr\u00eancia<\/a><\/li>\n<li><a href=\"http:\/\/www.cest.poli.usp.br\/inovacao-e-crescimento-economico\/\">Inova\u00e7\u00e3o e Crescimento Econ\u00f4mico<\/a><\/li>\n<li><a href=\"http:\/\/www.cest.poli.usp.br\/propriedade-intelectual\/\">Propriedade Intelectual<\/a><\/li>\n<li><a href=\"http:\/\/www.cest.poli.usp.br\/neutralidadeinteroperabilidade\/\">Neutralidade e Interoperabilidade<\/a><\/li>\n<li><a href=\"http:\/\/www.cest.poli.usp.br\/redes-internet-e-computacao-em-nuvem\/\">Redes, Internet e Cloud<\/a><\/li>\n<li><a href=\"http:\/\/www.cest.poli.usp.br\/privacidade-e-seguranca\/\">Privacidade e Seguran\u00e7a<\/a><\/li>\n<li><a href=\"http:\/\/www.cest.poli.usp.br\/educacao\/\">Educa\u00e7\u00e3o<\/a><\/li>\n<\/ul>\n<p><\/p>","protected":false},"excerpt":{"rendered":"<p>O CEST possui diversos temas de trabalho, e pode apoiar pesquisas nesses temas ou em [&hellip;]<\/p>\n","protected":false},"author":33,"featured_media":0,"parent":0,"menu_order":0,"comment_status":"closed","ping_status":"closed","template":"","meta":{"footnotes":"","_links_to":"","_links_to_target":""},"class_list":["post-432","page","type-page","status-publish","hentry"],"_links":{"self":[{"href":"https:\/\/sites.usp.br\/cest\/wp-json\/wp\/v2\/pages\/432","targetHints":{"allow":["GET"]}}],"collection":[{"href":"https:\/\/sites.usp.br\/cest\/wp-json\/wp\/v2\/pages"}],"about":[{"href":"https:\/\/sites.usp.br\/cest\/wp-json\/wp\/v2\/types\/page"}],"author":[{"embeddable":true,"href":"https:\/\/sites.usp.br\/cest\/wp-json\/wp\/v2\/users\/33"}],"replies":[{"embeddable":true,"href":"https:\/\/sites.usp.br\/cest\/wp-json\/wp\/v2\/comments?post=432"}],"version-history":[{"count":6,"href":"https:\/\/sites.usp.br\/cest\/wp-json\/wp\/v2\/pages\/432\/revisions"}],"predecessor-version":[{"id":631,"href":"https:\/\/sites.usp.br\/cest\/wp-json\/wp\/v2\/pages\/432\/revisions\/631"}],"wp:attachment":[{"href":"https:\/\/sites.usp.br\/cest\/wp-json\/wp\/v2\/media?parent=432"}],"curies":[{"name":"wp","href":"https:\/\/api.w.org\/{rel}","templated":true}]}}