{"id":578,"date":"2015-03-10T03:21:50","date_gmt":"2015-03-10T03:21:50","guid":{"rendered":"http:\/\/www.cest.poli.usp.br\/?page_id=578"},"modified":"2015-03-15T14:57:49","modified_gmt":"2015-03-15T14:57:49","slug":"trabalhos-em-andamento","status":"publish","type":"page","link":"https:\/\/sites.usp.br\/cest\/trabalhos-em-andamento\/","title":{"rendered":"Trabalhos em Andamento"},"content":{"rendered":"<p><strong>Colaborador:<\/strong> Marcel Jacques Simonette<br \/>\n<strong>Tema:<\/strong>\u00a0Centro de Estudos com foco na Tecnologia da Informa\u00e7\u00e3o<br \/>\n<strong>Resumo:\u00a0<\/strong>As atividades de pesquisa est\u00e3o relacionadas \u00e0s a\u00e7\u00f5es que o Centro de Estudos necessita realizar para o fortalecimento\u00a0do interc\u00e2mbio entre comunidades acad\u00eamicas dos pa\u00edses que tamb\u00e9m possuem Centro de Estudos, principalmente do\u00a0M\u00e9xico e da \u00cdndia. Essas atividades demandam um trabalho interdisciplinar como forma de produzir conhecimento\u00a0sobre o impacto social do desenvolvimento tecnol\u00f3gico, em especial sobre temas ligados a \u00e1rea da Tecnologia da\u00a0Informa\u00e7\u00e3o, como o impacto da computa\u00e7\u00e3o na nuvem.<\/p>\n<p><strong>Colaborador:<\/strong>\u00a0Fabio Nascimbeni<br \/>\n<strong>Tema:<\/strong>\u00a0Complexidade, sociedades abertas e TICs: desafios para a colabora\u00e7\u00e3o entre universidades em \u00e9pocas de TICs e Educa\u00e7\u00e3o Aberta<br \/>\n<strong>Resumo:<\/strong> \u00a0O projeto de pesquisa tem por objetivo compreender como as institui\u00e7\u00f5es de Ensino Superior est\u00e3o enfrentando esse aumento da complexidade trazida pelos avan\u00e7os da TIC (Tecnologia da Informa\u00e7\u00e3o e Comunica\u00e7\u00e3o) e da Educa\u00e7\u00e3o Aberta e, especificamente, investigar o impacto que estas din\u00e2micas est\u00e3o exercendo sobre a maneira pela qual as universidades colaboram em termos da cria\u00e7\u00e3o conjunta de conhecimento e de materiais abertos, mobilidade virtual dos alunos e funcion\u00e1rios e a colabora\u00e7\u00e3o \u00e0 pesquisa. A hip\u00f3tese \u00e9 que a Educa\u00e7\u00e3o Aberta n\u00e3o s\u00f3 est\u00e1 tornando a colabora\u00e7\u00e3o mais r\u00e1pida e mais fluida, mas tamb\u00e9m est\u00e1 mudando seus fundamentos, concedendo poder a todas as partes interessadas envolvidas em se tornarem mais ativas no processo de colabora\u00e7\u00e3o e aumentando a complexidade do sistema.<\/p>\n<p><strong>Colaborador:<\/strong>\u00a0Arist\u00f3teles Moreira Filho<br \/>\n<strong>Tema:<\/strong>\u00a0As Ferramentas de Tecnologia da Informa\u00e7\u00e3o na Gera\u00e7\u00e3o de Inova\u00e7\u00e3o Tecnol\u00f3gica: Uma An\u00e1lise de sua Utiliza\u00e7\u00e3o em Face dos Incentivos da Lei do Bem<br \/>\n<strong>Resumo:\u00a0<\/strong>Os incentivos \u00e0 gera\u00e7\u00e3o de inova\u00e7\u00e3o tecnol\u00f3gica da Lei no 11.196\/05 s\u00e3o um instrumento fundamental da pol\u00edtica\u00a0brasileira de desenvolvimento, induzindo a atividade inovadora do mercado atrav\u00e9s da concess\u00e3o de benef\u00edcios\u00a0tribut\u00e1rios em recompensa \u00e0 realiza\u00e7\u00e3o de atividades inventivas.\u00a0Por outro lado, a tecnologia da informa\u00e7\u00e3o \u00e9 uma vertente estrat\u00e9gica no campo da inova\u00e7\u00e3o, seja como fim (produto ou\u00a0servi\u00e7o), seja como meio para o desenvolvimento de novos produtos ou servi\u00e7os.\u00a0O trabalho se destina a analisar a utiliza\u00e7\u00e3o das ferramentas de tecnologia da informa\u00e7\u00e3o no desenvolvimento de\u00a0inova\u00e7\u00e3o para efeito do marco legal de incentivos fiscais \u00e0 inova\u00e7\u00e3o tecnol\u00f3gica, da Lei no 11.196\/05.<\/p>\n<p><strong>Colaborador:<\/strong>\u00a0Marvin Ferreira da Silva<br \/>\n<strong>Tema:<\/strong>\u00a0Um Modelo de Processo de Desenvolvimento \u00c1gil em Startups de Software<br \/>\n<strong>Resumo:\u00a0<\/strong>Com o crescimento da ind\u00fastria de software surgiram diversas novas empresas, onde muitas dessas foram chamadas de startups, que s\u00e3o pequenas empresas de tecnologia que possuem altas restri\u00e7\u00f5es quanto a recursos financeiros e de pessoal em busca de um neg\u00f3cio escal\u00e1vel, mas que apesar de tais restri\u00e7\u00f5es e riscos possuem grande impacto econ\u00f4mico com a sua atua\u00e7\u00e3o no mercado devido ao seu alto n\u00edvel de inova\u00e7\u00e3o. Por serem diferentes dos demais modelos de empresas existentes, estas startups necessitam de novas perspectivas para sua forma de trabalho que at\u00e9 ent\u00e3o n\u00e3o eram abordadas pelas atuais pr\u00e1ticas de engenharia de software.<\/p>\n<p>Estas <i>startups<\/i> representam um seguimento da ind\u00fastria de software que vem sendo negligenciado pelos estudos sobre processos, e que poss\u00edveis li\u00e7\u00f5es aprendidas neste segmento podem ser aplicadas para outros tipos de organiza\u00e7\u00f5es.<\/p>","protected":false},"excerpt":{"rendered":"<p>Colaborador: Marcel Jacques Simonette Tema:\u00a0Centro de Estudos com foco na Tecnologia da Informa\u00e7\u00e3o Resumo:\u00a0As atividades [&hellip;]<\/p>\n","protected":false},"author":33,"featured_media":0,"parent":0,"menu_order":0,"comment_status":"closed","ping_status":"closed","template":"","meta":{"footnotes":"","_links_to":"","_links_to_target":""},"class_list":["post-578","page","type-page","status-publish","hentry"],"_links":{"self":[{"href":"https:\/\/sites.usp.br\/cest\/wp-json\/wp\/v2\/pages\/578","targetHints":{"allow":["GET"]}}],"collection":[{"href":"https:\/\/sites.usp.br\/cest\/wp-json\/wp\/v2\/pages"}],"about":[{"href":"https:\/\/sites.usp.br\/cest\/wp-json\/wp\/v2\/types\/page"}],"author":[{"embeddable":true,"href":"https:\/\/sites.usp.br\/cest\/wp-json\/wp\/v2\/users\/33"}],"replies":[{"embeddable":true,"href":"https:\/\/sites.usp.br\/cest\/wp-json\/wp\/v2\/comments?post=578"}],"version-history":[{"count":3,"href":"https:\/\/sites.usp.br\/cest\/wp-json\/wp\/v2\/pages\/578\/revisions"}],"predecessor-version":[{"id":587,"href":"https:\/\/sites.usp.br\/cest\/wp-json\/wp\/v2\/pages\/578\/revisions\/587"}],"wp:attachment":[{"href":"https:\/\/sites.usp.br\/cest\/wp-json\/wp\/v2\/media?parent=578"}],"curies":[{"name":"wp","href":"https:\/\/api.w.org\/{rel}","templated":true}]}}