{"id":58,"date":"2014-03-20T15:21:53","date_gmt":"2014-03-20T15:21:53","guid":{"rendered":"http:\/\/sites.usp.br\/cest\/?page_id=58"},"modified":"2014-08-15T02:01:50","modified_gmt":"2014-08-15T02:01:50","slug":"contribua","status":"publish","type":"page","link":"https:\/\/sites.usp.br\/cest\/contribua\/","title":{"rendered":"Contribua"},"content":{"rendered":"<p>Possui algum artigo ou postagem em outro site sobre os temas Sociedade &amp; Tecnologia e gostaria de compartilh\u00e1-lo com todos os envolvidos e pessoas que acompanham os trabalho do CEST?<\/p>\n<p>Envie um e-mail para cest@usp.br com o assunto &#8216;Artigo\/Postagem para Contribui\u00e7\u00e3o&#8217; anexando o texto ou passando o link para a refer\u00eancia para que possamos adicionar seu trabalho ao nosso processo de contribui\u00e7\u00f5es externas.<\/p>\n<p><strong>Ao contribuir com nosso centro voc\u00ea ganhar\u00e1 visibilidade nacional\/internacional de todas as pessoas e entidades relacionadas aos nossos projetos.<\/strong><\/p>","protected":false},"excerpt":{"rendered":"<p>Possui algum artigo ou postagem em outro site sobre os temas Sociedade &amp; Tecnologia e [&hellip;]<\/p>\n","protected":false},"author":1,"featured_media":0,"parent":0,"menu_order":0,"comment_status":"closed","ping_status":"closed","template":"","meta":{"footnotes":"","_links_to":"","_links_to_target":""},"class_list":["post-58","page","type-page","status-publish","hentry"],"_links":{"self":[{"href":"https:\/\/sites.usp.br\/cest\/wp-json\/wp\/v2\/pages\/58","targetHints":{"allow":["GET"]}}],"collection":[{"href":"https:\/\/sites.usp.br\/cest\/wp-json\/wp\/v2\/pages"}],"about":[{"href":"https:\/\/sites.usp.br\/cest\/wp-json\/wp\/v2\/types\/page"}],"author":[{"embeddable":true,"href":"https:\/\/sites.usp.br\/cest\/wp-json\/wp\/v2\/users\/1"}],"replies":[{"embeddable":true,"href":"https:\/\/sites.usp.br\/cest\/wp-json\/wp\/v2\/comments?post=58"}],"version-history":[{"count":5,"href":"https:\/\/sites.usp.br\/cest\/wp-json\/wp\/v2\/pages\/58\/revisions"}],"predecessor-version":[{"id":314,"href":"https:\/\/sites.usp.br\/cest\/wp-json\/wp\/v2\/pages\/58\/revisions\/314"}],"wp:attachment":[{"href":"https:\/\/sites.usp.br\/cest\/wp-json\/wp\/v2\/media?parent=58"}],"curies":[{"name":"wp","href":"https:\/\/api.w.org\/{rel}","templated":true}]}}