{"id":843,"date":"2016-04-19T15:51:46","date_gmt":"2016-04-19T18:51:46","guid":{"rendered":"http:\/\/sites.usp.br\/choices\/?page_id=843"},"modified":"2016-04-20T13:19:20","modified_gmt":"2016-04-20T16:19:20","slug":"equipe","status":"publish","type":"page","link":"https:\/\/sites.usp.br\/choices\/equipe\/","title":{"rendered":"Equipe"},"content":{"rendered":"<p style=\"text-align: center\"><strong>Coordenadora<\/strong><\/p>\n<p><a href=\"https:\/\/sites.usp.br\/choices\/wp-content\/uploads\/sites\/106\/2016\/04\/ale.png\"><img loading=\"lazy\" decoding=\"async\" class=\" wp-image-844 aligncenter\" src=\"https:\/\/sites.usp.br\/choices\/wp-content\/uploads\/sites\/106\/2016\/04\/ale-300x300.png\" alt=\"ale\" width=\"100\" height=\"100\" srcset=\"https:\/\/sites.usp.br\/choices\/wp-content\/uploads\/sites\/106\/2016\/04\/ale-300x300.png 300w, https:\/\/sites.usp.br\/choices\/wp-content\/uploads\/sites\/106\/2016\/04\/ale-150x150.png 150w, https:\/\/sites.usp.br\/choices\/wp-content\/uploads\/sites\/106\/2016\/04\/ale-45x45.png 45w, https:\/\/sites.usp.br\/choices\/wp-content\/uploads\/sites\/106\/2016\/04\/ale-200x200.png 200w, https:\/\/sites.usp.br\/choices\/wp-content\/uploads\/sites\/106\/2016\/04\/ale-400x400.png 400w, https:\/\/sites.usp.br\/choices\/wp-content\/uploads\/sites\/106\/2016\/04\/ale.png 595w\" sizes=\"auto, (max-width: 100px) 100vw, 100px\" \/><\/a><\/p>\n<p style=\"text-align: center\">Dra. Alessandra Fernandes Bizerra\u00a0<a href=\"http:\/\/lattes.cnpq.br\/7685865488482588\"><img loading=\"lazy\" decoding=\"async\" class=\"  wp-image-846 aligncenter\" src=\"https:\/\/sites.usp.br\/choices\/wp-content\/uploads\/sites\/106\/2016\/04\/lattes-249x300.gif\" alt=\"lattes\" width=\"16\" height=\"20\" \/><\/a><\/p>\n<p style=\"text-align: center\"><strong>Membros ativos<\/strong><\/p>\n<p><a href=\"https:\/\/sites.usp.br\/choices\/wp-content\/uploads\/sites\/106\/2016\/04\/adri.jpg\"><img loading=\"lazy\" decoding=\"async\" class=\"  wp-image-852 aligncenter\" src=\"https:\/\/sites.usp.br\/choices\/wp-content\/uploads\/sites\/106\/2016\/04\/adri-300x300.jpg\" alt=\"adri\" width=\"101\" height=\"101\" srcset=\"https:\/\/sites.usp.br\/choices\/wp-content\/uploads\/sites\/106\/2016\/04\/adri-300x300.jpg 300w, https:\/\/sites.usp.br\/choices\/wp-content\/uploads\/sites\/106\/2016\/04\/adri-150x150.jpg 150w, https:\/\/sites.usp.br\/choices\/wp-content\/uploads\/sites\/106\/2016\/04\/adri-45x45.jpg 45w, https:\/\/sites.usp.br\/choices\/wp-content\/uploads\/sites\/106\/2016\/04\/adri-200x200.jpg 200w, https:\/\/sites.usp.br\/choices\/wp-content\/uploads\/sites\/106\/2016\/04\/adri-400x400.jpg 400w, https:\/\/sites.usp.br\/choices\/wp-content\/uploads\/sites\/106\/2016\/04\/adri.jpg 552w\" sizes=\"auto, (max-width: 101px) 100vw, 101px\" \/><\/a><\/p>\n<p style=\"text-align: center\">Adriana Aparecida Andrade Chagas<\/p>\n<p style=\"text-align: center\">Estudante de mestrado<\/p>\n<p style=\"text-align: center\"><a href=\"http:\/\/lattes.cnpq.br\/5732114118921762\"><img loading=\"lazy\" decoding=\"async\" class=\"  wp-image-846 aligncenter\" src=\"https:\/\/sites.usp.br\/choices\/wp-content\/uploads\/sites\/106\/2016\/04\/lattes-249x300.gif\" alt=\"lattes\" width=\"16\" height=\"20\" \/><\/a><\/p>\n<p style=\"text-align: center\"><a href=\"https:\/\/sites.usp.br\/choices\/wp-content\/uploads\/sites\/106\/2016\/04\/ana.jpg\"><img loading=\"lazy\" decoding=\"async\" class=\"  wp-image-863 aligncenter\" src=\"https:\/\/sites.usp.br\/choices\/wp-content\/uploads\/sites\/106\/2016\/04\/ana-300x300.jpg\" alt=\"ana\" width=\"100\" height=\"100\" srcset=\"https:\/\/sites.usp.br\/choices\/wp-content\/uploads\/sites\/106\/2016\/04\/ana-300x300.jpg 300w, https:\/\/sites.usp.br\/choices\/wp-content\/uploads\/sites\/106\/2016\/04\/ana-150x150.jpg 150w, https:\/\/sites.usp.br\/choices\/wp-content\/uploads\/sites\/106\/2016\/04\/ana-45x45.jpg 45w, https:\/\/sites.usp.br\/choices\/wp-content\/uploads\/sites\/106\/2016\/04\/ana-200x200.jpg 200w, https:\/\/sites.usp.br\/choices\/wp-content\/uploads\/sites\/106\/2016\/04\/ana-400x400.jpg 400w, https:\/\/sites.usp.br\/choices\/wp-content\/uploads\/sites\/106\/2016\/04\/ana.jpg 493w\" sizes=\"auto, (max-width: 100px) 100vw, 100px\" \/><\/a><\/p>\n<p style=\"text-align: center\">Ana Lu\u00edza Cerqueira das Neves<\/p>\n<p style=\"text-align: center\">Estudante de mestrado<\/p>\n<p style=\"text-align: center\"><a href=\"http:\/\/lattes.cnpq.br\/5493514140111492\"><img loading=\"lazy\" decoding=\"async\" class=\"  wp-image-846 aligncenter\" src=\"https:\/\/sites.usp.br\/choices\/wp-content\/uploads\/sites\/106\/2016\/04\/lattes-249x300.gif\" alt=\"lattes\" width=\"16\" height=\"20\" \/><\/a><\/p>\n<p style=\"text-align: center\"><a href=\"https:\/\/sites.usp.br\/choices\/wp-content\/uploads\/sites\/106\/2016\/04\/barbara.jpg\"><img loading=\"lazy\" decoding=\"async\" class=\"  wp-image-853 aligncenter\" src=\"https:\/\/sites.usp.br\/choices\/wp-content\/uploads\/sites\/106\/2016\/04\/barbara-300x300.jpg\" alt=\"barbara\" width=\"102\" height=\"102\" srcset=\"https:\/\/sites.usp.br\/choices\/wp-content\/uploads\/sites\/106\/2016\/04\/barbara-300x300.jpg 300w, https:\/\/sites.usp.br\/choices\/wp-content\/uploads\/sites\/106\/2016\/04\/barbara-150x150.jpg 150w, https:\/\/sites.usp.br\/choices\/wp-content\/uploads\/sites\/106\/2016\/04\/barbara-45x45.jpg 45w, https:\/\/sites.usp.br\/choices\/wp-content\/uploads\/sites\/106\/2016\/04\/barbara-200x200.jpg 200w, https:\/\/sites.usp.br\/choices\/wp-content\/uploads\/sites\/106\/2016\/04\/barbara.jpg 373w\" sizes=\"auto, (max-width: 102px) 100vw, 102px\" \/><\/a><\/p>\n<p style=\"text-align: center\">B\u00e1rbara Brisa Ladeira da Silva<\/p>\n<p style=\"text-align: center\">Estudante de gradua\u00e7\u00e3o<\/p>\n<p style=\"text-align: center\"><a href=\"http:\/\/lattes.cnpq.br\/9877354717692230\"><img loading=\"lazy\" decoding=\"async\" class=\"  wp-image-846 aligncenter\" src=\"https:\/\/sites.usp.br\/choices\/wp-content\/uploads\/sites\/106\/2016\/04\/lattes-249x300.gif\" alt=\"lattes\" width=\"16\" height=\"20\" \/><\/a><\/p>\n<p style=\"text-align: center\"><a href=\"https:\/\/sites.usp.br\/choices\/wp-content\/uploads\/sites\/106\/2016\/04\/bruno.jpg\"><img loading=\"lazy\" decoding=\"async\" class=\"  wp-image-857 aligncenter\" src=\"https:\/\/sites.usp.br\/choices\/wp-content\/uploads\/sites\/106\/2016\/04\/bruno-300x225.jpg\" alt=\"bruno\" width=\"103\" height=\"77\" srcset=\"https:\/\/sites.usp.br\/choices\/wp-content\/uploads\/sites\/106\/2016\/04\/bruno-300x225.jpg 300w, https:\/\/sites.usp.br\/choices\/wp-content\/uploads\/sites\/106\/2016\/04\/bruno-80x60.jpg 80w, https:\/\/sites.usp.br\/choices\/wp-content\/uploads\/sites\/106\/2016\/04\/bruno-400x301.jpg 400w, https:\/\/sites.usp.br\/choices\/wp-content\/uploads\/sites\/106\/2016\/04\/bruno.jpg 724w\" sizes=\"auto, (max-width: 103px) 100vw, 103px\" \/><\/a><\/p>\n<p style=\"text-align: center\">Bruno Rafael Santos de Cerqueira<\/p>\n<p style=\"text-align: center\">Estudante de doutorado<\/p>\n<p style=\"text-align: center\"><a href=\"http:\/\/lattes.cnpq.br\/6632601681701849\"><img loading=\"lazy\" decoding=\"async\" class=\"  wp-image-846 aligncenter\" src=\"https:\/\/sites.usp.br\/choices\/wp-content\/uploads\/sites\/106\/2016\/04\/lattes-249x300.gif\" alt=\"lattes\" width=\"16\" height=\"20\" \/><\/a><\/p>\n<p style=\"text-align: center\"><img loading=\"lazy\" decoding=\"async\" class=\"  wp-image-858 aligncenter\" src=\"https:\/\/sites.usp.br\/choices\/wp-content\/uploads\/sites\/106\/2016\/04\/helen-300x300.jpg\" alt=\"helen\" width=\"99\" height=\"99\" srcset=\"https:\/\/sites.usp.br\/choices\/wp-content\/uploads\/sites\/106\/2016\/04\/helen-300x300.jpg 300w, https:\/\/sites.usp.br\/choices\/wp-content\/uploads\/sites\/106\/2016\/04\/helen-150x150.jpg 150w, https:\/\/sites.usp.br\/choices\/wp-content\/uploads\/sites\/106\/2016\/04\/helen-45x45.jpg 45w, https:\/\/sites.usp.br\/choices\/wp-content\/uploads\/sites\/106\/2016\/04\/helen-200x200.jpg 200w, https:\/\/sites.usp.br\/choices\/wp-content\/uploads\/sites\/106\/2016\/04\/helen-400x400.jpg 400w, https:\/\/sites.usp.br\/choices\/wp-content\/uploads\/sites\/106\/2016\/04\/helen.jpg 960w\" sizes=\"auto, (max-width: 99px) 100vw, 99px\" \/><\/p>\n<p style=\"text-align: center\">Msc. H\u00e9len Akemi de Queir\u00f3z Nomura<\/p>\n<p style=\"text-align: center\">Membro CHOICES<\/p>\n<p style=\"text-align: center\"><a href=\"http:\/\/lattes.cnpq.br\/0668186002719268\"><img loading=\"lazy\" decoding=\"async\" class=\"  wp-image-846 aligncenter\" src=\"https:\/\/sites.usp.br\/choices\/wp-content\/uploads\/sites\/106\/2016\/04\/lattes-249x300.gif\" alt=\"lattes\" width=\"16\" height=\"20\" \/><\/a><\/p>\n<p style=\"text-align: center\"><a href=\"https:\/\/sites.usp.br\/choices\/wp-content\/uploads\/sites\/106\/2016\/04\/eu.jpg\"><img loading=\"lazy\" decoding=\"async\" class=\"  wp-image-859 aligncenter\" src=\"https:\/\/sites.usp.br\/choices\/wp-content\/uploads\/sites\/106\/2016\/04\/eu-300x300.jpg\" alt=\"eu\" width=\"98\" height=\"98\" srcset=\"https:\/\/sites.usp.br\/choices\/wp-content\/uploads\/sites\/106\/2016\/04\/eu-300x300.jpg 300w, https:\/\/sites.usp.br\/choices\/wp-content\/uploads\/sites\/106\/2016\/04\/eu-150x150.jpg 150w, https:\/\/sites.usp.br\/choices\/wp-content\/uploads\/sites\/106\/2016\/04\/eu-45x45.jpg 45w, https:\/\/sites.usp.br\/choices\/wp-content\/uploads\/sites\/106\/2016\/04\/eu-200x200.jpg 200w, https:\/\/sites.usp.br\/choices\/wp-content\/uploads\/sites\/106\/2016\/04\/eu-400x400.jpg 400w, https:\/\/sites.usp.br\/choices\/wp-content\/uploads\/sites\/106\/2016\/04\/eu.jpg 960w\" sizes=\"auto, (max-width: 98px) 100vw, 98px\" \/><\/a><\/p>\n<p style=\"text-align: center\">Msc. Iara Grotz Moreira de Vasconcellos<\/p>\n<p style=\"text-align: center\">Membro CHOICES<\/p>\n<p style=\"text-align: center\"><a href=\"http:\/\/lattes.cnpq.br\/8021093061173485\"><img loading=\"lazy\" decoding=\"async\" class=\"  wp-image-846 aligncenter\" src=\"https:\/\/sites.usp.br\/choices\/wp-content\/uploads\/sites\/106\/2016\/04\/lattes-249x300.gif\" alt=\"lattes\" width=\"16\" height=\"20\" \/><\/a><\/p>\n<p style=\"text-align: center\"><a href=\"https:\/\/sites.usp.br\/choices\/wp-content\/uploads\/sites\/106\/2016\/04\/marcelo.jpg\"><img loading=\"lazy\" decoding=\"async\" class=\"  wp-image-860 aligncenter\" src=\"https:\/\/sites.usp.br\/choices\/wp-content\/uploads\/sites\/106\/2016\/04\/marcelo-300x168.jpg\" alt=\"marcelo\" width=\"139\" height=\"78\" srcset=\"https:\/\/sites.usp.br\/choices\/wp-content\/uploads\/sites\/106\/2016\/04\/marcelo-300x168.jpg 300w, https:\/\/sites.usp.br\/choices\/wp-content\/uploads\/sites\/106\/2016\/04\/marcelo-310x174.jpg 310w, https:\/\/sites.usp.br\/choices\/wp-content\/uploads\/sites\/106\/2016\/04\/marcelo-400x224.jpg 400w, https:\/\/sites.usp.br\/choices\/wp-content\/uploads\/sites\/106\/2016\/04\/marcelo.jpg 960w\" sizes=\"auto, (max-width: 139px) 100vw, 139px\" \/><\/a><\/p>\n<p style=\"text-align: center\">Marcelo Kei Sato<\/p>\n<p style=\"text-align: center\">Estudante de gradua\u00e7\u00e3o<\/p>\n<p style=\"text-align: center\"><a href=\"http:\/\/lattes.cnpq.br\/0111545290404985\"><img loading=\"lazy\" decoding=\"async\" class=\"  wp-image-846 aligncenter\" src=\"https:\/\/sites.usp.br\/choices\/wp-content\/uploads\/sites\/106\/2016\/04\/lattes-249x300.gif\" alt=\"lattes\" width=\"16\" height=\"20\" \/><\/a><\/p>\n<p style=\"text-align: center\"><a href=\"https:\/\/sites.usp.br\/choices\/wp-content\/uploads\/sites\/106\/2016\/04\/mariana.jpg\"><img loading=\"lazy\" decoding=\"async\" class=\"  wp-image-861 aligncenter\" src=\"https:\/\/sites.usp.br\/choices\/wp-content\/uploads\/sites\/106\/2016\/04\/mariana-300x300.jpg\" alt=\"mariana\" width=\"107\" height=\"107\" srcset=\"https:\/\/sites.usp.br\/choices\/wp-content\/uploads\/sites\/106\/2016\/04\/mariana-300x300.jpg 300w, https:\/\/sites.usp.br\/choices\/wp-content\/uploads\/sites\/106\/2016\/04\/mariana-150x150.jpg 150w, https:\/\/sites.usp.br\/choices\/wp-content\/uploads\/sites\/106\/2016\/04\/mariana-45x45.jpg 45w, https:\/\/sites.usp.br\/choices\/wp-content\/uploads\/sites\/106\/2016\/04\/mariana-200x200.jpg 200w, https:\/\/sites.usp.br\/choices\/wp-content\/uploads\/sites\/106\/2016\/04\/mariana-400x401.jpg 400w, https:\/\/sites.usp.br\/choices\/wp-content\/uploads\/sites\/106\/2016\/04\/mariana.jpg 576w\" sizes=\"auto, (max-width: 107px) 100vw, 107px\" \/><\/a><\/p>\n<p style=\"text-align: center\">Mariana Pe\u00e3o Lorenzin<\/p>\n<p style=\"text-align: center\">Estudante de mestrado<\/p>\n<p style=\"text-align: center\"><a href=\"http:\/\/lattes.cnpq.br\/8960266832522304\"><img loading=\"lazy\" decoding=\"async\" class=\"  wp-image-846 aligncenter\" src=\"https:\/\/sites.usp.br\/choices\/wp-content\/uploads\/sites\/106\/2016\/04\/lattes-249x300.gif\" alt=\"lattes\" width=\"16\" height=\"20\" \/><\/a><\/p>\n<p style=\"text-align: center\"><a href=\"https:\/\/sites.usp.br\/choices\/wp-content\/uploads\/sites\/106\/2016\/04\/melissa.jpg\"><img loading=\"lazy\" decoding=\"async\" class=\"  wp-image-862 aligncenter\" src=\"https:\/\/sites.usp.br\/choices\/wp-content\/uploads\/sites\/106\/2016\/04\/melissa-300x300.jpg\" alt=\"melissa\" width=\"102\" height=\"102\" srcset=\"https:\/\/sites.usp.br\/choices\/wp-content\/uploads\/sites\/106\/2016\/04\/melissa-300x300.jpg 300w, https:\/\/sites.usp.br\/choices\/wp-content\/uploads\/sites\/106\/2016\/04\/melissa-150x150.jpg 150w, https:\/\/sites.usp.br\/choices\/wp-content\/uploads\/sites\/106\/2016\/04\/melissa-45x45.jpg 45w, https:\/\/sites.usp.br\/choices\/wp-content\/uploads\/sites\/106\/2016\/04\/melissa-200x200.jpg 200w, https:\/\/sites.usp.br\/choices\/wp-content\/uploads\/sites\/106\/2016\/04\/melissa-400x400.jpg 400w, https:\/\/sites.usp.br\/choices\/wp-content\/uploads\/sites\/106\/2016\/04\/melissa.jpg 577w\" sizes=\"auto, (max-width: 102px) 100vw, 102px\" \/><\/a><\/p>\n<p style=\"text-align: center\">Msc. Melissa Padilha Duarte Rosa<\/p>\n<p style=\"text-align: center\">Membro CHOICES<\/p>\n<p style=\"text-align: center\"><a href=\"http:\/\/lattes.cnpq.br\/1891190873726655\"><img loading=\"lazy\" decoding=\"async\" class=\"  wp-image-846 aligncenter\" src=\"https:\/\/sites.usp.br\/choices\/wp-content\/uploads\/sites\/106\/2016\/04\/lattes-249x300.gif\" alt=\"lattes\" width=\"16\" height=\"20\" \/><\/a><\/p>\n<p style=\"text-align: center\"><a href=\"https:\/\/sites.usp.br\/choices\/wp-content\/uploads\/sites\/106\/2016\/04\/rafa.jpg\"><img loading=\"lazy\" decoding=\"async\" class=\"  wp-image-864 aligncenter\" src=\"https:\/\/sites.usp.br\/choices\/wp-content\/uploads\/sites\/106\/2016\/04\/rafa-300x300.jpg\" alt=\"rafa\" width=\"110\" height=\"110\" srcset=\"https:\/\/sites.usp.br\/choices\/wp-content\/uploads\/sites\/106\/2016\/04\/rafa-300x300.jpg 300w, https:\/\/sites.usp.br\/choices\/wp-content\/uploads\/sites\/106\/2016\/04\/rafa-150x150.jpg 150w, https:\/\/sites.usp.br\/choices\/wp-content\/uploads\/sites\/106\/2016\/04\/rafa-45x45.jpg 45w, https:\/\/sites.usp.br\/choices\/wp-content\/uploads\/sites\/106\/2016\/04\/rafa-200x200.jpg 200w, https:\/\/sites.usp.br\/choices\/wp-content\/uploads\/sites\/106\/2016\/04\/rafa-400x400.jpg 400w, https:\/\/sites.usp.br\/choices\/wp-content\/uploads\/sites\/106\/2016\/04\/rafa.jpg 878w\" sizes=\"auto, (max-width: 110px) 100vw, 110px\" \/><\/a><\/p>\n<p style=\"text-align: center\">Msc. Rafael Vitame Kauano<\/p>\n<p style=\"text-align: center\">Estudante de doutorado<\/p>\n<p style=\"text-align: center\"><a href=\"http:\/\/lattes.cnpq.br\/5197069303720909\"><img loading=\"lazy\" decoding=\"async\" class=\"  wp-image-846 aligncenter\" src=\"https:\/\/sites.usp.br\/choices\/wp-content\/uploads\/sites\/106\/2016\/04\/lattes-249x300.gif\" alt=\"lattes\" width=\"16\" height=\"20\" \/><\/a><\/p>\n<p style=\"text-align: center\"><a href=\"https:\/\/sites.usp.br\/choices\/wp-content\/uploads\/sites\/106\/2016\/04\/taina.jpg\"><img loading=\"lazy\" decoding=\"async\" class=\"  wp-image-865 aligncenter\" src=\"https:\/\/sites.usp.br\/choices\/wp-content\/uploads\/sites\/106\/2016\/04\/taina-300x300.jpg\" alt=\"taina\" width=\"113\" height=\"113\" srcset=\"https:\/\/sites.usp.br\/choices\/wp-content\/uploads\/sites\/106\/2016\/04\/taina-300x300.jpg 300w, https:\/\/sites.usp.br\/choices\/wp-content\/uploads\/sites\/106\/2016\/04\/taina-150x150.jpg 150w, https:\/\/sites.usp.br\/choices\/wp-content\/uploads\/sites\/106\/2016\/04\/taina-45x45.jpg 45w, https:\/\/sites.usp.br\/choices\/wp-content\/uploads\/sites\/106\/2016\/04\/taina-200x200.jpg 200w, https:\/\/sites.usp.br\/choices\/wp-content\/uploads\/sites\/106\/2016\/04\/taina-400x400.jpg 400w, https:\/\/sites.usp.br\/choices\/wp-content\/uploads\/sites\/106\/2016\/04\/taina.jpg 577w\" sizes=\"auto, (max-width: 113px) 100vw, 113px\" \/><\/a><\/p>\n<p style=\"text-align: center\">Taina Figueiredo<\/p>\n<p style=\"text-align: center\">Estudante de gradua\u00e7\u00e3o<\/p>\n<p style=\"text-align: center\"><img loading=\"lazy\" decoding=\"async\" class=\"  wp-image-846 aligncenter\" src=\"https:\/\/sites.usp.br\/choices\/wp-content\/uploads\/sites\/106\/2016\/04\/lattes-249x300.gif\" alt=\"lattes\" width=\"16\" height=\"20\" \/><\/p>\n<p style=\"text-align: left\"><strong>Ex-Integrantes<\/strong><\/p>\n<p style=\"text-align: left\">Bruna Pozzi Rufato\u00a0<a href=\"http:\/\/lattes.cnpq.br\/1191863823254429\"><img loading=\"lazy\" decoding=\"async\" class=\"  wp-image-846 alignleft\" src=\"https:\/\/sites.usp.br\/choices\/wp-content\/uploads\/sites\/106\/2016\/04\/lattes-249x300.gif\" alt=\"lattes\" width=\"16\" height=\"20\" \/><\/a><\/p>\n<p style=\"text-align: left\">Jo\u00e3o Gabriel G\u00eanova\u00a0<a href=\"http:\/\/lattes.cnpq.br\/7875787852159470\"><img loading=\"lazy\" decoding=\"async\" class=\"  wp-image-846 alignleft\" src=\"https:\/\/sites.usp.br\/choices\/wp-content\/uploads\/sites\/106\/2016\/04\/lattes-249x300.gif\" alt=\"lattes\" width=\"16\" height=\"20\" \/><\/a><\/p>\n<p style=\"text-align: left\">Luana Dalmaschio Biasutti\u00a0<a href=\"http:\/\/lattes.cnpq.br\/3521542150128146\"><img loading=\"lazy\" decoding=\"async\" class=\"  wp-image-846 alignleft\" src=\"https:\/\/sites.usp.br\/choices\/wp-content\/uploads\/sites\/106\/2016\/04\/lattes-249x300.gif\" alt=\"lattes\" width=\"16\" height=\"20\" \/><\/a><\/p>\n<p style=\"text-align: left\">Thiago Lima Merissi \u00a0<a href=\"http:\/\/lattes.cnpq.br\/1404221890822636\"><img loading=\"lazy\" decoding=\"async\" class=\"  wp-image-846 alignleft\" src=\"https:\/\/sites.usp.br\/choices\/wp-content\/uploads\/sites\/106\/2016\/04\/lattes-249x300.gif\" alt=\"lattes\" width=\"16\" height=\"20\" \/><\/a><\/p>\n","protected":false},"excerpt":{"rendered":"<p>Coordenadora Dra. Alessandra Fernandes Bizerra\u00a0 Membros ativos Adriana Aparecida Andrade Chagas Estudante de mestrado Ana Lu\u00edza Cerqueira das Neves Estudante de mestrado B\u00e1rbara Brisa Ladeira da Silva Estudante de gradua\u00e7\u00e3o Bruno Rafael Santos de Cerqueira Estudante de doutorado Msc. H\u00e9len Akemi de Queir\u00f3z Nomura Membro CHOICES Msc. Iara Grotz Moreira de Vasconcellos Membro CHOICES Marcelo Kei Sato Estudante de gradua\u00e7\u00e3o Mariana Pe\u00e3o Lorenzin Estudante de mestrado Msc. Melissa Padilha Duarte Rosa Membro CHOICES Msc. Rafael Vitame Kauano Estudante de doutorado Taina Figueiredo Estudante de gradua\u00e7\u00e3o Ex-Integrantes Bruna Pozzi Rufato\u00a0 Jo\u00e3o Gabriel G\u00eanova\u00a0 Luana Dalmaschio Biasutti\u00a0 Thiago Lima Merissi \u00a0<\/p>\n","protected":false},"author":188,"featured_media":0,"parent":0,"menu_order":0,"comment_status":"open","ping_status":"closed","template":"","meta":{"footnotes":"","_links_to":"","_links_to_target":""},"class_list":["post-843","page","type-page","status-publish","hentry"],"_links":{"self":[{"href":"https:\/\/sites.usp.br\/choices\/wp-json\/wp\/v2\/pages\/843","targetHints":{"allow":["GET"]}}],"collection":[{"href":"https:\/\/sites.usp.br\/choices\/wp-json\/wp\/v2\/pages"}],"about":[{"href":"https:\/\/sites.usp.br\/choices\/wp-json\/wp\/v2\/types\/page"}],"author":[{"embeddable":true,"href":"https:\/\/sites.usp.br\/choices\/wp-json\/wp\/v2\/users\/188"}],"replies":[{"embeddable":true,"href":"https:\/\/sites.usp.br\/choices\/wp-json\/wp\/v2\/comments?post=843"}],"version-history":[{"count":6,"href":"https:\/\/sites.usp.br\/choices\/wp-json\/wp\/v2\/pages\/843\/revisions"}],"predecessor-version":[{"id":868,"href":"https:\/\/sites.usp.br\/choices\/wp-json\/wp\/v2\/pages\/843\/revisions\/868"}],"wp:attachment":[{"href":"https:\/\/sites.usp.br\/choices\/wp-json\/wp\/v2\/media?parent=843"}],"curies":[{"name":"wp","href":"https:\/\/api.w.org\/{rel}","templated":true}]}}